{"id":2624,"date":"2021-02-10T11:46:31","date_gmt":"2021-02-10T10:46:31","guid":{"rendered":"https:\/\/lama-bs.sk\/o-nas\/"},"modified":"2024-04-04T22:04:52","modified_gmt":"2024-04-04T20:04:52","slug":"about-us","status":"publish","type":"page","link":"https:\/\/lama-bs.sk\/en\/about-us\/","title":{"rendered":"About Us"},"content":{"rendered":"<h2>We were among the first in Europe to&nbsp;discover the beauty of bamboo and bring it indoors. Our quest for ongoing innovation started in 1999, evolving with new trends and delivering the highest quality bamboo Venetian blinds.<\/h2>\n","protected":false},"excerpt":{"rendered":"<p>We were among the first in Europe to&nbsp;discover the beauty of bamboo and bring it indoors. Our quest for ongoing innovation started in 1999, evolving with new trends and delivering the highest quality bamboo Venetian blinds.<\/p>\n","protected":false},"author":1,"featured_media":0,"parent":0,"menu_order":0,"comment_status":"closed","ping_status":"closed","template":"template-about-us.php","meta":{"footnotes":""},"class_list":["post-2624","page","type-page","status-publish","hentry"],"yoast_head":"<!-- This site is optimized with the Yoast SEO plugin v26.4 - https:\/\/yoast.com\/wordpress\/plugins\/seo\/ -->\n<title>N\u00e1\u0161 pr\u00edbeh | LAMA Bamboo<\/title>\n<meta name=\"robots\" content=\"index, follow, max-snippet:-1, max-image-preview:large, max-video-preview:-1\" \/>\n<link rel=\"canonical\" href=\"https:\/\/lama-bs.sk\/en\/about-us\/\" \/>\n<meta property=\"og:locale\" content=\"en_US\" \/>\n<meta property=\"og:type\" content=\"article\" \/>\n<meta property=\"og:title\" content=\"N\u00e1\u0161 pr\u00edbeh | LAMA Bamboo\" \/>\n<meta property=\"og:description\" content=\"We were among the first in Europe to&nbsp;discover the beauty of bamboo and bring it indoors. Our quest for ongoing innovation started in 1999, evolving with new trends and delivering the highest quality bamboo Venetian blinds.\" \/>\n<meta property=\"og:url\" content=\"https:\/\/lama-bs.sk\/en\/about-us\/\" \/>\n<meta property=\"og:site_name\" content=\"LAMA Bamboo systems s.r.o.\" \/>\n<meta property=\"article:modified_time\" content=\"2024-04-04T20:04:52+00:00\" \/>\n<meta name=\"twitter:card\" content=\"summary_large_image\" \/>\n<meta name=\"twitter:label1\" content=\"Est. reading time\" \/>\n\t<meta name=\"twitter:data1\" content=\"1 minute\" \/>\n<script type=\"application\/ld+json\" class=\"yoast-schema-graph\">{\"@context\":\"https:\/\/schema.org\",\"@graph\":[{\"@type\":\"WebPage\",\"@id\":\"https:\/\/lama-bs.sk\/en\/about-us\/\",\"url\":\"https:\/\/lama-bs.sk\/en\/about-us\/\",\"name\":\"N\u00e1\u0161 pr\u00edbeh | LAMA Bamboo\",\"isPartOf\":{\"@id\":\"https:\/\/lama-bs.sk\/#website\"},\"datePublished\":\"2021-02-10T10:46:31+00:00\",\"dateModified\":\"2024-04-04T20:04:52+00:00\",\"inLanguage\":\"en-US\",\"potentialAction\":[{\"@type\":\"ReadAction\",\"target\":[\"https:\/\/lama-bs.sk\/en\/about-us\/\"]}]},{\"@type\":\"WebSite\",\"@id\":\"https:\/\/lama-bs.sk\/#website\",\"url\":\"https:\/\/lama-bs.sk\/\",\"name\":\"LAMA Bamboo systems s.r.o.\",\"description\":\"\",\"potentialAction\":[{\"@type\":\"SearchAction\",\"target\":{\"@type\":\"EntryPoint\",\"urlTemplate\":\"https:\/\/lama-bs.sk\/?s={search_term_string}\"},\"query-input\":{\"@type\":\"PropertyValueSpecification\",\"valueRequired\":true,\"valueName\":\"search_term_string\"}}],\"inLanguage\":\"en-US\"}]}<\/script>\n<!-- \/ Yoast SEO plugin. -->","yoast_head_json":{"title":"N\u00e1\u0161 pr\u00edbeh | LAMA Bamboo","robots":{"index":"index","follow":"follow","max-snippet":"max-snippet:-1","max-image-preview":"max-image-preview:large","max-video-preview":"max-video-preview:-1"},"canonical":"https:\/\/lama-bs.sk\/en\/about-us\/","og_locale":"en_US","og_type":"article","og_title":"N\u00e1\u0161 pr\u00edbeh | LAMA Bamboo","og_description":"We were among the first in Europe to&nbsp;discover the beauty of bamboo and bring it indoors. Our quest for ongoing innovation started in 1999, evolving with new trends and delivering the highest quality bamboo Venetian blinds.","og_url":"https:\/\/lama-bs.sk\/en\/about-us\/","og_site_name":"LAMA Bamboo systems s.r.o.","article_modified_time":"2024-04-04T20:04:52+00:00","twitter_card":"summary_large_image","twitter_misc":{"Est. reading time":"1 minute"},"schema":{"@context":"https:\/\/schema.org","@graph":[{"@type":"WebPage","@id":"https:\/\/lama-bs.sk\/en\/about-us\/","url":"https:\/\/lama-bs.sk\/en\/about-us\/","name":"N\u00e1\u0161 pr\u00edbeh | LAMA Bamboo","isPartOf":{"@id":"https:\/\/lama-bs.sk\/#website"},"datePublished":"2021-02-10T10:46:31+00:00","dateModified":"2024-04-04T20:04:52+00:00","inLanguage":"en-US","potentialAction":[{"@type":"ReadAction","target":["https:\/\/lama-bs.sk\/en\/about-us\/"]}]},{"@type":"WebSite","@id":"https:\/\/lama-bs.sk\/#website","url":"https:\/\/lama-bs.sk\/","name":"LAMA Bamboo systems s.r.o.","description":"","potentialAction":[{"@type":"SearchAction","target":{"@type":"EntryPoint","urlTemplate":"https:\/\/lama-bs.sk\/?s={search_term_string}"},"query-input":{"@type":"PropertyValueSpecification","valueRequired":true,"valueName":"search_term_string"}}],"inLanguage":"en-US"}]}},"_links":{"self":[{"href":"https:\/\/lama-bs.sk\/en\/wp-json\/wp\/v2\/pages\/2624","targetHints":{"allow":["GET"]}}],"collection":[{"href":"https:\/\/lama-bs.sk\/en\/wp-json\/wp\/v2\/pages"}],"about":[{"href":"https:\/\/lama-bs.sk\/en\/wp-json\/wp\/v2\/types\/page"}],"author":[{"embeddable":true,"href":"https:\/\/lama-bs.sk\/en\/wp-json\/wp\/v2\/users\/1"}],"replies":[{"embeddable":true,"href":"https:\/\/lama-bs.sk\/en\/wp-json\/wp\/v2\/comments?post=2624"}],"version-history":[{"count":2,"href":"https:\/\/lama-bs.sk\/en\/wp-json\/wp\/v2\/pages\/2624\/revisions"}],"predecessor-version":[{"id":2628,"href":"https:\/\/lama-bs.sk\/en\/wp-json\/wp\/v2\/pages\/2624\/revisions\/2628"}],"wp:attachment":[{"href":"https:\/\/lama-bs.sk\/en\/wp-json\/wp\/v2\/media?parent=2624"}],"curies":[{"name":"wp","href":"https:\/\/api.w.org\/{rel}","templated":true}]}}