{"id":2608,"date":"2021-02-10T10:22:21","date_gmt":"2021-02-10T09:22:21","guid":{"rendered":"https:\/\/lama-bs.sk\/uvod\/"},"modified":"2024-04-02T22:12:25","modified_gmt":"2024-04-02T20:12:25","slug":"uvod","status":"publish","type":"page","link":"https:\/\/lama-bs.sk\/en\/","title":{"rendered":"Bamboo Venetian blinds for your windows"},"content":{"rendered":"","protected":false},"excerpt":{"rendered":"","protected":false},"author":1,"featured_media":0,"parent":0,"menu_order":0,"comment_status":"closed","ping_status":"closed","template":"","meta":{"footnotes":""},"class_list":["post-2608","page","type-page","status-publish","hentry"],"yoast_head":"<!-- This site is optimized with the Yoast SEO plugin v26.4 - https:\/\/yoast.com\/wordpress\/plugins\/seo\/ -->\n<title>Lama Bamboo systems - bambusov\u00e9 \u017eal\u00fazie na okn\u00e1<\/title>\n<meta name=\"description\" content=\"Stavte na bambus a vyberte si z na\u0161ej ponuky bambusov\u00fdch \u017eal\u00fazi\u00ed na okn\u00e1. Vyrob\u00edme ich priamo na mieru v\u00e1\u0161ho okna. Dizajn in\u0161pirovan\u00fd pr\u00edrodou\" \/>\n<meta name=\"robots\" content=\"index, follow, max-snippet:-1, max-image-preview:large, max-video-preview:-1\" \/>\n<link rel=\"canonical\" href=\"https:\/\/lama-bs.sk\/en\/\" \/>\n<meta property=\"og:locale\" content=\"en_US\" \/>\n<meta property=\"og:type\" content=\"article\" \/>\n<meta property=\"og:title\" content=\"Lama Bamboo systems - bambusov\u00e9 \u017eal\u00fazie na okn\u00e1\" \/>\n<meta property=\"og:description\" content=\"Stavte na bambus a vyberte si z na\u0161ej ponuky bambusov\u00fdch \u017eal\u00fazi\u00ed na okn\u00e1. Vyrob\u00edme ich priamo na mieru v\u00e1\u0161ho okna. Dizajn in\u0161pirovan\u00fd pr\u00edrodou\" \/>\n<meta property=\"og:url\" content=\"https:\/\/lama-bs.sk\/en\/\" \/>\n<meta property=\"og:site_name\" content=\"LAMA Bamboo systems s.r.o.\" \/>\n<meta property=\"article:modified_time\" content=\"2024-04-02T20:12:25+00:00\" \/>\n<meta name=\"twitter:card\" content=\"summary_large_image\" \/>\n<script type=\"application\/ld+json\" class=\"yoast-schema-graph\">{\"@context\":\"https:\/\/schema.org\",\"@graph\":[{\"@type\":\"WebPage\",\"@id\":\"https:\/\/lama-bs.sk\/en\/\",\"url\":\"https:\/\/lama-bs.sk\/en\/\",\"name\":\"Lama Bamboo systems - bambusov\u00e9 \u017eal\u00fazie na okn\u00e1\",\"isPartOf\":{\"@id\":\"https:\/\/lama-bs.sk\/#website\"},\"datePublished\":\"2021-02-10T09:22:21+00:00\",\"dateModified\":\"2024-04-02T20:12:25+00:00\",\"description\":\"Stavte na bambus a vyberte si z na\u0161ej ponuky bambusov\u00fdch \u017eal\u00fazi\u00ed na okn\u00e1. Vyrob\u00edme ich priamo na mieru v\u00e1\u0161ho okna. Dizajn in\u0161pirovan\u00fd pr\u00edrodou\",\"inLanguage\":\"en-US\",\"potentialAction\":[{\"@type\":\"ReadAction\",\"target\":[\"https:\/\/lama-bs.sk\/en\/\"]}]},{\"@type\":\"WebSite\",\"@id\":\"https:\/\/lama-bs.sk\/#website\",\"url\":\"https:\/\/lama-bs.sk\/\",\"name\":\"LAMA Bamboo systems s.r.o.\",\"description\":\"\",\"potentialAction\":[{\"@type\":\"SearchAction\",\"target\":{\"@type\":\"EntryPoint\",\"urlTemplate\":\"https:\/\/lama-bs.sk\/?s={search_term_string}\"},\"query-input\":{\"@type\":\"PropertyValueSpecification\",\"valueRequired\":true,\"valueName\":\"search_term_string\"}}],\"inLanguage\":\"en-US\"}]}<\/script>\n<!-- \/ Yoast SEO plugin. -->","yoast_head_json":{"title":"Lama Bamboo systems - bambusov\u00e9 \u017eal\u00fazie na okn\u00e1","description":"Stavte na bambus a vyberte si z na\u0161ej ponuky bambusov\u00fdch \u017eal\u00fazi\u00ed na okn\u00e1. Vyrob\u00edme ich priamo na mieru v\u00e1\u0161ho okna. Dizajn in\u0161pirovan\u00fd pr\u00edrodou","robots":{"index":"index","follow":"follow","max-snippet":"max-snippet:-1","max-image-preview":"max-image-preview:large","max-video-preview":"max-video-preview:-1"},"canonical":"https:\/\/lama-bs.sk\/en\/","og_locale":"en_US","og_type":"article","og_title":"Lama Bamboo systems - bambusov\u00e9 \u017eal\u00fazie na okn\u00e1","og_description":"Stavte na bambus a vyberte si z na\u0161ej ponuky bambusov\u00fdch \u017eal\u00fazi\u00ed na okn\u00e1. Vyrob\u00edme ich priamo na mieru v\u00e1\u0161ho okna. Dizajn in\u0161pirovan\u00fd pr\u00edrodou","og_url":"https:\/\/lama-bs.sk\/en\/","og_site_name":"LAMA Bamboo systems s.r.o.","article_modified_time":"2024-04-02T20:12:25+00:00","twitter_card":"summary_large_image","schema":{"@context":"https:\/\/schema.org","@graph":[{"@type":"WebPage","@id":"https:\/\/lama-bs.sk\/en\/","url":"https:\/\/lama-bs.sk\/en\/","name":"Lama Bamboo systems - bambusov\u00e9 \u017eal\u00fazie na okn\u00e1","isPartOf":{"@id":"https:\/\/lama-bs.sk\/#website"},"datePublished":"2021-02-10T09:22:21+00:00","dateModified":"2024-04-02T20:12:25+00:00","description":"Stavte na bambus a vyberte si z na\u0161ej ponuky bambusov\u00fdch \u017eal\u00fazi\u00ed na okn\u00e1. Vyrob\u00edme ich priamo na mieru v\u00e1\u0161ho okna. Dizajn in\u0161pirovan\u00fd pr\u00edrodou","inLanguage":"en-US","potentialAction":[{"@type":"ReadAction","target":["https:\/\/lama-bs.sk\/en\/"]}]},{"@type":"WebSite","@id":"https:\/\/lama-bs.sk\/#website","url":"https:\/\/lama-bs.sk\/","name":"LAMA Bamboo systems s.r.o.","description":"","potentialAction":[{"@type":"SearchAction","target":{"@type":"EntryPoint","urlTemplate":"https:\/\/lama-bs.sk\/?s={search_term_string}"},"query-input":{"@type":"PropertyValueSpecification","valueRequired":true,"valueName":"search_term_string"}}],"inLanguage":"en-US"}]}},"_links":{"self":[{"href":"https:\/\/lama-bs.sk\/en\/wp-json\/wp\/v2\/pages\/2608","targetHints":{"allow":["GET"]}}],"collection":[{"href":"https:\/\/lama-bs.sk\/en\/wp-json\/wp\/v2\/pages"}],"about":[{"href":"https:\/\/lama-bs.sk\/en\/wp-json\/wp\/v2\/types\/page"}],"author":[{"embeddable":true,"href":"https:\/\/lama-bs.sk\/en\/wp-json\/wp\/v2\/users\/1"}],"replies":[{"embeddable":true,"href":"https:\/\/lama-bs.sk\/en\/wp-json\/wp\/v2\/comments?post=2608"}],"version-history":[{"count":2,"href":"https:\/\/lama-bs.sk\/en\/wp-json\/wp\/v2\/pages\/2608\/revisions"}],"predecessor-version":[{"id":2610,"href":"https:\/\/lama-bs.sk\/en\/wp-json\/wp\/v2\/pages\/2608\/revisions\/2610"}],"wp:attachment":[{"href":"https:\/\/lama-bs.sk\/en\/wp-json\/wp\/v2\/media?parent=2608"}],"curies":[{"name":"wp","href":"https:\/\/api.w.org\/{rel}","templated":true}]}}