{"id":2666,"date":"2021-10-01T14:33:23","date_gmt":"2021-10-01T12:33:23","guid":{"rendered":"https:\/\/lama-bs.sk\/partneri\/"},"modified":"2024-04-04T20:33:43","modified_gmt":"2024-04-04T18:33:43","slug":"vertriebspartner","status":"publish","type":"page","link":"https:\/\/lama-bs.sk\/de\/vertriebspartner\/","title":{"rendered":"Vertriebspartner"},"content":{"rendered":"<p>Finden Sie den H\u00e4ndler in Ihrer N\u00e4he und lassen Sie sich bei der Auswahl der richtigen Jalousie helfen!<\/p>\n","protected":false},"excerpt":{"rendered":"<p>Finden Sie den H\u00e4ndler in Ihrer N\u00e4he und lassen Sie sich bei der Auswahl der richtigen Jalousie helfen!<\/p>\n","protected":false},"author":1,"featured_media":0,"parent":0,"menu_order":0,"comment_status":"closed","ping_status":"closed","template":"template-partners.php","meta":{"footnotes":""},"class_list":["post-2666","page","type-page","status-publish","hentry"],"yoast_head":"<!-- This site is optimized with the Yoast SEO plugin v26.4 - https:\/\/yoast.com\/wordpress\/plugins\/seo\/ -->\n<title>Predajcovia bambusov\u00fdch \u017eal\u00fazii | LAMA Bamboo<\/title>\n<meta name=\"description\" content=\"N\u00e1jdite predajcu ktor\u00fd je k v\u00e1m najbli\u017e\u0161ie a pom\u00f4\u017ee v\u00e1m s v\u00fdberom vhodn\u00e9ho prevedenia \u017eal\u00fazi\u00ed pr\u00e1ve pre v\u00e1s!\" \/>\n<meta name=\"robots\" content=\"index, follow, max-snippet:-1, max-image-preview:large, max-video-preview:-1\" \/>\n<link rel=\"canonical\" href=\"https:\/\/lama-bs.sk\/de\/vertriebspartner\/\" \/>\n<meta property=\"og:locale\" content=\"de_DE\" \/>\n<meta property=\"og:type\" content=\"article\" \/>\n<meta property=\"og:title\" content=\"Predajcovia bambusov\u00fdch \u017eal\u00fazii | LAMA Bamboo\" \/>\n<meta property=\"og:description\" content=\"N\u00e1jdite predajcu ktor\u00fd je k v\u00e1m najbli\u017e\u0161ie a pom\u00f4\u017ee v\u00e1m s v\u00fdberom vhodn\u00e9ho prevedenia \u017eal\u00fazi\u00ed pr\u00e1ve pre v\u00e1s!\" \/>\n<meta property=\"og:url\" content=\"https:\/\/lama-bs.sk\/de\/vertriebspartner\/\" \/>\n<meta property=\"og:site_name\" content=\"LAMA Bamboo systems s.r.o.\" \/>\n<meta property=\"article:modified_time\" content=\"2024-04-04T18:33:43+00:00\" \/>\n<meta name=\"twitter:card\" content=\"summary_large_image\" \/>\n<meta name=\"twitter:label1\" content=\"Gesch\u00e4tzte Lesezeit\" \/>\n\t<meta name=\"twitter:data1\" content=\"1\u00a0Minute\" \/>\n<script type=\"application\/ld+json\" class=\"yoast-schema-graph\">{\"@context\":\"https:\/\/schema.org\",\"@graph\":[{\"@type\":\"WebPage\",\"@id\":\"https:\/\/lama-bs.sk\/de\/vertriebspartner\/\",\"url\":\"https:\/\/lama-bs.sk\/de\/vertriebspartner\/\",\"name\":\"Predajcovia bambusov\u00fdch \u017eal\u00fazii | LAMA Bamboo\",\"isPartOf\":{\"@id\":\"https:\/\/lama-bs.sk\/#website\"},\"datePublished\":\"2021-10-01T12:33:23+00:00\",\"dateModified\":\"2024-04-04T18:33:43+00:00\",\"description\":\"N\u00e1jdite predajcu ktor\u00fd je k v\u00e1m najbli\u017e\u0161ie a pom\u00f4\u017ee v\u00e1m s v\u00fdberom vhodn\u00e9ho prevedenia \u017eal\u00fazi\u00ed pr\u00e1ve pre v\u00e1s!\",\"inLanguage\":\"de\",\"potentialAction\":[{\"@type\":\"ReadAction\",\"target\":[\"https:\/\/lama-bs.sk\/de\/vertriebspartner\/\"]}]},{\"@type\":\"WebSite\",\"@id\":\"https:\/\/lama-bs.sk\/#website\",\"url\":\"https:\/\/lama-bs.sk\/\",\"name\":\"LAMA Bamboo systems s.r.o.\",\"description\":\"\",\"potentialAction\":[{\"@type\":\"SearchAction\",\"target\":{\"@type\":\"EntryPoint\",\"urlTemplate\":\"https:\/\/lama-bs.sk\/?s={search_term_string}\"},\"query-input\":{\"@type\":\"PropertyValueSpecification\",\"valueRequired\":true,\"valueName\":\"search_term_string\"}}],\"inLanguage\":\"de\"}]}<\/script>\n<!-- \/ Yoast SEO plugin. -->","yoast_head_json":{"title":"Predajcovia bambusov\u00fdch \u017eal\u00fazii | LAMA Bamboo","description":"N\u00e1jdite predajcu ktor\u00fd je k v\u00e1m najbli\u017e\u0161ie a pom\u00f4\u017ee v\u00e1m s v\u00fdberom vhodn\u00e9ho prevedenia \u017eal\u00fazi\u00ed pr\u00e1ve pre v\u00e1s!","robots":{"index":"index","follow":"follow","max-snippet":"max-snippet:-1","max-image-preview":"max-image-preview:large","max-video-preview":"max-video-preview:-1"},"canonical":"https:\/\/lama-bs.sk\/de\/vertriebspartner\/","og_locale":"de_DE","og_type":"article","og_title":"Predajcovia bambusov\u00fdch \u017eal\u00fazii | LAMA Bamboo","og_description":"N\u00e1jdite predajcu ktor\u00fd je k v\u00e1m najbli\u017e\u0161ie a pom\u00f4\u017ee v\u00e1m s v\u00fdberom vhodn\u00e9ho prevedenia \u017eal\u00fazi\u00ed pr\u00e1ve pre v\u00e1s!","og_url":"https:\/\/lama-bs.sk\/de\/vertriebspartner\/","og_site_name":"LAMA Bamboo systems s.r.o.","article_modified_time":"2024-04-04T18:33:43+00:00","twitter_card":"summary_large_image","twitter_misc":{"Gesch\u00e4tzte Lesezeit":"1\u00a0Minute"},"schema":{"@context":"https:\/\/schema.org","@graph":[{"@type":"WebPage","@id":"https:\/\/lama-bs.sk\/de\/vertriebspartner\/","url":"https:\/\/lama-bs.sk\/de\/vertriebspartner\/","name":"Predajcovia bambusov\u00fdch \u017eal\u00fazii | LAMA Bamboo","isPartOf":{"@id":"https:\/\/lama-bs.sk\/#website"},"datePublished":"2021-10-01T12:33:23+00:00","dateModified":"2024-04-04T18:33:43+00:00","description":"N\u00e1jdite predajcu ktor\u00fd je k v\u00e1m najbli\u017e\u0161ie a pom\u00f4\u017ee v\u00e1m s v\u00fdberom vhodn\u00e9ho prevedenia \u017eal\u00fazi\u00ed pr\u00e1ve pre v\u00e1s!","inLanguage":"de","potentialAction":[{"@type":"ReadAction","target":["https:\/\/lama-bs.sk\/de\/vertriebspartner\/"]}]},{"@type":"WebSite","@id":"https:\/\/lama-bs.sk\/#website","url":"https:\/\/lama-bs.sk\/","name":"LAMA Bamboo systems s.r.o.","description":"","potentialAction":[{"@type":"SearchAction","target":{"@type":"EntryPoint","urlTemplate":"https:\/\/lama-bs.sk\/?s={search_term_string}"},"query-input":{"@type":"PropertyValueSpecification","valueRequired":true,"valueName":"search_term_string"}}],"inLanguage":"de"}]}},"_links":{"self":[{"href":"https:\/\/lama-bs.sk\/de\/wp-json\/wp\/v2\/pages\/2666","targetHints":{"allow":["GET"]}}],"collection":[{"href":"https:\/\/lama-bs.sk\/de\/wp-json\/wp\/v2\/pages"}],"about":[{"href":"https:\/\/lama-bs.sk\/de\/wp-json\/wp\/v2\/types\/page"}],"author":[{"embeddable":true,"href":"https:\/\/lama-bs.sk\/de\/wp-json\/wp\/v2\/users\/1"}],"replies":[{"embeddable":true,"href":"https:\/\/lama-bs.sk\/de\/wp-json\/wp\/v2\/comments?post=2666"}],"version-history":[{"count":1,"href":"https:\/\/lama-bs.sk\/de\/wp-json\/wp\/v2\/pages\/2666\/revisions"}],"predecessor-version":[{"id":2667,"href":"https:\/\/lama-bs.sk\/de\/wp-json\/wp\/v2\/pages\/2666\/revisions\/2667"}],"wp:attachment":[{"href":"https:\/\/lama-bs.sk\/de\/wp-json\/wp\/v2\/media?parent=2666"}],"curies":[{"name":"wp","href":"https:\/\/api.w.org\/{rel}","templated":true}]}}