{"id":2660,"date":"2021-02-10T11:46:41","date_gmt":"2021-02-10T10:46:41","guid":{"rendered":"https:\/\/lama-bs.sk\/referencie\/"},"modified":"2025-12-02T11:19:53","modified_gmt":"2025-12-02T10:19:53","slug":"referenzen","status":"publish","type":"page","link":"https:\/\/lama-bs.sk\/de\/referenzen\/","title":{"rendered":"Referenzen"},"content":{"rendered":"<p>Sie k\u00f6nnen sich nicht vorstellen, wie das Bambusdesign in Ihren Wohnr\u00e4umen zur Geltung kommen soll? Schauen Sie sich einige der Projekte an und \u00fcberzeugen Sie sich selbst, dass unsere Jalousien das Richtige f\u00fcr Sie sind.<\/p>\n","protected":false},"excerpt":{"rendered":"<p>Sie k\u00f6nnen sich nicht vorstellen, wie das Bambusdesign in Ihren Wohnr\u00e4umen zur Geltung kommen soll? Schauen Sie sich einige der Projekte an und \u00fcberzeugen Sie sich selbst, dass unsere Jalousien das Richtige f\u00fcr Sie sind.<\/p>\n","protected":false},"author":1,"featured_media":0,"parent":0,"menu_order":0,"comment_status":"closed","ping_status":"closed","template":"template-references.php","meta":{"footnotes":""},"class_list":["post-2660","page","type-page","status-publish","hentry"],"yoast_head":"<!-- This site is optimized with the Yoast SEO plugin v26.4 - https:\/\/yoast.com\/wordpress\/plugins\/seo\/ -->\n<title>Referenzen<\/title>\n<meta name=\"description\" content=\"Neviete si predstavi\u0165, ako bambusov\u00e9 \u017eal\u00fazie vynikne vo va\u0161om interi\u00e9ri? Pozrite si na\u0161e realiz\u00e1cie a presved\u010dte sa, \u017ee na\u0161e \u017eal\u00fazie s\u00fa pre v\u00e1s to prav\u00e9\" \/>\n<meta name=\"robots\" content=\"index, follow, max-snippet:-1, max-image-preview:large, max-video-preview:-1\" \/>\n<link rel=\"canonical\" href=\"https:\/\/lama-bs.sk\/de\/referenzen\/\" \/>\n<meta property=\"og:locale\" content=\"de_DE\" \/>\n<meta property=\"og:type\" content=\"article\" \/>\n<meta property=\"og:title\" content=\"Referenzen\" \/>\n<meta property=\"og:description\" content=\"Neviete si predstavi\u0165, ako bambusov\u00e9 \u017eal\u00fazie vynikne vo va\u0161om interi\u00e9ri? Pozrite si na\u0161e realiz\u00e1cie a presved\u010dte sa, \u017ee na\u0161e \u017eal\u00fazie s\u00fa pre v\u00e1s to prav\u00e9\" \/>\n<meta property=\"og:url\" content=\"https:\/\/lama-bs.sk\/de\/referenzen\/\" \/>\n<meta property=\"og:site_name\" content=\"LAMA Bamboo systems s.r.o.\" \/>\n<meta property=\"article:modified_time\" content=\"2025-12-02T10:19:53+00:00\" \/>\n<meta name=\"twitter:card\" content=\"summary_large_image\" \/>\n<meta name=\"twitter:label1\" content=\"Gesch\u00e4tzte Lesezeit\" \/>\n\t<meta name=\"twitter:data1\" content=\"1\u00a0Minute\" \/>\n<script type=\"application\/ld+json\" class=\"yoast-schema-graph\">{\"@context\":\"https:\/\/schema.org\",\"@graph\":[{\"@type\":\"WebPage\",\"@id\":\"https:\/\/lama-bs.sk\/de\/referenzen\/\",\"url\":\"https:\/\/lama-bs.sk\/de\/referenzen\/\",\"name\":\"Referenzen\",\"isPartOf\":{\"@id\":\"https:\/\/lama-bs.sk\/#website\"},\"datePublished\":\"2021-02-10T10:46:41+00:00\",\"dateModified\":\"2025-12-02T10:19:53+00:00\",\"description\":\"Neviete si predstavi\u0165, ako bambusov\u00e9 \u017eal\u00fazie vynikne vo va\u0161om interi\u00e9ri? Pozrite si na\u0161e realiz\u00e1cie a presved\u010dte sa, \u017ee na\u0161e \u017eal\u00fazie s\u00fa pre v\u00e1s to prav\u00e9\",\"inLanguage\":\"de\",\"potentialAction\":[{\"@type\":\"ReadAction\",\"target\":[\"https:\/\/lama-bs.sk\/de\/referenzen\/\"]}]},{\"@type\":\"WebSite\",\"@id\":\"https:\/\/lama-bs.sk\/#website\",\"url\":\"https:\/\/lama-bs.sk\/\",\"name\":\"LAMA Bamboo systems s.r.o.\",\"description\":\"\",\"potentialAction\":[{\"@type\":\"SearchAction\",\"target\":{\"@type\":\"EntryPoint\",\"urlTemplate\":\"https:\/\/lama-bs.sk\/?s={search_term_string}\"},\"query-input\":{\"@type\":\"PropertyValueSpecification\",\"valueRequired\":true,\"valueName\":\"search_term_string\"}}],\"inLanguage\":\"de\"}]}<\/script>\n<!-- \/ Yoast SEO plugin. -->","yoast_head_json":{"title":"Referenzen","description":"Neviete si predstavi\u0165, ako bambusov\u00e9 \u017eal\u00fazie vynikne vo va\u0161om interi\u00e9ri? Pozrite si na\u0161e realiz\u00e1cie a presved\u010dte sa, \u017ee na\u0161e \u017eal\u00fazie s\u00fa pre v\u00e1s to prav\u00e9","robots":{"index":"index","follow":"follow","max-snippet":"max-snippet:-1","max-image-preview":"max-image-preview:large","max-video-preview":"max-video-preview:-1"},"canonical":"https:\/\/lama-bs.sk\/de\/referenzen\/","og_locale":"de_DE","og_type":"article","og_title":"Referenzen","og_description":"Neviete si predstavi\u0165, ako bambusov\u00e9 \u017eal\u00fazie vynikne vo va\u0161om interi\u00e9ri? Pozrite si na\u0161e realiz\u00e1cie a presved\u010dte sa, \u017ee na\u0161e \u017eal\u00fazie s\u00fa pre v\u00e1s to prav\u00e9","og_url":"https:\/\/lama-bs.sk\/de\/referenzen\/","og_site_name":"LAMA Bamboo systems s.r.o.","article_modified_time":"2025-12-02T10:19:53+00:00","twitter_card":"summary_large_image","twitter_misc":{"Gesch\u00e4tzte Lesezeit":"1\u00a0Minute"},"schema":{"@context":"https:\/\/schema.org","@graph":[{"@type":"WebPage","@id":"https:\/\/lama-bs.sk\/de\/referenzen\/","url":"https:\/\/lama-bs.sk\/de\/referenzen\/","name":"Referenzen","isPartOf":{"@id":"https:\/\/lama-bs.sk\/#website"},"datePublished":"2021-02-10T10:46:41+00:00","dateModified":"2025-12-02T10:19:53+00:00","description":"Neviete si predstavi\u0165, ako bambusov\u00e9 \u017eal\u00fazie vynikne vo va\u0161om interi\u00e9ri? Pozrite si na\u0161e realiz\u00e1cie a presved\u010dte sa, \u017ee na\u0161e \u017eal\u00fazie s\u00fa pre v\u00e1s to prav\u00e9","inLanguage":"de","potentialAction":[{"@type":"ReadAction","target":["https:\/\/lama-bs.sk\/de\/referenzen\/"]}]},{"@type":"WebSite","@id":"https:\/\/lama-bs.sk\/#website","url":"https:\/\/lama-bs.sk\/","name":"LAMA Bamboo systems s.r.o.","description":"","potentialAction":[{"@type":"SearchAction","target":{"@type":"EntryPoint","urlTemplate":"https:\/\/lama-bs.sk\/?s={search_term_string}"},"query-input":{"@type":"PropertyValueSpecification","valueRequired":true,"valueName":"search_term_string"}}],"inLanguage":"de"}]}},"_links":{"self":[{"href":"https:\/\/lama-bs.sk\/de\/wp-json\/wp\/v2\/pages\/2660","targetHints":{"allow":["GET"]}}],"collection":[{"href":"https:\/\/lama-bs.sk\/de\/wp-json\/wp\/v2\/pages"}],"about":[{"href":"https:\/\/lama-bs.sk\/de\/wp-json\/wp\/v2\/types\/page"}],"author":[{"embeddable":true,"href":"https:\/\/lama-bs.sk\/de\/wp-json\/wp\/v2\/users\/1"}],"replies":[{"embeddable":true,"href":"https:\/\/lama-bs.sk\/de\/wp-json\/wp\/v2\/comments?post=2660"}],"version-history":[{"count":3,"href":"https:\/\/lama-bs.sk\/de\/wp-json\/wp\/v2\/pages\/2660\/revisions"}],"predecessor-version":[{"id":5113,"href":"https:\/\/lama-bs.sk\/de\/wp-json\/wp\/v2\/pages\/2660\/revisions\/5113"}],"wp:attachment":[{"href":"https:\/\/lama-bs.sk\/de\/wp-json\/wp\/v2\/media?parent=2660"}],"curies":[{"name":"wp","href":"https:\/\/api.w.org\/{rel}","templated":true}]}}