{"id":2653,"date":"2021-02-11T17:29:45","date_gmt":"2021-02-11T16:29:45","guid":{"rendered":"https:\/\/lama-bs.sk\/zaluzie-na-mieru-50-mm-classic\/"},"modified":"2025-08-14T15:42:02","modified_gmt":"2025-08-14T13:42:02","slug":"jalousien-50-mm-classic","status":"publish","type":"page","link":"https:\/\/lama-bs.sk\/de\/jalousien-50-mm-classic\/","title":{"rendered":"Jalousien 50 mm Classic"},"content":{"rendered":"<p>Bambus-Jalousien f\u00fcr die Montage \u00fcber einer Fenster\u00f6ffnung, Wand oder Decke oder als exklusiver Raumteiler<\/p>\n","protected":false},"excerpt":{"rendered":"<p>Bambus-Jalousien f\u00fcr die Montage \u00fcber einer Fenster\u00f6ffnung, Wand oder Decke oder als exklusiver Raumteiler<\/p>\n","protected":false},"author":1,"featured_media":0,"parent":0,"menu_order":0,"comment_status":"closed","ping_status":"closed","template":"template-product.php","meta":{"footnotes":""},"class_list":["post-2653","page","type-page","status-publish","hentry"],"yoast_head":"<!-- This site is optimized with the Yoast SEO plugin v26.4 - https:\/\/yoast.com\/wordpress\/plugins\/seo\/ -->\n<title>50 mm Classic - horizont\u00e1lne bambusov\u00e9 \u017eal\u00fazie| LAMA Bamboo<\/title>\n<meta name=\"description\" content=\"Horizont\u00e1lne bambusov\u00e9 \u017eal\u00fazie vhodn\u00e9 pre mont\u00e1\u017e nad okenn\u00fd otvor, stenu \u010di strop alebo ako exkluz\u00edvna deliaca prie\u010dka. Ovl\u00e1danie mo\u017en\u00e9 aj elektricky\" \/>\n<meta name=\"robots\" content=\"index, follow, max-snippet:-1, max-image-preview:large, max-video-preview:-1\" \/>\n<link rel=\"canonical\" href=\"https:\/\/lama-bs.sk\/de\/jalousien-50-mm-classic\/\" \/>\n<meta property=\"og:locale\" content=\"de_DE\" \/>\n<meta property=\"og:type\" content=\"article\" \/>\n<meta property=\"og:title\" content=\"50 mm Classic - horizont\u00e1lne bambusov\u00e9 \u017eal\u00fazie| LAMA Bamboo\" \/>\n<meta property=\"og:description\" content=\"Horizont\u00e1lne bambusov\u00e9 \u017eal\u00fazie vhodn\u00e9 pre mont\u00e1\u017e nad okenn\u00fd otvor, stenu \u010di strop alebo ako exkluz\u00edvna deliaca prie\u010dka. Ovl\u00e1danie mo\u017en\u00e9 aj elektricky\" \/>\n<meta property=\"og:url\" content=\"https:\/\/lama-bs.sk\/de\/jalousien-50-mm-classic\/\" \/>\n<meta property=\"og:site_name\" content=\"LAMA Bamboo systems s.r.o.\" \/>\n<meta property=\"article:modified_time\" content=\"2025-08-14T13:42:02+00:00\" \/>\n<meta name=\"twitter:card\" content=\"summary_large_image\" \/>\n<meta name=\"twitter:label1\" content=\"Gesch\u00e4tzte Lesezeit\" \/>\n\t<meta name=\"twitter:data1\" content=\"1\u00a0Minute\" \/>\n<script type=\"application\/ld+json\" class=\"yoast-schema-graph\">{\"@context\":\"https:\/\/schema.org\",\"@graph\":[{\"@type\":\"WebPage\",\"@id\":\"https:\/\/lama-bs.sk\/de\/jalousien-50-mm-classic\/\",\"url\":\"https:\/\/lama-bs.sk\/de\/jalousien-50-mm-classic\/\",\"name\":\"50 mm Classic - horizont\u00e1lne bambusov\u00e9 \u017eal\u00fazie| LAMA Bamboo\",\"isPartOf\":{\"@id\":\"https:\/\/lama-bs.sk\/#website\"},\"datePublished\":\"2021-02-11T16:29:45+00:00\",\"dateModified\":\"2025-08-14T13:42:02+00:00\",\"description\":\"Horizont\u00e1lne bambusov\u00e9 \u017eal\u00fazie vhodn\u00e9 pre mont\u00e1\u017e nad okenn\u00fd otvor, stenu \u010di strop alebo ako exkluz\u00edvna deliaca prie\u010dka. Ovl\u00e1danie mo\u017en\u00e9 aj elektricky\",\"inLanguage\":\"de\",\"potentialAction\":[{\"@type\":\"ReadAction\",\"target\":[\"https:\/\/lama-bs.sk\/de\/jalousien-50-mm-classic\/\"]}]},{\"@type\":\"WebSite\",\"@id\":\"https:\/\/lama-bs.sk\/#website\",\"url\":\"https:\/\/lama-bs.sk\/\",\"name\":\"LAMA Bamboo systems s.r.o.\",\"description\":\"\",\"potentialAction\":[{\"@type\":\"SearchAction\",\"target\":{\"@type\":\"EntryPoint\",\"urlTemplate\":\"https:\/\/lama-bs.sk\/?s={search_term_string}\"},\"query-input\":{\"@type\":\"PropertyValueSpecification\",\"valueRequired\":true,\"valueName\":\"search_term_string\"}}],\"inLanguage\":\"de\"}]}<\/script>\n<!-- \/ Yoast SEO plugin. -->","yoast_head_json":{"title":"50 mm Classic - horizont\u00e1lne bambusov\u00e9 \u017eal\u00fazie| LAMA Bamboo","description":"Horizont\u00e1lne bambusov\u00e9 \u017eal\u00fazie vhodn\u00e9 pre mont\u00e1\u017e nad okenn\u00fd otvor, stenu \u010di strop alebo ako exkluz\u00edvna deliaca prie\u010dka. Ovl\u00e1danie mo\u017en\u00e9 aj elektricky","robots":{"index":"index","follow":"follow","max-snippet":"max-snippet:-1","max-image-preview":"max-image-preview:large","max-video-preview":"max-video-preview:-1"},"canonical":"https:\/\/lama-bs.sk\/de\/jalousien-50-mm-classic\/","og_locale":"de_DE","og_type":"article","og_title":"50 mm Classic - horizont\u00e1lne bambusov\u00e9 \u017eal\u00fazie| LAMA Bamboo","og_description":"Horizont\u00e1lne bambusov\u00e9 \u017eal\u00fazie vhodn\u00e9 pre mont\u00e1\u017e nad okenn\u00fd otvor, stenu \u010di strop alebo ako exkluz\u00edvna deliaca prie\u010dka. Ovl\u00e1danie mo\u017en\u00e9 aj elektricky","og_url":"https:\/\/lama-bs.sk\/de\/jalousien-50-mm-classic\/","og_site_name":"LAMA Bamboo systems s.r.o.","article_modified_time":"2025-08-14T13:42:02+00:00","twitter_card":"summary_large_image","twitter_misc":{"Gesch\u00e4tzte Lesezeit":"1\u00a0Minute"},"schema":{"@context":"https:\/\/schema.org","@graph":[{"@type":"WebPage","@id":"https:\/\/lama-bs.sk\/de\/jalousien-50-mm-classic\/","url":"https:\/\/lama-bs.sk\/de\/jalousien-50-mm-classic\/","name":"50 mm Classic - horizont\u00e1lne bambusov\u00e9 \u017eal\u00fazie| LAMA Bamboo","isPartOf":{"@id":"https:\/\/lama-bs.sk\/#website"},"datePublished":"2021-02-11T16:29:45+00:00","dateModified":"2025-08-14T13:42:02+00:00","description":"Horizont\u00e1lne bambusov\u00e9 \u017eal\u00fazie vhodn\u00e9 pre mont\u00e1\u017e nad okenn\u00fd otvor, stenu \u010di strop alebo ako exkluz\u00edvna deliaca prie\u010dka. Ovl\u00e1danie mo\u017en\u00e9 aj elektricky","inLanguage":"de","potentialAction":[{"@type":"ReadAction","target":["https:\/\/lama-bs.sk\/de\/jalousien-50-mm-classic\/"]}]},{"@type":"WebSite","@id":"https:\/\/lama-bs.sk\/#website","url":"https:\/\/lama-bs.sk\/","name":"LAMA Bamboo systems s.r.o.","description":"","potentialAction":[{"@type":"SearchAction","target":{"@type":"EntryPoint","urlTemplate":"https:\/\/lama-bs.sk\/?s={search_term_string}"},"query-input":{"@type":"PropertyValueSpecification","valueRequired":true,"valueName":"search_term_string"}}],"inLanguage":"de"}]}},"_links":{"self":[{"href":"https:\/\/lama-bs.sk\/de\/wp-json\/wp\/v2\/pages\/2653","targetHints":{"allow":["GET"]}}],"collection":[{"href":"https:\/\/lama-bs.sk\/de\/wp-json\/wp\/v2\/pages"}],"about":[{"href":"https:\/\/lama-bs.sk\/de\/wp-json\/wp\/v2\/types\/page"}],"author":[{"embeddable":true,"href":"https:\/\/lama-bs.sk\/de\/wp-json\/wp\/v2\/users\/1"}],"replies":[{"embeddable":true,"href":"https:\/\/lama-bs.sk\/de\/wp-json\/wp\/v2\/comments?post=2653"}],"version-history":[{"count":3,"href":"https:\/\/lama-bs.sk\/de\/wp-json\/wp\/v2\/pages\/2653\/revisions"}],"predecessor-version":[{"id":4886,"href":"https:\/\/lama-bs.sk\/de\/wp-json\/wp\/v2\/pages\/2653\/revisions\/4886"}],"wp:attachment":[{"href":"https:\/\/lama-bs.sk\/de\/wp-json\/wp\/v2\/media?parent=2653"}],"curies":[{"name":"wp","href":"https:\/\/api.w.org\/{rel}","templated":true}]}}