{"id":2625,"date":"2021-02-10T11:46:31","date_gmt":"2021-02-10T10:46:31","guid":{"rendered":"https:\/\/lama-bs.sk\/o-nas\/"},"modified":"2024-04-08T14:37:39","modified_gmt":"2024-04-08T12:37:39","slug":"ueber-uns","status":"publish","type":"page","link":"https:\/\/lama-bs.sk\/de\/ueber-uns\/","title":{"rendered":"\u00dcber uns"},"content":{"rendered":"<h2>Wir geh\u00f6rten zu den ersten in Europa, die die Sch\u00f6nheit von Bambus entdeckten und ihn in die Wohnr\u00e4ume brachten. Seit 1999 sind wir st\u00e4ndig auf der Suche nach Innovationen, passen uns den Trends an und liefern Bambus-Jalousien von h\u00f6chster Qualit\u00e4t.<\/h2>\n","protected":false},"excerpt":{"rendered":"<p>Wir geh\u00f6rten zu den ersten in Europa, die die Sch\u00f6nheit von Bambus entdeckten und ihn in die Wohnr\u00e4ume brachten. Seit 1999 sind wir st\u00e4ndig auf der Suche nach Innovationen, passen uns den Trends an und liefern Bambus-Jalousien von h\u00f6chster Qualit\u00e4t.<\/p>\n","protected":false},"author":1,"featured_media":0,"parent":0,"menu_order":0,"comment_status":"closed","ping_status":"closed","template":"template-about-us.php","meta":{"footnotes":""},"class_list":["post-2625","page","type-page","status-publish","hentry"],"yoast_head":"<!-- This site is optimized with the Yoast SEO plugin v26.4 - https:\/\/yoast.com\/wordpress\/plugins\/seo\/ -->\n<title>N\u00e1\u0161 pr\u00edbeh | LAMA Bamboo<\/title>\n<meta name=\"robots\" content=\"index, follow, max-snippet:-1, max-image-preview:large, max-video-preview:-1\" \/>\n<link rel=\"canonical\" href=\"https:\/\/lama-bs.sk\/de\/ueber-uns\/\" \/>\n<meta property=\"og:locale\" content=\"de_DE\" \/>\n<meta property=\"og:type\" content=\"article\" \/>\n<meta property=\"og:title\" content=\"N\u00e1\u0161 pr\u00edbeh | LAMA Bamboo\" \/>\n<meta property=\"og:description\" content=\"Wir geh\u00f6rten zu den ersten in Europa, die die Sch\u00f6nheit von Bambus entdeckten und ihn in die Wohnr\u00e4ume brachten. Seit 1999 sind wir st\u00e4ndig auf der Suche nach Innovationen, passen uns den Trends an und liefern Bambus-Jalousien von h\u00f6chster Qualit\u00e4t.\" \/>\n<meta property=\"og:url\" content=\"https:\/\/lama-bs.sk\/de\/ueber-uns\/\" \/>\n<meta property=\"og:site_name\" content=\"LAMA Bamboo systems s.r.o.\" \/>\n<meta property=\"article:modified_time\" content=\"2024-04-08T12:37:39+00:00\" \/>\n<meta name=\"twitter:card\" content=\"summary_large_image\" \/>\n<meta name=\"twitter:label1\" content=\"Gesch\u00e4tzte Lesezeit\" \/>\n\t<meta name=\"twitter:data1\" content=\"1\u00a0Minute\" \/>\n<script type=\"application\/ld+json\" class=\"yoast-schema-graph\">{\"@context\":\"https:\/\/schema.org\",\"@graph\":[{\"@type\":\"WebPage\",\"@id\":\"https:\/\/lama-bs.sk\/de\/ueber-uns\/\",\"url\":\"https:\/\/lama-bs.sk\/de\/ueber-uns\/\",\"name\":\"N\u00e1\u0161 pr\u00edbeh | LAMA Bamboo\",\"isPartOf\":{\"@id\":\"https:\/\/lama-bs.sk\/#website\"},\"datePublished\":\"2021-02-10T10:46:31+00:00\",\"dateModified\":\"2024-04-08T12:37:39+00:00\",\"inLanguage\":\"de\",\"potentialAction\":[{\"@type\":\"ReadAction\",\"target\":[\"https:\/\/lama-bs.sk\/de\/ueber-uns\/\"]}]},{\"@type\":\"WebSite\",\"@id\":\"https:\/\/lama-bs.sk\/#website\",\"url\":\"https:\/\/lama-bs.sk\/\",\"name\":\"LAMA Bamboo systems s.r.o.\",\"description\":\"\",\"potentialAction\":[{\"@type\":\"SearchAction\",\"target\":{\"@type\":\"EntryPoint\",\"urlTemplate\":\"https:\/\/lama-bs.sk\/?s={search_term_string}\"},\"query-input\":{\"@type\":\"PropertyValueSpecification\",\"valueRequired\":true,\"valueName\":\"search_term_string\"}}],\"inLanguage\":\"de\"}]}<\/script>\n<!-- \/ Yoast SEO plugin. -->","yoast_head_json":{"title":"N\u00e1\u0161 pr\u00edbeh | LAMA Bamboo","robots":{"index":"index","follow":"follow","max-snippet":"max-snippet:-1","max-image-preview":"max-image-preview:large","max-video-preview":"max-video-preview:-1"},"canonical":"https:\/\/lama-bs.sk\/de\/ueber-uns\/","og_locale":"de_DE","og_type":"article","og_title":"N\u00e1\u0161 pr\u00edbeh | LAMA Bamboo","og_description":"Wir geh\u00f6rten zu den ersten in Europa, die die Sch\u00f6nheit von Bambus entdeckten und ihn in die Wohnr\u00e4ume brachten. Seit 1999 sind wir st\u00e4ndig auf der Suche nach Innovationen, passen uns den Trends an und liefern Bambus-Jalousien von h\u00f6chster Qualit\u00e4t.","og_url":"https:\/\/lama-bs.sk\/de\/ueber-uns\/","og_site_name":"LAMA Bamboo systems s.r.o.","article_modified_time":"2024-04-08T12:37:39+00:00","twitter_card":"summary_large_image","twitter_misc":{"Gesch\u00e4tzte Lesezeit":"1\u00a0Minute"},"schema":{"@context":"https:\/\/schema.org","@graph":[{"@type":"WebPage","@id":"https:\/\/lama-bs.sk\/de\/ueber-uns\/","url":"https:\/\/lama-bs.sk\/de\/ueber-uns\/","name":"N\u00e1\u0161 pr\u00edbeh | LAMA Bamboo","isPartOf":{"@id":"https:\/\/lama-bs.sk\/#website"},"datePublished":"2021-02-10T10:46:31+00:00","dateModified":"2024-04-08T12:37:39+00:00","inLanguage":"de","potentialAction":[{"@type":"ReadAction","target":["https:\/\/lama-bs.sk\/de\/ueber-uns\/"]}]},{"@type":"WebSite","@id":"https:\/\/lama-bs.sk\/#website","url":"https:\/\/lama-bs.sk\/","name":"LAMA Bamboo systems s.r.o.","description":"","potentialAction":[{"@type":"SearchAction","target":{"@type":"EntryPoint","urlTemplate":"https:\/\/lama-bs.sk\/?s={search_term_string}"},"query-input":{"@type":"PropertyValueSpecification","valueRequired":true,"valueName":"search_term_string"}}],"inLanguage":"de"}]}},"_links":{"self":[{"href":"https:\/\/lama-bs.sk\/de\/wp-json\/wp\/v2\/pages\/2625","targetHints":{"allow":["GET"]}}],"collection":[{"href":"https:\/\/lama-bs.sk\/de\/wp-json\/wp\/v2\/pages"}],"about":[{"href":"https:\/\/lama-bs.sk\/de\/wp-json\/wp\/v2\/types\/page"}],"author":[{"embeddable":true,"href":"https:\/\/lama-bs.sk\/de\/wp-json\/wp\/v2\/users\/1"}],"replies":[{"embeddable":true,"href":"https:\/\/lama-bs.sk\/de\/wp-json\/wp\/v2\/comments?post=2625"}],"version-history":[{"count":2,"href":"https:\/\/lama-bs.sk\/de\/wp-json\/wp\/v2\/pages\/2625\/revisions"}],"predecessor-version":[{"id":2629,"href":"https:\/\/lama-bs.sk\/de\/wp-json\/wp\/v2\/pages\/2625\/revisions\/2629"}],"wp:attachment":[{"href":"https:\/\/lama-bs.sk\/de\/wp-json\/wp\/v2\/media?parent=2625"}],"curies":[{"name":"wp","href":"https:\/\/api.w.org\/{rel}","templated":true}]}}