{"id":3967,"date":"2024-10-28T13:10:50","date_gmt":"2024-10-28T12:10:50","guid":{"rendered":"https:\/\/lama-bs.sk\/?page_id=3967"},"modified":"2024-10-29T14:12:28","modified_gmt":"2024-10-29T13:12:28","slug":"zaluzie-nymburk","status":"publish","type":"page","link":"https:\/\/lama-bs.sk\/cs\/prodejci\/zaluzie-nymburk\/","title":{"rendered":"\u017daluzie Nymburk"},"content":{"rendered":"<p>Pokud p\u0159em\u00fd\u0161l\u00edte o&nbsp;p\u0159\u00edrodn\u00edm a&nbsp;kvalitn\u00edm zast\u00edn\u011bn\u00ed, <strong>bambusov\u00e9 \u017ealuzie<\/strong> od&nbsp;<strong>Lama Bamboo<\/strong> v\u00e1m nab\u00eddnou p\u0159esn\u011b to, co pot\u0159ebujete. Na\u0161e produkty jsou dostupn\u00e9 po&nbsp;cel\u00e9 <strong>\u010cesk\u00e9 republice<\/strong>, v\u010detn\u011b prodejc\u016f <strong>v Nymburku i&nbsp;okol\u00ed<\/strong>. Tyto \u017ealuzie jsou vhodn\u00e9 pro v\u0161echny, kdo si potrp\u00ed na&nbsp;ekologick\u00e9 materi\u00e1ly a&nbsp;sou\u010dasn\u00fd design vhodn\u00fd pro kuchy\u0148, lo\u017enici nebo kancel\u00e1\u0159. \u017daluzie Lama Bamboo lze p\u0159izp\u016fsobit podle va\u0161ich p\u0159edstav a&nbsp;nainstalovat na&nbsp;jak\u00fdkoli typ okna, dokonce i&nbsp;neobvykl\u00fdch tvar\u016f. Vyberte si barvu lamel, velikost a&nbsp;zp\u016fsob ovl\u00e1d\u00e1n\u00ed podle sv\u00fdch preferenc\u00ed. Najd\u011bte si sv\u00e9ho nejbli\u017e\u0161\u00edho <strong>prodejce bambusov\u00fdch \u017ealuzi\u00ed v&nbsp;Nymburku<\/strong>. Zav\u00edtejte do&nbsp;sv\u011bta p\u0159\u00edrodn\u00ed exotiky s&nbsp;\u017ealuziemi od&nbsp;Lama Bamboo ve va\u0161em interi\u00e9ru.<\/p>\n<h2><span style=\"font-weight: 400;\">Na\u0161i prodejci \u017ealuzi\u00ed v&nbsp;Nymburku<\/span><\/h2>\n<p><div class=\"row\"><div class=\"col-sm-6\"><\/p>\n<p><a href=\"https:\/\/lama-bs.sk\/cs\/prodejci\/zaluzie-nymburk\/zaluzie-ales-suchy\/\"><span style=\"font-weight: 400;\">\u017dALUZIE ALE\u0160 SUCH\u00dd<\/span><\/a><\/p>\n<p><\/div><div class=\"col-sm-6\"><\/p>\n<p><\/div><\/div><\/p>\n","protected":false},"excerpt":{"rendered":"<p>Pokud p\u0159em\u00fd\u0161l\u00edte o&nbsp;p\u0159\u00edrodn\u00edm a&nbsp;kvalitn\u00edm zast\u00edn\u011bn\u00ed, bambusov\u00e9 \u017ealuzie od&nbsp;Lama Bamboo v\u00e1m nab\u00eddnou p\u0159esn\u011b to, co pot\u0159ebujete. Na\u0161e produkty jsou dostupn\u00e9 po&nbsp;cel\u00e9 \u010cesk\u00e9 republice, v\u010detn\u011b prodejc\u016f v&nbsp;Nymburku i&nbsp;okol\u00ed. Tyto \u017ealuzie jsou vhodn\u00e9 pro v\u0161echny, kdo si potrp\u00ed na&nbsp;ekologick\u00e9 materi\u00e1ly a&nbsp;sou\u010dasn\u00fd design vhodn\u00fd pro kuchy\u0148, lo\u017enici nebo kancel\u00e1\u0159. \u017daluzie Lama Bamboo lze p\u0159izp\u016fsobit podle va\u0161ich p\u0159edstav a&nbsp;nainstalovat [&hellip;]<\/p>\n","protected":false},"author":1,"featured_media":1062,"parent":2044,"menu_order":0,"comment_status":"closed","ping_status":"closed","template":"template-partners.php","meta":{"footnotes":""},"class_list":["post-3967","page","type-page","status-publish","has-post-thumbnail","hentry"],"yoast_head":"<!-- This site is optimized with the Yoast SEO plugin v26.4 - https:\/\/yoast.com\/wordpress\/plugins\/seo\/ -->\n<title>\u017daluzie Nymburk | Lama Bamboo<\/title>\n<meta name=\"description\" content=\"Objevte na\u0161e prodejce \u017ealuzi\u00ed v oblasti Nymburku, kte\u0159\u00ed nab\u00edzej\u00ed kvalitn\u00ed bambusov\u00e9 \u017ealuzie, je\u017e p\u0159edstavuj\u00ed perfektn\u00ed volbu pro ka\u017ed\u00e9ho.\" \/>\n<meta name=\"robots\" content=\"index, follow, max-snippet:-1, max-image-preview:large, max-video-preview:-1\" \/>\n<link rel=\"canonical\" href=\"https:\/\/lama-bs.sk\/cs\/prodejci\/zaluzie-nymburk\/\" \/>\n<meta property=\"og:locale\" content=\"cs_CZ\" \/>\n<meta property=\"og:type\" content=\"article\" \/>\n<meta property=\"og:title\" content=\"Bambusov\u00e9 \u017daluzie Nymburk | Lama Bamboo\" \/>\n<meta property=\"og:description\" content=\"Objevte na\u0161e prodejce \u017ealuzi\u00ed v oblasti Nymburku, kte\u0159\u00ed nab\u00edzej\u00ed kvalitn\u00ed bambusov\u00e9 \u017ealuzie, je\u017e p\u0159edstavuj\u00ed perfektn\u00ed volbu pro ka\u017ed\u00e9ho.\" \/>\n<meta property=\"og:url\" content=\"https:\/\/lama-bs.sk\/cs\/prodejci\/zaluzie-nymburk\/\" \/>\n<meta property=\"og:site_name\" content=\"LAMA Bamboo systems s.r.o.\" \/>\n<meta property=\"article:modified_time\" content=\"2024-10-29T13:12:28+00:00\" \/>\n<meta property=\"og:image\" content=\"https:\/\/lama-bs.sk\/wp-content\/uploads\/2021\/05\/kupelna_upravena_foto-scaled.jpg\" \/>\n\t<meta property=\"og:image:width\" content=\"2560\" \/>\n\t<meta property=\"og:image:height\" content=\"1706\" \/>\n\t<meta property=\"og:image:type\" content=\"image\/jpeg\" \/>\n<meta name=\"twitter:card\" content=\"summary_large_image\" \/>\n<meta name=\"twitter:label1\" content=\"Odhadovan\u00e1 doba \u010dten\u00ed\" \/>\n\t<meta name=\"twitter:data1\" content=\"1 minuta\" \/>\n<script type=\"application\/ld+json\" class=\"yoast-schema-graph\">{\"@context\":\"https:\/\/schema.org\",\"@graph\":[{\"@type\":\"WebPage\",\"@id\":\"https:\/\/lama-bs.sk\/cs\/prodejci\/zaluzie-nymburk\/\",\"url\":\"https:\/\/lama-bs.sk\/cs\/prodejci\/zaluzie-nymburk\/\",\"name\":\"\u017daluzie Nymburk | Lama Bamboo\",\"isPartOf\":{\"@id\":\"https:\/\/lama-bs.sk\/#website\"},\"primaryImageOfPage\":{\"@id\":\"https:\/\/lama-bs.sk\/cs\/prodejci\/zaluzie-nymburk\/#primaryimage\"},\"image\":{\"@id\":\"https:\/\/lama-bs.sk\/cs\/prodejci\/zaluzie-nymburk\/#primaryimage\"},\"thumbnailUrl\":\"https:\/\/lama-bs.sk\/wp-content\/uploads\/2021\/05\/kupelna_upravena_foto-scaled.jpg\",\"datePublished\":\"2024-10-28T12:10:50+00:00\",\"dateModified\":\"2024-10-29T13:12:28+00:00\",\"description\":\"Objevte na\u0161e prodejce \u017ealuzi\u00ed v oblasti Nymburku, kte\u0159\u00ed nab\u00edzej\u00ed kvalitn\u00ed bambusov\u00e9 \u017ealuzie, je\u017e p\u0159edstavuj\u00ed perfektn\u00ed volbu pro ka\u017ed\u00e9ho.\",\"breadcrumb\":{\"@id\":\"https:\/\/lama-bs.sk\/cs\/prodejci\/zaluzie-nymburk\/#breadcrumb\"},\"inLanguage\":\"cs\",\"potentialAction\":[{\"@type\":\"ReadAction\",\"target\":[\"https:\/\/lama-bs.sk\/cs\/prodejci\/zaluzie-nymburk\/\"]}]},{\"@type\":\"ImageObject\",\"inLanguage\":\"cs\",\"@id\":\"https:\/\/lama-bs.sk\/cs\/prodejci\/zaluzie-nymburk\/#primaryimage\",\"url\":\"https:\/\/lama-bs.sk\/wp-content\/uploads\/2021\/05\/kupelna_upravena_foto-scaled.jpg\",\"contentUrl\":\"https:\/\/lama-bs.sk\/wp-content\/uploads\/2021\/05\/kupelna_upravena_foto-scaled.jpg\",\"width\":2560,\"height\":1706,\"caption\":\"Dobre tieniace dreven\u00e9 \u017eal\u00fazie v k\u00fapelni\"},{\"@type\":\"BreadcrumbList\",\"@id\":\"https:\/\/lama-bs.sk\/cs\/prodejci\/zaluzie-nymburk\/#breadcrumb\",\"itemListElement\":[{\"@type\":\"ListItem\",\"position\":1,\"name\":\"Prodejci\",\"item\":\"https:\/\/lama-bs.sk\/cs\/prodejci\/\"},{\"@type\":\"ListItem\",\"position\":2,\"name\":\"\u017daluzie Nymburk\"}]},{\"@type\":\"WebSite\",\"@id\":\"https:\/\/lama-bs.sk\/#website\",\"url\":\"https:\/\/lama-bs.sk\/\",\"name\":\"LAMA Bamboo systems s.r.o.\",\"description\":\"\",\"potentialAction\":[{\"@type\":\"SearchAction\",\"target\":{\"@type\":\"EntryPoint\",\"urlTemplate\":\"https:\/\/lama-bs.sk\/?s={search_term_string}\"},\"query-input\":{\"@type\":\"PropertyValueSpecification\",\"valueRequired\":true,\"valueName\":\"search_term_string\"}}],\"inLanguage\":\"cs\"}]}<\/script>\n<!-- \/ Yoast SEO plugin. -->","yoast_head_json":{"title":"\u017daluzie Nymburk | Lama Bamboo","description":"Objevte na\u0161e prodejce \u017ealuzi\u00ed v oblasti Nymburku, kte\u0159\u00ed nab\u00edzej\u00ed kvalitn\u00ed bambusov\u00e9 \u017ealuzie, je\u017e p\u0159edstavuj\u00ed perfektn\u00ed volbu pro ka\u017ed\u00e9ho.","robots":{"index":"index","follow":"follow","max-snippet":"max-snippet:-1","max-image-preview":"max-image-preview:large","max-video-preview":"max-video-preview:-1"},"canonical":"https:\/\/lama-bs.sk\/cs\/prodejci\/zaluzie-nymburk\/","og_locale":"cs_CZ","og_type":"article","og_title":"Bambusov\u00e9 \u017daluzie Nymburk | Lama Bamboo","og_description":"Objevte na\u0161e prodejce \u017ealuzi\u00ed v oblasti Nymburku, kte\u0159\u00ed nab\u00edzej\u00ed kvalitn\u00ed bambusov\u00e9 \u017ealuzie, je\u017e p\u0159edstavuj\u00ed perfektn\u00ed volbu pro ka\u017ed\u00e9ho.","og_url":"https:\/\/lama-bs.sk\/cs\/prodejci\/zaluzie-nymburk\/","og_site_name":"LAMA Bamboo systems s.r.o.","article_modified_time":"2024-10-29T13:12:28+00:00","og_image":[{"width":2560,"height":1706,"url":"https:\/\/lama-bs.sk\/wp-content\/uploads\/2021\/05\/kupelna_upravena_foto-scaled.jpg","type":"image\/jpeg"}],"twitter_card":"summary_large_image","twitter_misc":{"Odhadovan\u00e1 doba \u010dten\u00ed":"1 minuta"},"schema":{"@context":"https:\/\/schema.org","@graph":[{"@type":"WebPage","@id":"https:\/\/lama-bs.sk\/cs\/prodejci\/zaluzie-nymburk\/","url":"https:\/\/lama-bs.sk\/cs\/prodejci\/zaluzie-nymburk\/","name":"\u017daluzie Nymburk | Lama Bamboo","isPartOf":{"@id":"https:\/\/lama-bs.sk\/#website"},"primaryImageOfPage":{"@id":"https:\/\/lama-bs.sk\/cs\/prodejci\/zaluzie-nymburk\/#primaryimage"},"image":{"@id":"https:\/\/lama-bs.sk\/cs\/prodejci\/zaluzie-nymburk\/#primaryimage"},"thumbnailUrl":"https:\/\/lama-bs.sk\/wp-content\/uploads\/2021\/05\/kupelna_upravena_foto-scaled.jpg","datePublished":"2024-10-28T12:10:50+00:00","dateModified":"2024-10-29T13:12:28+00:00","description":"Objevte na\u0161e prodejce \u017ealuzi\u00ed v oblasti Nymburku, kte\u0159\u00ed nab\u00edzej\u00ed kvalitn\u00ed bambusov\u00e9 \u017ealuzie, je\u017e p\u0159edstavuj\u00ed perfektn\u00ed volbu pro ka\u017ed\u00e9ho.","breadcrumb":{"@id":"https:\/\/lama-bs.sk\/cs\/prodejci\/zaluzie-nymburk\/#breadcrumb"},"inLanguage":"cs","potentialAction":[{"@type":"ReadAction","target":["https:\/\/lama-bs.sk\/cs\/prodejci\/zaluzie-nymburk\/"]}]},{"@type":"ImageObject","inLanguage":"cs","@id":"https:\/\/lama-bs.sk\/cs\/prodejci\/zaluzie-nymburk\/#primaryimage","url":"https:\/\/lama-bs.sk\/wp-content\/uploads\/2021\/05\/kupelna_upravena_foto-scaled.jpg","contentUrl":"https:\/\/lama-bs.sk\/wp-content\/uploads\/2021\/05\/kupelna_upravena_foto-scaled.jpg","width":2560,"height":1706,"caption":"Dobre tieniace dreven\u00e9 \u017eal\u00fazie v k\u00fapelni"},{"@type":"BreadcrumbList","@id":"https:\/\/lama-bs.sk\/cs\/prodejci\/zaluzie-nymburk\/#breadcrumb","itemListElement":[{"@type":"ListItem","position":1,"name":"Prodejci","item":"https:\/\/lama-bs.sk\/cs\/prodejci\/"},{"@type":"ListItem","position":2,"name":"\u017daluzie Nymburk"}]},{"@type":"WebSite","@id":"https:\/\/lama-bs.sk\/#website","url":"https:\/\/lama-bs.sk\/","name":"LAMA Bamboo systems s.r.o.","description":"","potentialAction":[{"@type":"SearchAction","target":{"@type":"EntryPoint","urlTemplate":"https:\/\/lama-bs.sk\/?s={search_term_string}"},"query-input":{"@type":"PropertyValueSpecification","valueRequired":true,"valueName":"search_term_string"}}],"inLanguage":"cs"}]}},"_links":{"self":[{"href":"https:\/\/lama-bs.sk\/cs\/wp-json\/wp\/v2\/pages\/3967","targetHints":{"allow":["GET"]}}],"collection":[{"href":"https:\/\/lama-bs.sk\/cs\/wp-json\/wp\/v2\/pages"}],"about":[{"href":"https:\/\/lama-bs.sk\/cs\/wp-json\/wp\/v2\/types\/page"}],"author":[{"embeddable":true,"href":"https:\/\/lama-bs.sk\/cs\/wp-json\/wp\/v2\/users\/1"}],"replies":[{"embeddable":true,"href":"https:\/\/lama-bs.sk\/cs\/wp-json\/wp\/v2\/comments?post=3967"}],"version-history":[{"count":3,"href":"https:\/\/lama-bs.sk\/cs\/wp-json\/wp\/v2\/pages\/3967\/revisions"}],"predecessor-version":[{"id":4154,"href":"https:\/\/lama-bs.sk\/cs\/wp-json\/wp\/v2\/pages\/3967\/revisions\/4154"}],"up":[{"embeddable":true,"href":"https:\/\/lama-bs.sk\/cs\/wp-json\/wp\/v2\/pages\/2044"}],"wp:featuredmedia":[{"embeddable":true,"href":"https:\/\/lama-bs.sk\/cs\/wp-json\/wp\/v2\/media\/1062"}],"wp:attachment":[{"href":"https:\/\/lama-bs.sk\/cs\/wp-json\/wp\/v2\/media?parent=3967"}],"curies":[{"name":"wp","href":"https:\/\/api.w.org\/{rel}","templated":true}]}}