{"id":3960,"date":"2024-10-29T13:56:24","date_gmt":"2024-10-29T12:56:24","guid":{"rendered":"https:\/\/lama-bs.sk\/?page_id=3960"},"modified":"2024-10-29T13:56:24","modified_gmt":"2024-10-29T12:56:24","slug":"vftyp","status":"publish","type":"page","link":"https:\/\/lama-bs.sk\/cs\/prodejci\/zaluzie-kolin\/vftyp\/","title":{"rendered":"VFTYP \u017ealuzie Kol\u00edn"},"content":{"rendered":"<p>Firma <strong>VFtyp s.r.o.<\/strong> se s\u00eddlem v&nbsp;<a href=\"https:\/\/lama-bs.sk\/wp-admin\/post.php?post=3527&amp;action=edit&amp;lang=cs\">Kol\u00edn\u011b<\/a>, veden\u00e1 Vlastimilem Fadrhoncem, byla zalo\u017eena v&nbsp;roce 2009 a&nbsp;specializuje se na&nbsp;dod\u00e1vku a&nbsp;mont\u00e1\u017e r\u016fzn\u00fdch typ\u016f st\u00edn\u00edc\u00ed techniky. Mezi jej\u00ed hlavn\u00ed produkty pat\u0159\u00ed horizont\u00e1ln\u00ed a&nbsp;vertik\u00e1ln\u00ed \u017ealuzie, rolety, mark\u00fdzy a&nbsp;venkovn\u00ed \u017ealuzie. VFtyp se py\u0161\u00ed nejen \u0161irok\u00fdm sortimentem, ale i&nbsp;individu\u00e1ln\u00edm p\u0159\u00edstupem k&nbsp;z\u00e1kazn\u00edk\u016fm a&nbsp;vysokou kvalitou poskytovan\u00fdch slu\u017eeb. Zaji\u0161\u0165uj\u00ed kompletn\u00ed servis, od&nbsp;m\u011b\u0159en\u00ed a\u017e&nbsp;po&nbsp;mont\u00e1\u017e, co\u017e zaru\u010duje, \u017ee&nbsp;ka\u017ed\u00fd z\u00e1kazn\u00edk obdr\u017e\u00ed \u0159e\u0161en\u00ed. Mezi \u00fasp\u011bchy firmy pat\u0159\u00ed spokojenost z\u00e1kazn\u00edk\u016f a&nbsp;pozitivn\u00ed recenze, kter\u00e9 sv\u011bd\u010d\u00ed o&nbsp;profesion\u00e1ln\u00edm p\u0159\u00edstupu a&nbsp;kvalit\u011b pr\u00e1ce. VFtyp se tak\u00e9 zam\u011b\u0159uje na&nbsp;ekologick\u00e1 \u0159e\u0161en\u00ed a&nbsp;modern\u00ed design, co\u017e je st\u00e1le v\u00edce d\u016fle\u017eit\u00e9 pro dne\u0161n\u00ed klientelu.<br \/>\nPokud hled\u00e1te stylov\u00e9 a&nbsp;kvalitn\u00ed\u00a0<a href=\"https:\/\/lama-bs.sk\/cs\/ponuka-vnutornych-zaluzii\/\">stylov\u00e9 a&nbsp;kvalitn\u00ed bambusov\u00e9 \u017ealuzie<\/a>, <strong>VFtyp<\/strong> je skv\u011blou volbou, kter\u00e1 dolad\u00ed v\u00e1\u0161 interi\u00e9r a&nbsp;dod\u00e1 mu jedine\u010dn\u00fd vzhled.<\/p>\n<p>&nbsp;<\/p>\n<ul>\n<li style=\"font-weight: 400;\" aria-level=\"1\"><b>E-mail<\/b><span style=\"font-weight: 400;\">: <a href=\"mailto:info@vf-typ.cz\" target=\"_blank\" rel=\"noopener\">info@vf-typ.cz<\/a><\/span><\/li>\n<li style=\"font-weight: 400;\" aria-level=\"1\"><b>Adresa<\/b><span style=\"font-weight: 400;\">: 5. Kv\u011btna 1125\/5, Kol\u00edn II.<\/span><\/li>\n<li style=\"font-weight: 400;\" aria-level=\"1\"><b>Str\u00e1nka<\/b><span style=\"font-weight: 400;\">: <a href=\"https:\/\/www.vf-typ.cz\/\" target=\"_blank\" rel=\"noopener\">https:\/\/www.vf-typ.cz\/<\/a><\/span><\/li>\n<\/ul>\n","protected":false},"excerpt":{"rendered":"<p>Firma VFtyp s.r.o. se s\u00eddlem v&nbsp;Kol\u00edn\u011b, veden\u00e1 Vlastimilem Fadrhoncem, byla zalo\u017eena v&nbsp;roce 2009 a&nbsp;specializuje se na&nbsp;dod\u00e1vku a&nbsp;mont\u00e1\u017e r\u016fzn\u00fdch typ\u016f st\u00edn\u00edc\u00ed techniky. Mezi jej\u00ed hlavn\u00ed produkty pat\u0159\u00ed horizont\u00e1ln\u00ed a&nbsp;vertik\u00e1ln\u00ed \u017ealuzie, rolety, mark\u00fdzy a&nbsp;venkovn\u00ed \u017ealuzie. VFtyp se py\u0161\u00ed nejen \u0161irok\u00fdm sortimentem, ale i&nbsp;individu\u00e1ln\u00edm p\u0159\u00edstupem k&nbsp;z\u00e1kazn\u00edk\u016fm a&nbsp;vysokou kvalitou poskytovan\u00fdch slu\u017eeb. Zaji\u0161\u0165uj\u00ed kompletn\u00ed servis, od&nbsp;m\u011b\u0159en\u00ed a\u017e&nbsp;po&nbsp;mont\u00e1\u017e, co\u017e zaru\u010duje, \u017ee&nbsp;ka\u017ed\u00fd [&hellip;]<\/p>\n","protected":false},"author":1,"featured_media":0,"parent":3527,"menu_order":0,"comment_status":"closed","ping_status":"closed","template":"template-partners.php","meta":{"footnotes":""},"class_list":["post-3960","page","type-page","status-publish","hentry"],"yoast_head":"<!-- This site is optimized with the Yoast SEO plugin v26.4 - https:\/\/yoast.com\/wordpress\/plugins\/seo\/ -->\n<title>Prodejce \u017ealuzi\u00ed VFtyp Kol\u00edn | Lama Bamboo<\/title>\n<meta name=\"description\" content=\"Dop\u0159ejte si nov\u00e9 nad\u010dasov\u00e9 bambusov\u00e9 \u017ealuzie, kter\u00e9 najdete u na\u0161eho dlouholet\u00e9ho partnera, spole\u010dnosti VFtyp s.r.o. v Kol\u00edn\u011b a okol\u00ed.\" \/>\n<meta name=\"robots\" content=\"index, follow, max-snippet:-1, max-image-preview:large, max-video-preview:-1\" \/>\n<link rel=\"canonical\" href=\"https:\/\/lama-bs.sk\/cs\/prodejci\/zaluzie-kolin\/vftyp\/\" \/>\n<meta property=\"og:locale\" content=\"cs_CZ\" \/>\n<meta property=\"og:type\" content=\"article\" \/>\n<meta property=\"og:title\" content=\"Prodejce \u017ealuzi\u00ed VFtyp Kol\u00edn | Lama Bamboo\" \/>\n<meta property=\"og:description\" content=\"Dop\u0159ejte si nov\u00e9 nad\u010dasov\u00e9 bambusov\u00e9 \u017ealuzie, kter\u00e9 najdete u na\u0161eho dlouholet\u00e9ho partnera, spole\u010dnosti VFtyp s.r.o. v Kol\u00edn\u011b a okol\u00ed.\" \/>\n<meta property=\"og:url\" content=\"https:\/\/lama-bs.sk\/cs\/prodejci\/zaluzie-kolin\/vftyp\/\" \/>\n<meta property=\"og:site_name\" content=\"LAMA Bamboo systems s.r.o.\" \/>\n<meta name=\"twitter:card\" content=\"summary_large_image\" \/>\n<meta name=\"twitter:label1\" content=\"Odhadovan\u00e1 doba \u010dten\u00ed\" \/>\n\t<meta name=\"twitter:data1\" content=\"1 minuta\" \/>\n<script type=\"application\/ld+json\" class=\"yoast-schema-graph\">{\"@context\":\"https:\/\/schema.org\",\"@graph\":[{\"@type\":\"WebPage\",\"@id\":\"https:\/\/lama-bs.sk\/cs\/prodejci\/zaluzie-kolin\/vftyp\/\",\"url\":\"https:\/\/lama-bs.sk\/cs\/prodejci\/zaluzie-kolin\/vftyp\/\",\"name\":\"Prodejce \u017ealuzi\u00ed VFtyp Kol\u00edn | Lama Bamboo\",\"isPartOf\":{\"@id\":\"https:\/\/lama-bs.sk\/#website\"},\"datePublished\":\"2024-10-29T12:56:24+00:00\",\"description\":\"Dop\u0159ejte si nov\u00e9 nad\u010dasov\u00e9 bambusov\u00e9 \u017ealuzie, kter\u00e9 najdete u na\u0161eho dlouholet\u00e9ho partnera, spole\u010dnosti VFtyp s.r.o. v Kol\u00edn\u011b a okol\u00ed.\",\"breadcrumb\":{\"@id\":\"https:\/\/lama-bs.sk\/cs\/prodejci\/zaluzie-kolin\/vftyp\/#breadcrumb\"},\"inLanguage\":\"cs\",\"potentialAction\":[{\"@type\":\"ReadAction\",\"target\":[\"https:\/\/lama-bs.sk\/cs\/prodejci\/zaluzie-kolin\/vftyp\/\"]}]},{\"@type\":\"BreadcrumbList\",\"@id\":\"https:\/\/lama-bs.sk\/cs\/prodejci\/zaluzie-kolin\/vftyp\/#breadcrumb\",\"itemListElement\":[{\"@type\":\"ListItem\",\"position\":1,\"name\":\"Prodejci\",\"item\":\"https:\/\/lama-bs.sk\/cs\/prodejci\/\"},{\"@type\":\"ListItem\",\"position\":2,\"name\":\"\u017daluzie Kol\u00edn\",\"item\":\"https:\/\/lama-bs.sk\/cs\/prodejci\/zaluzie-kolin\/\"},{\"@type\":\"ListItem\",\"position\":3,\"name\":\"VFTYP \u017ealuzie Kol\u00edn\"}]},{\"@type\":\"WebSite\",\"@id\":\"https:\/\/lama-bs.sk\/#website\",\"url\":\"https:\/\/lama-bs.sk\/\",\"name\":\"LAMA Bamboo systems s.r.o.\",\"description\":\"\",\"potentialAction\":[{\"@type\":\"SearchAction\",\"target\":{\"@type\":\"EntryPoint\",\"urlTemplate\":\"https:\/\/lama-bs.sk\/?s={search_term_string}\"},\"query-input\":{\"@type\":\"PropertyValueSpecification\",\"valueRequired\":true,\"valueName\":\"search_term_string\"}}],\"inLanguage\":\"cs\"}]}<\/script>\n<!-- \/ Yoast SEO plugin. -->","yoast_head_json":{"title":"Prodejce \u017ealuzi\u00ed VFtyp Kol\u00edn | Lama Bamboo","description":"Dop\u0159ejte si nov\u00e9 nad\u010dasov\u00e9 bambusov\u00e9 \u017ealuzie, kter\u00e9 najdete u na\u0161eho dlouholet\u00e9ho partnera, spole\u010dnosti VFtyp s.r.o. v Kol\u00edn\u011b a okol\u00ed.","robots":{"index":"index","follow":"follow","max-snippet":"max-snippet:-1","max-image-preview":"max-image-preview:large","max-video-preview":"max-video-preview:-1"},"canonical":"https:\/\/lama-bs.sk\/cs\/prodejci\/zaluzie-kolin\/vftyp\/","og_locale":"cs_CZ","og_type":"article","og_title":"Prodejce \u017ealuzi\u00ed VFtyp Kol\u00edn | Lama Bamboo","og_description":"Dop\u0159ejte si nov\u00e9 nad\u010dasov\u00e9 bambusov\u00e9 \u017ealuzie, kter\u00e9 najdete u na\u0161eho dlouholet\u00e9ho partnera, spole\u010dnosti VFtyp s.r.o. v Kol\u00edn\u011b a okol\u00ed.","og_url":"https:\/\/lama-bs.sk\/cs\/prodejci\/zaluzie-kolin\/vftyp\/","og_site_name":"LAMA Bamboo systems s.r.o.","twitter_card":"summary_large_image","twitter_misc":{"Odhadovan\u00e1 doba \u010dten\u00ed":"1 minuta"},"schema":{"@context":"https:\/\/schema.org","@graph":[{"@type":"WebPage","@id":"https:\/\/lama-bs.sk\/cs\/prodejci\/zaluzie-kolin\/vftyp\/","url":"https:\/\/lama-bs.sk\/cs\/prodejci\/zaluzie-kolin\/vftyp\/","name":"Prodejce \u017ealuzi\u00ed VFtyp Kol\u00edn | Lama Bamboo","isPartOf":{"@id":"https:\/\/lama-bs.sk\/#website"},"datePublished":"2024-10-29T12:56:24+00:00","description":"Dop\u0159ejte si nov\u00e9 nad\u010dasov\u00e9 bambusov\u00e9 \u017ealuzie, kter\u00e9 najdete u na\u0161eho dlouholet\u00e9ho partnera, spole\u010dnosti VFtyp s.r.o. v Kol\u00edn\u011b a okol\u00ed.","breadcrumb":{"@id":"https:\/\/lama-bs.sk\/cs\/prodejci\/zaluzie-kolin\/vftyp\/#breadcrumb"},"inLanguage":"cs","potentialAction":[{"@type":"ReadAction","target":["https:\/\/lama-bs.sk\/cs\/prodejci\/zaluzie-kolin\/vftyp\/"]}]},{"@type":"BreadcrumbList","@id":"https:\/\/lama-bs.sk\/cs\/prodejci\/zaluzie-kolin\/vftyp\/#breadcrumb","itemListElement":[{"@type":"ListItem","position":1,"name":"Prodejci","item":"https:\/\/lama-bs.sk\/cs\/prodejci\/"},{"@type":"ListItem","position":2,"name":"\u017daluzie Kol\u00edn","item":"https:\/\/lama-bs.sk\/cs\/prodejci\/zaluzie-kolin\/"},{"@type":"ListItem","position":3,"name":"VFTYP \u017ealuzie Kol\u00edn"}]},{"@type":"WebSite","@id":"https:\/\/lama-bs.sk\/#website","url":"https:\/\/lama-bs.sk\/","name":"LAMA Bamboo systems s.r.o.","description":"","potentialAction":[{"@type":"SearchAction","target":{"@type":"EntryPoint","urlTemplate":"https:\/\/lama-bs.sk\/?s={search_term_string}"},"query-input":{"@type":"PropertyValueSpecification","valueRequired":true,"valueName":"search_term_string"}}],"inLanguage":"cs"}]}},"_links":{"self":[{"href":"https:\/\/lama-bs.sk\/cs\/wp-json\/wp\/v2\/pages\/3960","targetHints":{"allow":["GET"]}}],"collection":[{"href":"https:\/\/lama-bs.sk\/cs\/wp-json\/wp\/v2\/pages"}],"about":[{"href":"https:\/\/lama-bs.sk\/cs\/wp-json\/wp\/v2\/types\/page"}],"author":[{"embeddable":true,"href":"https:\/\/lama-bs.sk\/cs\/wp-json\/wp\/v2\/users\/1"}],"replies":[{"embeddable":true,"href":"https:\/\/lama-bs.sk\/cs\/wp-json\/wp\/v2\/comments?post=3960"}],"version-history":[{"count":2,"href":"https:\/\/lama-bs.sk\/cs\/wp-json\/wp\/v2\/pages\/3960\/revisions"}],"predecessor-version":[{"id":4142,"href":"https:\/\/lama-bs.sk\/cs\/wp-json\/wp\/v2\/pages\/3960\/revisions\/4142"}],"up":[{"embeddable":true,"href":"https:\/\/lama-bs.sk\/cs\/wp-json\/wp\/v2\/pages\/3527"}],"wp:attachment":[{"href":"https:\/\/lama-bs.sk\/cs\/wp-json\/wp\/v2\/media?parent=3960"}],"curies":[{"name":"wp","href":"https:\/\/api.w.org\/{rel}","templated":true}]}}