{"id":3949,"date":"2024-10-29T16:29:43","date_gmt":"2024-10-29T15:29:43","guid":{"rendered":"https:\/\/lama-bs.sk\/?page_id=3949"},"modified":"2024-10-29T16:29:43","modified_gmt":"2024-10-29T15:29:43","slug":"lh-plus","status":"publish","type":"page","link":"https:\/\/lama-bs.sk\/cs\/prodejci\/zaluzie-zlin\/lh-plus\/","title":{"rendered":"LH PLUS \u017ealuzie Zl\u00edn"},"content":{"rendered":"<p>Spole\u010dnost <strong>LH-plus s.r.o.<\/strong> byla zalo\u017eena v&nbsp;roce 1997 a&nbsp;od&nbsp;sv\u00e9ho vzniku se zam\u011b\u0159uje na&nbsp;v\u00fdrobu a&nbsp;mont\u00e1\u017e st\u00edn\u00edc\u00ed techniky, zejm\u00e9na \u017ealuzi\u00ed, rolet a&nbsp;s\u00edt\u00ed proti&nbsp;hmyzu. Firma s\u00eddl\u00ed ve <a href=\"https:\/\/lama-bs.sk\/wp-admin\/post.php?post=3522&amp;action=edit&amp;lang=cs\">Zl\u00edn\u011b<\/a>, kde tak\u00e9 provozuje svou vzorkovou prodejnu. LH-plus postupn\u011b roz\u0161\u00ed\u0159ila svou nab\u00eddku, aby&nbsp;pokryla rostouc\u00ed popt\u00e1vku po&nbsp;r\u016fzn\u00fdch typech st\u00edn\u011bn\u00ed, a&nbsp;nyn\u00ed nab\u00edz\u00ed tak\u00e9 venkovn\u00ed a&nbsp;l\u00e1tkov\u00e9 rolety, mark\u00fdzy, vertik\u00e1ln\u00ed a&nbsp;d\u0159ev\u011bn\u00e9 \u017ealuzie, stejn\u011b jako okna, dve\u0159e a&nbsp;gar\u00e1\u017eov\u00e1 vrata. Firma dlouhodob\u011b spolupracuje se stavebn\u00edmi spole\u010dnostmi, v\u00fdrobci oken i&nbsp;koncov\u00fdmi z\u00e1kazn\u00edky, co\u017e j\u00ed umo\u017enilo udr\u017eet vysok\u00fd standard kvality a&nbsp;profesion\u00e1ln\u00ed p\u0159\u00edstup. Jejich c\u00edlem je nejen spokojenost z\u00e1kazn\u00edk\u016f, ale i&nbsp;inovace a&nbsp;rozvoj technologi\u00ed pro maxim\u00e1ln\u00ed komfort u\u017eivatel\u016f.<\/p>\n<p>U <strong>LH-plus s.r.o.<\/strong> naleznete tak\u00e9\u00a0<a href=\"https:\/\/lama-bs.sk\/cs\/ponuka-vnutornych-zaluzii\/\">stylov\u00e9 bambusov\u00e9 \u017ealuzie<\/a>, kter\u00e9 vynikaj\u00ed kvalitou a&nbsp;pomohou dotvo\u0159it atmosf\u00e9ru va\u0161eho interi\u00e9ru.<\/p>\n<p>&nbsp;<\/p>\n<ul>\n<li style=\"font-weight: 400;\" aria-level=\"1\"><b>E-mail<\/b><span style=\"font-weight: 400;\">: <a href=\"mailto:lhplus@lhplus.cz\" target=\"_blank\" rel=\"noopener\">lhplus@lhplus.cz<\/a><\/span><\/li>\n<li style=\"font-weight: 400;\" aria-level=\"1\"><b>Adresa<\/b><span style=\"font-weight: 400;\">: Mojm\u00edrova 476, Uhersk\u00e9 Hradi\u0161t\u011b<\/span><\/li>\n<li style=\"font-weight: 400;\" aria-level=\"1\"><b>Str\u00e1nka<\/b><span style=\"font-weight: 400;\">: <a href=\"http:\/\/www.lhplus.cz\" target=\"_blank\" rel=\"noopener\">https:\/\/www.lhplus.cz\/<\/a><\/span><\/li>\n<\/ul>\n","protected":false},"excerpt":{"rendered":"<p>Spole\u010dnost LH-plus s.r.o. byla zalo\u017eena v&nbsp;roce 1997 a&nbsp;od&nbsp;sv\u00e9ho vzniku se zam\u011b\u0159uje na&nbsp;v\u00fdrobu a&nbsp;mont\u00e1\u017e st\u00edn\u00edc\u00ed techniky, zejm\u00e9na \u017ealuzi\u00ed, rolet a&nbsp;s\u00edt\u00ed proti&nbsp;hmyzu. Firma s\u00eddl\u00ed ve Zl\u00edn\u011b, kde tak\u00e9 provozuje svou vzorkovou prodejnu. LH-plus postupn\u011b roz\u0161\u00ed\u0159ila svou nab\u00eddku, aby&nbsp;pokryla rostouc\u00ed popt\u00e1vku po&nbsp;r\u016fzn\u00fdch typech st\u00edn\u011bn\u00ed, a&nbsp;nyn\u00ed nab\u00edz\u00ed tak\u00e9 venkovn\u00ed a&nbsp;l\u00e1tkov\u00e9 rolety, mark\u00fdzy, vertik\u00e1ln\u00ed a&nbsp;d\u0159ev\u011bn\u00e9 \u017ealuzie, stejn\u011b jako okna, dve\u0159e [&hellip;]<\/p>\n","protected":false},"author":1,"featured_media":0,"parent":3522,"menu_order":0,"comment_status":"closed","ping_status":"closed","template":"template-partners.php","meta":{"footnotes":""},"class_list":["post-3949","page","type-page","status-publish","hentry"],"yoast_head":"<!-- This site is optimized with the Yoast SEO plugin v26.4 - https:\/\/yoast.com\/wordpress\/plugins\/seo\/ -->\n<title>Prodejce \u017ealuzi\u00ed LH-plus Zl\u00edn | Lama Bamboo<\/title>\n<meta name=\"description\" content=\"Kvalitn\u00ed modern\u00ed bambusov\u00e9 \u017ealuzie najdete u spole\u010dnosti LH-plus s.r.o. ve Zl\u00edn\u011b. Vyberte si sv\u00e9 nov\u00e9 st\u00edn\u011bn\u00ed ji\u017e nyn\u00ed.\" \/>\n<meta name=\"robots\" content=\"index, follow, max-snippet:-1, max-image-preview:large, max-video-preview:-1\" \/>\n<link rel=\"canonical\" href=\"https:\/\/lama-bs.sk\/cs\/prodejci\/zaluzie-zlin\/lh-plus\/\" \/>\n<meta property=\"og:locale\" content=\"cs_CZ\" \/>\n<meta property=\"og:type\" content=\"article\" \/>\n<meta property=\"og:title\" content=\"Prodejce \u017ealuzi\u00ed LH-plus Zl\u00edn | Lama Bamboo\" \/>\n<meta property=\"og:description\" content=\"Kvalitn\u00ed modern\u00ed bambusov\u00e9 \u017ealuzie najdete u spole\u010dnosti LH-plus s.r.o. ve Zl\u00edn\u011b. Vyberte si sv\u00e9 nov\u00e9 st\u00edn\u011bn\u00ed ji\u017e nyn\u00ed.\" \/>\n<meta property=\"og:url\" content=\"https:\/\/lama-bs.sk\/cs\/prodejci\/zaluzie-zlin\/lh-plus\/\" \/>\n<meta property=\"og:site_name\" content=\"LAMA Bamboo systems s.r.o.\" \/>\n<meta name=\"twitter:card\" content=\"summary_large_image\" \/>\n<meta name=\"twitter:label1\" content=\"Odhadovan\u00e1 doba \u010dten\u00ed\" \/>\n\t<meta name=\"twitter:data1\" content=\"1 minuta\" \/>\n<script type=\"application\/ld+json\" class=\"yoast-schema-graph\">{\"@context\":\"https:\/\/schema.org\",\"@graph\":[{\"@type\":\"WebPage\",\"@id\":\"https:\/\/lama-bs.sk\/cs\/prodejci\/zaluzie-zlin\/lh-plus\/\",\"url\":\"https:\/\/lama-bs.sk\/cs\/prodejci\/zaluzie-zlin\/lh-plus\/\",\"name\":\"Prodejce \u017ealuzi\u00ed LH-plus Zl\u00edn | Lama Bamboo\",\"isPartOf\":{\"@id\":\"https:\/\/lama-bs.sk\/#website\"},\"datePublished\":\"2024-10-29T15:29:43+00:00\",\"description\":\"Kvalitn\u00ed modern\u00ed bambusov\u00e9 \u017ealuzie najdete u spole\u010dnosti LH-plus s.r.o. ve Zl\u00edn\u011b. Vyberte si sv\u00e9 nov\u00e9 st\u00edn\u011bn\u00ed ji\u017e nyn\u00ed.\",\"breadcrumb\":{\"@id\":\"https:\/\/lama-bs.sk\/cs\/prodejci\/zaluzie-zlin\/lh-plus\/#breadcrumb\"},\"inLanguage\":\"cs\",\"potentialAction\":[{\"@type\":\"ReadAction\",\"target\":[\"https:\/\/lama-bs.sk\/cs\/prodejci\/zaluzie-zlin\/lh-plus\/\"]}]},{\"@type\":\"BreadcrumbList\",\"@id\":\"https:\/\/lama-bs.sk\/cs\/prodejci\/zaluzie-zlin\/lh-plus\/#breadcrumb\",\"itemListElement\":[{\"@type\":\"ListItem\",\"position\":1,\"name\":\"Prodejci\",\"item\":\"https:\/\/lama-bs.sk\/cs\/prodejci\/\"},{\"@type\":\"ListItem\",\"position\":2,\"name\":\"\u017daluzie Zl\u00edn\",\"item\":\"https:\/\/lama-bs.sk\/cs\/prodejci\/zaluzie-zlin\/\"},{\"@type\":\"ListItem\",\"position\":3,\"name\":\"LH PLUS \u017ealuzie Zl\u00edn\"}]},{\"@type\":\"WebSite\",\"@id\":\"https:\/\/lama-bs.sk\/#website\",\"url\":\"https:\/\/lama-bs.sk\/\",\"name\":\"LAMA Bamboo systems s.r.o.\",\"description\":\"\",\"potentialAction\":[{\"@type\":\"SearchAction\",\"target\":{\"@type\":\"EntryPoint\",\"urlTemplate\":\"https:\/\/lama-bs.sk\/?s={search_term_string}\"},\"query-input\":{\"@type\":\"PropertyValueSpecification\",\"valueRequired\":true,\"valueName\":\"search_term_string\"}}],\"inLanguage\":\"cs\"}]}<\/script>\n<!-- \/ Yoast SEO plugin. -->","yoast_head_json":{"title":"Prodejce \u017ealuzi\u00ed LH-plus Zl\u00edn | Lama Bamboo","description":"Kvalitn\u00ed modern\u00ed bambusov\u00e9 \u017ealuzie najdete u spole\u010dnosti LH-plus s.r.o. ve Zl\u00edn\u011b. Vyberte si sv\u00e9 nov\u00e9 st\u00edn\u011bn\u00ed ji\u017e nyn\u00ed.","robots":{"index":"index","follow":"follow","max-snippet":"max-snippet:-1","max-image-preview":"max-image-preview:large","max-video-preview":"max-video-preview:-1"},"canonical":"https:\/\/lama-bs.sk\/cs\/prodejci\/zaluzie-zlin\/lh-plus\/","og_locale":"cs_CZ","og_type":"article","og_title":"Prodejce \u017ealuzi\u00ed LH-plus Zl\u00edn | Lama Bamboo","og_description":"Kvalitn\u00ed modern\u00ed bambusov\u00e9 \u017ealuzie najdete u spole\u010dnosti LH-plus s.r.o. ve Zl\u00edn\u011b. Vyberte si sv\u00e9 nov\u00e9 st\u00edn\u011bn\u00ed ji\u017e nyn\u00ed.","og_url":"https:\/\/lama-bs.sk\/cs\/prodejci\/zaluzie-zlin\/lh-plus\/","og_site_name":"LAMA Bamboo systems s.r.o.","twitter_card":"summary_large_image","twitter_misc":{"Odhadovan\u00e1 doba \u010dten\u00ed":"1 minuta"},"schema":{"@context":"https:\/\/schema.org","@graph":[{"@type":"WebPage","@id":"https:\/\/lama-bs.sk\/cs\/prodejci\/zaluzie-zlin\/lh-plus\/","url":"https:\/\/lama-bs.sk\/cs\/prodejci\/zaluzie-zlin\/lh-plus\/","name":"Prodejce \u017ealuzi\u00ed LH-plus Zl\u00edn | Lama Bamboo","isPartOf":{"@id":"https:\/\/lama-bs.sk\/#website"},"datePublished":"2024-10-29T15:29:43+00:00","description":"Kvalitn\u00ed modern\u00ed bambusov\u00e9 \u017ealuzie najdete u spole\u010dnosti LH-plus s.r.o. ve Zl\u00edn\u011b. Vyberte si sv\u00e9 nov\u00e9 st\u00edn\u011bn\u00ed ji\u017e nyn\u00ed.","breadcrumb":{"@id":"https:\/\/lama-bs.sk\/cs\/prodejci\/zaluzie-zlin\/lh-plus\/#breadcrumb"},"inLanguage":"cs","potentialAction":[{"@type":"ReadAction","target":["https:\/\/lama-bs.sk\/cs\/prodejci\/zaluzie-zlin\/lh-plus\/"]}]},{"@type":"BreadcrumbList","@id":"https:\/\/lama-bs.sk\/cs\/prodejci\/zaluzie-zlin\/lh-plus\/#breadcrumb","itemListElement":[{"@type":"ListItem","position":1,"name":"Prodejci","item":"https:\/\/lama-bs.sk\/cs\/prodejci\/"},{"@type":"ListItem","position":2,"name":"\u017daluzie Zl\u00edn","item":"https:\/\/lama-bs.sk\/cs\/prodejci\/zaluzie-zlin\/"},{"@type":"ListItem","position":3,"name":"LH PLUS \u017ealuzie Zl\u00edn"}]},{"@type":"WebSite","@id":"https:\/\/lama-bs.sk\/#website","url":"https:\/\/lama-bs.sk\/","name":"LAMA Bamboo systems s.r.o.","description":"","potentialAction":[{"@type":"SearchAction","target":{"@type":"EntryPoint","urlTemplate":"https:\/\/lama-bs.sk\/?s={search_term_string}"},"query-input":{"@type":"PropertyValueSpecification","valueRequired":true,"valueName":"search_term_string"}}],"inLanguage":"cs"}]}},"_links":{"self":[{"href":"https:\/\/lama-bs.sk\/cs\/wp-json\/wp\/v2\/pages\/3949","targetHints":{"allow":["GET"]}}],"collection":[{"href":"https:\/\/lama-bs.sk\/cs\/wp-json\/wp\/v2\/pages"}],"about":[{"href":"https:\/\/lama-bs.sk\/cs\/wp-json\/wp\/v2\/types\/page"}],"author":[{"embeddable":true,"href":"https:\/\/lama-bs.sk\/cs\/wp-json\/wp\/v2\/users\/1"}],"replies":[{"embeddable":true,"href":"https:\/\/lama-bs.sk\/cs\/wp-json\/wp\/v2\/comments?post=3949"}],"version-history":[{"count":2,"href":"https:\/\/lama-bs.sk\/cs\/wp-json\/wp\/v2\/pages\/3949\/revisions"}],"predecessor-version":[{"id":4212,"href":"https:\/\/lama-bs.sk\/cs\/wp-json\/wp\/v2\/pages\/3949\/revisions\/4212"}],"up":[{"embeddable":true,"href":"https:\/\/lama-bs.sk\/cs\/wp-json\/wp\/v2\/pages\/3522"}],"wp:attachment":[{"href":"https:\/\/lama-bs.sk\/cs\/wp-json\/wp\/v2\/media?parent=3949"}],"curies":[{"name":"wp","href":"https:\/\/api.w.org\/{rel}","templated":true}]}}