{"id":3921,"date":"2024-10-29T13:43:09","date_gmt":"2024-10-29T12:43:09","guid":{"rendered":"https:\/\/lama-bs.sk\/?page_id=3921"},"modified":"2024-10-29T13:43:09","modified_gmt":"2024-10-29T12:43:09","slug":"zaluzie-kalous","status":"publish","type":"page","link":"https:\/\/lama-bs.sk\/cs\/prodejci\/zaluzie-cheb\/zaluzie-kalous\/","title":{"rendered":"\u017dALUZIE KALOU\u0160 Cheb"},"content":{"rendered":"<p>Firma <strong>\u017daluzie Kalou\u0161<\/strong> s\u00eddl\u00edc\u00ed v&nbsp;<a href=\"https:\/\/lama-bs.sk\/wp-admin\/post.php?post=3512&amp;action=edit&amp;lang=cs\">Chebu<\/a> se zab\u00fdv\u00e1 v\u00fdrobou a&nbsp;mont\u00e1\u017e\u00ed st\u00edn\u00edc\u00ed techniky ji\u017e od&nbsp;roku 1996. Jde o&nbsp;rodinn\u00fd podnik, kter\u00fd se postupn\u011b etabloval jako odborn\u00edk v&nbsp;oblasti \u017ealuzi\u00ed, rolet, gar\u00e1\u017eov\u00fdch vrat a&nbsp;s\u00edt\u00ed proti&nbsp;hmyzu. Firma se zam\u011b\u0159uje na&nbsp;kvalitu materi\u00e1l\u016f i&nbsp;slu\u017eeb. To&nbsp;ji \u0159ad\u00ed mezi spolehliv\u00e9 dodavatele nejen v&nbsp;regionu, ale po&nbsp;cel\u00e9m \u010cesku. Jejich nab\u00eddka zahrnuje \u0161irokou \u0161k\u00e1lu venkovn\u00edch a&nbsp;vnit\u0159n\u00edch \u017ealuzi\u00ed, kter\u00e9 jsou konstruov\u00e1ny s&nbsp;d\u016frazem na&nbsp;funk\u010dnost a&nbsp;estetiku.<\/p>\n<p>Pokud hled\u00e1te modern\u00ed \u0159e\u0161en\u00ed st\u00edn\u011bn\u00ed, m\u016f\u017eete si u&nbsp;firmy \u017daluzie Kalou\u0161 po\u0159\u00eddit i&nbsp;<a href=\"https:\/\/lama-bs.sk\/cs\/ponuka-vnutornych-zaluzii\/\">stylov\u00e9 a&nbsp;kvalitn\u00ed bambusov\u00e9 \u017ealuzie<\/a>, kter\u00e9 dodaj\u00ed va\u0161emu interi\u00e9ru p\u0159irozen\u00fd a&nbsp;elegantn\u00ed vzhled. Tato firma se postar\u00e1 nejen o&nbsp;spr\u00e1vn\u00fd v\u00fdb\u011br produkt\u016f, ale i&nbsp;o&nbsp;odbornou mont\u00e1\u017e, d\u00edky \u010demu\u017e budete m\u00edt zaru\u010den\u00e9 dlouhodob\u00e9 a&nbsp;kvalitn\u00ed zast\u00edn\u011bn\u00ed.<\/p>\n<p>&nbsp;<\/p>\n<ul>\n<li style=\"font-weight: 400;\" aria-level=\"1\"><b>E-mail<\/b><span style=\"font-weight: 400;\">: <a href=\"mailto:info@zaluzie-kalous.cz\" target=\"_blank\" rel=\"noopener\">info@zaluzie-kalous.cz<\/a><\/span><\/li>\n<li style=\"font-weight: 400;\" aria-level=\"1\"><b>Adresa<\/b><span style=\"font-weight: 400;\">: N\u00e1m. Kr\u00e1le Ji\u0159\u00edho z&nbsp;Pod\u011bbrad 512\/11, Cheb<\/span><\/li>\n<li style=\"font-weight: 400;\" aria-level=\"1\"><b>Str\u00e1nka<\/b><span style=\"font-weight: 400;\">: <a href=\"https:\/\/www.zaluzie-kalous.cz\/\" target=\"_blank\" rel=\"noopener\">https:\/\/www.zaluzie-kalous.cz\/<\/a><\/span><\/li>\n<\/ul>\n","protected":false},"excerpt":{"rendered":"<p>Firma \u017daluzie Kalou\u0161 s\u00eddl\u00edc\u00ed v&nbsp;Chebu se zab\u00fdv\u00e1 v\u00fdrobou a&nbsp;mont\u00e1\u017e\u00ed st\u00edn\u00edc\u00ed techniky ji\u017e od&nbsp;roku 1996. Jde o&nbsp;rodinn\u00fd podnik, kter\u00fd se postupn\u011b etabloval jako odborn\u00edk v&nbsp;oblasti \u017ealuzi\u00ed, rolet, gar\u00e1\u017eov\u00fdch vrat a&nbsp;s\u00edt\u00ed proti&nbsp;hmyzu. Firma se zam\u011b\u0159uje na&nbsp;kvalitu materi\u00e1l\u016f i&nbsp;slu\u017eeb. To&nbsp;ji \u0159ad\u00ed mezi spolehliv\u00e9 dodavatele nejen v&nbsp;regionu, ale po&nbsp;cel\u00e9m \u010cesku. Jejich nab\u00eddka zahrnuje \u0161irokou \u0161k\u00e1lu venkovn\u00edch a&nbsp;vnit\u0159n\u00edch \u017ealuzi\u00ed, kter\u00e9 [&hellip;]<\/p>\n","protected":false},"author":1,"featured_media":0,"parent":3512,"menu_order":0,"comment_status":"closed","ping_status":"closed","template":"template-partners.php","meta":{"footnotes":""},"class_list":["post-3921","page","type-page","status-publish","hentry"],"yoast_head":"<!-- This site is optimized with the Yoast SEO plugin v26.4 - https:\/\/yoast.com\/wordpress\/plugins\/seo\/ -->\n<title>Prodejce \u017ealuzi\u00ed \u017daluzie Kalou\u0161 Cheb | Lama Bamboo<\/title>\n<meta name=\"description\" content=\"Kvalitn\u00ed, stylov\u00e9 a nad\u010dasov\u00e9 bambusov\u00e9 \u017ealuzie najdete u spole\u010dnosti \u017daluzie Kalou\u0161 v Chebu. Vyberte si sv\u00e9 nov\u00e9 st\u00edn\u011bn\u00ed.\" \/>\n<meta name=\"robots\" content=\"index, follow, max-snippet:-1, max-image-preview:large, max-video-preview:-1\" \/>\n<link rel=\"canonical\" href=\"https:\/\/lama-bs.sk\/cs\/prodejci\/zaluzie-cheb\/zaluzie-kalous\/\" \/>\n<meta property=\"og:locale\" content=\"cs_CZ\" \/>\n<meta property=\"og:type\" content=\"article\" \/>\n<meta property=\"og:title\" content=\"Prodejce \u017ealuzi\u00ed \u017daluzie Kalou\u0161 Cheb | Lama Bamboo\" \/>\n<meta property=\"og:description\" content=\"Kvalitn\u00ed, stylov\u00e9 a nad\u010dasov\u00e9 bambusov\u00e9 \u017ealuzie najdete u spole\u010dnosti \u017daluzie Kalou\u0161 v Chebu. Vyberte si sv\u00e9 nov\u00e9 st\u00edn\u011bn\u00ed.\" \/>\n<meta property=\"og:url\" content=\"https:\/\/lama-bs.sk\/cs\/prodejci\/zaluzie-cheb\/zaluzie-kalous\/\" \/>\n<meta property=\"og:site_name\" content=\"LAMA Bamboo systems s.r.o.\" \/>\n<meta name=\"twitter:card\" content=\"summary_large_image\" \/>\n<meta name=\"twitter:label1\" content=\"Odhadovan\u00e1 doba \u010dten\u00ed\" \/>\n\t<meta name=\"twitter:data1\" content=\"1 minuta\" \/>\n<script type=\"application\/ld+json\" class=\"yoast-schema-graph\">{\"@context\":\"https:\/\/schema.org\",\"@graph\":[{\"@type\":\"WebPage\",\"@id\":\"https:\/\/lama-bs.sk\/cs\/prodejci\/zaluzie-cheb\/zaluzie-kalous\/\",\"url\":\"https:\/\/lama-bs.sk\/cs\/prodejci\/zaluzie-cheb\/zaluzie-kalous\/\",\"name\":\"Prodejce \u017ealuzi\u00ed \u017daluzie Kalou\u0161 Cheb | Lama Bamboo\",\"isPartOf\":{\"@id\":\"https:\/\/lama-bs.sk\/#website\"},\"datePublished\":\"2024-10-29T12:43:09+00:00\",\"description\":\"Kvalitn\u00ed, stylov\u00e9 a nad\u010dasov\u00e9 bambusov\u00e9 \u017ealuzie najdete u spole\u010dnosti \u017daluzie Kalou\u0161 v Chebu. Vyberte si sv\u00e9 nov\u00e9 st\u00edn\u011bn\u00ed.\",\"breadcrumb\":{\"@id\":\"https:\/\/lama-bs.sk\/cs\/prodejci\/zaluzie-cheb\/zaluzie-kalous\/#breadcrumb\"},\"inLanguage\":\"cs\",\"potentialAction\":[{\"@type\":\"ReadAction\",\"target\":[\"https:\/\/lama-bs.sk\/cs\/prodejci\/zaluzie-cheb\/zaluzie-kalous\/\"]}]},{\"@type\":\"BreadcrumbList\",\"@id\":\"https:\/\/lama-bs.sk\/cs\/prodejci\/zaluzie-cheb\/zaluzie-kalous\/#breadcrumb\",\"itemListElement\":[{\"@type\":\"ListItem\",\"position\":1,\"name\":\"Prodejci\",\"item\":\"https:\/\/lama-bs.sk\/cs\/prodejci\/\"},{\"@type\":\"ListItem\",\"position\":2,\"name\":\"\u017daluzie Cheb\",\"item\":\"https:\/\/lama-bs.sk\/cs\/prodejci\/zaluzie-cheb\/\"},{\"@type\":\"ListItem\",\"position\":3,\"name\":\"\u017dALUZIE KALOU\u0160 Cheb\"}]},{\"@type\":\"WebSite\",\"@id\":\"https:\/\/lama-bs.sk\/#website\",\"url\":\"https:\/\/lama-bs.sk\/\",\"name\":\"LAMA Bamboo systems s.r.o.\",\"description\":\"\",\"potentialAction\":[{\"@type\":\"SearchAction\",\"target\":{\"@type\":\"EntryPoint\",\"urlTemplate\":\"https:\/\/lama-bs.sk\/?s={search_term_string}\"},\"query-input\":{\"@type\":\"PropertyValueSpecification\",\"valueRequired\":true,\"valueName\":\"search_term_string\"}}],\"inLanguage\":\"cs\"}]}<\/script>\n<!-- \/ Yoast SEO plugin. -->","yoast_head_json":{"title":"Prodejce \u017ealuzi\u00ed \u017daluzie Kalou\u0161 Cheb | Lama Bamboo","description":"Kvalitn\u00ed, stylov\u00e9 a nad\u010dasov\u00e9 bambusov\u00e9 \u017ealuzie najdete u spole\u010dnosti \u017daluzie Kalou\u0161 v Chebu. Vyberte si sv\u00e9 nov\u00e9 st\u00edn\u011bn\u00ed.","robots":{"index":"index","follow":"follow","max-snippet":"max-snippet:-1","max-image-preview":"max-image-preview:large","max-video-preview":"max-video-preview:-1"},"canonical":"https:\/\/lama-bs.sk\/cs\/prodejci\/zaluzie-cheb\/zaluzie-kalous\/","og_locale":"cs_CZ","og_type":"article","og_title":"Prodejce \u017ealuzi\u00ed \u017daluzie Kalou\u0161 Cheb | Lama Bamboo","og_description":"Kvalitn\u00ed, stylov\u00e9 a nad\u010dasov\u00e9 bambusov\u00e9 \u017ealuzie najdete u spole\u010dnosti \u017daluzie Kalou\u0161 v Chebu. Vyberte si sv\u00e9 nov\u00e9 st\u00edn\u011bn\u00ed.","og_url":"https:\/\/lama-bs.sk\/cs\/prodejci\/zaluzie-cheb\/zaluzie-kalous\/","og_site_name":"LAMA Bamboo systems s.r.o.","twitter_card":"summary_large_image","twitter_misc":{"Odhadovan\u00e1 doba \u010dten\u00ed":"1 minuta"},"schema":{"@context":"https:\/\/schema.org","@graph":[{"@type":"WebPage","@id":"https:\/\/lama-bs.sk\/cs\/prodejci\/zaluzie-cheb\/zaluzie-kalous\/","url":"https:\/\/lama-bs.sk\/cs\/prodejci\/zaluzie-cheb\/zaluzie-kalous\/","name":"Prodejce \u017ealuzi\u00ed \u017daluzie Kalou\u0161 Cheb | Lama Bamboo","isPartOf":{"@id":"https:\/\/lama-bs.sk\/#website"},"datePublished":"2024-10-29T12:43:09+00:00","description":"Kvalitn\u00ed, stylov\u00e9 a nad\u010dasov\u00e9 bambusov\u00e9 \u017ealuzie najdete u spole\u010dnosti \u017daluzie Kalou\u0161 v Chebu. Vyberte si sv\u00e9 nov\u00e9 st\u00edn\u011bn\u00ed.","breadcrumb":{"@id":"https:\/\/lama-bs.sk\/cs\/prodejci\/zaluzie-cheb\/zaluzie-kalous\/#breadcrumb"},"inLanguage":"cs","potentialAction":[{"@type":"ReadAction","target":["https:\/\/lama-bs.sk\/cs\/prodejci\/zaluzie-cheb\/zaluzie-kalous\/"]}]},{"@type":"BreadcrumbList","@id":"https:\/\/lama-bs.sk\/cs\/prodejci\/zaluzie-cheb\/zaluzie-kalous\/#breadcrumb","itemListElement":[{"@type":"ListItem","position":1,"name":"Prodejci","item":"https:\/\/lama-bs.sk\/cs\/prodejci\/"},{"@type":"ListItem","position":2,"name":"\u017daluzie Cheb","item":"https:\/\/lama-bs.sk\/cs\/prodejci\/zaluzie-cheb\/"},{"@type":"ListItem","position":3,"name":"\u017dALUZIE KALOU\u0160 Cheb"}]},{"@type":"WebSite","@id":"https:\/\/lama-bs.sk\/#website","url":"https:\/\/lama-bs.sk\/","name":"LAMA Bamboo systems s.r.o.","description":"","potentialAction":[{"@type":"SearchAction","target":{"@type":"EntryPoint","urlTemplate":"https:\/\/lama-bs.sk\/?s={search_term_string}"},"query-input":{"@type":"PropertyValueSpecification","valueRequired":true,"valueName":"search_term_string"}}],"inLanguage":"cs"}]}},"_links":{"self":[{"href":"https:\/\/lama-bs.sk\/cs\/wp-json\/wp\/v2\/pages\/3921","targetHints":{"allow":["GET"]}}],"collection":[{"href":"https:\/\/lama-bs.sk\/cs\/wp-json\/wp\/v2\/pages"}],"about":[{"href":"https:\/\/lama-bs.sk\/cs\/wp-json\/wp\/v2\/types\/page"}],"author":[{"embeddable":true,"href":"https:\/\/lama-bs.sk\/cs\/wp-json\/wp\/v2\/users\/1"}],"replies":[{"embeddable":true,"href":"https:\/\/lama-bs.sk\/cs\/wp-json\/wp\/v2\/comments?post=3921"}],"version-history":[{"count":2,"href":"https:\/\/lama-bs.sk\/cs\/wp-json\/wp\/v2\/pages\/3921\/revisions"}],"predecessor-version":[{"id":4130,"href":"https:\/\/lama-bs.sk\/cs\/wp-json\/wp\/v2\/pages\/3921\/revisions\/4130"}],"up":[{"embeddable":true,"href":"https:\/\/lama-bs.sk\/cs\/wp-json\/wp\/v2\/pages\/3512"}],"wp:attachment":[{"href":"https:\/\/lama-bs.sk\/cs\/wp-json\/wp\/v2\/media?parent=3921"}],"curies":[{"name":"wp","href":"https:\/\/api.w.org\/{rel}","templated":true}]}}