{"id":3916,"date":"2024-10-29T14:33:36","date_gmt":"2024-10-29T13:33:36","guid":{"rendered":"https:\/\/lama-bs.sk\/?page_id=3916"},"modified":"2024-10-29T14:33:36","modified_gmt":"2024-10-29T13:33:36","slug":"climastyl","status":"publish","type":"page","link":"https:\/\/lama-bs.sk\/cs\/prodejci\/zaluzie-pardubice\/climastyl\/","title":{"rendered":"CLIMASTYL \u017ealuzie Pardubice"},"content":{"rendered":"<p>Firma <strong>Climastyl<\/strong>, s\u00eddl\u00edc\u00ed v\u00a0<a href=\"https:\/\/lama-bs.sk\/wp-admin\/post.php?post=3476&amp;action=edit&amp;lang=cs\">Pardubic\u00edch<\/a>, se specializuje na&nbsp;poskytov\u00e1n\u00ed kvalitn\u00ed st\u00edn\u00edc\u00ed techniky pro interi\u00e9ry i&nbsp;exteri\u00e9ry. Jej\u00ed nab\u00eddka zahrnuje \u0161irok\u00fd sortiment \u017ealuzi\u00ed, rolet, mark\u00fdz a&nbsp;dal\u0161\u00edch produkt\u016f, kter\u00e9 zaji\u0161\u0165uj\u00ed optim\u00e1ln\u00ed regulaci sv\u011btla a&nbsp;soukrom\u00ed. Spole\u010dnost Climastyl se m\u016f\u017ee pochlubit dlouholetou zku\u0161enost\u00ed na&nbsp;trhu a&nbsp;vysokou \u00farovn\u00ed z\u00e1kaznick\u00e9ho servisu. D\u00edky individu\u00e1ln\u00edmu p\u0159\u00edstupu ke ka\u017ed\u00e9mu klientovi a&nbsp;pe\u010dliv\u00e9mu v\u00fdb\u011bru materi\u00e1l\u016f si vybudovala siln\u00e9 renom\u00e9 nejen v&nbsp;Pardubic\u00edch, ale i&nbsp;v&nbsp;\u0161ir\u0161\u00edm okol\u00ed. Firma se py\u0161\u00ed \u00fasp\u011b\u0161n\u00fdmi realizacemi jak v&nbsp;dom\u00e1cnostech, tak&nbsp;v&nbsp;komer\u010dn\u00edch prostorech, kde jej\u00ed v\u00fdrobky p\u0159in\u00e1\u0161ej\u00ed funk\u010dnost a&nbsp;estetiku.<br \/>\n<strong>Climastyl<\/strong> tak\u00e9 nab\u00edz\u00ed na\u0161e\u00a0<a href=\"https:\/\/lama-bs.sk\/cs\/ponuka-vnutornych-zaluzii\/\">nad\u010dasov\u00e9\u00a0 a&nbsp;unik\u00e1tn\u00ed bambusov\u00e9 \u017ealuzie<\/a>, kter\u00e9 si z\u00e1kazn\u00edci mohou zakoupit do&nbsp;sv\u00e9ho interi\u00e9ru. Tyto \u017ealuzie jsou elegantn\u00ed, ekologick\u00e9 a&nbsp;ide\u00e1ln\u00ed pro vytvo\u0159en\u00ed p\u0159irozen\u00e9 harmonie v&nbsp;interi\u00e9ru.<\/p>\n<p>&nbsp;<\/p>\n<ul>\n<li style=\"font-weight: 400;\" aria-level=\"1\"><b>E-mail<\/b><span style=\"font-weight: 400;\">: <a href=\"mailto:pardubice@climastyl.cz\">pardubice@climastyl.cz<\/a><\/span><\/li>\n<li style=\"font-weight: 400;\" aria-level=\"1\"><b>Adresa<\/b><span style=\"font-weight: 400;\">: Jind\u0159i\u0161sk\u00e1 2041, Pardubice<\/span><\/li>\n<li style=\"font-weight: 400;\" aria-level=\"1\"><b>Str\u00e1nka<\/b><span style=\"font-weight: 400;\">: <a href=\"https:\/\/www.climastyl.cz\/\" target=\"_blank\" rel=\"noopener\">https:\/\/www.climastyl.cz\/<\/a><\/span><\/li>\n<\/ul>\n","protected":false},"excerpt":{"rendered":"<p>Firma Climastyl, s\u00eddl\u00edc\u00ed v\u00a0Pardubic\u00edch, se specializuje na&nbsp;poskytov\u00e1n\u00ed kvalitn\u00ed st\u00edn\u00edc\u00ed techniky pro interi\u00e9ry i&nbsp;exteri\u00e9ry. Jej\u00ed nab\u00eddka zahrnuje \u0161irok\u00fd sortiment \u017ealuzi\u00ed, rolet, mark\u00fdz a&nbsp;dal\u0161\u00edch produkt\u016f, kter\u00e9 zaji\u0161\u0165uj\u00ed optim\u00e1ln\u00ed regulaci sv\u011btla a&nbsp;soukrom\u00ed. Spole\u010dnost Climastyl se m\u016f\u017ee pochlubit dlouholetou zku\u0161enost\u00ed na&nbsp;trhu a&nbsp;vysokou \u00farovn\u00ed z\u00e1kaznick\u00e9ho servisu. D\u00edky individu\u00e1ln\u00edmu p\u0159\u00edstupu ke ka\u017ed\u00e9mu klientovi a&nbsp;pe\u010dliv\u00e9mu v\u00fdb\u011bru materi\u00e1l\u016f si vybudovala siln\u00e9 renom\u00e9 nejen [&hellip;]<\/p>\n","protected":false},"author":1,"featured_media":0,"parent":3476,"menu_order":0,"comment_status":"closed","ping_status":"closed","template":"template-partners.php","meta":{"footnotes":""},"class_list":["post-3916","page","type-page","status-publish","hentry"],"yoast_head":"<!-- This site is optimized with the Yoast SEO plugin v26.4 - https:\/\/yoast.com\/wordpress\/plugins\/seo\/ -->\n<title>Prodejce \u017ealuzi\u00ed Climastyl Pardubice | Lama Bamboo<\/title>\n<meta name=\"description\" content=\"Kvalitn\u00ed a unik\u00e1tn\u00ed bambusov\u00e9 \u017ealuzie najdete u spole\u010dnosti Climastyl v Pardubic\u00edch. Vyberte si sv\u00e9 nov\u00e9 st\u00edn\u011bn\u00ed.\" \/>\n<meta name=\"robots\" content=\"index, follow, max-snippet:-1, max-image-preview:large, max-video-preview:-1\" \/>\n<link rel=\"canonical\" href=\"https:\/\/lama-bs.sk\/cs\/prodejci\/zaluzie-pardubice\/climastyl\/\" \/>\n<meta property=\"og:locale\" content=\"cs_CZ\" \/>\n<meta property=\"og:type\" content=\"article\" \/>\n<meta property=\"og:title\" content=\"Prodejce \u017ealuzi\u00ed Climastyl Pardubice | Lama Bamboo\" \/>\n<meta property=\"og:description\" content=\"Kvalitn\u00ed a unik\u00e1tn\u00ed bambusov\u00e9 \u017ealuzie najdete u spole\u010dnosti Climastyl v Pardubic\u00edch. Vyberte si sv\u00e9 nov\u00e9 st\u00edn\u011bn\u00ed.\" \/>\n<meta property=\"og:url\" content=\"https:\/\/lama-bs.sk\/cs\/prodejci\/zaluzie-pardubice\/climastyl\/\" \/>\n<meta property=\"og:site_name\" content=\"LAMA Bamboo systems s.r.o.\" \/>\n<meta name=\"twitter:card\" content=\"summary_large_image\" \/>\n<meta name=\"twitter:label1\" content=\"Odhadovan\u00e1 doba \u010dten\u00ed\" \/>\n\t<meta name=\"twitter:data1\" content=\"1 minuta\" \/>\n<script type=\"application\/ld+json\" class=\"yoast-schema-graph\">{\"@context\":\"https:\/\/schema.org\",\"@graph\":[{\"@type\":\"WebPage\",\"@id\":\"https:\/\/lama-bs.sk\/cs\/prodejci\/zaluzie-pardubice\/climastyl\/\",\"url\":\"https:\/\/lama-bs.sk\/cs\/prodejci\/zaluzie-pardubice\/climastyl\/\",\"name\":\"Prodejce \u017ealuzi\u00ed Climastyl Pardubice | Lama Bamboo\",\"isPartOf\":{\"@id\":\"https:\/\/lama-bs.sk\/#website\"},\"datePublished\":\"2024-10-29T13:33:36+00:00\",\"description\":\"Kvalitn\u00ed a unik\u00e1tn\u00ed bambusov\u00e9 \u017ealuzie najdete u spole\u010dnosti Climastyl v Pardubic\u00edch. Vyberte si sv\u00e9 nov\u00e9 st\u00edn\u011bn\u00ed.\",\"breadcrumb\":{\"@id\":\"https:\/\/lama-bs.sk\/cs\/prodejci\/zaluzie-pardubice\/climastyl\/#breadcrumb\"},\"inLanguage\":\"cs\",\"potentialAction\":[{\"@type\":\"ReadAction\",\"target\":[\"https:\/\/lama-bs.sk\/cs\/prodejci\/zaluzie-pardubice\/climastyl\/\"]}]},{\"@type\":\"BreadcrumbList\",\"@id\":\"https:\/\/lama-bs.sk\/cs\/prodejci\/zaluzie-pardubice\/climastyl\/#breadcrumb\",\"itemListElement\":[{\"@type\":\"ListItem\",\"position\":1,\"name\":\"Prodejci\",\"item\":\"https:\/\/lama-bs.sk\/cs\/prodejci\/\"},{\"@type\":\"ListItem\",\"position\":2,\"name\":\"\u017daluzie Pardubice\",\"item\":\"https:\/\/lama-bs.sk\/cs\/prodejci\/zaluzie-pardubice\/\"},{\"@type\":\"ListItem\",\"position\":3,\"name\":\"CLIMASTYL \u017ealuzie Pardubice\"}]},{\"@type\":\"WebSite\",\"@id\":\"https:\/\/lama-bs.sk\/#website\",\"url\":\"https:\/\/lama-bs.sk\/\",\"name\":\"LAMA Bamboo systems s.r.o.\",\"description\":\"\",\"potentialAction\":[{\"@type\":\"SearchAction\",\"target\":{\"@type\":\"EntryPoint\",\"urlTemplate\":\"https:\/\/lama-bs.sk\/?s={search_term_string}\"},\"query-input\":{\"@type\":\"PropertyValueSpecification\",\"valueRequired\":true,\"valueName\":\"search_term_string\"}}],\"inLanguage\":\"cs\"}]}<\/script>\n<!-- \/ Yoast SEO plugin. -->","yoast_head_json":{"title":"Prodejce \u017ealuzi\u00ed Climastyl Pardubice | Lama Bamboo","description":"Kvalitn\u00ed a unik\u00e1tn\u00ed bambusov\u00e9 \u017ealuzie najdete u spole\u010dnosti Climastyl v Pardubic\u00edch. Vyberte si sv\u00e9 nov\u00e9 st\u00edn\u011bn\u00ed.","robots":{"index":"index","follow":"follow","max-snippet":"max-snippet:-1","max-image-preview":"max-image-preview:large","max-video-preview":"max-video-preview:-1"},"canonical":"https:\/\/lama-bs.sk\/cs\/prodejci\/zaluzie-pardubice\/climastyl\/","og_locale":"cs_CZ","og_type":"article","og_title":"Prodejce \u017ealuzi\u00ed Climastyl Pardubice | Lama Bamboo","og_description":"Kvalitn\u00ed a unik\u00e1tn\u00ed bambusov\u00e9 \u017ealuzie najdete u spole\u010dnosti Climastyl v Pardubic\u00edch. Vyberte si sv\u00e9 nov\u00e9 st\u00edn\u011bn\u00ed.","og_url":"https:\/\/lama-bs.sk\/cs\/prodejci\/zaluzie-pardubice\/climastyl\/","og_site_name":"LAMA Bamboo systems s.r.o.","twitter_card":"summary_large_image","twitter_misc":{"Odhadovan\u00e1 doba \u010dten\u00ed":"1 minuta"},"schema":{"@context":"https:\/\/schema.org","@graph":[{"@type":"WebPage","@id":"https:\/\/lama-bs.sk\/cs\/prodejci\/zaluzie-pardubice\/climastyl\/","url":"https:\/\/lama-bs.sk\/cs\/prodejci\/zaluzie-pardubice\/climastyl\/","name":"Prodejce \u017ealuzi\u00ed Climastyl Pardubice | Lama Bamboo","isPartOf":{"@id":"https:\/\/lama-bs.sk\/#website"},"datePublished":"2024-10-29T13:33:36+00:00","description":"Kvalitn\u00ed a unik\u00e1tn\u00ed bambusov\u00e9 \u017ealuzie najdete u spole\u010dnosti Climastyl v Pardubic\u00edch. Vyberte si sv\u00e9 nov\u00e9 st\u00edn\u011bn\u00ed.","breadcrumb":{"@id":"https:\/\/lama-bs.sk\/cs\/prodejci\/zaluzie-pardubice\/climastyl\/#breadcrumb"},"inLanguage":"cs","potentialAction":[{"@type":"ReadAction","target":["https:\/\/lama-bs.sk\/cs\/prodejci\/zaluzie-pardubice\/climastyl\/"]}]},{"@type":"BreadcrumbList","@id":"https:\/\/lama-bs.sk\/cs\/prodejci\/zaluzie-pardubice\/climastyl\/#breadcrumb","itemListElement":[{"@type":"ListItem","position":1,"name":"Prodejci","item":"https:\/\/lama-bs.sk\/cs\/prodejci\/"},{"@type":"ListItem","position":2,"name":"\u017daluzie Pardubice","item":"https:\/\/lama-bs.sk\/cs\/prodejci\/zaluzie-pardubice\/"},{"@type":"ListItem","position":3,"name":"CLIMASTYL \u017ealuzie Pardubice"}]},{"@type":"WebSite","@id":"https:\/\/lama-bs.sk\/#website","url":"https:\/\/lama-bs.sk\/","name":"LAMA Bamboo systems s.r.o.","description":"","potentialAction":[{"@type":"SearchAction","target":{"@type":"EntryPoint","urlTemplate":"https:\/\/lama-bs.sk\/?s={search_term_string}"},"query-input":{"@type":"PropertyValueSpecification","valueRequired":true,"valueName":"search_term_string"}}],"inLanguage":"cs"}]}},"_links":{"self":[{"href":"https:\/\/lama-bs.sk\/cs\/wp-json\/wp\/v2\/pages\/3916","targetHints":{"allow":["GET"]}}],"collection":[{"href":"https:\/\/lama-bs.sk\/cs\/wp-json\/wp\/v2\/pages"}],"about":[{"href":"https:\/\/lama-bs.sk\/cs\/wp-json\/wp\/v2\/types\/page"}],"author":[{"embeddable":true,"href":"https:\/\/lama-bs.sk\/cs\/wp-json\/wp\/v2\/users\/1"}],"replies":[{"embeddable":true,"href":"https:\/\/lama-bs.sk\/cs\/wp-json\/wp\/v2\/comments?post=3916"}],"version-history":[{"count":1,"href":"https:\/\/lama-bs.sk\/cs\/wp-json\/wp\/v2\/pages\/3916\/revisions"}],"predecessor-version":[{"id":4078,"href":"https:\/\/lama-bs.sk\/cs\/wp-json\/wp\/v2\/pages\/3916\/revisions\/4078"}],"up":[{"embeddable":true,"href":"https:\/\/lama-bs.sk\/cs\/wp-json\/wp\/v2\/pages\/3476"}],"wp:attachment":[{"href":"https:\/\/lama-bs.sk\/cs\/wp-json\/wp\/v2\/media?parent=3916"}],"curies":[{"name":"wp","href":"https:\/\/api.w.org\/{rel}","templated":true}]}}