{"id":3911,"date":"2024-10-29T13:46:04","date_gmt":"2024-10-29T12:46:04","guid":{"rendered":"https:\/\/lama-bs.sk\/?page_id=3911"},"modified":"2024-10-29T13:46:04","modified_gmt":"2024-10-29T12:46:04","slug":"climastyl","status":"publish","type":"page","link":"https:\/\/lama-bs.sk\/cs\/prodejci\/zaluzie-hradec-kralove\/climastyl\/","title":{"rendered":"CLIMASTYL \u017ealuzie Hradec Kr\u00e1lov\u00e9"},"content":{"rendered":"<p><strong>Climastyl<\/strong> je firma zam\u011b\u0159en\u00e1 na&nbsp;dod\u00e1vky a&nbsp;mont\u00e1\u017ee st\u00edn\u00edc\u00ed techniky, p\u016fsob\u00edc\u00ed v&nbsp;<a href=\"https:\/\/lama-bs.sk\/wp-admin\/post.php?post=3471&amp;action=edit&amp;lang=cs\">Hradci Kr\u00e1lov\u00e9<\/a> a&nbsp;okol\u00ed. Specializuje se na&nbsp;interi\u00e9rov\u00e9 i&nbsp;exteri\u00e9rov\u00e9 st\u00edn\u00edc\u00ed syst\u00e9my, jako jsou \u017ealuzie, rolety, mark\u00fdzy a&nbsp;pergoly. Firma se py\u0161n\u00ed v\u00edce ne\u017e 20letou zku\u0161enost\u00ed v&nbsp;oboru, co\u017e j\u00ed umo\u017e\u0148uje poskytovat kvalitn\u00ed slu\u017eby a&nbsp;individu\u00e1ln\u00ed p\u0159\u00edstup k&nbsp;z\u00e1kazn\u00edk\u016fm. Pokud hled\u00e1te efektivn\u00ed a&nbsp;estetick\u00e9 \u0159e\u0161en\u00ed pro st\u00edn\u011bn\u00ed va\u0161ich prostor, Climastyl je ide\u00e1ln\u00ed volbou d\u00edky sv\u00e9mu zam\u011b\u0159en\u00ed na&nbsp;kvalitu a&nbsp;modern\u00ed design.<br \/>\n<strong>Climastyl<\/strong> nyn\u00ed tak\u00e9 nab\u00edz\u00ed na\u0161e <a href=\"https:\/\/lama-bs.sk\/cs\/ponuka-vnutornych-zaluzii\/\">modern\u00ed, nad\u010dasov\u00e9\u00a0 a&nbsp;kvalitn\u00ed bambusov\u00e9 \u017ealuzie<\/a>, kter\u00e9 si z\u00e1kazn\u00edci mohou zakoupit pro sv\u016fj interi\u00e9r. Tyto unik\u00e1tn\u00ed \u017ealuzie jsou elegantn\u00ed a&nbsp;odoln\u00e9, ide\u00e1ln\u00ed pro harmonick\u00fd domov.<\/p>\n<p>&nbsp;<\/p>\n<ul>\n<li style=\"font-weight: 400;\" aria-level=\"1\"><b>E-mail<\/b><span style=\"font-weight: 400;\">: <a href=\"mailto:m.gofroj@climastyl.cz\" target=\"_blank\" rel=\"noopener\">m.gofroj@climastyl.cz<\/a><\/span><\/li>\n<li style=\"font-weight: 400;\" aria-level=\"1\"><b>Adresa<\/b><span style=\"font-weight: 400;\">: Ho\u0159ick\u00e1 283, Hradec Kr\u00e1lov\u00e9<\/span><\/li>\n<li style=\"font-weight: 400;\" aria-level=\"1\"><b>Str\u00e1nka<\/b><span style=\"font-weight: 400;\">: <a href=\"https:\/\/www.climastyl.cz\/\" target=\"_blank\" rel=\"noopener\">https:\/\/www.climastyl.cz\/<\/a><\/span><\/li>\n<\/ul>\n","protected":false},"excerpt":{"rendered":"<p>Climastyl je firma zam\u011b\u0159en\u00e1 na&nbsp;dod\u00e1vky a&nbsp;mont\u00e1\u017ee st\u00edn\u00edc\u00ed techniky, p\u016fsob\u00edc\u00ed v&nbsp;Hradci Kr\u00e1lov\u00e9 a&nbsp;okol\u00ed. Specializuje se na&nbsp;interi\u00e9rov\u00e9 i&nbsp;exteri\u00e9rov\u00e9 st\u00edn\u00edc\u00ed syst\u00e9my, jako jsou \u017ealuzie, rolety, mark\u00fdzy a&nbsp;pergoly. Firma se py\u0161n\u00ed v\u00edce ne\u017e 20letou zku\u0161enost\u00ed v&nbsp;oboru, co\u017e j\u00ed umo\u017e\u0148uje poskytovat kvalitn\u00ed slu\u017eby a&nbsp;individu\u00e1ln\u00ed p\u0159\u00edstup k&nbsp;z\u00e1kazn\u00edk\u016fm. Pokud hled\u00e1te efektivn\u00ed a&nbsp;estetick\u00e9 \u0159e\u0161en\u00ed pro st\u00edn\u011bn\u00ed va\u0161ich prostor, Climastyl je ide\u00e1ln\u00ed volbou d\u00edky [&hellip;]<\/p>\n","protected":false},"author":1,"featured_media":0,"parent":3471,"menu_order":0,"comment_status":"closed","ping_status":"closed","template":"template-partners.php","meta":{"footnotes":""},"class_list":["post-3911","page","type-page","status-publish","hentry"],"yoast_head":"<!-- This site is optimized with the Yoast SEO plugin v26.4 - https:\/\/yoast.com\/wordpress\/plugins\/seo\/ -->\n<title>Prodejce \u017ealuzi\u00ed Climastyl Hradec Kr\u00e1lov\u00e9 | Lama Bamboo<\/title>\n<meta name=\"description\" content=\"Dop\u0159ejte si nov\u00e9 bambusov\u00e9 \u017ealuzie, kter\u00e9 najdete u na\u0161eho dlouholet\u00e9ho partnera, spole\u010dnosti Climastyl v Hradci Kr\u00e1lov\u00e9 a okol\u00ed.\" \/>\n<meta name=\"robots\" content=\"index, follow, max-snippet:-1, max-image-preview:large, max-video-preview:-1\" \/>\n<link rel=\"canonical\" href=\"https:\/\/lama-bs.sk\/cs\/prodejci\/zaluzie-hradec-kralove\/climastyl\/\" \/>\n<meta property=\"og:locale\" content=\"cs_CZ\" \/>\n<meta property=\"og:type\" content=\"article\" \/>\n<meta property=\"og:title\" content=\"Prodejce \u017ealuzi\u00ed Climastyl Hradec Kr\u00e1lov\u00e9 | Lama Bamboo\" \/>\n<meta property=\"og:description\" content=\"Dop\u0159ejte si nov\u00e9 bambusov\u00e9 \u017ealuzie, kter\u00e9 najdete u na\u0161eho dlouholet\u00e9ho partnera, spole\u010dnosti Climastyl v Hradci Kr\u00e1lov\u00e9 a okol\u00ed.\" \/>\n<meta property=\"og:url\" content=\"https:\/\/lama-bs.sk\/cs\/prodejci\/zaluzie-hradec-kralove\/climastyl\/\" \/>\n<meta property=\"og:site_name\" content=\"LAMA Bamboo systems s.r.o.\" \/>\n<meta name=\"twitter:card\" content=\"summary_large_image\" \/>\n<meta name=\"twitter:label1\" content=\"Odhadovan\u00e1 doba \u010dten\u00ed\" \/>\n\t<meta name=\"twitter:data1\" content=\"1 minuta\" \/>\n<script type=\"application\/ld+json\" class=\"yoast-schema-graph\">{\"@context\":\"https:\/\/schema.org\",\"@graph\":[{\"@type\":\"WebPage\",\"@id\":\"https:\/\/lama-bs.sk\/cs\/prodejci\/zaluzie-hradec-kralove\/climastyl\/\",\"url\":\"https:\/\/lama-bs.sk\/cs\/prodejci\/zaluzie-hradec-kralove\/climastyl\/\",\"name\":\"Prodejce \u017ealuzi\u00ed Climastyl Hradec Kr\u00e1lov\u00e9 | Lama Bamboo\",\"isPartOf\":{\"@id\":\"https:\/\/lama-bs.sk\/#website\"},\"datePublished\":\"2024-10-29T12:46:04+00:00\",\"description\":\"Dop\u0159ejte si nov\u00e9 bambusov\u00e9 \u017ealuzie, kter\u00e9 najdete u na\u0161eho dlouholet\u00e9ho partnera, spole\u010dnosti Climastyl v Hradci Kr\u00e1lov\u00e9 a okol\u00ed.\",\"breadcrumb\":{\"@id\":\"https:\/\/lama-bs.sk\/cs\/prodejci\/zaluzie-hradec-kralove\/climastyl\/#breadcrumb\"},\"inLanguage\":\"cs\",\"potentialAction\":[{\"@type\":\"ReadAction\",\"target\":[\"https:\/\/lama-bs.sk\/cs\/prodejci\/zaluzie-hradec-kralove\/climastyl\/\"]}]},{\"@type\":\"BreadcrumbList\",\"@id\":\"https:\/\/lama-bs.sk\/cs\/prodejci\/zaluzie-hradec-kralove\/climastyl\/#breadcrumb\",\"itemListElement\":[{\"@type\":\"ListItem\",\"position\":1,\"name\":\"Prodejci\",\"item\":\"https:\/\/lama-bs.sk\/cs\/prodejci\/\"},{\"@type\":\"ListItem\",\"position\":2,\"name\":\"\u017daluzie Hradec Kr\u00e1lov\u00e9\",\"item\":\"https:\/\/lama-bs.sk\/cs\/prodejci\/zaluzie-hradec-kralove\/\"},{\"@type\":\"ListItem\",\"position\":3,\"name\":\"CLIMASTYL \u017ealuzie Hradec Kr\u00e1lov\u00e9\"}]},{\"@type\":\"WebSite\",\"@id\":\"https:\/\/lama-bs.sk\/#website\",\"url\":\"https:\/\/lama-bs.sk\/\",\"name\":\"LAMA Bamboo systems s.r.o.\",\"description\":\"\",\"potentialAction\":[{\"@type\":\"SearchAction\",\"target\":{\"@type\":\"EntryPoint\",\"urlTemplate\":\"https:\/\/lama-bs.sk\/?s={search_term_string}\"},\"query-input\":{\"@type\":\"PropertyValueSpecification\",\"valueRequired\":true,\"valueName\":\"search_term_string\"}}],\"inLanguage\":\"cs\"}]}<\/script>\n<!-- \/ Yoast SEO plugin. -->","yoast_head_json":{"title":"Prodejce \u017ealuzi\u00ed Climastyl Hradec Kr\u00e1lov\u00e9 | Lama Bamboo","description":"Dop\u0159ejte si nov\u00e9 bambusov\u00e9 \u017ealuzie, kter\u00e9 najdete u na\u0161eho dlouholet\u00e9ho partnera, spole\u010dnosti Climastyl v Hradci Kr\u00e1lov\u00e9 a okol\u00ed.","robots":{"index":"index","follow":"follow","max-snippet":"max-snippet:-1","max-image-preview":"max-image-preview:large","max-video-preview":"max-video-preview:-1"},"canonical":"https:\/\/lama-bs.sk\/cs\/prodejci\/zaluzie-hradec-kralove\/climastyl\/","og_locale":"cs_CZ","og_type":"article","og_title":"Prodejce \u017ealuzi\u00ed Climastyl Hradec Kr\u00e1lov\u00e9 | Lama Bamboo","og_description":"Dop\u0159ejte si nov\u00e9 bambusov\u00e9 \u017ealuzie, kter\u00e9 najdete u na\u0161eho dlouholet\u00e9ho partnera, spole\u010dnosti Climastyl v Hradci Kr\u00e1lov\u00e9 a okol\u00ed.","og_url":"https:\/\/lama-bs.sk\/cs\/prodejci\/zaluzie-hradec-kralove\/climastyl\/","og_site_name":"LAMA Bamboo systems s.r.o.","twitter_card":"summary_large_image","twitter_misc":{"Odhadovan\u00e1 doba \u010dten\u00ed":"1 minuta"},"schema":{"@context":"https:\/\/schema.org","@graph":[{"@type":"WebPage","@id":"https:\/\/lama-bs.sk\/cs\/prodejci\/zaluzie-hradec-kralove\/climastyl\/","url":"https:\/\/lama-bs.sk\/cs\/prodejci\/zaluzie-hradec-kralove\/climastyl\/","name":"Prodejce \u017ealuzi\u00ed Climastyl Hradec Kr\u00e1lov\u00e9 | Lama Bamboo","isPartOf":{"@id":"https:\/\/lama-bs.sk\/#website"},"datePublished":"2024-10-29T12:46:04+00:00","description":"Dop\u0159ejte si nov\u00e9 bambusov\u00e9 \u017ealuzie, kter\u00e9 najdete u na\u0161eho dlouholet\u00e9ho partnera, spole\u010dnosti Climastyl v Hradci Kr\u00e1lov\u00e9 a okol\u00ed.","breadcrumb":{"@id":"https:\/\/lama-bs.sk\/cs\/prodejci\/zaluzie-hradec-kralove\/climastyl\/#breadcrumb"},"inLanguage":"cs","potentialAction":[{"@type":"ReadAction","target":["https:\/\/lama-bs.sk\/cs\/prodejci\/zaluzie-hradec-kralove\/climastyl\/"]}]},{"@type":"BreadcrumbList","@id":"https:\/\/lama-bs.sk\/cs\/prodejci\/zaluzie-hradec-kralove\/climastyl\/#breadcrumb","itemListElement":[{"@type":"ListItem","position":1,"name":"Prodejci","item":"https:\/\/lama-bs.sk\/cs\/prodejci\/"},{"@type":"ListItem","position":2,"name":"\u017daluzie Hradec Kr\u00e1lov\u00e9","item":"https:\/\/lama-bs.sk\/cs\/prodejci\/zaluzie-hradec-kralove\/"},{"@type":"ListItem","position":3,"name":"CLIMASTYL \u017ealuzie Hradec Kr\u00e1lov\u00e9"}]},{"@type":"WebSite","@id":"https:\/\/lama-bs.sk\/#website","url":"https:\/\/lama-bs.sk\/","name":"LAMA Bamboo systems s.r.o.","description":"","potentialAction":[{"@type":"SearchAction","target":{"@type":"EntryPoint","urlTemplate":"https:\/\/lama-bs.sk\/?s={search_term_string}"},"query-input":{"@type":"PropertyValueSpecification","valueRequired":true,"valueName":"search_term_string"}}],"inLanguage":"cs"}]}},"_links":{"self":[{"href":"https:\/\/lama-bs.sk\/cs\/wp-json\/wp\/v2\/pages\/3911","targetHints":{"allow":["GET"]}}],"collection":[{"href":"https:\/\/lama-bs.sk\/cs\/wp-json\/wp\/v2\/pages"}],"about":[{"href":"https:\/\/lama-bs.sk\/cs\/wp-json\/wp\/v2\/types\/page"}],"author":[{"embeddable":true,"href":"https:\/\/lama-bs.sk\/cs\/wp-json\/wp\/v2\/users\/1"}],"replies":[{"embeddable":true,"href":"https:\/\/lama-bs.sk\/cs\/wp-json\/wp\/v2\/comments?post=3911"}],"version-history":[{"count":2,"href":"https:\/\/lama-bs.sk\/cs\/wp-json\/wp\/v2\/pages\/3911\/revisions"}],"predecessor-version":[{"id":4133,"href":"https:\/\/lama-bs.sk\/cs\/wp-json\/wp\/v2\/pages\/3911\/revisions\/4133"}],"up":[{"embeddable":true,"href":"https:\/\/lama-bs.sk\/cs\/wp-json\/wp\/v2\/pages\/3471"}],"wp:attachment":[{"href":"https:\/\/lama-bs.sk\/cs\/wp-json\/wp\/v2\/media?parent=3911"}],"curies":[{"name":"wp","href":"https:\/\/api.w.org\/{rel}","templated":true}]}}