{"id":3839,"date":"2024-10-29T14:42:03","date_gmt":"2024-10-29T13:42:03","guid":{"rendered":"https:\/\/lama-bs.sk\/?page_id=3839"},"modified":"2024-10-29T14:42:03","modified_gmt":"2024-10-29T13:42:03","slug":"universtech","status":"publish","type":"page","link":"https:\/\/lama-bs.sk\/cs\/prodejci\/zaluzie-plzen\/universtech\/","title":{"rendered":"UNIVERSTECH \u017ealuzie Plze\u0148"},"content":{"rendered":"<p>Firma <strong>Universtech<\/strong>, zalo\u017een\u00e1 v&nbsp;roce 1990, s\u00eddl\u00ed v&nbsp;<a href=\"https:\/\/lama-bs.sk\/wp-admin\/post.php?post=3491&amp;action=edit&amp;lang=cs\">Plzni<\/a>\u00a0a je jedn\u00edm z&nbsp;p\u0159edn\u00edch v\u00fdrobc\u016f st\u00edn\u00edc\u00ed techniky a&nbsp;vratov\u00fdch syst\u00e9m\u016f v&nbsp;\u010cesk\u00e9 republice. Spole\u010dnost byla transformov\u00e1na na&nbsp;<strong>Universtech s.r.o.<\/strong> v&nbsp;roce 2004 a&nbsp;dnes zam\u011bstn\u00e1v\u00e1 p\u0159ibli\u017en\u011b 40 odborn\u00edk\u016f, kte\u0159\u00ed se specializuj\u00ed na&nbsp;v\u00fdrobu a&nbsp;mont\u00e1\u017e r\u016fzn\u00fdch typ\u016f st\u00edn\u011bn\u00ed, v\u010detn\u011b horizont\u00e1ln\u00edch a&nbsp;vertik\u00e1ln\u00edch \u017ealuzi\u00ed, rolet a&nbsp;venkovn\u00edch syst\u00e9m\u016f. Universtech si zakl\u00e1d\u00e1 na&nbsp;vysok\u00e9 kvalit\u011b v\u00fdrobk\u016f a&nbsp;flexibiln\u00edm p\u0159\u00edstupu k&nbsp;z\u00e1kazn\u00edk\u016fm, co\u017e j\u00ed umo\u017enilo dos\u00e1hnout v\u00fdznamn\u00e9ho postaven\u00ed na&nbsp;trhu. Firma se tak\u00e9 aktivn\u011b pod\u00edl\u00ed na&nbsp;r\u016fzn\u00fdch charitativn\u00edch projektech, co\u017e sv\u011bd\u010d\u00ed o&nbsp;jej\u00ed spole\u010densk\u00e9 odpov\u011bdnosti. Jej\u00ed produkty zahrnuj\u00ed \u0161irokou nab\u00eddku \u017ealuzi\u00ed, v\u010detn\u011b bambusov\u00fdch a&nbsp;d\u0159ev\u011bn\u00fdch, kter\u00e9 jsou nejen funk\u010dn\u00ed, ale i&nbsp;esteticky p\u0159ita\u017eliv\u00e9.<\/p>\n<p>Firma <strong>Universtech s.r.o. <\/strong>nab\u00edz\u00ed na\u0161e <a href=\"https:\/\/lama-bs.sk\/cs\/ponuka-vnutornych-zaluzii\/\">kvalitn\u00ed bambusov\u00e9 \u017ealuzie<\/a>, kter\u00e9 si z\u00e1kazn\u00edci mohou zakoupit do&nbsp;sv\u00e9ho interi\u00e9ru.<\/p>\n<p>&nbsp;<\/p>\n<ul>\n<li style=\"font-weight: 400;\" aria-level=\"1\"><b>E-mail<\/b><span style=\"font-weight: 400;\">: <a href=\"mailto:plzen@univers.cz\" target=\"_blank\" rel=\"noopener\">plzen@univers.cz<\/a><\/span><\/li>\n<li style=\"font-weight: 400;\" aria-level=\"1\"><b>Adresa<\/b><span style=\"font-weight: 400;\">: Slovansk\u00e1 546\/72, Plze\u0148<\/span><\/li>\n<li style=\"font-weight: 400;\" aria-level=\"1\"><b>Str\u00e1nka<\/b><span style=\"font-weight: 400;\">: <a href=\"https:\/\/www.universtech.cz\/\" target=\"_blank\" rel=\"noopener\">https:\/\/www.universtech.cz\/<\/a><\/span><\/li>\n<\/ul>\n","protected":false},"excerpt":{"rendered":"<p>Firma Universtech, zalo\u017een\u00e1 v&nbsp;roce 1990, s\u00eddl\u00ed v&nbsp;Plzni\u00a0a je jedn\u00edm z&nbsp;p\u0159edn\u00edch v\u00fdrobc\u016f st\u00edn\u00edc\u00ed techniky a&nbsp;vratov\u00fdch syst\u00e9m\u016f v&nbsp;\u010cesk\u00e9 republice. Spole\u010dnost byla transformov\u00e1na na&nbsp;Universtech s.r.o. v&nbsp;roce 2004 a&nbsp;dnes zam\u011bstn\u00e1v\u00e1 p\u0159ibli\u017en\u011b 40 odborn\u00edk\u016f, kte\u0159\u00ed se specializuj\u00ed na&nbsp;v\u00fdrobu a&nbsp;mont\u00e1\u017e r\u016fzn\u00fdch typ\u016f st\u00edn\u011bn\u00ed, v\u010detn\u011b horizont\u00e1ln\u00edch a&nbsp;vertik\u00e1ln\u00edch \u017ealuzi\u00ed, rolet a&nbsp;venkovn\u00edch syst\u00e9m\u016f. Universtech si zakl\u00e1d\u00e1 na&nbsp;vysok\u00e9 kvalit\u011b v\u00fdrobk\u016f a&nbsp;flexibiln\u00edm p\u0159\u00edstupu k&nbsp;z\u00e1kazn\u00edk\u016fm, co\u017e j\u00ed [&hellip;]<\/p>\n","protected":false},"author":1,"featured_media":0,"parent":3491,"menu_order":0,"comment_status":"closed","ping_status":"closed","template":"template-partners.php","meta":{"footnotes":""},"class_list":["post-3839","page","type-page","status-publish","hentry"],"yoast_head":"<!-- This site is optimized with the Yoast SEO plugin v26.4 - https:\/\/yoast.com\/wordpress\/plugins\/seo\/ -->\n<title>Prodejce \u017ealuzi\u00ed Universtech Plze\u0148 | Lama Bamboo<\/title>\n<meta name=\"description\" content=\"Kvalitn\u00ed a nad\u010dasov\u00e9 bambusov\u00e9 \u017ealuzie najdete u spole\u010dnosti Universtech s.r.o. v Plzni. Vyberte si sv\u00e9 nov\u00e9 st\u00edn\u011bn\u00ed.\" \/>\n<meta name=\"robots\" content=\"index, follow, max-snippet:-1, max-image-preview:large, max-video-preview:-1\" \/>\n<link rel=\"canonical\" href=\"https:\/\/lama-bs.sk\/cs\/prodejci\/zaluzie-plzen\/universtech\/\" \/>\n<meta property=\"og:locale\" content=\"cs_CZ\" \/>\n<meta property=\"og:type\" content=\"article\" \/>\n<meta property=\"og:title\" content=\"Prodejce \u017ealuzi\u00ed Universtech Plze\u0148 | Lama Bamboo\" \/>\n<meta property=\"og:description\" content=\"Kvalitn\u00ed a nad\u010dasov\u00e9 bambusov\u00e9 \u017ealuzie najdete u spole\u010dnosti Universtech s.r.o. v Plzni. Vyberte si sv\u00e9 nov\u00e9 st\u00edn\u011bn\u00ed.\" \/>\n<meta property=\"og:url\" content=\"https:\/\/lama-bs.sk\/cs\/prodejci\/zaluzie-plzen\/universtech\/\" \/>\n<meta property=\"og:site_name\" content=\"LAMA Bamboo systems s.r.o.\" \/>\n<meta name=\"twitter:card\" content=\"summary_large_image\" \/>\n<meta name=\"twitter:label1\" content=\"Odhadovan\u00e1 doba \u010dten\u00ed\" \/>\n\t<meta name=\"twitter:data1\" content=\"1 minuta\" \/>\n<script type=\"application\/ld+json\" class=\"yoast-schema-graph\">{\"@context\":\"https:\/\/schema.org\",\"@graph\":[{\"@type\":\"WebPage\",\"@id\":\"https:\/\/lama-bs.sk\/cs\/prodejci\/zaluzie-plzen\/universtech\/\",\"url\":\"https:\/\/lama-bs.sk\/cs\/prodejci\/zaluzie-plzen\/universtech\/\",\"name\":\"Prodejce \u017ealuzi\u00ed Universtech Plze\u0148 | Lama Bamboo\",\"isPartOf\":{\"@id\":\"https:\/\/lama-bs.sk\/#website\"},\"datePublished\":\"2024-10-29T13:42:03+00:00\",\"description\":\"Kvalitn\u00ed a nad\u010dasov\u00e9 bambusov\u00e9 \u017ealuzie najdete u spole\u010dnosti Universtech s.r.o. v Plzni. Vyberte si sv\u00e9 nov\u00e9 st\u00edn\u011bn\u00ed.\",\"breadcrumb\":{\"@id\":\"https:\/\/lama-bs.sk\/cs\/prodejci\/zaluzie-plzen\/universtech\/#breadcrumb\"},\"inLanguage\":\"cs\",\"potentialAction\":[{\"@type\":\"ReadAction\",\"target\":[\"https:\/\/lama-bs.sk\/cs\/prodejci\/zaluzie-plzen\/universtech\/\"]}]},{\"@type\":\"BreadcrumbList\",\"@id\":\"https:\/\/lama-bs.sk\/cs\/prodejci\/zaluzie-plzen\/universtech\/#breadcrumb\",\"itemListElement\":[{\"@type\":\"ListItem\",\"position\":1,\"name\":\"Prodejci\",\"item\":\"https:\/\/lama-bs.sk\/cs\/prodejci\/\"},{\"@type\":\"ListItem\",\"position\":2,\"name\":\"\u017daluzie Plze\u0148\",\"item\":\"https:\/\/lama-bs.sk\/cs\/prodejci\/zaluzie-plzen\/\"},{\"@type\":\"ListItem\",\"position\":3,\"name\":\"UNIVERSTECH \u017ealuzie Plze\u0148\"}]},{\"@type\":\"WebSite\",\"@id\":\"https:\/\/lama-bs.sk\/#website\",\"url\":\"https:\/\/lama-bs.sk\/\",\"name\":\"LAMA Bamboo systems s.r.o.\",\"description\":\"\",\"potentialAction\":[{\"@type\":\"SearchAction\",\"target\":{\"@type\":\"EntryPoint\",\"urlTemplate\":\"https:\/\/lama-bs.sk\/?s={search_term_string}\"},\"query-input\":{\"@type\":\"PropertyValueSpecification\",\"valueRequired\":true,\"valueName\":\"search_term_string\"}}],\"inLanguage\":\"cs\"}]}<\/script>\n<!-- \/ Yoast SEO plugin. -->","yoast_head_json":{"title":"Prodejce \u017ealuzi\u00ed Universtech Plze\u0148 | Lama Bamboo","description":"Kvalitn\u00ed a nad\u010dasov\u00e9 bambusov\u00e9 \u017ealuzie najdete u spole\u010dnosti Universtech s.r.o. v Plzni. Vyberte si sv\u00e9 nov\u00e9 st\u00edn\u011bn\u00ed.","robots":{"index":"index","follow":"follow","max-snippet":"max-snippet:-1","max-image-preview":"max-image-preview:large","max-video-preview":"max-video-preview:-1"},"canonical":"https:\/\/lama-bs.sk\/cs\/prodejci\/zaluzie-plzen\/universtech\/","og_locale":"cs_CZ","og_type":"article","og_title":"Prodejce \u017ealuzi\u00ed Universtech Plze\u0148 | Lama Bamboo","og_description":"Kvalitn\u00ed a nad\u010dasov\u00e9 bambusov\u00e9 \u017ealuzie najdete u spole\u010dnosti Universtech s.r.o. v Plzni. Vyberte si sv\u00e9 nov\u00e9 st\u00edn\u011bn\u00ed.","og_url":"https:\/\/lama-bs.sk\/cs\/prodejci\/zaluzie-plzen\/universtech\/","og_site_name":"LAMA Bamboo systems s.r.o.","twitter_card":"summary_large_image","twitter_misc":{"Odhadovan\u00e1 doba \u010dten\u00ed":"1 minuta"},"schema":{"@context":"https:\/\/schema.org","@graph":[{"@type":"WebPage","@id":"https:\/\/lama-bs.sk\/cs\/prodejci\/zaluzie-plzen\/universtech\/","url":"https:\/\/lama-bs.sk\/cs\/prodejci\/zaluzie-plzen\/universtech\/","name":"Prodejce \u017ealuzi\u00ed Universtech Plze\u0148 | Lama Bamboo","isPartOf":{"@id":"https:\/\/lama-bs.sk\/#website"},"datePublished":"2024-10-29T13:42:03+00:00","description":"Kvalitn\u00ed a nad\u010dasov\u00e9 bambusov\u00e9 \u017ealuzie najdete u spole\u010dnosti Universtech s.r.o. v Plzni. Vyberte si sv\u00e9 nov\u00e9 st\u00edn\u011bn\u00ed.","breadcrumb":{"@id":"https:\/\/lama-bs.sk\/cs\/prodejci\/zaluzie-plzen\/universtech\/#breadcrumb"},"inLanguage":"cs","potentialAction":[{"@type":"ReadAction","target":["https:\/\/lama-bs.sk\/cs\/prodejci\/zaluzie-plzen\/universtech\/"]}]},{"@type":"BreadcrumbList","@id":"https:\/\/lama-bs.sk\/cs\/prodejci\/zaluzie-plzen\/universtech\/#breadcrumb","itemListElement":[{"@type":"ListItem","position":1,"name":"Prodejci","item":"https:\/\/lama-bs.sk\/cs\/prodejci\/"},{"@type":"ListItem","position":2,"name":"\u017daluzie Plze\u0148","item":"https:\/\/lama-bs.sk\/cs\/prodejci\/zaluzie-plzen\/"},{"@type":"ListItem","position":3,"name":"UNIVERSTECH \u017ealuzie Plze\u0148"}]},{"@type":"WebSite","@id":"https:\/\/lama-bs.sk\/#website","url":"https:\/\/lama-bs.sk\/","name":"LAMA Bamboo systems s.r.o.","description":"","potentialAction":[{"@type":"SearchAction","target":{"@type":"EntryPoint","urlTemplate":"https:\/\/lama-bs.sk\/?s={search_term_string}"},"query-input":{"@type":"PropertyValueSpecification","valueRequired":true,"valueName":"search_term_string"}}],"inLanguage":"cs"}]}},"_links":{"self":[{"href":"https:\/\/lama-bs.sk\/cs\/wp-json\/wp\/v2\/pages\/3839","targetHints":{"allow":["GET"]}}],"collection":[{"href":"https:\/\/lama-bs.sk\/cs\/wp-json\/wp\/v2\/pages"}],"about":[{"href":"https:\/\/lama-bs.sk\/cs\/wp-json\/wp\/v2\/types\/page"}],"author":[{"embeddable":true,"href":"https:\/\/lama-bs.sk\/cs\/wp-json\/wp\/v2\/users\/1"}],"replies":[{"embeddable":true,"href":"https:\/\/lama-bs.sk\/cs\/wp-json\/wp\/v2\/comments?post=3839"}],"version-history":[{"count":2,"href":"https:\/\/lama-bs.sk\/cs\/wp-json\/wp\/v2\/pages\/3839\/revisions"}],"predecessor-version":[{"id":4168,"href":"https:\/\/lama-bs.sk\/cs\/wp-json\/wp\/v2\/pages\/3839\/revisions\/4168"}],"up":[{"embeddable":true,"href":"https:\/\/lama-bs.sk\/cs\/wp-json\/wp\/v2\/pages\/3491"}],"wp:attachment":[{"href":"https:\/\/lama-bs.sk\/cs\/wp-json\/wp\/v2\/media?parent=3839"}],"curies":[{"name":"wp","href":"https:\/\/api.w.org\/{rel}","templated":true}]}}