{"id":3834,"date":"2024-10-29T14:44:09","date_gmt":"2024-10-29T13:44:09","guid":{"rendered":"https:\/\/lama-bs.sk\/?page_id=3834"},"modified":"2024-10-29T14:44:09","modified_gmt":"2024-10-29T13:44:09","slug":"hopa-plzen","status":"publish","type":"page","link":"https:\/\/lama-bs.sk\/cs\/prodejci\/zaluzie-plzen\/hopa-plzen\/","title":{"rendered":"HOPA PLZE\u0147 \u017ealuzie Plze\u0148"},"content":{"rendered":"<p>Firma <strong>HOPA PLZE\u0147 s.r.o.<\/strong> je v\u00fdznamn\u00fdm hr\u00e1\u010dem v&nbsp;oblasti st\u00edn\u00edc\u00ed techniky a&nbsp;vratov\u00fdch syst\u00e9m\u016f, s\u00eddl\u00edc\u00ed v&nbsp;<a href=\"https:\/\/lama-bs.sk\/wp-admin\/post.php?post=3491&amp;action=edit&amp;lang=cs\">Plzni<\/a>. Spole\u010dnost se specializuje na&nbsp;\u0161irok\u00fd sortiment produkt\u016f, v\u010detn\u011b \u017ealuzi\u00ed, rolet, mark\u00fdz a&nbsp;dal\u0161\u00edch st\u00edn\u00edc\u00edch syst\u00e9m\u016f, kter\u00e9 navrhuj\u00ed a&nbsp;dod\u00e1vaj\u00ed jak pro soukrom\u00e9, tak&nbsp;pro komer\u010dn\u00ed z\u00e1kazn\u00edky. HOPA PLZE\u0147 se tak\u00e9 zab\u00fdv\u00e1 velkoobchodn\u00edm prodejem, co\u017e znamen\u00e1, \u017ee&nbsp;dod\u00e1v\u00e1 sv\u00e9 produkty dal\u0161\u00edm firm\u00e1m po&nbsp;cel\u00e9 \u010cesk\u00e9 republice. Mezi jejich v\u00fdznamn\u00e9 partnery pat\u0159\u00ed renomovan\u00e9 zna\u010dky jako Isotra, Velux \u010di&nbsp;Stobag, co\u017e potvrzuje jejich vysokou kvalitu a&nbsp;d\u016fv\u011bryhodnost v&nbsp;oboru. Firma si zakl\u00e1d\u00e1 na&nbsp;kvalit\u011b sv\u00fdch produkt\u016f a&nbsp;slu\u017eeb, a&nbsp;to&nbsp;nejen p\u0159i v\u00fdrob\u011b, ale tak\u00e9 v&nbsp;oblasti z\u00e1kaznick\u00e9ho servisu. Krom\u011b standardn\u00edho sortimentu nab\u00edz\u00ed i&nbsp;mo\u017enost individu\u00e1ln\u00edch \u0159e\u0161en\u00ed p\u0159izp\u016fsoben\u00fdch pot\u0159eb\u00e1m z\u00e1kazn\u00edk\u016f.<\/p>\n<p>D\u00e1le <strong>HOPA PLZE\u0147<\/strong> poskytuje tak\u00e9 instalace a&nbsp;poradenstv\u00ed, co\u017e zaji\u0161\u0165uje komplexn\u00ed slu\u017eby pro sv\u00e9 klienty. Tato firma nab\u00edz\u00ed na\u0161e\u00a0<a href=\"https:\/\/lama-bs.sk\/cs\/ponuka-vnutornych-zaluzii\/\">kvalitn\u00ed bambusov\u00e9 \u017ealuzie<\/a>, kter\u00e9 si z\u00e1kazn\u00edci mohou zakoupit do&nbsp;sv\u00e9ho interi\u00e9ru.<\/p>\n<p>&nbsp;<\/p>\n<ul>\n<li style=\"font-weight: 400;\" aria-level=\"1\"><b>E-mail<\/b><span style=\"font-weight: 400;\">: <a href=\"mailto:firma@ho-pa.cz\" target=\"_blank\" rel=\"noopener\">firma@ho-pa.cz<\/a><\/span><\/li>\n<li style=\"font-weight: 400;\" aria-level=\"1\"><b>Adresa<\/b><span style=\"font-weight: 400;\">: P\u00edseck\u00e1 19, Plze\u0148<\/span><\/li>\n<li style=\"font-weight: 400;\" aria-level=\"1\"><b>Str\u00e1nka<\/b><span style=\"font-weight: 400;\">: <a href=\"https:\/\/www.ho-pa.cz\/\" target=\"_blank\" rel=\"noopener\">https:\/\/www.ho-pa.cz\/<\/a><\/span><\/li>\n<\/ul>\n","protected":false},"excerpt":{"rendered":"<p>Firma HOPA PLZE\u0147 s.r.o. je v\u00fdznamn\u00fdm hr\u00e1\u010dem v&nbsp;oblasti st\u00edn\u00edc\u00ed techniky a&nbsp;vratov\u00fdch syst\u00e9m\u016f, s\u00eddl\u00edc\u00ed v&nbsp;Plzni. Spole\u010dnost se specializuje na&nbsp;\u0161irok\u00fd sortiment produkt\u016f, v\u010detn\u011b \u017ealuzi\u00ed, rolet, mark\u00fdz a&nbsp;dal\u0161\u00edch st\u00edn\u00edc\u00edch syst\u00e9m\u016f, kter\u00e9 navrhuj\u00ed a&nbsp;dod\u00e1vaj\u00ed jak pro soukrom\u00e9, tak&nbsp;pro komer\u010dn\u00ed z\u00e1kazn\u00edky. HOPA PLZE\u0147 se tak\u00e9 zab\u00fdv\u00e1 velkoobchodn\u00edm prodejem, co\u017e znamen\u00e1, \u017ee&nbsp;dod\u00e1v\u00e1 sv\u00e9 produkty dal\u0161\u00edm firm\u00e1m po&nbsp;cel\u00e9 \u010cesk\u00e9 republice. Mezi jejich [&hellip;]<\/p>\n","protected":false},"author":1,"featured_media":0,"parent":3491,"menu_order":0,"comment_status":"closed","ping_status":"closed","template":"template-partners.php","meta":{"footnotes":""},"class_list":["post-3834","page","type-page","status-publish","hentry"],"yoast_head":"<!-- This site is optimized with the Yoast SEO plugin v26.4 - https:\/\/yoast.com\/wordpress\/plugins\/seo\/ -->\n<title>Prodejce \u017ealuzi\u00ed Hopa Plze\u0148 | Lama Bamboo<\/title>\n<meta name=\"description\" content=\"Kvalitn\u00ed a nad\u010dasov\u00e9 bambusov\u00e9 \u017ealuzie najdete u spole\u010dnosti HOPA PLZE\u0147 s.r.o. v Plzni. Vyberte si sv\u00e9 nov\u00e9 st\u00edn\u011bn\u00ed.\" \/>\n<meta name=\"robots\" content=\"index, follow, max-snippet:-1, max-image-preview:large, max-video-preview:-1\" \/>\n<link rel=\"canonical\" href=\"https:\/\/lama-bs.sk\/cs\/prodejci\/zaluzie-plzen\/hopa-plzen\/\" \/>\n<meta property=\"og:locale\" content=\"cs_CZ\" \/>\n<meta property=\"og:type\" content=\"article\" \/>\n<meta property=\"og:title\" content=\"Prodejce \u017ealuzi\u00ed Hopa Plze\u0148 | Lama Bamboo\" \/>\n<meta property=\"og:description\" content=\"Kvalitn\u00ed a nad\u010dasov\u00e9 bambusov\u00e9 \u017ealuzie najdete u spole\u010dnosti HOPA PLZE\u0147 s.r.o. v Plzni. Vyberte si sv\u00e9 nov\u00e9 st\u00edn\u011bn\u00ed.\" \/>\n<meta property=\"og:url\" content=\"https:\/\/lama-bs.sk\/cs\/prodejci\/zaluzie-plzen\/hopa-plzen\/\" \/>\n<meta property=\"og:site_name\" content=\"LAMA Bamboo systems s.r.o.\" \/>\n<meta name=\"twitter:card\" content=\"summary_large_image\" \/>\n<meta name=\"twitter:label1\" content=\"Odhadovan\u00e1 doba \u010dten\u00ed\" \/>\n\t<meta name=\"twitter:data1\" content=\"1 minuta\" \/>\n<script type=\"application\/ld+json\" class=\"yoast-schema-graph\">{\"@context\":\"https:\/\/schema.org\",\"@graph\":[{\"@type\":\"WebPage\",\"@id\":\"https:\/\/lama-bs.sk\/cs\/prodejci\/zaluzie-plzen\/hopa-plzen\/\",\"url\":\"https:\/\/lama-bs.sk\/cs\/prodejci\/zaluzie-plzen\/hopa-plzen\/\",\"name\":\"Prodejce \u017ealuzi\u00ed Hopa Plze\u0148 | Lama Bamboo\",\"isPartOf\":{\"@id\":\"https:\/\/lama-bs.sk\/#website\"},\"datePublished\":\"2024-10-29T13:44:09+00:00\",\"description\":\"Kvalitn\u00ed a nad\u010dasov\u00e9 bambusov\u00e9 \u017ealuzie najdete u spole\u010dnosti HOPA PLZE\u0147 s.r.o. v Plzni. Vyberte si sv\u00e9 nov\u00e9 st\u00edn\u011bn\u00ed.\",\"breadcrumb\":{\"@id\":\"https:\/\/lama-bs.sk\/cs\/prodejci\/zaluzie-plzen\/hopa-plzen\/#breadcrumb\"},\"inLanguage\":\"cs\",\"potentialAction\":[{\"@type\":\"ReadAction\",\"target\":[\"https:\/\/lama-bs.sk\/cs\/prodejci\/zaluzie-plzen\/hopa-plzen\/\"]}]},{\"@type\":\"BreadcrumbList\",\"@id\":\"https:\/\/lama-bs.sk\/cs\/prodejci\/zaluzie-plzen\/hopa-plzen\/#breadcrumb\",\"itemListElement\":[{\"@type\":\"ListItem\",\"position\":1,\"name\":\"Prodejci\",\"item\":\"https:\/\/lama-bs.sk\/cs\/prodejci\/\"},{\"@type\":\"ListItem\",\"position\":2,\"name\":\"\u017daluzie Plze\u0148\",\"item\":\"https:\/\/lama-bs.sk\/cs\/prodejci\/zaluzie-plzen\/\"},{\"@type\":\"ListItem\",\"position\":3,\"name\":\"HOPA PLZE\u0147 \u017ealuzie Plze\u0148\"}]},{\"@type\":\"WebSite\",\"@id\":\"https:\/\/lama-bs.sk\/#website\",\"url\":\"https:\/\/lama-bs.sk\/\",\"name\":\"LAMA Bamboo systems s.r.o.\",\"description\":\"\",\"potentialAction\":[{\"@type\":\"SearchAction\",\"target\":{\"@type\":\"EntryPoint\",\"urlTemplate\":\"https:\/\/lama-bs.sk\/?s={search_term_string}\"},\"query-input\":{\"@type\":\"PropertyValueSpecification\",\"valueRequired\":true,\"valueName\":\"search_term_string\"}}],\"inLanguage\":\"cs\"}]}<\/script>\n<!-- \/ Yoast SEO plugin. -->","yoast_head_json":{"title":"Prodejce \u017ealuzi\u00ed Hopa Plze\u0148 | Lama Bamboo","description":"Kvalitn\u00ed a nad\u010dasov\u00e9 bambusov\u00e9 \u017ealuzie najdete u spole\u010dnosti HOPA PLZE\u0147 s.r.o. v Plzni. Vyberte si sv\u00e9 nov\u00e9 st\u00edn\u011bn\u00ed.","robots":{"index":"index","follow":"follow","max-snippet":"max-snippet:-1","max-image-preview":"max-image-preview:large","max-video-preview":"max-video-preview:-1"},"canonical":"https:\/\/lama-bs.sk\/cs\/prodejci\/zaluzie-plzen\/hopa-plzen\/","og_locale":"cs_CZ","og_type":"article","og_title":"Prodejce \u017ealuzi\u00ed Hopa Plze\u0148 | Lama Bamboo","og_description":"Kvalitn\u00ed a nad\u010dasov\u00e9 bambusov\u00e9 \u017ealuzie najdete u spole\u010dnosti HOPA PLZE\u0147 s.r.o. v Plzni. Vyberte si sv\u00e9 nov\u00e9 st\u00edn\u011bn\u00ed.","og_url":"https:\/\/lama-bs.sk\/cs\/prodejci\/zaluzie-plzen\/hopa-plzen\/","og_site_name":"LAMA Bamboo systems s.r.o.","twitter_card":"summary_large_image","twitter_misc":{"Odhadovan\u00e1 doba \u010dten\u00ed":"1 minuta"},"schema":{"@context":"https:\/\/schema.org","@graph":[{"@type":"WebPage","@id":"https:\/\/lama-bs.sk\/cs\/prodejci\/zaluzie-plzen\/hopa-plzen\/","url":"https:\/\/lama-bs.sk\/cs\/prodejci\/zaluzie-plzen\/hopa-plzen\/","name":"Prodejce \u017ealuzi\u00ed Hopa Plze\u0148 | Lama Bamboo","isPartOf":{"@id":"https:\/\/lama-bs.sk\/#website"},"datePublished":"2024-10-29T13:44:09+00:00","description":"Kvalitn\u00ed a nad\u010dasov\u00e9 bambusov\u00e9 \u017ealuzie najdete u spole\u010dnosti HOPA PLZE\u0147 s.r.o. v Plzni. Vyberte si sv\u00e9 nov\u00e9 st\u00edn\u011bn\u00ed.","breadcrumb":{"@id":"https:\/\/lama-bs.sk\/cs\/prodejci\/zaluzie-plzen\/hopa-plzen\/#breadcrumb"},"inLanguage":"cs","potentialAction":[{"@type":"ReadAction","target":["https:\/\/lama-bs.sk\/cs\/prodejci\/zaluzie-plzen\/hopa-plzen\/"]}]},{"@type":"BreadcrumbList","@id":"https:\/\/lama-bs.sk\/cs\/prodejci\/zaluzie-plzen\/hopa-plzen\/#breadcrumb","itemListElement":[{"@type":"ListItem","position":1,"name":"Prodejci","item":"https:\/\/lama-bs.sk\/cs\/prodejci\/"},{"@type":"ListItem","position":2,"name":"\u017daluzie Plze\u0148","item":"https:\/\/lama-bs.sk\/cs\/prodejci\/zaluzie-plzen\/"},{"@type":"ListItem","position":3,"name":"HOPA PLZE\u0147 \u017ealuzie Plze\u0148"}]},{"@type":"WebSite","@id":"https:\/\/lama-bs.sk\/#website","url":"https:\/\/lama-bs.sk\/","name":"LAMA Bamboo systems s.r.o.","description":"","potentialAction":[{"@type":"SearchAction","target":{"@type":"EntryPoint","urlTemplate":"https:\/\/lama-bs.sk\/?s={search_term_string}"},"query-input":{"@type":"PropertyValueSpecification","valueRequired":true,"valueName":"search_term_string"}}],"inLanguage":"cs"}]}},"_links":{"self":[{"href":"https:\/\/lama-bs.sk\/cs\/wp-json\/wp\/v2\/pages\/3834","targetHints":{"allow":["GET"]}}],"collection":[{"href":"https:\/\/lama-bs.sk\/cs\/wp-json\/wp\/v2\/pages"}],"about":[{"href":"https:\/\/lama-bs.sk\/cs\/wp-json\/wp\/v2\/types\/page"}],"author":[{"embeddable":true,"href":"https:\/\/lama-bs.sk\/cs\/wp-json\/wp\/v2\/users\/1"}],"replies":[{"embeddable":true,"href":"https:\/\/lama-bs.sk\/cs\/wp-json\/wp\/v2\/comments?post=3834"}],"version-history":[{"count":2,"href":"https:\/\/lama-bs.sk\/cs\/wp-json\/wp\/v2\/pages\/3834\/revisions"}],"predecessor-version":[{"id":4169,"href":"https:\/\/lama-bs.sk\/cs\/wp-json\/wp\/v2\/pages\/3834\/revisions\/4169"}],"up":[{"embeddable":true,"href":"https:\/\/lama-bs.sk\/cs\/wp-json\/wp\/v2\/pages\/3491"}],"wp:attachment":[{"href":"https:\/\/lama-bs.sk\/cs\/wp-json\/wp\/v2\/media?parent=3834"}],"curies":[{"name":"wp","href":"https:\/\/api.w.org\/{rel}","templated":true}]}}