{"id":3803,"date":"2024-10-29T14:36:05","date_gmt":"2024-10-29T13:36:05","guid":{"rendered":"https:\/\/lama-bs.sk\/?page_id=3803"},"modified":"2024-10-29T14:36:05","modified_gmt":"2024-10-29T13:36:05","slug":"dalur-profi","status":"publish","type":"page","link":"https:\/\/lama-bs.sk\/cs\/prodejci\/zaluzie-pelhrimov\/dalur-profi\/","title":{"rendered":"DALUR PROFI \u017ealuzie Pelh\u0159imov"},"content":{"rendered":"<p>Firma <strong>Dalur profi s.r.o.<\/strong> p\u016fsob\u00ed od&nbsp;roku 1995, s&nbsp;hlavn\u00edm s\u00eddlem v&nbsp;<a href=\"https:\/\/lama-bs.sk\/wp-admin\/post.php?post=3506&amp;action=edit&amp;lang=cs\">Pelh\u0159imov\u011b<\/a>. Specializuje se na&nbsp;prodej a&nbsp;mont\u00e1\u017e \u0161irok\u00e9ho sortimentu stavebn\u00edch materi\u00e1l\u016f, zejm\u00e9na na&nbsp;s\u00e1drokartonov\u00e9 syst\u00e9my. Nab\u00edz\u00ed rovn\u011b\u017e interi\u00e9rov\u00e9 i&nbsp;exteri\u00e9rov\u00e9 dve\u0159e, st\u0159e\u0161n\u00ed okna a&nbsp;komplexn\u00ed st\u00edn\u00edc\u00ed techniku jako \u017ealuzie, rolety a&nbsp;mark\u00fdzy. Tato st\u00edn\u00edc\u00ed \u0159e\u0161en\u00ed, dod\u00e1van\u00e1 od&nbsp;p\u0159edn\u00edch tuzemsk\u00fdch a&nbsp;evropsk\u00fdch v\u00fdrobc\u016f, zahrnuj\u00ed mo\u017enosti motorick\u00e9ho ovl\u00e1d\u00e1n\u00ed a&nbsp;p\u0159izp\u016fsoben\u00ed atypick\u00fdm tvar\u016fm oken, co\u017e zaji\u0161\u0165uje pohodl\u00ed a&nbsp;energetickou \u00fasporu ve va\u0161em domov\u011b. Dalur profi si zakl\u00e1d\u00e1 na&nbsp;kvalit\u011b a&nbsp;univerz\u00e1lnosti, \u010d\u00edm\u017e si zajistila stabiln\u00ed pozici na&nbsp;\u010desk\u00e9m trhu. Firma pravideln\u011b vystavuje sv\u00e9 produkty na&nbsp;veletrz\u00edch, kde z\u00edskala ocen\u011bn\u00ed Grand Prix za&nbsp;inovace ve st\u00edn\u011bn\u00ed. Ve vzorkov\u00e9 prodejn\u011b m\u016f\u017eete nav\u0161t\u00edvit \u0161irok\u00fd sortiment produkt\u016f, v\u010detn\u011b modern\u00edch bambusov\u00fdch \u017ealuzi\u00ed, kter\u00e9 interi\u00e9ru dodaj\u00ed elegantn\u00ed a&nbsp;p\u0159\u00edrodn\u00ed vzhled.<\/p>\n<p><strong>Dalur profi s.r.o. <\/strong>\u00a0tak\u00e9 nab\u00edz\u00ed na\u0161e\u00a0<a href=\"https:\/\/lama-bs.sk\/cs\/ponuka-vnutornych-zaluzii\/\">nad\u010dasov\u00e9 a&nbsp;kvalitn\u00ed bambusov\u00e9 \u017ealuzie<\/a>, kter\u00e9 si z\u00e1kazn\u00edci mohou zakoupit do&nbsp;sv\u00e9ho interi\u00e9ru. Tyto \u017ealuzie jsou elegantn\u00ed, ekologick\u00e9 a&nbsp;ide\u00e1ln\u00ed pro vytvo\u0159en\u00ed p\u0159irozen\u00e9 harmonie v&nbsp;interi\u00e9ru.<\/p>\n<p>&nbsp;<\/p>\n<ul>\n<li style=\"font-weight: 400;\" aria-level=\"1\"><b>E-mail<\/b><span style=\"font-weight: 400;\">: <a href=\"mailto:info@dalur.cz\" target=\"_blank\" rel=\"noopener\">info@dalur.cz<\/a><\/span><\/li>\n<li style=\"font-weight: 400;\" aria-level=\"1\"><b>Adresa<\/b><span style=\"font-weight: 400;\">: N\u00e1dra\u017en\u00ed 286, Pelh\u0159imov<\/span><\/li>\n<li style=\"font-weight: 400;\" aria-level=\"1\"><b>Str\u00e1nka<\/b><span style=\"font-weight: 400;\">: <a href=\"https:\/\/www.dalur.cz\/\" target=\"_blank\" rel=\"noopener\">https:\/\/www.dalur.cz\/<\/a><\/span><\/li>\n<\/ul>\n","protected":false},"excerpt":{"rendered":"<p>Firma Dalur profi s.r.o. p\u016fsob\u00ed od&nbsp;roku 1995, s&nbsp;hlavn\u00edm s\u00eddlem v&nbsp;Pelh\u0159imov\u011b. Specializuje se na&nbsp;prodej a&nbsp;mont\u00e1\u017e \u0161irok\u00e9ho sortimentu stavebn\u00edch materi\u00e1l\u016f, zejm\u00e9na na&nbsp;s\u00e1drokartonov\u00e9 syst\u00e9my. Nab\u00edz\u00ed rovn\u011b\u017e interi\u00e9rov\u00e9 i&nbsp;exteri\u00e9rov\u00e9 dve\u0159e, st\u0159e\u0161n\u00ed okna a&nbsp;komplexn\u00ed st\u00edn\u00edc\u00ed techniku jako \u017ealuzie, rolety a&nbsp;mark\u00fdzy. Tato st\u00edn\u00edc\u00ed \u0159e\u0161en\u00ed, dod\u00e1van\u00e1 od&nbsp;p\u0159edn\u00edch tuzemsk\u00fdch a&nbsp;evropsk\u00fdch v\u00fdrobc\u016f, zahrnuj\u00ed mo\u017enosti motorick\u00e9ho ovl\u00e1d\u00e1n\u00ed a&nbsp;p\u0159izp\u016fsoben\u00ed atypick\u00fdm tvar\u016fm oken, co\u017e zaji\u0161\u0165uje pohodl\u00ed a&nbsp;energetickou [&hellip;]<\/p>\n","protected":false},"author":1,"featured_media":0,"parent":3506,"menu_order":0,"comment_status":"closed","ping_status":"closed","template":"template-partners.php","meta":{"footnotes":""},"class_list":["post-3803","page","type-page","status-publish","hentry"],"yoast_head":"<!-- This site is optimized with the Yoast SEO plugin v26.4 - https:\/\/yoast.com\/wordpress\/plugins\/seo\/ -->\n<title>Prodejce \u017ealuzi\u00ed Dalur profi Pelh\u0159imov | Lama Bamboo<\/title>\n<meta name=\"description\" content=\"Kvalitn\u00ed a unik\u00e1tn\u00ed bambusov\u00e9 \u017ealuzie najdete u spole\u010dnosti Dalur profi s.r.o. v Pelh\u0159imov\u011b. Vyberte si sv\u00e9 nov\u00e9 st\u00edn\u011bn\u00ed.\" \/>\n<meta name=\"robots\" content=\"index, follow, max-snippet:-1, max-image-preview:large, max-video-preview:-1\" \/>\n<link rel=\"canonical\" href=\"https:\/\/lama-bs.sk\/cs\/prodejci\/zaluzie-pelhrimov\/dalur-profi\/\" \/>\n<meta property=\"og:locale\" content=\"cs_CZ\" \/>\n<meta property=\"og:type\" content=\"article\" \/>\n<meta property=\"og:title\" content=\"Prodejce \u017ealuzi\u00ed Dalur profi Pelh\u0159imov | Lama Bamboo\" \/>\n<meta property=\"og:description\" content=\"Kvalitn\u00ed a unik\u00e1tn\u00ed bambusov\u00e9 \u017ealuzie najdete u spole\u010dnosti Dalur profi s.r.o. v Pelh\u0159imov\u011b. Vyberte si sv\u00e9 nov\u00e9 st\u00edn\u011bn\u00ed.\" \/>\n<meta property=\"og:url\" content=\"https:\/\/lama-bs.sk\/cs\/prodejci\/zaluzie-pelhrimov\/dalur-profi\/\" \/>\n<meta property=\"og:site_name\" content=\"LAMA Bamboo systems s.r.o.\" \/>\n<meta name=\"twitter:card\" content=\"summary_large_image\" \/>\n<meta name=\"twitter:label1\" content=\"Odhadovan\u00e1 doba \u010dten\u00ed\" \/>\n\t<meta name=\"twitter:data1\" content=\"1 minuta\" \/>\n<script type=\"application\/ld+json\" class=\"yoast-schema-graph\">{\"@context\":\"https:\/\/schema.org\",\"@graph\":[{\"@type\":\"WebPage\",\"@id\":\"https:\/\/lama-bs.sk\/cs\/prodejci\/zaluzie-pelhrimov\/dalur-profi\/\",\"url\":\"https:\/\/lama-bs.sk\/cs\/prodejci\/zaluzie-pelhrimov\/dalur-profi\/\",\"name\":\"Prodejce \u017ealuzi\u00ed Dalur profi Pelh\u0159imov | Lama Bamboo\",\"isPartOf\":{\"@id\":\"https:\/\/lama-bs.sk\/#website\"},\"datePublished\":\"2024-10-29T13:36:05+00:00\",\"description\":\"Kvalitn\u00ed a unik\u00e1tn\u00ed bambusov\u00e9 \u017ealuzie najdete u spole\u010dnosti Dalur profi s.r.o. v Pelh\u0159imov\u011b. Vyberte si sv\u00e9 nov\u00e9 st\u00edn\u011bn\u00ed.\",\"breadcrumb\":{\"@id\":\"https:\/\/lama-bs.sk\/cs\/prodejci\/zaluzie-pelhrimov\/dalur-profi\/#breadcrumb\"},\"inLanguage\":\"cs\",\"potentialAction\":[{\"@type\":\"ReadAction\",\"target\":[\"https:\/\/lama-bs.sk\/cs\/prodejci\/zaluzie-pelhrimov\/dalur-profi\/\"]}]},{\"@type\":\"BreadcrumbList\",\"@id\":\"https:\/\/lama-bs.sk\/cs\/prodejci\/zaluzie-pelhrimov\/dalur-profi\/#breadcrumb\",\"itemListElement\":[{\"@type\":\"ListItem\",\"position\":1,\"name\":\"Prodejci\",\"item\":\"https:\/\/lama-bs.sk\/cs\/prodejci\/\"},{\"@type\":\"ListItem\",\"position\":2,\"name\":\"\u017daluzie Pelh\u0159imov\",\"item\":\"https:\/\/lama-bs.sk\/cs\/prodejci\/zaluzie-pelhrimov\/\"},{\"@type\":\"ListItem\",\"position\":3,\"name\":\"DALUR PROFI \u017ealuzie Pelh\u0159imov\"}]},{\"@type\":\"WebSite\",\"@id\":\"https:\/\/lama-bs.sk\/#website\",\"url\":\"https:\/\/lama-bs.sk\/\",\"name\":\"LAMA Bamboo systems s.r.o.\",\"description\":\"\",\"potentialAction\":[{\"@type\":\"SearchAction\",\"target\":{\"@type\":\"EntryPoint\",\"urlTemplate\":\"https:\/\/lama-bs.sk\/?s={search_term_string}\"},\"query-input\":{\"@type\":\"PropertyValueSpecification\",\"valueRequired\":true,\"valueName\":\"search_term_string\"}}],\"inLanguage\":\"cs\"}]}<\/script>\n<!-- \/ Yoast SEO plugin. -->","yoast_head_json":{"title":"Prodejce \u017ealuzi\u00ed Dalur profi Pelh\u0159imov | Lama Bamboo","description":"Kvalitn\u00ed a unik\u00e1tn\u00ed bambusov\u00e9 \u017ealuzie najdete u spole\u010dnosti Dalur profi s.r.o. v Pelh\u0159imov\u011b. Vyberte si sv\u00e9 nov\u00e9 st\u00edn\u011bn\u00ed.","robots":{"index":"index","follow":"follow","max-snippet":"max-snippet:-1","max-image-preview":"max-image-preview:large","max-video-preview":"max-video-preview:-1"},"canonical":"https:\/\/lama-bs.sk\/cs\/prodejci\/zaluzie-pelhrimov\/dalur-profi\/","og_locale":"cs_CZ","og_type":"article","og_title":"Prodejce \u017ealuzi\u00ed Dalur profi Pelh\u0159imov | Lama Bamboo","og_description":"Kvalitn\u00ed a unik\u00e1tn\u00ed bambusov\u00e9 \u017ealuzie najdete u spole\u010dnosti Dalur profi s.r.o. v Pelh\u0159imov\u011b. Vyberte si sv\u00e9 nov\u00e9 st\u00edn\u011bn\u00ed.","og_url":"https:\/\/lama-bs.sk\/cs\/prodejci\/zaluzie-pelhrimov\/dalur-profi\/","og_site_name":"LAMA Bamboo systems s.r.o.","twitter_card":"summary_large_image","twitter_misc":{"Odhadovan\u00e1 doba \u010dten\u00ed":"1 minuta"},"schema":{"@context":"https:\/\/schema.org","@graph":[{"@type":"WebPage","@id":"https:\/\/lama-bs.sk\/cs\/prodejci\/zaluzie-pelhrimov\/dalur-profi\/","url":"https:\/\/lama-bs.sk\/cs\/prodejci\/zaluzie-pelhrimov\/dalur-profi\/","name":"Prodejce \u017ealuzi\u00ed Dalur profi Pelh\u0159imov | Lama Bamboo","isPartOf":{"@id":"https:\/\/lama-bs.sk\/#website"},"datePublished":"2024-10-29T13:36:05+00:00","description":"Kvalitn\u00ed a unik\u00e1tn\u00ed bambusov\u00e9 \u017ealuzie najdete u spole\u010dnosti Dalur profi s.r.o. v Pelh\u0159imov\u011b. Vyberte si sv\u00e9 nov\u00e9 st\u00edn\u011bn\u00ed.","breadcrumb":{"@id":"https:\/\/lama-bs.sk\/cs\/prodejci\/zaluzie-pelhrimov\/dalur-profi\/#breadcrumb"},"inLanguage":"cs","potentialAction":[{"@type":"ReadAction","target":["https:\/\/lama-bs.sk\/cs\/prodejci\/zaluzie-pelhrimov\/dalur-profi\/"]}]},{"@type":"BreadcrumbList","@id":"https:\/\/lama-bs.sk\/cs\/prodejci\/zaluzie-pelhrimov\/dalur-profi\/#breadcrumb","itemListElement":[{"@type":"ListItem","position":1,"name":"Prodejci","item":"https:\/\/lama-bs.sk\/cs\/prodejci\/"},{"@type":"ListItem","position":2,"name":"\u017daluzie Pelh\u0159imov","item":"https:\/\/lama-bs.sk\/cs\/prodejci\/zaluzie-pelhrimov\/"},{"@type":"ListItem","position":3,"name":"DALUR PROFI \u017ealuzie Pelh\u0159imov"}]},{"@type":"WebSite","@id":"https:\/\/lama-bs.sk\/#website","url":"https:\/\/lama-bs.sk\/","name":"LAMA Bamboo systems s.r.o.","description":"","potentialAction":[{"@type":"SearchAction","target":{"@type":"EntryPoint","urlTemplate":"https:\/\/lama-bs.sk\/?s={search_term_string}"},"query-input":{"@type":"PropertyValueSpecification","valueRequired":true,"valueName":"search_term_string"}}],"inLanguage":"cs"}]}},"_links":{"self":[{"href":"https:\/\/lama-bs.sk\/cs\/wp-json\/wp\/v2\/pages\/3803","targetHints":{"allow":["GET"]}}],"collection":[{"href":"https:\/\/lama-bs.sk\/cs\/wp-json\/wp\/v2\/pages"}],"about":[{"href":"https:\/\/lama-bs.sk\/cs\/wp-json\/wp\/v2\/types\/page"}],"author":[{"embeddable":true,"href":"https:\/\/lama-bs.sk\/cs\/wp-json\/wp\/v2\/users\/1"}],"replies":[{"embeddable":true,"href":"https:\/\/lama-bs.sk\/cs\/wp-json\/wp\/v2\/comments?post=3803"}],"version-history":[{"count":3,"href":"https:\/\/lama-bs.sk\/cs\/wp-json\/wp\/v2\/pages\/3803\/revisions"}],"predecessor-version":[{"id":4165,"href":"https:\/\/lama-bs.sk\/cs\/wp-json\/wp\/v2\/pages\/3803\/revisions\/4165"}],"up":[{"embeddable":true,"href":"https:\/\/lama-bs.sk\/cs\/wp-json\/wp\/v2\/pages\/3506"}],"wp:attachment":[{"href":"https:\/\/lama-bs.sk\/cs\/wp-json\/wp\/v2\/media?parent=3803"}],"curies":[{"name":"wp","href":"https:\/\/api.w.org\/{rel}","templated":true}]}}