{"id":3787,"date":"2024-10-29T13:48:22","date_gmt":"2024-10-29T12:48:22","guid":{"rendered":"https:\/\/lama-bs.sk\/?page_id=3787"},"modified":"2024-10-29T13:48:22","modified_gmt":"2024-10-29T12:48:22","slug":"zaluzie-mervart","status":"publish","type":"page","link":"https:\/\/lama-bs.sk\/cs\/prodejci\/zaluzie-hradec-kralove\/zaluzie-mervart\/","title":{"rendered":"\u017dALUZIE MERVART Hradec Kr\u00e1lov\u00e9"},"content":{"rendered":"<p>Firma <strong>\u017daluzie Mervart<\/strong>, p\u016fsob\u00edc\u00ed v&nbsp;<a href=\"https:\/\/lama-bs.sk\/wp-admin\/post.php?post=3471&amp;action=edit&amp;lang=cs\">Hradci Kr\u00e1lov\u00e9<\/a> a&nbsp;v&nbsp;jeho okol\u00ed, se ji\u017e dlouh\u00e1 l\u00e9ta v\u011bnuje prodeji a&nbsp;instalaci st\u00edn\u00edc\u00ed techniky. Jejich nab\u00eddka zahrnuje \u0161irokou \u0161k\u00e1lu \u017ealuzi\u00ed, rolet a&nbsp;dal\u0161\u00edch st\u00edn\u00edc\u00edch syst\u00e9m\u016f, kter\u00e9 spl\u0148uj\u00ed n\u00e1roky jak na&nbsp;funk\u010dnost, tak&nbsp;i&nbsp;na&nbsp;estetiku. D\u00edky sv\u00e9 odbornosti a&nbsp;zku\u0161enostem poskytuj\u00ed nejen kvalitn\u00ed produkty, ale tak\u00e9 profesion\u00e1ln\u00ed mont\u00e1\u017e, kter\u00e1 zaru\u010duje dlouhou \u017eivotnost a&nbsp;spokojenost z\u00e1kazn\u00edk\u016f. Jedn\u00edm z&nbsp;hlavn\u00edch c\u00edl\u016f spole\u010dnosti je nab\u00eddnout sv\u00fdm klient\u016fm individu\u00e1ln\u00ed p\u0159\u00edstup, aby&nbsp;mohli naj\u00edt st\u00edn\u00edc\u00ed \u0159e\u0161en\u00ed, kter\u00e9 p\u0159esn\u011b odpov\u00edd\u00e1 jejich pot\u0159eb\u00e1m a&nbsp;stylu interi\u00e9ru. Firma spolupracuje s&nbsp;renomovan\u00fdmi v\u00fdrobci a&nbsp;neust\u00e1le sleduje trendy v&nbsp;oblasti st\u00edn\u011bn\u00ed, aby&nbsp;sv\u00fdm z\u00e1kazn\u00edk\u016fm p\u0159in\u00e1\u0161ela nejnov\u011bj\u0161\u00ed inovace. V&nbsp;jejich portfoliu najdete interi\u00e9rov\u00e9 i&nbsp;exteri\u00e9rov\u00e9 \u017ealuzie, l\u00e1tkov\u00e9 rolety, mark\u00fdzy a&nbsp;dal\u0161\u00ed typy st\u00edn\u011bn\u00ed vhodn\u00e9 pro dom\u00e1cnosti i&nbsp;komer\u010dn\u00ed prostory.<br \/>\nFirma <strong>\u017daluzie Mervart<\/strong> rovn\u011b\u017e nab\u00edz\u00ed na\u0161e <a href=\"https:\/\/lama-bs.sk\/cs\/ponuka-vnutornych-zaluzii\/\">modern\u00ed, nad\u010dasov\u00e9\u00a0 a&nbsp;unik\u00e1tn\u00ed bambusov\u00e9 \u017ealuzie<\/a>, kter\u00e9 si z\u00e1kazn\u00edci mohou zakoupit do&nbsp;sv\u00e9ho interi\u00e9ru. Tyto \u017ealuzie jsou ide\u00e1ln\u00ed pro ty, kte\u0159\u00ed hledaj\u00ed ekologicky \u0161etrn\u00e9 a&nbsp;stylov\u00e9 \u0159e\u0161en\u00ed, je\u017e dod\u00e1 jejich prostor\u016fm p\u0159\u00edrodn\u00ed eleganci.<\/p>\n<p>&nbsp;<\/p>\n<ul>\n<li style=\"font-weight: 400;\" aria-level=\"1\"><b>E-mail<\/b><span style=\"font-weight: 400;\">: <a href=\"mailto:info@zaluzie-mervat.cz\" target=\"_blank\" rel=\"noopener\">info@zaluzie-mervat.cz<\/a><\/span><\/li>\n<li style=\"font-weight: 400;\" aria-level=\"1\"><b>Adresa<\/b><span style=\"font-weight: 400;\">: Vrchoviny 122, Nov\u00e9 M\u011bsto nad&nbsp;Metuj\u00ed<\/span><\/li>\n<li style=\"font-weight: 400;\" aria-level=\"1\"><b>Str\u00e1nka<\/b><span style=\"font-weight: 400;\">: <a href=\"http:\/\/zaluzie-mervart.cz\/\" target=\"_blank\" rel=\"noopener\">https:\/\/zaluzie-mervart.cz\/<\/a><\/span><\/li>\n<\/ul>\n","protected":false},"excerpt":{"rendered":"<p>Firma \u017daluzie Mervart, p\u016fsob\u00edc\u00ed v&nbsp;Hradci Kr\u00e1lov\u00e9 a&nbsp;v&nbsp;jeho okol\u00ed, se ji\u017e dlouh\u00e1 l\u00e9ta v\u011bnuje prodeji a&nbsp;instalaci st\u00edn\u00edc\u00ed techniky. Jejich nab\u00eddka zahrnuje \u0161irokou \u0161k\u00e1lu \u017ealuzi\u00ed, rolet a&nbsp;dal\u0161\u00edch st\u00edn\u00edc\u00edch syst\u00e9m\u016f, kter\u00e9 spl\u0148uj\u00ed n\u00e1roky jak na&nbsp;funk\u010dnost, tak&nbsp;i&nbsp;na&nbsp;estetiku. D\u00edky sv\u00e9 odbornosti a&nbsp;zku\u0161enostem poskytuj\u00ed nejen kvalitn\u00ed produkty, ale tak\u00e9 profesion\u00e1ln\u00ed mont\u00e1\u017e, kter\u00e1 zaru\u010duje dlouhou \u017eivotnost a&nbsp;spokojenost z\u00e1kazn\u00edk\u016f. Jedn\u00edm z&nbsp;hlavn\u00edch c\u00edl\u016f spole\u010dnosti [&hellip;]<\/p>\n","protected":false},"author":1,"featured_media":0,"parent":3471,"menu_order":0,"comment_status":"closed","ping_status":"closed","template":"template-partners.php","meta":{"footnotes":""},"class_list":["post-3787","page","type-page","status-publish","hentry"],"yoast_head":"<!-- This site is optimized with the Yoast SEO plugin v26.4 - https:\/\/yoast.com\/wordpress\/plugins\/seo\/ -->\n<title>Prodejce \u017ealuzi\u00ed Mervart Hradec Kr\u00e1lov\u00e9 | Lama Bamboo<\/title>\n<meta name=\"description\" content=\"Dop\u0159ejte si kvalitn\u00ed bambusov\u00e9 \u017ealuzie, kter\u00e9 najdete u na\u0161eho dlouholet\u00e9ho partnera, spole\u010dnosti \u017daluzie Mervart v Hradci Kr\u00e1lov\u00e9 a okol\u00ed.\" \/>\n<meta name=\"robots\" content=\"index, follow, max-snippet:-1, max-image-preview:large, max-video-preview:-1\" \/>\n<link rel=\"canonical\" href=\"https:\/\/lama-bs.sk\/cs\/prodejci\/zaluzie-hradec-kralove\/zaluzie-mervart\/\" \/>\n<meta property=\"og:locale\" content=\"cs_CZ\" \/>\n<meta property=\"og:type\" content=\"article\" \/>\n<meta property=\"og:title\" content=\"Prodejce \u017ealuzi\u00ed Mervart Hradec Kr\u00e1lov\u00e9 | Lama Bamboo\" \/>\n<meta property=\"og:description\" content=\"Dop\u0159ejte si kvalitn\u00ed bambusov\u00e9 \u017ealuzie, kter\u00e9 najdete u na\u0161eho dlouholet\u00e9ho partnera, spole\u010dnosti \u017daluzie Mervart v Hradci Kr\u00e1lov\u00e9 a okol\u00ed.\" \/>\n<meta property=\"og:url\" content=\"https:\/\/lama-bs.sk\/cs\/prodejci\/zaluzie-hradec-kralove\/zaluzie-mervart\/\" \/>\n<meta property=\"og:site_name\" content=\"LAMA Bamboo systems s.r.o.\" \/>\n<meta name=\"twitter:card\" content=\"summary_large_image\" \/>\n<meta name=\"twitter:label1\" content=\"Odhadovan\u00e1 doba \u010dten\u00ed\" \/>\n\t<meta name=\"twitter:data1\" content=\"1 minuta\" \/>\n<script type=\"application\/ld+json\" class=\"yoast-schema-graph\">{\"@context\":\"https:\/\/schema.org\",\"@graph\":[{\"@type\":\"WebPage\",\"@id\":\"https:\/\/lama-bs.sk\/cs\/prodejci\/zaluzie-hradec-kralove\/zaluzie-mervart\/\",\"url\":\"https:\/\/lama-bs.sk\/cs\/prodejci\/zaluzie-hradec-kralove\/zaluzie-mervart\/\",\"name\":\"Prodejce \u017ealuzi\u00ed Mervart Hradec Kr\u00e1lov\u00e9 | Lama Bamboo\",\"isPartOf\":{\"@id\":\"https:\/\/lama-bs.sk\/#website\"},\"datePublished\":\"2024-10-29T12:48:22+00:00\",\"description\":\"Dop\u0159ejte si kvalitn\u00ed bambusov\u00e9 \u017ealuzie, kter\u00e9 najdete u na\u0161eho dlouholet\u00e9ho partnera, spole\u010dnosti \u017daluzie Mervart v Hradci Kr\u00e1lov\u00e9 a okol\u00ed.\",\"breadcrumb\":{\"@id\":\"https:\/\/lama-bs.sk\/cs\/prodejci\/zaluzie-hradec-kralove\/zaluzie-mervart\/#breadcrumb\"},\"inLanguage\":\"cs\",\"potentialAction\":[{\"@type\":\"ReadAction\",\"target\":[\"https:\/\/lama-bs.sk\/cs\/prodejci\/zaluzie-hradec-kralove\/zaluzie-mervart\/\"]}]},{\"@type\":\"BreadcrumbList\",\"@id\":\"https:\/\/lama-bs.sk\/cs\/prodejci\/zaluzie-hradec-kralove\/zaluzie-mervart\/#breadcrumb\",\"itemListElement\":[{\"@type\":\"ListItem\",\"position\":1,\"name\":\"Prodejci\",\"item\":\"https:\/\/lama-bs.sk\/cs\/prodejci\/\"},{\"@type\":\"ListItem\",\"position\":2,\"name\":\"\u017daluzie Hradec Kr\u00e1lov\u00e9\",\"item\":\"https:\/\/lama-bs.sk\/cs\/prodejci\/zaluzie-hradec-kralove\/\"},{\"@type\":\"ListItem\",\"position\":3,\"name\":\"\u017dALUZIE MERVART Hradec Kr\u00e1lov\u00e9\"}]},{\"@type\":\"WebSite\",\"@id\":\"https:\/\/lama-bs.sk\/#website\",\"url\":\"https:\/\/lama-bs.sk\/\",\"name\":\"LAMA Bamboo systems s.r.o.\",\"description\":\"\",\"potentialAction\":[{\"@type\":\"SearchAction\",\"target\":{\"@type\":\"EntryPoint\",\"urlTemplate\":\"https:\/\/lama-bs.sk\/?s={search_term_string}\"},\"query-input\":{\"@type\":\"PropertyValueSpecification\",\"valueRequired\":true,\"valueName\":\"search_term_string\"}}],\"inLanguage\":\"cs\"}]}<\/script>\n<!-- \/ Yoast SEO plugin. -->","yoast_head_json":{"title":"Prodejce \u017ealuzi\u00ed Mervart Hradec Kr\u00e1lov\u00e9 | Lama Bamboo","description":"Dop\u0159ejte si kvalitn\u00ed bambusov\u00e9 \u017ealuzie, kter\u00e9 najdete u na\u0161eho dlouholet\u00e9ho partnera, spole\u010dnosti \u017daluzie Mervart v Hradci Kr\u00e1lov\u00e9 a okol\u00ed.","robots":{"index":"index","follow":"follow","max-snippet":"max-snippet:-1","max-image-preview":"max-image-preview:large","max-video-preview":"max-video-preview:-1"},"canonical":"https:\/\/lama-bs.sk\/cs\/prodejci\/zaluzie-hradec-kralove\/zaluzie-mervart\/","og_locale":"cs_CZ","og_type":"article","og_title":"Prodejce \u017ealuzi\u00ed Mervart Hradec Kr\u00e1lov\u00e9 | Lama Bamboo","og_description":"Dop\u0159ejte si kvalitn\u00ed bambusov\u00e9 \u017ealuzie, kter\u00e9 najdete u na\u0161eho dlouholet\u00e9ho partnera, spole\u010dnosti \u017daluzie Mervart v Hradci Kr\u00e1lov\u00e9 a okol\u00ed.","og_url":"https:\/\/lama-bs.sk\/cs\/prodejci\/zaluzie-hradec-kralove\/zaluzie-mervart\/","og_site_name":"LAMA Bamboo systems s.r.o.","twitter_card":"summary_large_image","twitter_misc":{"Odhadovan\u00e1 doba \u010dten\u00ed":"1 minuta"},"schema":{"@context":"https:\/\/schema.org","@graph":[{"@type":"WebPage","@id":"https:\/\/lama-bs.sk\/cs\/prodejci\/zaluzie-hradec-kralove\/zaluzie-mervart\/","url":"https:\/\/lama-bs.sk\/cs\/prodejci\/zaluzie-hradec-kralove\/zaluzie-mervart\/","name":"Prodejce \u017ealuzi\u00ed Mervart Hradec Kr\u00e1lov\u00e9 | Lama Bamboo","isPartOf":{"@id":"https:\/\/lama-bs.sk\/#website"},"datePublished":"2024-10-29T12:48:22+00:00","description":"Dop\u0159ejte si kvalitn\u00ed bambusov\u00e9 \u017ealuzie, kter\u00e9 najdete u na\u0161eho dlouholet\u00e9ho partnera, spole\u010dnosti \u017daluzie Mervart v Hradci Kr\u00e1lov\u00e9 a okol\u00ed.","breadcrumb":{"@id":"https:\/\/lama-bs.sk\/cs\/prodejci\/zaluzie-hradec-kralove\/zaluzie-mervart\/#breadcrumb"},"inLanguage":"cs","potentialAction":[{"@type":"ReadAction","target":["https:\/\/lama-bs.sk\/cs\/prodejci\/zaluzie-hradec-kralove\/zaluzie-mervart\/"]}]},{"@type":"BreadcrumbList","@id":"https:\/\/lama-bs.sk\/cs\/prodejci\/zaluzie-hradec-kralove\/zaluzie-mervart\/#breadcrumb","itemListElement":[{"@type":"ListItem","position":1,"name":"Prodejci","item":"https:\/\/lama-bs.sk\/cs\/prodejci\/"},{"@type":"ListItem","position":2,"name":"\u017daluzie Hradec Kr\u00e1lov\u00e9","item":"https:\/\/lama-bs.sk\/cs\/prodejci\/zaluzie-hradec-kralove\/"},{"@type":"ListItem","position":3,"name":"\u017dALUZIE MERVART Hradec Kr\u00e1lov\u00e9"}]},{"@type":"WebSite","@id":"https:\/\/lama-bs.sk\/#website","url":"https:\/\/lama-bs.sk\/","name":"LAMA Bamboo systems s.r.o.","description":"","potentialAction":[{"@type":"SearchAction","target":{"@type":"EntryPoint","urlTemplate":"https:\/\/lama-bs.sk\/?s={search_term_string}"},"query-input":{"@type":"PropertyValueSpecification","valueRequired":true,"valueName":"search_term_string"}}],"inLanguage":"cs"}]}},"_links":{"self":[{"href":"https:\/\/lama-bs.sk\/cs\/wp-json\/wp\/v2\/pages\/3787","targetHints":{"allow":["GET"]}}],"collection":[{"href":"https:\/\/lama-bs.sk\/cs\/wp-json\/wp\/v2\/pages"}],"about":[{"href":"https:\/\/lama-bs.sk\/cs\/wp-json\/wp\/v2\/types\/page"}],"author":[{"embeddable":true,"href":"https:\/\/lama-bs.sk\/cs\/wp-json\/wp\/v2\/users\/1"}],"replies":[{"embeddable":true,"href":"https:\/\/lama-bs.sk\/cs\/wp-json\/wp\/v2\/comments?post=3787"}],"version-history":[{"count":2,"href":"https:\/\/lama-bs.sk\/cs\/wp-json\/wp\/v2\/pages\/3787\/revisions"}],"predecessor-version":[{"id":4135,"href":"https:\/\/lama-bs.sk\/cs\/wp-json\/wp\/v2\/pages\/3787\/revisions\/4135"}],"up":[{"embeddable":true,"href":"https:\/\/lama-bs.sk\/cs\/wp-json\/wp\/v2\/pages\/3471"}],"wp:attachment":[{"href":"https:\/\/lama-bs.sk\/cs\/wp-json\/wp\/v2\/media?parent=3787"}],"curies":[{"name":"wp","href":"https:\/\/api.w.org\/{rel}","templated":true}]}}