{"id":3782,"date":"2024-10-29T13:58:48","date_gmt":"2024-10-29T12:58:48","guid":{"rendered":"https:\/\/lama-bs.sk\/?page_id=3782"},"modified":"2024-10-29T13:58:48","modified_gmt":"2024-10-29T12:58:48","slug":"ezaluzie","status":"publish","type":"page","link":"https:\/\/lama-bs.sk\/cs\/prodejci\/zaluzie-kromeriz\/ezaluzie\/","title":{"rendered":"E\u017dALUZIE Krom\u011b\u0159\u00ed\u017e"},"content":{"rendered":"<p>Spole\u010dnost <strong>e\u017daluzie Krom\u011b\u0159\u00ed\u017e s.r.o.<\/strong>, se s\u00eddlem v&nbsp;<a href=\"https:\/\/lama-bs.sk\/wp-admin\/post.php?post=3501&amp;action=edit&amp;lang=cs\">Krom\u011b\u0159\u00ed\u017ei<\/a>, se specializuje na&nbsp;prodej, mont\u00e1\u017e a&nbsp;servis modern\u00edch \u0159e\u0161en\u00ed v&nbsp;oblasti st\u00ednic\u00ed techniky. V&nbsp;nab\u00eddce najdete venkovn\u00ed i&nbsp;vnit\u0159n\u00ed \u017ealuzie, rolety, mark\u00fdzy, pergoly, s\u00edt\u011b proti&nbsp;hmyzu a&nbsp;dal\u0161\u00ed prvky, kter\u00e9 zaji\u0161\u0165uj\u00ed pohodl\u00ed a&nbsp;estetiku v&nbsp;interi\u00e9ru i&nbsp;exteri\u00e9ru. Firma se zam\u011b\u0159uje na&nbsp;kvalitn\u00ed zpracov\u00e1n\u00ed a&nbsp;dlouhou \u017eivotnost sv\u00fdch produkt\u016f. Pro z\u00e1kazn\u00edky zaji\u0161\u0165uje komplexn\u00ed slu\u017eby od&nbsp;poradenstv\u00ed a\u017e&nbsp;po&nbsp;samotnou instalaci. Spole\u010dnost e\u017daluzie Krom\u011b\u0159\u00ed\u017e je zn\u00e1m\u00e1 sv\u00fdm inovativn\u00edm p\u0159\u00edstupem \u2013 nap\u0159\u00edklad pro venkovn\u00ed \u017ealuzie firma vyvinula vlastn\u00ed podom\u00edtkov\u00e9 schr\u00e1nky, kter\u00e9 p\u0159in\u00e1\u0161ej\u00ed nejen estetick\u00e9, ale i&nbsp;izola\u010dn\u00ed v\u00fdhody.<\/p>\n<p>Pokud hled\u00e1te designov\u00e9 a&nbsp;ekologick\u00e9 \u0159e\u0161en\u00ed pro st\u00edn\u011bn\u00ed interi\u00e9ru, e\u017daluzie nab\u00edz\u00ed i\u00a0<a href=\"https:\/\/lama-bs.sk\/cs\/ponuka-vnutornych-zaluzii\/\">bambusov\u00e9 \u017ealuzie<\/a>, kter\u00e9 sv\u00fdm p\u0159\u00edrodn\u00edm vzhledem dodaj\u00ed va\u0161emu domovu modern\u00ed a&nbsp;p\u0159\u00edjemnou atmosf\u00e9ru.<\/p>\n<p>&nbsp;<\/p>\n<ul>\n<li style=\"font-weight: 400;\" aria-level=\"1\"><b>E-mail<\/b><span style=\"font-weight: 400;\">: <a href=\"mailto:kromeriz@ezaluzie.cz\" target=\"_blank\" rel=\"noopener\">kromeriz@ezaluzie.cz<\/a><\/span><\/li>\n<li style=\"font-weight: 400;\" aria-level=\"1\"><b>Adresa<\/b><span style=\"font-weight: 400;\">: Hul\u00ednsk\u00e1 1812\/16, Krom\u011b\u0159\u00ed\u017e<\/span><\/li>\n<li style=\"font-weight: 400;\" aria-level=\"1\"><b>Str\u00e1nka<\/b><span style=\"font-weight: 400;\">: <a href=\"https:\/\/www.ezaluzie.cz\/sk\" target=\"_blank\" rel=\"noopener\">https:\/\/www.czaluzie.cz\/<\/a><\/span><\/li>\n<\/ul>\n","protected":false},"excerpt":{"rendered":"<p>Spole\u010dnost e\u017daluzie Krom\u011b\u0159\u00ed\u017e s.r.o., se s\u00eddlem v&nbsp;Krom\u011b\u0159\u00ed\u017ei, se specializuje na&nbsp;prodej, mont\u00e1\u017e a&nbsp;servis modern\u00edch \u0159e\u0161en\u00ed v&nbsp;oblasti st\u00ednic\u00ed techniky. V&nbsp;nab\u00eddce najdete venkovn\u00ed i&nbsp;vnit\u0159n\u00ed \u017ealuzie, rolety, mark\u00fdzy, pergoly, s\u00edt\u011b proti&nbsp;hmyzu a&nbsp;dal\u0161\u00ed prvky, kter\u00e9 zaji\u0161\u0165uj\u00ed pohodl\u00ed a&nbsp;estetiku v&nbsp;interi\u00e9ru i&nbsp;exteri\u00e9ru. Firma se zam\u011b\u0159uje na&nbsp;kvalitn\u00ed zpracov\u00e1n\u00ed a&nbsp;dlouhou \u017eivotnost sv\u00fdch produkt\u016f. Pro z\u00e1kazn\u00edky zaji\u0161\u0165uje komplexn\u00ed slu\u017eby od&nbsp;poradenstv\u00ed a\u017e&nbsp;po&nbsp;samotnou instalaci. Spole\u010dnost e\u017daluzie Krom\u011b\u0159\u00ed\u017e [&hellip;]<\/p>\n","protected":false},"author":1,"featured_media":0,"parent":3501,"menu_order":0,"comment_status":"closed","ping_status":"closed","template":"template-partners.php","meta":{"footnotes":""},"class_list":["post-3782","page","type-page","status-publish","hentry"],"yoast_head":"<!-- This site is optimized with the Yoast SEO plugin v26.4 - https:\/\/yoast.com\/wordpress\/plugins\/seo\/ -->\n<title>Prodejce \u017ealuzi\u00ed e\u017daluzie Krom\u011b\u0159\u00ed\u017e | Lama Bamboo<\/title>\n<meta name=\"description\" content=\"Dop\u0159ejte si nov\u00e9 bambusov\u00e9 \u017ealuzie, kter\u00e9 najdete u na\u0161eho dlouholet\u00e9ho partnera, spole\u010dnosti e\u017daluzie Krom\u011b\u0159\u00ed\u017e s.r.o. v Krom\u011b\u0159\u00ed\u017ei a okol\u00ed.\" \/>\n<meta name=\"robots\" content=\"index, follow, max-snippet:-1, max-image-preview:large, max-video-preview:-1\" \/>\n<link rel=\"canonical\" href=\"https:\/\/lama-bs.sk\/cs\/prodejci\/zaluzie-kromeriz\/ezaluzie\/\" \/>\n<meta property=\"og:locale\" content=\"cs_CZ\" \/>\n<meta property=\"og:type\" content=\"article\" \/>\n<meta property=\"og:title\" content=\"Prodejce \u017ealuzi\u00ed e\u017daluzie Krom\u011b\u0159\u00ed\u017e | Lama Bamboo\" \/>\n<meta property=\"og:description\" content=\"Dop\u0159ejte si nov\u00e9 bambusov\u00e9 \u017ealuzie, kter\u00e9 najdete u na\u0161eho dlouholet\u00e9ho partnera, spole\u010dnosti e\u017daluzie Krom\u011b\u0159\u00ed\u017e s.r.o. v Krom\u011b\u0159\u00ed\u017ei a okol\u00ed.\" \/>\n<meta property=\"og:url\" content=\"https:\/\/lama-bs.sk\/cs\/prodejci\/zaluzie-kromeriz\/ezaluzie\/\" \/>\n<meta property=\"og:site_name\" content=\"LAMA Bamboo systems s.r.o.\" \/>\n<meta name=\"twitter:card\" content=\"summary_large_image\" \/>\n<meta name=\"twitter:label1\" content=\"Odhadovan\u00e1 doba \u010dten\u00ed\" \/>\n\t<meta name=\"twitter:data1\" content=\"1 minuta\" \/>\n<script type=\"application\/ld+json\" class=\"yoast-schema-graph\">{\"@context\":\"https:\/\/schema.org\",\"@graph\":[{\"@type\":\"WebPage\",\"@id\":\"https:\/\/lama-bs.sk\/cs\/prodejci\/zaluzie-kromeriz\/ezaluzie\/\",\"url\":\"https:\/\/lama-bs.sk\/cs\/prodejci\/zaluzie-kromeriz\/ezaluzie\/\",\"name\":\"Prodejce \u017ealuzi\u00ed e\u017daluzie Krom\u011b\u0159\u00ed\u017e | Lama Bamboo\",\"isPartOf\":{\"@id\":\"https:\/\/lama-bs.sk\/#website\"},\"datePublished\":\"2024-10-29T12:58:48+00:00\",\"description\":\"Dop\u0159ejte si nov\u00e9 bambusov\u00e9 \u017ealuzie, kter\u00e9 najdete u na\u0161eho dlouholet\u00e9ho partnera, spole\u010dnosti e\u017daluzie Krom\u011b\u0159\u00ed\u017e s.r.o. v Krom\u011b\u0159\u00ed\u017ei a okol\u00ed.\",\"breadcrumb\":{\"@id\":\"https:\/\/lama-bs.sk\/cs\/prodejci\/zaluzie-kromeriz\/ezaluzie\/#breadcrumb\"},\"inLanguage\":\"cs\",\"potentialAction\":[{\"@type\":\"ReadAction\",\"target\":[\"https:\/\/lama-bs.sk\/cs\/prodejci\/zaluzie-kromeriz\/ezaluzie\/\"]}]},{\"@type\":\"BreadcrumbList\",\"@id\":\"https:\/\/lama-bs.sk\/cs\/prodejci\/zaluzie-kromeriz\/ezaluzie\/#breadcrumb\",\"itemListElement\":[{\"@type\":\"ListItem\",\"position\":1,\"name\":\"Prodejci\",\"item\":\"https:\/\/lama-bs.sk\/cs\/prodejci\/\"},{\"@type\":\"ListItem\",\"position\":2,\"name\":\"\u017daluzie Krom\u011b\u0159\u00ed\u017e\",\"item\":\"https:\/\/lama-bs.sk\/cs\/prodejci\/zaluzie-kromeriz\/\"},{\"@type\":\"ListItem\",\"position\":3,\"name\":\"E\u017dALUZIE Krom\u011b\u0159\u00ed\u017e\"}]},{\"@type\":\"WebSite\",\"@id\":\"https:\/\/lama-bs.sk\/#website\",\"url\":\"https:\/\/lama-bs.sk\/\",\"name\":\"LAMA Bamboo systems s.r.o.\",\"description\":\"\",\"potentialAction\":[{\"@type\":\"SearchAction\",\"target\":{\"@type\":\"EntryPoint\",\"urlTemplate\":\"https:\/\/lama-bs.sk\/?s={search_term_string}\"},\"query-input\":{\"@type\":\"PropertyValueSpecification\",\"valueRequired\":true,\"valueName\":\"search_term_string\"}}],\"inLanguage\":\"cs\"}]}<\/script>\n<!-- \/ Yoast SEO plugin. -->","yoast_head_json":{"title":"Prodejce \u017ealuzi\u00ed e\u017daluzie Krom\u011b\u0159\u00ed\u017e | Lama Bamboo","description":"Dop\u0159ejte si nov\u00e9 bambusov\u00e9 \u017ealuzie, kter\u00e9 najdete u na\u0161eho dlouholet\u00e9ho partnera, spole\u010dnosti e\u017daluzie Krom\u011b\u0159\u00ed\u017e s.r.o. v Krom\u011b\u0159\u00ed\u017ei a okol\u00ed.","robots":{"index":"index","follow":"follow","max-snippet":"max-snippet:-1","max-image-preview":"max-image-preview:large","max-video-preview":"max-video-preview:-1"},"canonical":"https:\/\/lama-bs.sk\/cs\/prodejci\/zaluzie-kromeriz\/ezaluzie\/","og_locale":"cs_CZ","og_type":"article","og_title":"Prodejce \u017ealuzi\u00ed e\u017daluzie Krom\u011b\u0159\u00ed\u017e | Lama Bamboo","og_description":"Dop\u0159ejte si nov\u00e9 bambusov\u00e9 \u017ealuzie, kter\u00e9 najdete u na\u0161eho dlouholet\u00e9ho partnera, spole\u010dnosti e\u017daluzie Krom\u011b\u0159\u00ed\u017e s.r.o. v Krom\u011b\u0159\u00ed\u017ei a okol\u00ed.","og_url":"https:\/\/lama-bs.sk\/cs\/prodejci\/zaluzie-kromeriz\/ezaluzie\/","og_site_name":"LAMA Bamboo systems s.r.o.","twitter_card":"summary_large_image","twitter_misc":{"Odhadovan\u00e1 doba \u010dten\u00ed":"1 minuta"},"schema":{"@context":"https:\/\/schema.org","@graph":[{"@type":"WebPage","@id":"https:\/\/lama-bs.sk\/cs\/prodejci\/zaluzie-kromeriz\/ezaluzie\/","url":"https:\/\/lama-bs.sk\/cs\/prodejci\/zaluzie-kromeriz\/ezaluzie\/","name":"Prodejce \u017ealuzi\u00ed e\u017daluzie Krom\u011b\u0159\u00ed\u017e | Lama Bamboo","isPartOf":{"@id":"https:\/\/lama-bs.sk\/#website"},"datePublished":"2024-10-29T12:58:48+00:00","description":"Dop\u0159ejte si nov\u00e9 bambusov\u00e9 \u017ealuzie, kter\u00e9 najdete u na\u0161eho dlouholet\u00e9ho partnera, spole\u010dnosti e\u017daluzie Krom\u011b\u0159\u00ed\u017e s.r.o. v Krom\u011b\u0159\u00ed\u017ei a okol\u00ed.","breadcrumb":{"@id":"https:\/\/lama-bs.sk\/cs\/prodejci\/zaluzie-kromeriz\/ezaluzie\/#breadcrumb"},"inLanguage":"cs","potentialAction":[{"@type":"ReadAction","target":["https:\/\/lama-bs.sk\/cs\/prodejci\/zaluzie-kromeriz\/ezaluzie\/"]}]},{"@type":"BreadcrumbList","@id":"https:\/\/lama-bs.sk\/cs\/prodejci\/zaluzie-kromeriz\/ezaluzie\/#breadcrumb","itemListElement":[{"@type":"ListItem","position":1,"name":"Prodejci","item":"https:\/\/lama-bs.sk\/cs\/prodejci\/"},{"@type":"ListItem","position":2,"name":"\u017daluzie Krom\u011b\u0159\u00ed\u017e","item":"https:\/\/lama-bs.sk\/cs\/prodejci\/zaluzie-kromeriz\/"},{"@type":"ListItem","position":3,"name":"E\u017dALUZIE Krom\u011b\u0159\u00ed\u017e"}]},{"@type":"WebSite","@id":"https:\/\/lama-bs.sk\/#website","url":"https:\/\/lama-bs.sk\/","name":"LAMA Bamboo systems s.r.o.","description":"","potentialAction":[{"@type":"SearchAction","target":{"@type":"EntryPoint","urlTemplate":"https:\/\/lama-bs.sk\/?s={search_term_string}"},"query-input":{"@type":"PropertyValueSpecification","valueRequired":true,"valueName":"search_term_string"}}],"inLanguage":"cs"}]}},"_links":{"self":[{"href":"https:\/\/lama-bs.sk\/cs\/wp-json\/wp\/v2\/pages\/3782","targetHints":{"allow":["GET"]}}],"collection":[{"href":"https:\/\/lama-bs.sk\/cs\/wp-json\/wp\/v2\/pages"}],"about":[{"href":"https:\/\/lama-bs.sk\/cs\/wp-json\/wp\/v2\/types\/page"}],"author":[{"embeddable":true,"href":"https:\/\/lama-bs.sk\/cs\/wp-json\/wp\/v2\/users\/1"}],"replies":[{"embeddable":true,"href":"https:\/\/lama-bs.sk\/cs\/wp-json\/wp\/v2\/comments?post=3782"}],"version-history":[{"count":3,"href":"https:\/\/lama-bs.sk\/cs\/wp-json\/wp\/v2\/pages\/3782\/revisions"}],"predecessor-version":[{"id":4145,"href":"https:\/\/lama-bs.sk\/cs\/wp-json\/wp\/v2\/pages\/3782\/revisions\/4145"}],"up":[{"embeddable":true,"href":"https:\/\/lama-bs.sk\/cs\/wp-json\/wp\/v2\/pages\/3501"}],"wp:attachment":[{"href":"https:\/\/lama-bs.sk\/cs\/wp-json\/wp\/v2\/media?parent=3782"}],"curies":[{"name":"wp","href":"https:\/\/api.w.org\/{rel}","templated":true}]}}