{"id":3761,"date":"2024-10-29T14:51:56","date_gmt":"2024-10-29T13:51:56","guid":{"rendered":"https:\/\/lama-bs.sk\/?page_id=3761"},"modified":"2024-10-29T14:51:56","modified_gmt":"2024-10-29T13:51:56","slug":"hss-stinici-systemy","status":"publish","type":"page","link":"https:\/\/lama-bs.sk\/cs\/prodejci\/zaluzie-praha\/hss-stinici-systemy\/","title":{"rendered":"HSS ST\u00cdN\u00cdC\u00cd SYST\u00c9MY Praha"},"content":{"rendered":"<p>Firma <strong>HSS St\u00edn\u00edc\u00ed syst\u00e9my<\/strong> s\u00eddl\u00ed v\u00a0\u00a0<a href=\"https:\/\/lama-bs.sk\/cs\/prodejci\/zaluzie-praha\/\">Praze<\/a> a&nbsp;zam\u011b\u0159uje se na&nbsp;v\u00fdrobu a&nbsp;dod\u00e1vku \u0161irok\u00e9 \u0161k\u00e1ly st\u00ednic\u00edch produkt\u016f, jako jsou \u017ealuzie, rolety a&nbsp;mark\u00fdzy. P\u016fsob\u00ed na&nbsp;trhu ji\u017e v\u00edce ne\u017e 20 let . B\u011bhem t\u00e9to doby si z\u00edskala silnou reputaci d\u00edky kvalitn\u00edm materi\u00e1l\u016fm a&nbsp;profesion\u00e1ln\u00edmu servisu. Mezi \u00fasp\u011bchy firmy pat\u0159\u00ed spokojenost z\u00e1kazn\u00edk\u016f a&nbsp;certifikace kvality, kter\u00e9 potvrzuj\u00ed vysok\u00e9 standardy v\u00fdroby. Pokud hled\u00e1te efektivn\u00ed a&nbsp;estetick\u00e9 \u0159e\u0161en\u00ed pro st\u00edn\u011bn\u00ed va\u0161ich prostor, <strong>HSS St\u00edn\u00edc\u00ed syst\u00e9my<\/strong> je ide\u00e1ln\u00ed volbou d\u00edky sv\u00e9mu zam\u011b\u0159en\u00ed na&nbsp;kvalitu a&nbsp;modern\u00ed design.<br \/>\nTato firma tak\u00e9 nab\u00edz\u00ed na\u0161e\u00a0<a href=\"https:\/\/lama-bs.sk\/cs\/ponuka-vnutornych-zaluzii\/\">modern\u00ed a&nbsp;kvalitn\u00ed bambusov\u00e9 \u017ealuzie<\/a>, kter\u00e9 si z\u00e1kazn\u00edci mohou zakoupit do&nbsp;sv\u00fdch interi\u00e9r\u016f. Tyto \u017ealuzie vynikaj\u00ed estetick\u00fdm vzhledem a&nbsp;ekologick\u00fdm p\u0159\u00edstupem.<\/p>\n<p>&nbsp;<\/p>\n<ul>\n<li style=\"font-weight: 400;\" aria-level=\"1\"><b>E-mail<\/b><span style=\"font-weight: 400;\">: <a href=\"mailto:havlik@zaluzie.info\" target=\"_blank\" rel=\"noopener\">havlik@zaluzie.info<\/a><\/span><\/li>\n<li style=\"font-weight: 400;\" aria-level=\"1\"><b>Adresa<\/b><span style=\"font-weight: 400;\">: R\u00e1\u017eova 471\/7, Praha 9 &#8211;&nbsp;Satalice<\/span><\/li>\n<\/ul>\n","protected":false},"excerpt":{"rendered":"<p>Firma HSS St\u00edn\u00edc\u00ed syst\u00e9my s\u00eddl\u00ed v\u00a0\u00a0Praze a&nbsp;zam\u011b\u0159uje se na&nbsp;v\u00fdrobu a&nbsp;dod\u00e1vku \u0161irok\u00e9 \u0161k\u00e1ly st\u00ednic\u00edch produkt\u016f, jako jsou \u017ealuzie, rolety a&nbsp;mark\u00fdzy. P\u016fsob\u00ed na&nbsp;trhu ji\u017e v\u00edce ne\u017e 20 let . B\u011bhem t\u00e9to doby si z\u00edskala silnou reputaci d\u00edky kvalitn\u00edm materi\u00e1l\u016fm a&nbsp;profesion\u00e1ln\u00edmu servisu. Mezi \u00fasp\u011bchy firmy pat\u0159\u00ed spokojenost z\u00e1kazn\u00edk\u016f a&nbsp;certifikace kvality, kter\u00e9 potvrzuj\u00ed vysok\u00e9 standardy v\u00fdroby. Pokud hled\u00e1te efektivn\u00ed [&hellip;]<\/p>\n","protected":false},"author":1,"featured_media":0,"parent":3456,"menu_order":0,"comment_status":"closed","ping_status":"closed","template":"template-partners.php","meta":{"footnotes":""},"class_list":["post-3761","page","type-page","status-publish","hentry"],"yoast_head":"<!-- This site is optimized with the Yoast SEO plugin v26.4 - https:\/\/yoast.com\/wordpress\/plugins\/seo\/ -->\n<title>Prodejce \u017ealuzi\u00ed HSS St\u00edn\u00edc\u00ed syst\u00e9my Praha | Lama Bamboo<\/title>\n<meta name=\"description\" content=\"Dop\u0159ejte si nov\u00e9 bambusov\u00e9 \u017ealuzie, kter\u00e9 najdete u na\u0161eho dlouholet\u00e9ho partnera, spole\u010dnosti HSS St\u00edn\u00edc\u00ed syst\u00e9my v Praze.\" \/>\n<meta name=\"robots\" content=\"index, follow, max-snippet:-1, max-image-preview:large, max-video-preview:-1\" \/>\n<link rel=\"canonical\" href=\"https:\/\/lama-bs.sk\/cs\/prodejci\/zaluzie-praha\/hss-stinici-systemy\/\" \/>\n<meta property=\"og:locale\" content=\"cs_CZ\" \/>\n<meta property=\"og:type\" content=\"article\" \/>\n<meta property=\"og:title\" content=\"Prodejce \u017ealuzi\u00ed HSS St\u00edn\u00edc\u00ed syst\u00e9my Praha | Lama Bamboo\" \/>\n<meta property=\"og:description\" content=\"Dop\u0159ejte si nov\u00e9 bambusov\u00e9 \u017ealuzie, kter\u00e9 najdete u na\u0161eho dlouholet\u00e9ho partnera, spole\u010dnosti HSS St\u00edn\u00edc\u00ed syst\u00e9my v Praze.\" \/>\n<meta property=\"og:url\" content=\"https:\/\/lama-bs.sk\/cs\/prodejci\/zaluzie-praha\/hss-stinici-systemy\/\" \/>\n<meta property=\"og:site_name\" content=\"LAMA Bamboo systems s.r.o.\" \/>\n<meta name=\"twitter:card\" content=\"summary_large_image\" \/>\n<meta name=\"twitter:label1\" content=\"Odhadovan\u00e1 doba \u010dten\u00ed\" \/>\n\t<meta name=\"twitter:data1\" content=\"1 minuta\" \/>\n<script type=\"application\/ld+json\" class=\"yoast-schema-graph\">{\"@context\":\"https:\/\/schema.org\",\"@graph\":[{\"@type\":\"WebPage\",\"@id\":\"https:\/\/lama-bs.sk\/cs\/prodejci\/zaluzie-praha\/hss-stinici-systemy\/\",\"url\":\"https:\/\/lama-bs.sk\/cs\/prodejci\/zaluzie-praha\/hss-stinici-systemy\/\",\"name\":\"Prodejce \u017ealuzi\u00ed HSS St\u00edn\u00edc\u00ed syst\u00e9my Praha | Lama Bamboo\",\"isPartOf\":{\"@id\":\"https:\/\/lama-bs.sk\/#website\"},\"datePublished\":\"2024-10-29T13:51:56+00:00\",\"description\":\"Dop\u0159ejte si nov\u00e9 bambusov\u00e9 \u017ealuzie, kter\u00e9 najdete u na\u0161eho dlouholet\u00e9ho partnera, spole\u010dnosti HSS St\u00edn\u00edc\u00ed syst\u00e9my v Praze.\",\"breadcrumb\":{\"@id\":\"https:\/\/lama-bs.sk\/cs\/prodejci\/zaluzie-praha\/hss-stinici-systemy\/#breadcrumb\"},\"inLanguage\":\"cs\",\"potentialAction\":[{\"@type\":\"ReadAction\",\"target\":[\"https:\/\/lama-bs.sk\/cs\/prodejci\/zaluzie-praha\/hss-stinici-systemy\/\"]}]},{\"@type\":\"BreadcrumbList\",\"@id\":\"https:\/\/lama-bs.sk\/cs\/prodejci\/zaluzie-praha\/hss-stinici-systemy\/#breadcrumb\",\"itemListElement\":[{\"@type\":\"ListItem\",\"position\":1,\"name\":\"Prodejci\",\"item\":\"https:\/\/lama-bs.sk\/cs\/prodejci\/\"},{\"@type\":\"ListItem\",\"position\":2,\"name\":\"\u017daluzie Praha\",\"item\":\"https:\/\/lama-bs.sk\/cs\/prodejci\/zaluzie-praha\/\"},{\"@type\":\"ListItem\",\"position\":3,\"name\":\"HSS ST\u00cdN\u00cdC\u00cd SYST\u00c9MY Praha\"}]},{\"@type\":\"WebSite\",\"@id\":\"https:\/\/lama-bs.sk\/#website\",\"url\":\"https:\/\/lama-bs.sk\/\",\"name\":\"LAMA Bamboo systems s.r.o.\",\"description\":\"\",\"potentialAction\":[{\"@type\":\"SearchAction\",\"target\":{\"@type\":\"EntryPoint\",\"urlTemplate\":\"https:\/\/lama-bs.sk\/?s={search_term_string}\"},\"query-input\":{\"@type\":\"PropertyValueSpecification\",\"valueRequired\":true,\"valueName\":\"search_term_string\"}}],\"inLanguage\":\"cs\"}]}<\/script>\n<!-- \/ Yoast SEO plugin. -->","yoast_head_json":{"title":"Prodejce \u017ealuzi\u00ed HSS St\u00edn\u00edc\u00ed syst\u00e9my Praha | Lama Bamboo","description":"Dop\u0159ejte si nov\u00e9 bambusov\u00e9 \u017ealuzie, kter\u00e9 najdete u na\u0161eho dlouholet\u00e9ho partnera, spole\u010dnosti HSS St\u00edn\u00edc\u00ed syst\u00e9my v Praze.","robots":{"index":"index","follow":"follow","max-snippet":"max-snippet:-1","max-image-preview":"max-image-preview:large","max-video-preview":"max-video-preview:-1"},"canonical":"https:\/\/lama-bs.sk\/cs\/prodejci\/zaluzie-praha\/hss-stinici-systemy\/","og_locale":"cs_CZ","og_type":"article","og_title":"Prodejce \u017ealuzi\u00ed HSS St\u00edn\u00edc\u00ed syst\u00e9my Praha | Lama Bamboo","og_description":"Dop\u0159ejte si nov\u00e9 bambusov\u00e9 \u017ealuzie, kter\u00e9 najdete u na\u0161eho dlouholet\u00e9ho partnera, spole\u010dnosti HSS St\u00edn\u00edc\u00ed syst\u00e9my v Praze.","og_url":"https:\/\/lama-bs.sk\/cs\/prodejci\/zaluzie-praha\/hss-stinici-systemy\/","og_site_name":"LAMA Bamboo systems s.r.o.","twitter_card":"summary_large_image","twitter_misc":{"Odhadovan\u00e1 doba \u010dten\u00ed":"1 minuta"},"schema":{"@context":"https:\/\/schema.org","@graph":[{"@type":"WebPage","@id":"https:\/\/lama-bs.sk\/cs\/prodejci\/zaluzie-praha\/hss-stinici-systemy\/","url":"https:\/\/lama-bs.sk\/cs\/prodejci\/zaluzie-praha\/hss-stinici-systemy\/","name":"Prodejce \u017ealuzi\u00ed HSS St\u00edn\u00edc\u00ed syst\u00e9my Praha | Lama Bamboo","isPartOf":{"@id":"https:\/\/lama-bs.sk\/#website"},"datePublished":"2024-10-29T13:51:56+00:00","description":"Dop\u0159ejte si nov\u00e9 bambusov\u00e9 \u017ealuzie, kter\u00e9 najdete u na\u0161eho dlouholet\u00e9ho partnera, spole\u010dnosti HSS St\u00edn\u00edc\u00ed syst\u00e9my v Praze.","breadcrumb":{"@id":"https:\/\/lama-bs.sk\/cs\/prodejci\/zaluzie-praha\/hss-stinici-systemy\/#breadcrumb"},"inLanguage":"cs","potentialAction":[{"@type":"ReadAction","target":["https:\/\/lama-bs.sk\/cs\/prodejci\/zaluzie-praha\/hss-stinici-systemy\/"]}]},{"@type":"BreadcrumbList","@id":"https:\/\/lama-bs.sk\/cs\/prodejci\/zaluzie-praha\/hss-stinici-systemy\/#breadcrumb","itemListElement":[{"@type":"ListItem","position":1,"name":"Prodejci","item":"https:\/\/lama-bs.sk\/cs\/prodejci\/"},{"@type":"ListItem","position":2,"name":"\u017daluzie Praha","item":"https:\/\/lama-bs.sk\/cs\/prodejci\/zaluzie-praha\/"},{"@type":"ListItem","position":3,"name":"HSS ST\u00cdN\u00cdC\u00cd SYST\u00c9MY Praha"}]},{"@type":"WebSite","@id":"https:\/\/lama-bs.sk\/#website","url":"https:\/\/lama-bs.sk\/","name":"LAMA Bamboo systems s.r.o.","description":"","potentialAction":[{"@type":"SearchAction","target":{"@type":"EntryPoint","urlTemplate":"https:\/\/lama-bs.sk\/?s={search_term_string}"},"query-input":{"@type":"PropertyValueSpecification","valueRequired":true,"valueName":"search_term_string"}}],"inLanguage":"cs"}]}},"_links":{"self":[{"href":"https:\/\/lama-bs.sk\/cs\/wp-json\/wp\/v2\/pages\/3761","targetHints":{"allow":["GET"]}}],"collection":[{"href":"https:\/\/lama-bs.sk\/cs\/wp-json\/wp\/v2\/pages"}],"about":[{"href":"https:\/\/lama-bs.sk\/cs\/wp-json\/wp\/v2\/types\/page"}],"author":[{"embeddable":true,"href":"https:\/\/lama-bs.sk\/cs\/wp-json\/wp\/v2\/users\/1"}],"replies":[{"embeddable":true,"href":"https:\/\/lama-bs.sk\/cs\/wp-json\/wp\/v2\/comments?post=3761"}],"version-history":[{"count":2,"href":"https:\/\/lama-bs.sk\/cs\/wp-json\/wp\/v2\/pages\/3761\/revisions"}],"predecessor-version":[{"id":4174,"href":"https:\/\/lama-bs.sk\/cs\/wp-json\/wp\/v2\/pages\/3761\/revisions\/4174"}],"up":[{"embeddable":true,"href":"https:\/\/lama-bs.sk\/cs\/wp-json\/wp\/v2\/pages\/3456"}],"wp:attachment":[{"href":"https:\/\/lama-bs.sk\/cs\/wp-json\/wp\/v2\/media?parent=3761"}],"curies":[{"name":"wp","href":"https:\/\/api.w.org\/{rel}","templated":true}]}}