{"id":3756,"date":"2024-10-29T14:55:38","date_gmt":"2024-10-29T13:55:38","guid":{"rendered":"https:\/\/lama-bs.sk\/?page_id=3756"},"modified":"2024-10-29T14:55:38","modified_gmt":"2024-10-29T13:55:38","slug":"jiri-ptacek","status":"publish","type":"page","link":"https:\/\/lama-bs.sk\/cs\/prodejci\/zaluzie-praha\/jiri-ptacek\/","title":{"rendered":"JI\u0158\u00cd PT\u00c1\u010cEK \u017ealuzie Praha"},"content":{"rendered":"<p>Firma <strong>Ji\u0159\u00ed Pt\u00e1\u010dek<\/strong> s\u00eddl\u00ed v\u00a0<a href=\"https:\/\/lama-bs.sk\/cs\/prodejci\/zaluzie-praha\/\">Praze<\/a> a&nbsp;specializuje se na&nbsp;v\u00fdrobu a&nbsp;mont\u00e1\u017e st\u00ednic\u00edch syst\u00e9m\u016f, v\u010detn\u011b \u017ealuzi\u00ed, rolet a&nbsp;dal\u0161\u00edch produkt\u016f. P\u016fsob\u00ed na&nbsp;trhu ji\u017e \u0159adu let a&nbsp;za&nbsp;tu dobu si vybudovala pevnou pozici d\u00edky kvalitn\u00edmu zpracov\u00e1n\u00ed a&nbsp;spolehlivosti. Ji\u0159\u00ed Pt\u00e1\u010dek klade d\u016fraz na&nbsp;individu\u00e1ln\u00ed p\u0159\u00edstup k&nbsp;z\u00e1kazn\u00edk\u016fm, co\u017e p\u0159isp\u00edv\u00e1 k&nbsp;vysok\u00e9 m\u00ed\u0159e spokojenosti. Jedn\u00edm z&nbsp;v\u00fdznamn\u00fdch \u00fasp\u011bch\u016f spole\u010dnosti je schopnost p\u0159izp\u016fsobit se po\u017eadavk\u016fm trhu a&nbsp;z\u00e1kazn\u00edk\u016f, co\u017e j\u00ed umo\u017enilo z\u00edskat d\u016fv\u011bru \u0161irok\u00e9ho spektra klient\u016f.<\/p>\n<p>Tato firma tak\u00e9 nab\u00edz\u00ed na\u0161e\u00a0<a href=\"https:\/\/lama-bs.sk\/cs\/ponuka-vnutornych-zaluzii\/\">modern\u00ed kvalitn\u00ed bambusov\u00e9 \u017ealuzie<\/a>, kter\u00e9 si z\u00e1kazn\u00edci mohou zakoupit do&nbsp;sv\u00fdch interi\u00e9r\u016f. Tyto \u017ealuzie jsou nejen stylov\u00e9, ale tak\u00e9 ekologick\u00e9 a&nbsp;odoln\u00e9.<\/p>\n<p>&nbsp;<\/p>\n<ul>\n<li style=\"font-weight: 400;\" aria-level=\"1\"><b>E-mail<\/b><span style=\"font-weight: 400;\">: <a href=\"mailto:ptacek@zaluzie-jp.cz\" target=\"_blank\" rel=\"noopener\">ptacek@zaluzie-jp.cz<\/a><\/span><\/li>\n<li style=\"font-weight: 400;\" aria-level=\"1\"><b>Adresa<\/b><span style=\"font-weight: 400;\">: Doma\u017elick\u00e1 1728\/28, \u0158\u00ed\u010dany u&nbsp;Prahy<\/span><\/li>\n<li style=\"font-weight: 400;\" aria-level=\"1\"><b>Str\u00e1nka<\/b><span style=\"font-weight: 400;\">: <a href=\"https:\/\/www.zaluzie-jp.cz\/\" target=\"_blank\" rel=\"noopener\">https:\/\/www.zaluzie-jp.cz\/<\/a><\/span><\/li>\n<\/ul>\n","protected":false},"excerpt":{"rendered":"<p>Firma Ji\u0159\u00ed Pt\u00e1\u010dek s\u00eddl\u00ed v\u00a0Praze a&nbsp;specializuje se na&nbsp;v\u00fdrobu a&nbsp;mont\u00e1\u017e st\u00ednic\u00edch syst\u00e9m\u016f, v\u010detn\u011b \u017ealuzi\u00ed, rolet a&nbsp;dal\u0161\u00edch produkt\u016f. P\u016fsob\u00ed na&nbsp;trhu ji\u017e \u0159adu let a&nbsp;za&nbsp;tu dobu si vybudovala pevnou pozici d\u00edky kvalitn\u00edmu zpracov\u00e1n\u00ed a&nbsp;spolehlivosti. Ji\u0159\u00ed Pt\u00e1\u010dek klade d\u016fraz na&nbsp;individu\u00e1ln\u00ed p\u0159\u00edstup k&nbsp;z\u00e1kazn\u00edk\u016fm, co\u017e p\u0159isp\u00edv\u00e1 k&nbsp;vysok\u00e9 m\u00ed\u0159e spokojenosti. Jedn\u00edm z&nbsp;v\u00fdznamn\u00fdch \u00fasp\u011bch\u016f spole\u010dnosti je schopnost p\u0159izp\u016fsobit se po\u017eadavk\u016fm trhu a&nbsp;z\u00e1kazn\u00edk\u016f, co\u017e [&hellip;]<\/p>\n","protected":false},"author":1,"featured_media":0,"parent":3456,"menu_order":0,"comment_status":"closed","ping_status":"closed","template":"template-partners.php","meta":{"footnotes":""},"class_list":["post-3756","page","type-page","status-publish","hentry"],"yoast_head":"<!-- This site is optimized with the Yoast SEO plugin v26.4 - https:\/\/yoast.com\/wordpress\/plugins\/seo\/ -->\n<title>Prodejce \u017ealuzi\u00ed Ji\u0159\u00ed Pt\u00e1\u010dek Praha | Lama Bamboo<\/title>\n<meta name=\"description\" content=\"Bambusov\u00e9 \u017ealuzie z na\u0161\u00ed produkce m\u016f\u017eete zakoupit u na\u0161eho partnera, spole\u010dnosti Ji\u0159\u00ed Pt\u00e1\u010dek v Praze. Vyberte si nov\u00e9 \u017ealuzie je\u0161t\u011b dnes.\" \/>\n<meta name=\"robots\" content=\"index, follow, max-snippet:-1, max-image-preview:large, max-video-preview:-1\" \/>\n<link rel=\"canonical\" href=\"https:\/\/lama-bs.sk\/cs\/prodejci\/zaluzie-praha\/jiri-ptacek\/\" \/>\n<meta property=\"og:locale\" content=\"cs_CZ\" \/>\n<meta property=\"og:type\" content=\"article\" \/>\n<meta property=\"og:title\" content=\"Prodejce \u017ealuzi\u00ed Ji\u0159\u00ed Pt\u00e1\u010dek Praha | Lama Bamboo\" \/>\n<meta property=\"og:description\" content=\"Bambusov\u00e9 \u017ealuzie z na\u0161\u00ed produkce m\u016f\u017eete zakoupit u na\u0161eho partnera, spole\u010dnosti Ji\u0159\u00ed Pt\u00e1\u010dek v Praze. Vyberte si nov\u00e9 \u017ealuzie je\u0161t\u011b dnes.\" \/>\n<meta property=\"og:url\" content=\"https:\/\/lama-bs.sk\/cs\/prodejci\/zaluzie-praha\/jiri-ptacek\/\" \/>\n<meta property=\"og:site_name\" content=\"LAMA Bamboo systems s.r.o.\" \/>\n<meta name=\"twitter:card\" content=\"summary_large_image\" \/>\n<meta name=\"twitter:label1\" content=\"Odhadovan\u00e1 doba \u010dten\u00ed\" \/>\n\t<meta name=\"twitter:data1\" content=\"1 minuta\" \/>\n<script type=\"application\/ld+json\" class=\"yoast-schema-graph\">{\"@context\":\"https:\/\/schema.org\",\"@graph\":[{\"@type\":\"WebPage\",\"@id\":\"https:\/\/lama-bs.sk\/cs\/prodejci\/zaluzie-praha\/jiri-ptacek\/\",\"url\":\"https:\/\/lama-bs.sk\/cs\/prodejci\/zaluzie-praha\/jiri-ptacek\/\",\"name\":\"Prodejce \u017ealuzi\u00ed Ji\u0159\u00ed Pt\u00e1\u010dek Praha | Lama Bamboo\",\"isPartOf\":{\"@id\":\"https:\/\/lama-bs.sk\/#website\"},\"datePublished\":\"2024-10-29T13:55:38+00:00\",\"description\":\"Bambusov\u00e9 \u017ealuzie z na\u0161\u00ed produkce m\u016f\u017eete zakoupit u na\u0161eho partnera, spole\u010dnosti Ji\u0159\u00ed Pt\u00e1\u010dek v Praze. Vyberte si nov\u00e9 \u017ealuzie je\u0161t\u011b dnes.\",\"breadcrumb\":{\"@id\":\"https:\/\/lama-bs.sk\/cs\/prodejci\/zaluzie-praha\/jiri-ptacek\/#breadcrumb\"},\"inLanguage\":\"cs\",\"potentialAction\":[{\"@type\":\"ReadAction\",\"target\":[\"https:\/\/lama-bs.sk\/cs\/prodejci\/zaluzie-praha\/jiri-ptacek\/\"]}]},{\"@type\":\"BreadcrumbList\",\"@id\":\"https:\/\/lama-bs.sk\/cs\/prodejci\/zaluzie-praha\/jiri-ptacek\/#breadcrumb\",\"itemListElement\":[{\"@type\":\"ListItem\",\"position\":1,\"name\":\"Prodejci\",\"item\":\"https:\/\/lama-bs.sk\/cs\/prodejci\/\"},{\"@type\":\"ListItem\",\"position\":2,\"name\":\"\u017daluzie Praha\",\"item\":\"https:\/\/lama-bs.sk\/cs\/prodejci\/zaluzie-praha\/\"},{\"@type\":\"ListItem\",\"position\":3,\"name\":\"JI\u0158\u00cd PT\u00c1\u010cEK \u017ealuzie Praha\"}]},{\"@type\":\"WebSite\",\"@id\":\"https:\/\/lama-bs.sk\/#website\",\"url\":\"https:\/\/lama-bs.sk\/\",\"name\":\"LAMA Bamboo systems s.r.o.\",\"description\":\"\",\"potentialAction\":[{\"@type\":\"SearchAction\",\"target\":{\"@type\":\"EntryPoint\",\"urlTemplate\":\"https:\/\/lama-bs.sk\/?s={search_term_string}\"},\"query-input\":{\"@type\":\"PropertyValueSpecification\",\"valueRequired\":true,\"valueName\":\"search_term_string\"}}],\"inLanguage\":\"cs\"}]}<\/script>\n<!-- \/ Yoast SEO plugin. -->","yoast_head_json":{"title":"Prodejce \u017ealuzi\u00ed Ji\u0159\u00ed Pt\u00e1\u010dek Praha | Lama Bamboo","description":"Bambusov\u00e9 \u017ealuzie z na\u0161\u00ed produkce m\u016f\u017eete zakoupit u na\u0161eho partnera, spole\u010dnosti Ji\u0159\u00ed Pt\u00e1\u010dek v Praze. Vyberte si nov\u00e9 \u017ealuzie je\u0161t\u011b dnes.","robots":{"index":"index","follow":"follow","max-snippet":"max-snippet:-1","max-image-preview":"max-image-preview:large","max-video-preview":"max-video-preview:-1"},"canonical":"https:\/\/lama-bs.sk\/cs\/prodejci\/zaluzie-praha\/jiri-ptacek\/","og_locale":"cs_CZ","og_type":"article","og_title":"Prodejce \u017ealuzi\u00ed Ji\u0159\u00ed Pt\u00e1\u010dek Praha | Lama Bamboo","og_description":"Bambusov\u00e9 \u017ealuzie z na\u0161\u00ed produkce m\u016f\u017eete zakoupit u na\u0161eho partnera, spole\u010dnosti Ji\u0159\u00ed Pt\u00e1\u010dek v Praze. Vyberte si nov\u00e9 \u017ealuzie je\u0161t\u011b dnes.","og_url":"https:\/\/lama-bs.sk\/cs\/prodejci\/zaluzie-praha\/jiri-ptacek\/","og_site_name":"LAMA Bamboo systems s.r.o.","twitter_card":"summary_large_image","twitter_misc":{"Odhadovan\u00e1 doba \u010dten\u00ed":"1 minuta"},"schema":{"@context":"https:\/\/schema.org","@graph":[{"@type":"WebPage","@id":"https:\/\/lama-bs.sk\/cs\/prodejci\/zaluzie-praha\/jiri-ptacek\/","url":"https:\/\/lama-bs.sk\/cs\/prodejci\/zaluzie-praha\/jiri-ptacek\/","name":"Prodejce \u017ealuzi\u00ed Ji\u0159\u00ed Pt\u00e1\u010dek Praha | Lama Bamboo","isPartOf":{"@id":"https:\/\/lama-bs.sk\/#website"},"datePublished":"2024-10-29T13:55:38+00:00","description":"Bambusov\u00e9 \u017ealuzie z na\u0161\u00ed produkce m\u016f\u017eete zakoupit u na\u0161eho partnera, spole\u010dnosti Ji\u0159\u00ed Pt\u00e1\u010dek v Praze. Vyberte si nov\u00e9 \u017ealuzie je\u0161t\u011b dnes.","breadcrumb":{"@id":"https:\/\/lama-bs.sk\/cs\/prodejci\/zaluzie-praha\/jiri-ptacek\/#breadcrumb"},"inLanguage":"cs","potentialAction":[{"@type":"ReadAction","target":["https:\/\/lama-bs.sk\/cs\/prodejci\/zaluzie-praha\/jiri-ptacek\/"]}]},{"@type":"BreadcrumbList","@id":"https:\/\/lama-bs.sk\/cs\/prodejci\/zaluzie-praha\/jiri-ptacek\/#breadcrumb","itemListElement":[{"@type":"ListItem","position":1,"name":"Prodejci","item":"https:\/\/lama-bs.sk\/cs\/prodejci\/"},{"@type":"ListItem","position":2,"name":"\u017daluzie Praha","item":"https:\/\/lama-bs.sk\/cs\/prodejci\/zaluzie-praha\/"},{"@type":"ListItem","position":3,"name":"JI\u0158\u00cd PT\u00c1\u010cEK \u017ealuzie Praha"}]},{"@type":"WebSite","@id":"https:\/\/lama-bs.sk\/#website","url":"https:\/\/lama-bs.sk\/","name":"LAMA Bamboo systems s.r.o.","description":"","potentialAction":[{"@type":"SearchAction","target":{"@type":"EntryPoint","urlTemplate":"https:\/\/lama-bs.sk\/?s={search_term_string}"},"query-input":{"@type":"PropertyValueSpecification","valueRequired":true,"valueName":"search_term_string"}}],"inLanguage":"cs"}]}},"_links":{"self":[{"href":"https:\/\/lama-bs.sk\/cs\/wp-json\/wp\/v2\/pages\/3756","targetHints":{"allow":["GET"]}}],"collection":[{"href":"https:\/\/lama-bs.sk\/cs\/wp-json\/wp\/v2\/pages"}],"about":[{"href":"https:\/\/lama-bs.sk\/cs\/wp-json\/wp\/v2\/types\/page"}],"author":[{"embeddable":true,"href":"https:\/\/lama-bs.sk\/cs\/wp-json\/wp\/v2\/users\/1"}],"replies":[{"embeddable":true,"href":"https:\/\/lama-bs.sk\/cs\/wp-json\/wp\/v2\/comments?post=3756"}],"version-history":[{"count":2,"href":"https:\/\/lama-bs.sk\/cs\/wp-json\/wp\/v2\/pages\/3756\/revisions"}],"predecessor-version":[{"id":4176,"href":"https:\/\/lama-bs.sk\/cs\/wp-json\/wp\/v2\/pages\/3756\/revisions\/4176"}],"up":[{"embeddable":true,"href":"https:\/\/lama-bs.sk\/cs\/wp-json\/wp\/v2\/pages\/3456"}],"wp:attachment":[{"href":"https:\/\/lama-bs.sk\/cs\/wp-json\/wp\/v2\/media?parent=3756"}],"curies":[{"name":"wp","href":"https:\/\/api.w.org\/{rel}","templated":true}]}}