{"id":3736,"date":"2024-10-29T15:06:27","date_gmt":"2024-10-29T14:06:27","guid":{"rendered":"https:\/\/lama-bs.sk\/?page_id=3736"},"modified":"2024-10-29T15:06:27","modified_gmt":"2024-10-29T14:06:27","slug":"petr-huspenina","status":"publish","type":"page","link":"https:\/\/lama-bs.sk\/cs\/prodejci\/zaluzie-praha\/petr-huspenina\/","title":{"rendered":"PETR HUSPENINA \u017ealuzie Praha"},"content":{"rendered":"<p>Firma <strong>Petr Huspenina<\/strong> s\u00eddl\u00ed v\u00a0<a href=\"https:\/\/lama-bs.sk\/cs\/prodejci\/zaluzie-praha\/\">Praze<\/a>\u00a0a specializuje se na&nbsp;mont\u00e1\u017e \u017ealuzi\u00ed, rolet, mark\u00fdz a&nbsp;dal\u0161\u00edch st\u00ednic\u00edch syst\u00e9m\u016f. Na&nbsp;trhu p\u016fsob\u00ed od&nbsp;roku 1994 a&nbsp;b\u011bhem sv\u00e9 existence si vybudovala dobrou reputaci d\u00edky kvalitn\u00edm slu\u017eb\u00e1m a&nbsp;spolehlivosti. Mezi jej\u00ed \u00fasp\u011bchy pat\u0159\u00ed roz\u0161\u00ed\u0159en\u00ed nab\u00eddky o&nbsp;modern\u00ed \u0159e\u0161en\u00ed st\u00edn\u011bn\u00ed, co\u017e zahrnuje i&nbsp;ekologicky \u0161etrn\u00e9 bambusov\u00e9 \u017ealuzie, kter\u00e9 z\u00e1kazn\u00edci mohou zakoupit do&nbsp;sv\u00fdch interi\u00e9r\u016f. Tyto \u017ealuzie kombinuj\u00ed estetiku s&nbsp;funkcionalitou a&nbsp;jsou ide\u00e1ln\u00ed volbou pro ka\u017edou dom\u00e1cnost.<\/p>\n<p>Pokud m\u00e1te z\u00e1jem o\u00a0<a href=\"https:\/\/lama-bs.sk\/cs\/ponuka-vnutornych-zaluzii\/\">modern\u00ed a&nbsp;kvalitn\u00ed bambusov\u00e9 \u017ealuzie<\/a>, firma Petr Huspenina nab\u00edz\u00ed \u0161irok\u00fd v\u00fdb\u011br, kter\u00fd spln\u00ed po\u017eadavky na&nbsp;styl i&nbsp;\u00fa\u010delnost.<\/p>\n<p>&nbsp;<\/p>\n<ul>\n<li style=\"font-weight: 400;\" aria-level=\"1\"><b>E-mail<\/b><span style=\"font-weight: 400;\">: <a href=\"mailto:petr.huspenina@seznam.cz\" target=\"_blank\" rel=\"noopener\">petr.huspenina@seznam.cz<\/a><\/span><\/li>\n<li style=\"font-weight: 400;\" aria-level=\"1\"><b>Adresa<\/b><span style=\"font-weight: 400;\">: V&nbsp;Doln\u00edch 561, Ps\u00e1ry, Doln\u00ed Jir\u010dany<\/span><\/li>\n<\/ul>\n","protected":false},"excerpt":{"rendered":"<p>Firma Petr Huspenina s\u00eddl\u00ed v\u00a0Praze\u00a0a specializuje se na&nbsp;mont\u00e1\u017e \u017ealuzi\u00ed, rolet, mark\u00fdz a&nbsp;dal\u0161\u00edch st\u00ednic\u00edch syst\u00e9m\u016f. Na&nbsp;trhu p\u016fsob\u00ed od&nbsp;roku 1994 a&nbsp;b\u011bhem sv\u00e9 existence si vybudovala dobrou reputaci d\u00edky kvalitn\u00edm slu\u017eb\u00e1m a&nbsp;spolehlivosti. Mezi jej\u00ed \u00fasp\u011bchy pat\u0159\u00ed roz\u0161\u00ed\u0159en\u00ed nab\u00eddky o&nbsp;modern\u00ed \u0159e\u0161en\u00ed st\u00edn\u011bn\u00ed, co\u017e zahrnuje i&nbsp;ekologicky \u0161etrn\u00e9 bambusov\u00e9 \u017ealuzie, kter\u00e9 z\u00e1kazn\u00edci mohou zakoupit do&nbsp;sv\u00fdch interi\u00e9r\u016f. Tyto \u017ealuzie kombinuj\u00ed estetiku s&nbsp;funkcionalitou [&hellip;]<\/p>\n","protected":false},"author":1,"featured_media":0,"parent":3456,"menu_order":0,"comment_status":"closed","ping_status":"closed","template":"template-partners.php","meta":{"footnotes":""},"class_list":["post-3736","page","type-page","status-publish","hentry"],"yoast_head":"<!-- This site is optimized with the Yoast SEO plugin v26.4 - https:\/\/yoast.com\/wordpress\/plugins\/seo\/ -->\n<title>Prodejce \u017ealuzi\u00ed Petr Huspenina Praha | Lama Bamboo<\/title>\n<meta name=\"description\" content=\"Modern\u00ed a kvalitn\u00ed bambusov\u00e9 \u017ealuzie od n\u00e1s zakoup\u00edte v Praze u firmy Petr Huspenina. Po\u0159i\u010fte si je u\u017e dnes.\" \/>\n<meta name=\"robots\" content=\"index, follow, max-snippet:-1, max-image-preview:large, max-video-preview:-1\" \/>\n<link rel=\"canonical\" href=\"https:\/\/lama-bs.sk\/cs\/prodejci\/zaluzie-praha\/petr-huspenina\/\" \/>\n<meta property=\"og:locale\" content=\"cs_CZ\" \/>\n<meta property=\"og:type\" content=\"article\" \/>\n<meta property=\"og:title\" content=\"Prodejce \u017ealuzi\u00ed Petr Huspenina Praha | Lama Bamboo\" \/>\n<meta property=\"og:description\" content=\"Modern\u00ed a kvalitn\u00ed bambusov\u00e9 \u017ealuzie od n\u00e1s zakoup\u00edte v Praze u firmy Petr Huspenina. Po\u0159i\u010fte si je u\u017e dnes.\" \/>\n<meta property=\"og:url\" content=\"https:\/\/lama-bs.sk\/cs\/prodejci\/zaluzie-praha\/petr-huspenina\/\" \/>\n<meta property=\"og:site_name\" content=\"LAMA Bamboo systems s.r.o.\" \/>\n<meta name=\"twitter:card\" content=\"summary_large_image\" \/>\n<meta name=\"twitter:label1\" content=\"Odhadovan\u00e1 doba \u010dten\u00ed\" \/>\n\t<meta name=\"twitter:data1\" content=\"1 minuta\" \/>\n<script type=\"application\/ld+json\" class=\"yoast-schema-graph\">{\"@context\":\"https:\/\/schema.org\",\"@graph\":[{\"@type\":\"WebPage\",\"@id\":\"https:\/\/lama-bs.sk\/cs\/prodejci\/zaluzie-praha\/petr-huspenina\/\",\"url\":\"https:\/\/lama-bs.sk\/cs\/prodejci\/zaluzie-praha\/petr-huspenina\/\",\"name\":\"Prodejce \u017ealuzi\u00ed Petr Huspenina Praha | Lama Bamboo\",\"isPartOf\":{\"@id\":\"https:\/\/lama-bs.sk\/#website\"},\"datePublished\":\"2024-10-29T14:06:27+00:00\",\"description\":\"Modern\u00ed a kvalitn\u00ed bambusov\u00e9 \u017ealuzie od n\u00e1s zakoup\u00edte v Praze u firmy Petr Huspenina. Po\u0159i\u010fte si je u\u017e dnes.\",\"breadcrumb\":{\"@id\":\"https:\/\/lama-bs.sk\/cs\/prodejci\/zaluzie-praha\/petr-huspenina\/#breadcrumb\"},\"inLanguage\":\"cs\",\"potentialAction\":[{\"@type\":\"ReadAction\",\"target\":[\"https:\/\/lama-bs.sk\/cs\/prodejci\/zaluzie-praha\/petr-huspenina\/\"]}]},{\"@type\":\"BreadcrumbList\",\"@id\":\"https:\/\/lama-bs.sk\/cs\/prodejci\/zaluzie-praha\/petr-huspenina\/#breadcrumb\",\"itemListElement\":[{\"@type\":\"ListItem\",\"position\":1,\"name\":\"Prodejci\",\"item\":\"https:\/\/lama-bs.sk\/cs\/prodejci\/\"},{\"@type\":\"ListItem\",\"position\":2,\"name\":\"\u017daluzie Praha\",\"item\":\"https:\/\/lama-bs.sk\/cs\/prodejci\/zaluzie-praha\/\"},{\"@type\":\"ListItem\",\"position\":3,\"name\":\"PETR HUSPENINA \u017ealuzie Praha\"}]},{\"@type\":\"WebSite\",\"@id\":\"https:\/\/lama-bs.sk\/#website\",\"url\":\"https:\/\/lama-bs.sk\/\",\"name\":\"LAMA Bamboo systems s.r.o.\",\"description\":\"\",\"potentialAction\":[{\"@type\":\"SearchAction\",\"target\":{\"@type\":\"EntryPoint\",\"urlTemplate\":\"https:\/\/lama-bs.sk\/?s={search_term_string}\"},\"query-input\":{\"@type\":\"PropertyValueSpecification\",\"valueRequired\":true,\"valueName\":\"search_term_string\"}}],\"inLanguage\":\"cs\"}]}<\/script>\n<!-- \/ Yoast SEO plugin. -->","yoast_head_json":{"title":"Prodejce \u017ealuzi\u00ed Petr Huspenina Praha | Lama Bamboo","description":"Modern\u00ed a kvalitn\u00ed bambusov\u00e9 \u017ealuzie od n\u00e1s zakoup\u00edte v Praze u firmy Petr Huspenina. Po\u0159i\u010fte si je u\u017e dnes.","robots":{"index":"index","follow":"follow","max-snippet":"max-snippet:-1","max-image-preview":"max-image-preview:large","max-video-preview":"max-video-preview:-1"},"canonical":"https:\/\/lama-bs.sk\/cs\/prodejci\/zaluzie-praha\/petr-huspenina\/","og_locale":"cs_CZ","og_type":"article","og_title":"Prodejce \u017ealuzi\u00ed Petr Huspenina Praha | Lama Bamboo","og_description":"Modern\u00ed a kvalitn\u00ed bambusov\u00e9 \u017ealuzie od n\u00e1s zakoup\u00edte v Praze u firmy Petr Huspenina. Po\u0159i\u010fte si je u\u017e dnes.","og_url":"https:\/\/lama-bs.sk\/cs\/prodejci\/zaluzie-praha\/petr-huspenina\/","og_site_name":"LAMA Bamboo systems s.r.o.","twitter_card":"summary_large_image","twitter_misc":{"Odhadovan\u00e1 doba \u010dten\u00ed":"1 minuta"},"schema":{"@context":"https:\/\/schema.org","@graph":[{"@type":"WebPage","@id":"https:\/\/lama-bs.sk\/cs\/prodejci\/zaluzie-praha\/petr-huspenina\/","url":"https:\/\/lama-bs.sk\/cs\/prodejci\/zaluzie-praha\/petr-huspenina\/","name":"Prodejce \u017ealuzi\u00ed Petr Huspenina Praha | Lama Bamboo","isPartOf":{"@id":"https:\/\/lama-bs.sk\/#website"},"datePublished":"2024-10-29T14:06:27+00:00","description":"Modern\u00ed a kvalitn\u00ed bambusov\u00e9 \u017ealuzie od n\u00e1s zakoup\u00edte v Praze u firmy Petr Huspenina. Po\u0159i\u010fte si je u\u017e dnes.","breadcrumb":{"@id":"https:\/\/lama-bs.sk\/cs\/prodejci\/zaluzie-praha\/petr-huspenina\/#breadcrumb"},"inLanguage":"cs","potentialAction":[{"@type":"ReadAction","target":["https:\/\/lama-bs.sk\/cs\/prodejci\/zaluzie-praha\/petr-huspenina\/"]}]},{"@type":"BreadcrumbList","@id":"https:\/\/lama-bs.sk\/cs\/prodejci\/zaluzie-praha\/petr-huspenina\/#breadcrumb","itemListElement":[{"@type":"ListItem","position":1,"name":"Prodejci","item":"https:\/\/lama-bs.sk\/cs\/prodejci\/"},{"@type":"ListItem","position":2,"name":"\u017daluzie Praha","item":"https:\/\/lama-bs.sk\/cs\/prodejci\/zaluzie-praha\/"},{"@type":"ListItem","position":3,"name":"PETR HUSPENINA \u017ealuzie Praha"}]},{"@type":"WebSite","@id":"https:\/\/lama-bs.sk\/#website","url":"https:\/\/lama-bs.sk\/","name":"LAMA Bamboo systems s.r.o.","description":"","potentialAction":[{"@type":"SearchAction","target":{"@type":"EntryPoint","urlTemplate":"https:\/\/lama-bs.sk\/?s={search_term_string}"},"query-input":{"@type":"PropertyValueSpecification","valueRequired":true,"valueName":"search_term_string"}}],"inLanguage":"cs"}]}},"_links":{"self":[{"href":"https:\/\/lama-bs.sk\/cs\/wp-json\/wp\/v2\/pages\/3736","targetHints":{"allow":["GET"]}}],"collection":[{"href":"https:\/\/lama-bs.sk\/cs\/wp-json\/wp\/v2\/pages"}],"about":[{"href":"https:\/\/lama-bs.sk\/cs\/wp-json\/wp\/v2\/types\/page"}],"author":[{"embeddable":true,"href":"https:\/\/lama-bs.sk\/cs\/wp-json\/wp\/v2\/users\/1"}],"replies":[{"embeddable":true,"href":"https:\/\/lama-bs.sk\/cs\/wp-json\/wp\/v2\/comments?post=3736"}],"version-history":[{"count":2,"href":"https:\/\/lama-bs.sk\/cs\/wp-json\/wp\/v2\/pages\/3736\/revisions"}],"predecessor-version":[{"id":4182,"href":"https:\/\/lama-bs.sk\/cs\/wp-json\/wp\/v2\/pages\/3736\/revisions\/4182"}],"up":[{"embeddable":true,"href":"https:\/\/lama-bs.sk\/cs\/wp-json\/wp\/v2\/pages\/3456"}],"wp:attachment":[{"href":"https:\/\/lama-bs.sk\/cs\/wp-json\/wp\/v2\/media?parent=3736"}],"curies":[{"name":"wp","href":"https:\/\/api.w.org\/{rel}","templated":true}]}}