{"id":3731,"date":"2024-10-29T16:01:33","date_gmt":"2024-10-29T15:01:33","guid":{"rendered":"https:\/\/lama-bs.sk\/?page_id=3731"},"modified":"2024-10-29T16:01:33","modified_gmt":"2024-10-29T15:01:33","slug":"zk-blinds","status":"publish","type":"page","link":"https:\/\/lama-bs.sk\/cs\/prodejci\/zaluzie-praha\/zk-blinds\/","title":{"rendered":"ZK BLINDS \u017ealuzie Praha"},"content":{"rendered":"<p>Firma <strong>ZK Blinds s.r.o.<\/strong> s\u00eddl\u00ed v\u00a0<a href=\"https:\/\/lama-bs.sk\/cs\/prodejci\/zaluzie-praha\/\">Praze<\/a>. Byla zalo\u017eena 21.&nbsp;z\u00e1\u0159\u00ed 2021 a&nbsp;specializuje se na&nbsp;v\u00fdrobu a&nbsp;dod\u00e1vku st\u00ednic\u00ed techniky, v\u010detn\u011b \u017ealuzi\u00ed a&nbsp;rolet. Mezi jej\u00ed \u010dinnosti pat\u0159\u00ed tak\u00e9 pron\u00e1jem a&nbsp;p\u016fj\u010dov\u00e1n\u00ed movit\u00fdch v\u011bc\u00ed, poradenstv\u00ed a&nbsp;reklamn\u00ed \u010dinnost. ZK Blinds se zam\u011b\u0159uje na&nbsp;poskytov\u00e1n\u00ed komplexn\u00edch slu\u017eeb v&nbsp;oblasti st\u00edn\u011bn\u00ed a&nbsp;spolupracuje s&nbsp;mnoha partnery na&nbsp;zaji\u0161t\u011bn\u00ed kvalitn\u00edch produkt\u016f. Jedn\u00edm z&nbsp;v\u00fdznamn\u00fdch \u00fasp\u011bch\u016f spole\u010dnosti je schopnost p\u0159izp\u016fsobit se po\u017eadavk\u016fm trhu a&nbsp;z\u00e1kazn\u00edk\u016f, co\u017e j\u00ed umo\u017enilo z\u00edskat d\u016fv\u011bru \u0161irok\u00e9ho spektra klient\u016f. Pokud hled\u00e1te efektivn\u00ed a&nbsp;estetick\u00e9 \u0159e\u0161en\u00ed pro st\u00edn\u011bn\u00ed va\u0161ich prostor, ZK Blinds je ide\u00e1ln\u00ed volbou d\u00edky sv\u00e9mu zam\u011b\u0159en\u00ed na&nbsp;kvalitu a&nbsp;modern\u00ed design.<\/p>\n<p><strong>ZK Blinds<\/strong> nab\u00edz\u00ed\u00a0<a href=\"https:\/\/lama-bs.sk\/cs\/ponuka-vnutornych-zaluzii\/\">modern\u00ed a&nbsp;kvalitn\u00ed bambusov\u00e9 \u017ealuzie<\/a>, kter\u00e9 si z\u00e1kazn\u00edci mohou zakoupit pro sv\u00e9 interi\u00e9ry. Tyto \u017ealuzie jsou ekologicky \u0161etrn\u00e9 a&nbsp;poskytuj\u00ed nejen atraktivn\u00ed design, ale tak\u00e9 \u00fa\u010dinnou ochranu p\u0159ed slune\u010dn\u00edm z\u00e1\u0159en\u00edm.<\/p>\n<p>&nbsp;<\/p>\n<ul>\n<li style=\"font-weight: 400;\" aria-level=\"1\"><b>E-mail<\/b><span style=\"font-weight: 400;\">: <a href=\"mailto:praha@zaluziekomfort.cz\" target=\"_blank\" rel=\"noopener\">praha@zaluziekomfort.cz<\/a><\/span><\/li>\n<li style=\"font-weight: 400;\" aria-level=\"1\"><b>Adresa<\/b><span style=\"font-weight: 400;\">: Rozplylsk\u00e1 1860\/1, Praha 11<\/span><\/li>\n<li style=\"font-weight: 400;\" aria-level=\"1\"><b>Str\u00e1nka<\/b><span style=\"font-weight: 400;\">: <a href=\"https:\/\/www.zaluziekomfort.cz\/\" target=\"_blank\" rel=\"noopener\">https:\/\/www.zaluziekomfort.cz\/<\/a><\/span><\/li>\n<\/ul>\n","protected":false},"excerpt":{"rendered":"<p>Firma ZK Blinds s.r.o. s\u00eddl\u00ed v\u00a0Praze. Byla zalo\u017eena 21.&nbsp;z\u00e1\u0159\u00ed 2021 a&nbsp;specializuje se na&nbsp;v\u00fdrobu a&nbsp;dod\u00e1vku st\u00ednic\u00ed techniky, v\u010detn\u011b \u017ealuzi\u00ed a&nbsp;rolet. Mezi jej\u00ed \u010dinnosti pat\u0159\u00ed tak\u00e9 pron\u00e1jem a&nbsp;p\u016fj\u010dov\u00e1n\u00ed movit\u00fdch v\u011bc\u00ed, poradenstv\u00ed a&nbsp;reklamn\u00ed \u010dinnost. ZK Blinds se zam\u011b\u0159uje na&nbsp;poskytov\u00e1n\u00ed komplexn\u00edch slu\u017eeb v&nbsp;oblasti st\u00edn\u011bn\u00ed a&nbsp;spolupracuje s&nbsp;mnoha partnery na&nbsp;zaji\u0161t\u011bn\u00ed kvalitn\u00edch produkt\u016f. Jedn\u00edm z&nbsp;v\u00fdznamn\u00fdch \u00fasp\u011bch\u016f spole\u010dnosti je schopnost p\u0159izp\u016fsobit se po\u017eadavk\u016fm [&hellip;]<\/p>\n","protected":false},"author":1,"featured_media":0,"parent":3456,"menu_order":0,"comment_status":"closed","ping_status":"closed","template":"template-partners.php","meta":{"footnotes":""},"class_list":["post-3731","page","type-page","status-publish","hentry"],"yoast_head":"<!-- This site is optimized with the Yoast SEO plugin v26.4 - https:\/\/yoast.com\/wordpress\/plugins\/seo\/ -->\n<title>Prodejce \u017ealuzi\u00ed ZK Blinds Praha | Lama Bamboo<\/title>\n<meta name=\"description\" content=\"Dop\u0159ejte si nov\u00e9 bambusov\u00e9 \u017ealuzie, kter\u00e9 najdete u na\u0161eho dlouholet\u00e9ho partnera, spole\u010dnosti ZK Blinds s.r.o. v Praze.\" \/>\n<meta name=\"robots\" content=\"index, follow, max-snippet:-1, max-image-preview:large, max-video-preview:-1\" \/>\n<link rel=\"canonical\" href=\"https:\/\/lama-bs.sk\/cs\/prodejci\/zaluzie-praha\/zk-blinds\/\" \/>\n<meta property=\"og:locale\" content=\"cs_CZ\" \/>\n<meta property=\"og:type\" content=\"article\" \/>\n<meta property=\"og:title\" content=\"Prodejce \u017ealuzi\u00ed ZK Blinds Praha | Lama Bamboo\" \/>\n<meta property=\"og:description\" content=\"Dop\u0159ejte si nov\u00e9 bambusov\u00e9 \u017ealuzie, kter\u00e9 najdete u na\u0161eho dlouholet\u00e9ho partnera, spole\u010dnosti ZK Blinds s.r.o. v Praze.\" \/>\n<meta property=\"og:url\" content=\"https:\/\/lama-bs.sk\/cs\/prodejci\/zaluzie-praha\/zk-blinds\/\" \/>\n<meta property=\"og:site_name\" content=\"LAMA Bamboo systems s.r.o.\" \/>\n<meta name=\"twitter:card\" content=\"summary_large_image\" \/>\n<meta name=\"twitter:label1\" content=\"Odhadovan\u00e1 doba \u010dten\u00ed\" \/>\n\t<meta name=\"twitter:data1\" content=\"1 minuta\" \/>\n<script type=\"application\/ld+json\" class=\"yoast-schema-graph\">{\"@context\":\"https:\/\/schema.org\",\"@graph\":[{\"@type\":\"WebPage\",\"@id\":\"https:\/\/lama-bs.sk\/cs\/prodejci\/zaluzie-praha\/zk-blinds\/\",\"url\":\"https:\/\/lama-bs.sk\/cs\/prodejci\/zaluzie-praha\/zk-blinds\/\",\"name\":\"Prodejce \u017ealuzi\u00ed ZK Blinds Praha | Lama Bamboo\",\"isPartOf\":{\"@id\":\"https:\/\/lama-bs.sk\/#website\"},\"datePublished\":\"2024-10-29T15:01:33+00:00\",\"description\":\"Dop\u0159ejte si nov\u00e9 bambusov\u00e9 \u017ealuzie, kter\u00e9 najdete u na\u0161eho dlouholet\u00e9ho partnera, spole\u010dnosti ZK Blinds s.r.o. v Praze.\",\"breadcrumb\":{\"@id\":\"https:\/\/lama-bs.sk\/cs\/prodejci\/zaluzie-praha\/zk-blinds\/#breadcrumb\"},\"inLanguage\":\"cs\",\"potentialAction\":[{\"@type\":\"ReadAction\",\"target\":[\"https:\/\/lama-bs.sk\/cs\/prodejci\/zaluzie-praha\/zk-blinds\/\"]}]},{\"@type\":\"BreadcrumbList\",\"@id\":\"https:\/\/lama-bs.sk\/cs\/prodejci\/zaluzie-praha\/zk-blinds\/#breadcrumb\",\"itemListElement\":[{\"@type\":\"ListItem\",\"position\":1,\"name\":\"Prodejci\",\"item\":\"https:\/\/lama-bs.sk\/cs\/prodejci\/\"},{\"@type\":\"ListItem\",\"position\":2,\"name\":\"\u017daluzie Praha\",\"item\":\"https:\/\/lama-bs.sk\/cs\/prodejci\/zaluzie-praha\/\"},{\"@type\":\"ListItem\",\"position\":3,\"name\":\"ZK BLINDS \u017ealuzie Praha\"}]},{\"@type\":\"WebSite\",\"@id\":\"https:\/\/lama-bs.sk\/#website\",\"url\":\"https:\/\/lama-bs.sk\/\",\"name\":\"LAMA Bamboo systems s.r.o.\",\"description\":\"\",\"potentialAction\":[{\"@type\":\"SearchAction\",\"target\":{\"@type\":\"EntryPoint\",\"urlTemplate\":\"https:\/\/lama-bs.sk\/?s={search_term_string}\"},\"query-input\":{\"@type\":\"PropertyValueSpecification\",\"valueRequired\":true,\"valueName\":\"search_term_string\"}}],\"inLanguage\":\"cs\"}]}<\/script>\n<!-- \/ Yoast SEO plugin. -->","yoast_head_json":{"title":"Prodejce \u017ealuzi\u00ed ZK Blinds Praha | Lama Bamboo","description":"Dop\u0159ejte si nov\u00e9 bambusov\u00e9 \u017ealuzie, kter\u00e9 najdete u na\u0161eho dlouholet\u00e9ho partnera, spole\u010dnosti ZK Blinds s.r.o. v Praze.","robots":{"index":"index","follow":"follow","max-snippet":"max-snippet:-1","max-image-preview":"max-image-preview:large","max-video-preview":"max-video-preview:-1"},"canonical":"https:\/\/lama-bs.sk\/cs\/prodejci\/zaluzie-praha\/zk-blinds\/","og_locale":"cs_CZ","og_type":"article","og_title":"Prodejce \u017ealuzi\u00ed ZK Blinds Praha | Lama Bamboo","og_description":"Dop\u0159ejte si nov\u00e9 bambusov\u00e9 \u017ealuzie, kter\u00e9 najdete u na\u0161eho dlouholet\u00e9ho partnera, spole\u010dnosti ZK Blinds s.r.o. v Praze.","og_url":"https:\/\/lama-bs.sk\/cs\/prodejci\/zaluzie-praha\/zk-blinds\/","og_site_name":"LAMA Bamboo systems s.r.o.","twitter_card":"summary_large_image","twitter_misc":{"Odhadovan\u00e1 doba \u010dten\u00ed":"1 minuta"},"schema":{"@context":"https:\/\/schema.org","@graph":[{"@type":"WebPage","@id":"https:\/\/lama-bs.sk\/cs\/prodejci\/zaluzie-praha\/zk-blinds\/","url":"https:\/\/lama-bs.sk\/cs\/prodejci\/zaluzie-praha\/zk-blinds\/","name":"Prodejce \u017ealuzi\u00ed ZK Blinds Praha | Lama Bamboo","isPartOf":{"@id":"https:\/\/lama-bs.sk\/#website"},"datePublished":"2024-10-29T15:01:33+00:00","description":"Dop\u0159ejte si nov\u00e9 bambusov\u00e9 \u017ealuzie, kter\u00e9 najdete u na\u0161eho dlouholet\u00e9ho partnera, spole\u010dnosti ZK Blinds s.r.o. v Praze.","breadcrumb":{"@id":"https:\/\/lama-bs.sk\/cs\/prodejci\/zaluzie-praha\/zk-blinds\/#breadcrumb"},"inLanguage":"cs","potentialAction":[{"@type":"ReadAction","target":["https:\/\/lama-bs.sk\/cs\/prodejci\/zaluzie-praha\/zk-blinds\/"]}]},{"@type":"BreadcrumbList","@id":"https:\/\/lama-bs.sk\/cs\/prodejci\/zaluzie-praha\/zk-blinds\/#breadcrumb","itemListElement":[{"@type":"ListItem","position":1,"name":"Prodejci","item":"https:\/\/lama-bs.sk\/cs\/prodejci\/"},{"@type":"ListItem","position":2,"name":"\u017daluzie Praha","item":"https:\/\/lama-bs.sk\/cs\/prodejci\/zaluzie-praha\/"},{"@type":"ListItem","position":3,"name":"ZK BLINDS \u017ealuzie Praha"}]},{"@type":"WebSite","@id":"https:\/\/lama-bs.sk\/#website","url":"https:\/\/lama-bs.sk\/","name":"LAMA Bamboo systems s.r.o.","description":"","potentialAction":[{"@type":"SearchAction","target":{"@type":"EntryPoint","urlTemplate":"https:\/\/lama-bs.sk\/?s={search_term_string}"},"query-input":{"@type":"PropertyValueSpecification","valueRequired":true,"valueName":"search_term_string"}}],"inLanguage":"cs"}]}},"_links":{"self":[{"href":"https:\/\/lama-bs.sk\/cs\/wp-json\/wp\/v2\/pages\/3731","targetHints":{"allow":["GET"]}}],"collection":[{"href":"https:\/\/lama-bs.sk\/cs\/wp-json\/wp\/v2\/pages"}],"about":[{"href":"https:\/\/lama-bs.sk\/cs\/wp-json\/wp\/v2\/types\/page"}],"author":[{"embeddable":true,"href":"https:\/\/lama-bs.sk\/cs\/wp-json\/wp\/v2\/users\/1"}],"replies":[{"embeddable":true,"href":"https:\/\/lama-bs.sk\/cs\/wp-json\/wp\/v2\/comments?post=3731"}],"version-history":[{"count":2,"href":"https:\/\/lama-bs.sk\/cs\/wp-json\/wp\/v2\/pages\/3731\/revisions"}],"predecessor-version":[{"id":4206,"href":"https:\/\/lama-bs.sk\/cs\/wp-json\/wp\/v2\/pages\/3731\/revisions\/4206"}],"up":[{"embeddable":true,"href":"https:\/\/lama-bs.sk\/cs\/wp-json\/wp\/v2\/pages\/3456"}],"wp:attachment":[{"href":"https:\/\/lama-bs.sk\/cs\/wp-json\/wp\/v2\/media?parent=3731"}],"curies":[{"name":"wp","href":"https:\/\/api.w.org\/{rel}","templated":true}]}}