{"id":3726,"date":"2024-10-29T15:55:04","date_gmt":"2024-10-29T14:55:04","guid":{"rendered":"https:\/\/lama-bs.sk\/?page_id=3726"},"modified":"2024-10-29T15:55:04","modified_gmt":"2024-10-29T14:55:04","slug":"sunprof","status":"publish","type":"page","link":"https:\/\/lama-bs.sk\/cs\/prodejci\/zaluzie-praha\/sunprof\/","title":{"rendered":"SUNPROF CZ \u017ealuzie Praha"},"content":{"rendered":"<p>Spole\u010dnost <strong>Sunprof CZ s.r.o.<\/strong> s\u00eddl\u00ed v\u00a0<a href=\"https:\/\/lama-bs.sk\/cs\/prodejci\/zaluzie-praha\/\">Praze<\/a> a&nbsp;zam\u011b\u0159uje se na&nbsp;v\u00fdrobu a&nbsp;mont\u00e1\u017e st\u00edn\u00edc\u00edch syst\u00e9m\u016f. Byla zalo\u017eena v&nbsp;roce 2006 Janem Kopeck\u00fdm, kter\u00fd ji\u017e tehdy m\u011bl 10 let zku\u0161enost\u00ed v&nbsp;oboru. Firma se specializuje na&nbsp;individu\u00e1ln\u00ed p\u0159\u00edstup ke ka\u017ed\u00e9mu z\u00e1kazn\u00edkovi, s&nbsp;d\u016frazem na&nbsp;kvalitn\u00ed a&nbsp;na&nbsp;m\u00edru vyr\u00e1b\u011bn\u00e9 produkty. Nab\u00edz\u00ed \u0161irok\u00fd sortiment interi\u00e9rov\u00e9ho a&nbsp;exteri\u00e9rov\u00e9ho st\u00edn\u011bn\u00ed, v\u010detn\u011b \u017ealuzi\u00ed, rolet, mark\u00fdz a&nbsp;pergol. Od&nbsp;roku 2010 spole\u010dnost provozuje vlastn\u00ed vzorkovnu, kde z\u00e1kazn\u00edci mohou vid\u011bt jej\u00ed produkty na&nbsp;vlastn\u00ed o\u010di. D\u00edky d\u016frazu na&nbsp;z\u00e1kaznick\u00fd servis a&nbsp;vysokou kvalitu v\u00fdrobk\u016f si spole\u010dnost vybudovala pevn\u00e9 postaven\u00ed na&nbsp;trhu v&nbsp;oblasti st\u00edn\u00edc\u00ed techniky.<\/p>\n<p>Firma Sunprof CZ s.r.o. tak\u00e9 nab\u00edz\u00ed na\u0161e <a href=\"https:\/\/lama-bs.sk\/cs\/ponuka-vnutornych-zaluzii\/\">modern\u00ed a&nbsp;kvalitn\u00ed bambusov\u00e9 \u017ealuzie<\/a>, kter\u00e9 si z\u00e1kazn\u00edci mohou zakoupit do&nbsp;sv\u00fdch interi\u00e9r\u016f. Tyto \u017ealuzie jsou nejen stylov\u00e9, ale tak\u00e9 ekologick\u00e9 a&nbsp;velmi odoln\u00e9, co\u017e je \u010din\u00ed ide\u00e1ln\u00ed volbou pro ka\u017ed\u00fd prostor.<\/p>\n<p>&nbsp;<\/p>\n<ul>\n<li style=\"font-weight: 400;\" aria-level=\"1\"><b>E-mail<\/b><span style=\"font-weight: 400;\">: <a href=\"mailto:info@sunprof.cz\" target=\"_blank\" rel=\"noopener\">info@sunprof.cz<\/a><\/span><\/li>\n<li style=\"font-weight: 400;\" aria-level=\"1\"><b>Adresa<\/b><span style=\"font-weight: 400;\">: Sm\u00edchovsk\u00e1 1, Praha 5<\/span><\/li>\n<li style=\"font-weight: 400;\" aria-level=\"1\"><b>Str\u00e1nka<\/b><span style=\"font-weight: 400;\">: <a href=\"https:\/\/www.sunprof.cz\/\" target=\"_blank\" rel=\"noopener\">https:\/\/www.sunprof.cz\/<\/a><\/span><\/li>\n<\/ul>\n","protected":false},"excerpt":{"rendered":"<p>Spole\u010dnost Sunprof CZ s.r.o. s\u00eddl\u00ed v\u00a0Praze a&nbsp;zam\u011b\u0159uje se na&nbsp;v\u00fdrobu a&nbsp;mont\u00e1\u017e st\u00edn\u00edc\u00edch syst\u00e9m\u016f. Byla zalo\u017eena v&nbsp;roce 2006 Janem Kopeck\u00fdm, kter\u00fd ji\u017e tehdy m\u011bl 10 let zku\u0161enost\u00ed v&nbsp;oboru. Firma se specializuje na&nbsp;individu\u00e1ln\u00ed p\u0159\u00edstup ke ka\u017ed\u00e9mu z\u00e1kazn\u00edkovi, s&nbsp;d\u016frazem na&nbsp;kvalitn\u00ed a&nbsp;na&nbsp;m\u00edru vyr\u00e1b\u011bn\u00e9 produkty. Nab\u00edz\u00ed \u0161irok\u00fd sortiment interi\u00e9rov\u00e9ho a&nbsp;exteri\u00e9rov\u00e9ho st\u00edn\u011bn\u00ed, v\u010detn\u011b \u017ealuzi\u00ed, rolet, mark\u00fdz a&nbsp;pergol. Od&nbsp;roku 2010 spole\u010dnost provozuje vlastn\u00ed [&hellip;]<\/p>\n","protected":false},"author":1,"featured_media":0,"parent":3456,"menu_order":0,"comment_status":"closed","ping_status":"closed","template":"template-partners.php","meta":{"footnotes":""},"class_list":["post-3726","page","type-page","status-publish","hentry"],"yoast_head":"<!-- This site is optimized with the Yoast SEO plugin v26.4 - https:\/\/yoast.com\/wordpress\/plugins\/seo\/ -->\n<title>Prodejce \u017ealuzi\u00ed Sunprof Praha | Lama Bamboo<\/title>\n<meta name=\"description\" content=\"Nakupte nad\u010dasov\u00e9 bambusov\u00e9 \u017ealuzie od na\u0161eho partnera Sunprof CZ s.r.o. v Praze a u\u017e\u00edvejte si jejich kvalitu.\" \/>\n<meta name=\"robots\" content=\"index, follow, max-snippet:-1, max-image-preview:large, max-video-preview:-1\" \/>\n<link rel=\"canonical\" href=\"https:\/\/lama-bs.sk\/cs\/prodejci\/zaluzie-praha\/sunprof\/\" \/>\n<meta property=\"og:locale\" content=\"cs_CZ\" \/>\n<meta property=\"og:type\" content=\"article\" \/>\n<meta property=\"og:title\" content=\"Prodejce \u017ealuzi\u00ed Sunprof Praha | Lama Bamboo\" \/>\n<meta property=\"og:description\" content=\"Nakupte nad\u010dasov\u00e9 bambusov\u00e9 \u017ealuzie od na\u0161eho partnera Sunprof CZ s.r.o. v Praze a u\u017e\u00edvejte si jejich kvalitu.\" \/>\n<meta property=\"og:url\" content=\"https:\/\/lama-bs.sk\/cs\/prodejci\/zaluzie-praha\/sunprof\/\" \/>\n<meta property=\"og:site_name\" content=\"LAMA Bamboo systems s.r.o.\" \/>\n<meta name=\"twitter:card\" content=\"summary_large_image\" \/>\n<meta name=\"twitter:label1\" content=\"Odhadovan\u00e1 doba \u010dten\u00ed\" \/>\n\t<meta name=\"twitter:data1\" content=\"1 minuta\" \/>\n<script type=\"application\/ld+json\" class=\"yoast-schema-graph\">{\"@context\":\"https:\/\/schema.org\",\"@graph\":[{\"@type\":\"WebPage\",\"@id\":\"https:\/\/lama-bs.sk\/cs\/prodejci\/zaluzie-praha\/sunprof\/\",\"url\":\"https:\/\/lama-bs.sk\/cs\/prodejci\/zaluzie-praha\/sunprof\/\",\"name\":\"Prodejce \u017ealuzi\u00ed Sunprof Praha | Lama Bamboo\",\"isPartOf\":{\"@id\":\"https:\/\/lama-bs.sk\/#website\"},\"datePublished\":\"2024-10-29T14:55:04+00:00\",\"description\":\"Nakupte nad\u010dasov\u00e9 bambusov\u00e9 \u017ealuzie od na\u0161eho partnera Sunprof CZ s.r.o. v Praze a u\u017e\u00edvejte si jejich kvalitu.\",\"breadcrumb\":{\"@id\":\"https:\/\/lama-bs.sk\/cs\/prodejci\/zaluzie-praha\/sunprof\/#breadcrumb\"},\"inLanguage\":\"cs\",\"potentialAction\":[{\"@type\":\"ReadAction\",\"target\":[\"https:\/\/lama-bs.sk\/cs\/prodejci\/zaluzie-praha\/sunprof\/\"]}]},{\"@type\":\"BreadcrumbList\",\"@id\":\"https:\/\/lama-bs.sk\/cs\/prodejci\/zaluzie-praha\/sunprof\/#breadcrumb\",\"itemListElement\":[{\"@type\":\"ListItem\",\"position\":1,\"name\":\"Prodejci\",\"item\":\"https:\/\/lama-bs.sk\/cs\/prodejci\/\"},{\"@type\":\"ListItem\",\"position\":2,\"name\":\"\u017daluzie Praha\",\"item\":\"https:\/\/lama-bs.sk\/cs\/prodejci\/zaluzie-praha\/\"},{\"@type\":\"ListItem\",\"position\":3,\"name\":\"SUNPROF CZ \u017ealuzie Praha\"}]},{\"@type\":\"WebSite\",\"@id\":\"https:\/\/lama-bs.sk\/#website\",\"url\":\"https:\/\/lama-bs.sk\/\",\"name\":\"LAMA Bamboo systems s.r.o.\",\"description\":\"\",\"potentialAction\":[{\"@type\":\"SearchAction\",\"target\":{\"@type\":\"EntryPoint\",\"urlTemplate\":\"https:\/\/lama-bs.sk\/?s={search_term_string}\"},\"query-input\":{\"@type\":\"PropertyValueSpecification\",\"valueRequired\":true,\"valueName\":\"search_term_string\"}}],\"inLanguage\":\"cs\"}]}<\/script>\n<!-- \/ Yoast SEO plugin. -->","yoast_head_json":{"title":"Prodejce \u017ealuzi\u00ed Sunprof Praha | Lama Bamboo","description":"Nakupte nad\u010dasov\u00e9 bambusov\u00e9 \u017ealuzie od na\u0161eho partnera Sunprof CZ s.r.o. v Praze a u\u017e\u00edvejte si jejich kvalitu.","robots":{"index":"index","follow":"follow","max-snippet":"max-snippet:-1","max-image-preview":"max-image-preview:large","max-video-preview":"max-video-preview:-1"},"canonical":"https:\/\/lama-bs.sk\/cs\/prodejci\/zaluzie-praha\/sunprof\/","og_locale":"cs_CZ","og_type":"article","og_title":"Prodejce \u017ealuzi\u00ed Sunprof Praha | Lama Bamboo","og_description":"Nakupte nad\u010dasov\u00e9 bambusov\u00e9 \u017ealuzie od na\u0161eho partnera Sunprof CZ s.r.o. v Praze a u\u017e\u00edvejte si jejich kvalitu.","og_url":"https:\/\/lama-bs.sk\/cs\/prodejci\/zaluzie-praha\/sunprof\/","og_site_name":"LAMA Bamboo systems s.r.o.","twitter_card":"summary_large_image","twitter_misc":{"Odhadovan\u00e1 doba \u010dten\u00ed":"1 minuta"},"schema":{"@context":"https:\/\/schema.org","@graph":[{"@type":"WebPage","@id":"https:\/\/lama-bs.sk\/cs\/prodejci\/zaluzie-praha\/sunprof\/","url":"https:\/\/lama-bs.sk\/cs\/prodejci\/zaluzie-praha\/sunprof\/","name":"Prodejce \u017ealuzi\u00ed Sunprof Praha | Lama Bamboo","isPartOf":{"@id":"https:\/\/lama-bs.sk\/#website"},"datePublished":"2024-10-29T14:55:04+00:00","description":"Nakupte nad\u010dasov\u00e9 bambusov\u00e9 \u017ealuzie od na\u0161eho partnera Sunprof CZ s.r.o. v Praze a u\u017e\u00edvejte si jejich kvalitu.","breadcrumb":{"@id":"https:\/\/lama-bs.sk\/cs\/prodejci\/zaluzie-praha\/sunprof\/#breadcrumb"},"inLanguage":"cs","potentialAction":[{"@type":"ReadAction","target":["https:\/\/lama-bs.sk\/cs\/prodejci\/zaluzie-praha\/sunprof\/"]}]},{"@type":"BreadcrumbList","@id":"https:\/\/lama-bs.sk\/cs\/prodejci\/zaluzie-praha\/sunprof\/#breadcrumb","itemListElement":[{"@type":"ListItem","position":1,"name":"Prodejci","item":"https:\/\/lama-bs.sk\/cs\/prodejci\/"},{"@type":"ListItem","position":2,"name":"\u017daluzie Praha","item":"https:\/\/lama-bs.sk\/cs\/prodejci\/zaluzie-praha\/"},{"@type":"ListItem","position":3,"name":"SUNPROF CZ \u017ealuzie Praha"}]},{"@type":"WebSite","@id":"https:\/\/lama-bs.sk\/#website","url":"https:\/\/lama-bs.sk\/","name":"LAMA Bamboo systems s.r.o.","description":"","potentialAction":[{"@type":"SearchAction","target":{"@type":"EntryPoint","urlTemplate":"https:\/\/lama-bs.sk\/?s={search_term_string}"},"query-input":{"@type":"PropertyValueSpecification","valueRequired":true,"valueName":"search_term_string"}}],"inLanguage":"cs"}]}},"_links":{"self":[{"href":"https:\/\/lama-bs.sk\/cs\/wp-json\/wp\/v2\/pages\/3726","targetHints":{"allow":["GET"]}}],"collection":[{"href":"https:\/\/lama-bs.sk\/cs\/wp-json\/wp\/v2\/pages"}],"about":[{"href":"https:\/\/lama-bs.sk\/cs\/wp-json\/wp\/v2\/types\/page"}],"author":[{"embeddable":true,"href":"https:\/\/lama-bs.sk\/cs\/wp-json\/wp\/v2\/users\/1"}],"replies":[{"embeddable":true,"href":"https:\/\/lama-bs.sk\/cs\/wp-json\/wp\/v2\/comments?post=3726"}],"version-history":[{"count":2,"href":"https:\/\/lama-bs.sk\/cs\/wp-json\/wp\/v2\/pages\/3726\/revisions"}],"predecessor-version":[{"id":4203,"href":"https:\/\/lama-bs.sk\/cs\/wp-json\/wp\/v2\/pages\/3726\/revisions\/4203"}],"up":[{"embeddable":true,"href":"https:\/\/lama-bs.sk\/cs\/wp-json\/wp\/v2\/pages\/3456"}],"wp:attachment":[{"href":"https:\/\/lama-bs.sk\/cs\/wp-json\/wp\/v2\/media?parent=3726"}],"curies":[{"name":"wp","href":"https:\/\/api.w.org\/{rel}","templated":true}]}}