{"id":3716,"date":"2024-10-29T14:57:13","date_gmt":"2024-10-29T13:57:13","guid":{"rendered":"https:\/\/lama-bs.sk\/?page_id=3716"},"modified":"2024-10-29T14:57:13","modified_gmt":"2024-10-29T13:57:13","slug":"kluver-house","status":"publish","type":"page","link":"https:\/\/lama-bs.sk\/cs\/prodejci\/zaluzie-praha\/kluver-house\/","title":{"rendered":"KLUVER HOUSE \u017ealuzie Praha"},"content":{"rendered":"<p>Firma <strong>Kluver House s.r.o.<\/strong>, s\u00eddl\u00edc\u00ed v\u00a0<a href=\"https:\/\/lama-bs.sk\/cs\/prodejci\/zaluzie-praha\/\">Praze<\/a>, se specializuje na&nbsp;zak\u00e1zkovou v\u00fdrobu n\u00e1bytku a&nbsp;truhl\u00e1\u0159sk\u00fdch prac\u00ed. Zalo\u017een\u00e1 v&nbsp;roce 2012, spole\u010dnost se zam\u011b\u0159uje na&nbsp;tvorbu solit\u00e9rn\u00edho n\u00e1bytku, d\u011btsk\u00fdch pokoj\u016f, vestavn\u00fdch sk\u0159\u00edn\u00ed a&nbsp;kuchy\u0148sk\u00fdch linek. Krom\u011b toho firma tak\u00e9 nab\u00edz\u00ed slu\u017eby v&nbsp;oblasti vybavov\u00e1n\u00ed prodejen a&nbsp;v\u00fdstavnictv\u00ed. Majitel firmy, Petr Lukavsk\u00fd, klade d\u016fraz na&nbsp;kvalitn\u00ed zpracov\u00e1n\u00ed a&nbsp;individu\u00e1ln\u00ed p\u0159\u00edstup ke ka\u017ed\u00e9 zak\u00e1zce.<\/p>\n<p>Firma <strong>Kluver House<\/strong> nov\u011b zahrnula do&nbsp;sv\u00e9 nab\u00eddky modern\u00ed\u00a0<a href=\"https:\/\/lama-bs.sk\/cs\/ponuka-vnutornych-zaluzii\/\">bambusov\u00e9 \u017ealuzie<\/a>, kter\u00e9 si z\u00e1kazn\u00edci mohou zakoupit pro sv\u016fj interi\u00e9r. Tyto \u017ealuzie jsou stylov\u00e9, ekologicky \u0161etrn\u00e9 a&nbsp;vhodn\u00e9 i&nbsp;do&nbsp;vlhk\u00fdch prostor, nap\u0159\u00edklad koupelen, d\u00edky sv\u00e9 odolnosti v\u016f\u010di vod\u011b.<\/p>\n<p>&nbsp;<\/p>\n<ul>\n<li style=\"font-weight: 400;\" aria-level=\"1\"><b>E-mail<\/b><span style=\"font-weight: 400;\">: <a href=\"mailto:info@truhlarstvilukavsky.cz\" target=\"_blank\" rel=\"noopener\">info@truhlarstvilukavsky.cz<\/a><\/span><\/li>\n<li style=\"font-weight: 400;\" aria-level=\"1\"><b>Adresa<\/b><span style=\"font-weight: 400;\">: U&nbsp;Po\u0161tovky 1148, Praha 5<\/span><\/li>\n<li style=\"font-weight: 400;\" aria-level=\"1\"><b>Str\u00e1nka<\/b><span style=\"font-weight: 400;\">: <a href=\"https:\/\/www.kluverhouse.cz\/\" target=\"_blank\" rel=\"noopener\">https:\/\/www.kluverhouse.cz\/<\/a><\/span><\/li>\n<\/ul>\n","protected":false},"excerpt":{"rendered":"<p>Firma Kluver House s.r.o., s\u00eddl\u00edc\u00ed v\u00a0Praze, se specializuje na&nbsp;zak\u00e1zkovou v\u00fdrobu n\u00e1bytku a&nbsp;truhl\u00e1\u0159sk\u00fdch prac\u00ed. Zalo\u017een\u00e1 v&nbsp;roce 2012, spole\u010dnost se zam\u011b\u0159uje na&nbsp;tvorbu solit\u00e9rn\u00edho n\u00e1bytku, d\u011btsk\u00fdch pokoj\u016f, vestavn\u00fdch sk\u0159\u00edn\u00ed a&nbsp;kuchy\u0148sk\u00fdch linek. Krom\u011b toho firma tak\u00e9 nab\u00edz\u00ed slu\u017eby v&nbsp;oblasti vybavov\u00e1n\u00ed prodejen a&nbsp;v\u00fdstavnictv\u00ed. Majitel firmy, Petr Lukavsk\u00fd, klade d\u016fraz na&nbsp;kvalitn\u00ed zpracov\u00e1n\u00ed a&nbsp;individu\u00e1ln\u00ed p\u0159\u00edstup ke ka\u017ed\u00e9 zak\u00e1zce. Firma Kluver House nov\u011b [&hellip;]<\/p>\n","protected":false},"author":1,"featured_media":0,"parent":3456,"menu_order":0,"comment_status":"closed","ping_status":"closed","template":"template-partners.php","meta":{"footnotes":""},"class_list":["post-3716","page","type-page","status-publish","hentry"],"yoast_head":"<!-- This site is optimized with the Yoast SEO plugin v26.4 - https:\/\/yoast.com\/wordpress\/plugins\/seo\/ -->\n<title>Prodejce \u017ealuzi\u00ed Kluver House Praha | Lama Bamboo<\/title>\n<meta name=\"description\" content=\"Kvalitn\u00ed bambusov\u00e9 \u017ealuzie najdete u spole\u010dnosti Kluver House s.r.o. v Praze. Vyberte si sv\u00e9 nov\u00e9 st\u00edn\u011bn\u00ed.\" \/>\n<meta name=\"robots\" content=\"index, follow, max-snippet:-1, max-image-preview:large, max-video-preview:-1\" \/>\n<link rel=\"canonical\" href=\"https:\/\/lama-bs.sk\/cs\/prodejci\/zaluzie-praha\/kluver-house\/\" \/>\n<meta property=\"og:locale\" content=\"cs_CZ\" \/>\n<meta property=\"og:type\" content=\"article\" \/>\n<meta property=\"og:title\" content=\"Prodejce \u017ealuzi\u00ed Kluver House Praha | Lama Bamboo\" \/>\n<meta property=\"og:description\" content=\"Kvalitn\u00ed bambusov\u00e9 \u017ealuzie najdete u spole\u010dnosti Kluver House s.r.o. v Praze. Vyberte si sv\u00e9 nov\u00e9 st\u00edn\u011bn\u00ed.\" \/>\n<meta property=\"og:url\" content=\"https:\/\/lama-bs.sk\/cs\/prodejci\/zaluzie-praha\/kluver-house\/\" \/>\n<meta property=\"og:site_name\" content=\"LAMA Bamboo systems s.r.o.\" \/>\n<meta name=\"twitter:card\" content=\"summary_large_image\" \/>\n<meta name=\"twitter:label1\" content=\"Odhadovan\u00e1 doba \u010dten\u00ed\" \/>\n\t<meta name=\"twitter:data1\" content=\"1 minuta\" \/>\n<script type=\"application\/ld+json\" class=\"yoast-schema-graph\">{\"@context\":\"https:\/\/schema.org\",\"@graph\":[{\"@type\":\"WebPage\",\"@id\":\"https:\/\/lama-bs.sk\/cs\/prodejci\/zaluzie-praha\/kluver-house\/\",\"url\":\"https:\/\/lama-bs.sk\/cs\/prodejci\/zaluzie-praha\/kluver-house\/\",\"name\":\"Prodejce \u017ealuzi\u00ed Kluver House Praha | Lama Bamboo\",\"isPartOf\":{\"@id\":\"https:\/\/lama-bs.sk\/#website\"},\"datePublished\":\"2024-10-29T13:57:13+00:00\",\"description\":\"Kvalitn\u00ed bambusov\u00e9 \u017ealuzie najdete u spole\u010dnosti Kluver House s.r.o. v Praze. Vyberte si sv\u00e9 nov\u00e9 st\u00edn\u011bn\u00ed.\",\"breadcrumb\":{\"@id\":\"https:\/\/lama-bs.sk\/cs\/prodejci\/zaluzie-praha\/kluver-house\/#breadcrumb\"},\"inLanguage\":\"cs\",\"potentialAction\":[{\"@type\":\"ReadAction\",\"target\":[\"https:\/\/lama-bs.sk\/cs\/prodejci\/zaluzie-praha\/kluver-house\/\"]}]},{\"@type\":\"BreadcrumbList\",\"@id\":\"https:\/\/lama-bs.sk\/cs\/prodejci\/zaluzie-praha\/kluver-house\/#breadcrumb\",\"itemListElement\":[{\"@type\":\"ListItem\",\"position\":1,\"name\":\"Prodejci\",\"item\":\"https:\/\/lama-bs.sk\/cs\/prodejci\/\"},{\"@type\":\"ListItem\",\"position\":2,\"name\":\"\u017daluzie Praha\",\"item\":\"https:\/\/lama-bs.sk\/cs\/prodejci\/zaluzie-praha\/\"},{\"@type\":\"ListItem\",\"position\":3,\"name\":\"KLUVER HOUSE \u017ealuzie Praha\"}]},{\"@type\":\"WebSite\",\"@id\":\"https:\/\/lama-bs.sk\/#website\",\"url\":\"https:\/\/lama-bs.sk\/\",\"name\":\"LAMA Bamboo systems s.r.o.\",\"description\":\"\",\"potentialAction\":[{\"@type\":\"SearchAction\",\"target\":{\"@type\":\"EntryPoint\",\"urlTemplate\":\"https:\/\/lama-bs.sk\/?s={search_term_string}\"},\"query-input\":{\"@type\":\"PropertyValueSpecification\",\"valueRequired\":true,\"valueName\":\"search_term_string\"}}],\"inLanguage\":\"cs\"}]}<\/script>\n<!-- \/ Yoast SEO plugin. -->","yoast_head_json":{"title":"Prodejce \u017ealuzi\u00ed Kluver House Praha | Lama Bamboo","description":"Kvalitn\u00ed bambusov\u00e9 \u017ealuzie najdete u spole\u010dnosti Kluver House s.r.o. v Praze. Vyberte si sv\u00e9 nov\u00e9 st\u00edn\u011bn\u00ed.","robots":{"index":"index","follow":"follow","max-snippet":"max-snippet:-1","max-image-preview":"max-image-preview:large","max-video-preview":"max-video-preview:-1"},"canonical":"https:\/\/lama-bs.sk\/cs\/prodejci\/zaluzie-praha\/kluver-house\/","og_locale":"cs_CZ","og_type":"article","og_title":"Prodejce \u017ealuzi\u00ed Kluver House Praha | Lama Bamboo","og_description":"Kvalitn\u00ed bambusov\u00e9 \u017ealuzie najdete u spole\u010dnosti Kluver House s.r.o. v Praze. Vyberte si sv\u00e9 nov\u00e9 st\u00edn\u011bn\u00ed.","og_url":"https:\/\/lama-bs.sk\/cs\/prodejci\/zaluzie-praha\/kluver-house\/","og_site_name":"LAMA Bamboo systems s.r.o.","twitter_card":"summary_large_image","twitter_misc":{"Odhadovan\u00e1 doba \u010dten\u00ed":"1 minuta"},"schema":{"@context":"https:\/\/schema.org","@graph":[{"@type":"WebPage","@id":"https:\/\/lama-bs.sk\/cs\/prodejci\/zaluzie-praha\/kluver-house\/","url":"https:\/\/lama-bs.sk\/cs\/prodejci\/zaluzie-praha\/kluver-house\/","name":"Prodejce \u017ealuzi\u00ed Kluver House Praha | Lama Bamboo","isPartOf":{"@id":"https:\/\/lama-bs.sk\/#website"},"datePublished":"2024-10-29T13:57:13+00:00","description":"Kvalitn\u00ed bambusov\u00e9 \u017ealuzie najdete u spole\u010dnosti Kluver House s.r.o. v Praze. Vyberte si sv\u00e9 nov\u00e9 st\u00edn\u011bn\u00ed.","breadcrumb":{"@id":"https:\/\/lama-bs.sk\/cs\/prodejci\/zaluzie-praha\/kluver-house\/#breadcrumb"},"inLanguage":"cs","potentialAction":[{"@type":"ReadAction","target":["https:\/\/lama-bs.sk\/cs\/prodejci\/zaluzie-praha\/kluver-house\/"]}]},{"@type":"BreadcrumbList","@id":"https:\/\/lama-bs.sk\/cs\/prodejci\/zaluzie-praha\/kluver-house\/#breadcrumb","itemListElement":[{"@type":"ListItem","position":1,"name":"Prodejci","item":"https:\/\/lama-bs.sk\/cs\/prodejci\/"},{"@type":"ListItem","position":2,"name":"\u017daluzie Praha","item":"https:\/\/lama-bs.sk\/cs\/prodejci\/zaluzie-praha\/"},{"@type":"ListItem","position":3,"name":"KLUVER HOUSE \u017ealuzie Praha"}]},{"@type":"WebSite","@id":"https:\/\/lama-bs.sk\/#website","url":"https:\/\/lama-bs.sk\/","name":"LAMA Bamboo systems s.r.o.","description":"","potentialAction":[{"@type":"SearchAction","target":{"@type":"EntryPoint","urlTemplate":"https:\/\/lama-bs.sk\/?s={search_term_string}"},"query-input":{"@type":"PropertyValueSpecification","valueRequired":true,"valueName":"search_term_string"}}],"inLanguage":"cs"}]}},"_links":{"self":[{"href":"https:\/\/lama-bs.sk\/cs\/wp-json\/wp\/v2\/pages\/3716","targetHints":{"allow":["GET"]}}],"collection":[{"href":"https:\/\/lama-bs.sk\/cs\/wp-json\/wp\/v2\/pages"}],"about":[{"href":"https:\/\/lama-bs.sk\/cs\/wp-json\/wp\/v2\/types\/page"}],"author":[{"embeddable":true,"href":"https:\/\/lama-bs.sk\/cs\/wp-json\/wp\/v2\/users\/1"}],"replies":[{"embeddable":true,"href":"https:\/\/lama-bs.sk\/cs\/wp-json\/wp\/v2\/comments?post=3716"}],"version-history":[{"count":2,"href":"https:\/\/lama-bs.sk\/cs\/wp-json\/wp\/v2\/pages\/3716\/revisions"}],"predecessor-version":[{"id":4177,"href":"https:\/\/lama-bs.sk\/cs\/wp-json\/wp\/v2\/pages\/3716\/revisions\/4177"}],"up":[{"embeddable":true,"href":"https:\/\/lama-bs.sk\/cs\/wp-json\/wp\/v2\/pages\/3456"}],"wp:attachment":[{"href":"https:\/\/lama-bs.sk\/cs\/wp-json\/wp\/v2\/media?parent=3716"}],"curies":[{"name":"wp","href":"https:\/\/api.w.org\/{rel}","templated":true}]}}