{"id":3696,"date":"2024-10-29T15:49:13","date_gmt":"2024-10-29T14:49:13","guid":{"rendered":"https:\/\/lama-bs.sk\/?page_id=3696"},"modified":"2024-10-29T15:49:13","modified_gmt":"2024-10-29T14:49:13","slug":"sundrape","status":"publish","type":"page","link":"https:\/\/lama-bs.sk\/cs\/prodejci\/zaluzie-praha\/sundrape\/","title":{"rendered":"SUNDRAPE \u017ealuzie Praha"},"content":{"rendered":"<p>Firma <strong>SUNDRAPE, spol. s&nbsp;r.o.<\/strong>, s\u00eddl\u00ed v\u00a0<a href=\"https:\/\/lama-bs.sk\/cs\/prodejci\/zaluzie-praha\/\">Praze<\/a>, p\u016fsob\u00ed od&nbsp;roku 1991 a&nbsp;specializuje se na&nbsp;v\u00fdrobu a&nbsp;prodej st\u00edn\u00edc\u00ed techniky, v\u010detn\u011b mark\u00fdz, \u017ealuzi\u00ed, rolet a&nbsp;dal\u0161\u00edch produkt\u016f pro zatemn\u011bn\u00ed a&nbsp;zast\u00edn\u011bn\u00ed interi\u00e9r\u016f i&nbsp;exteri\u00e9r\u016f. Mezi jejich hlavn\u00ed produkty pat\u0159\u00ed jak horizont\u00e1ln\u00ed, tak&nbsp;vertik\u00e1ln\u00ed \u017ealuzie, a&nbsp;to&nbsp;z&nbsp;r\u016fzn\u00fdch materi\u00e1l\u016f, jako jsou hlin\u00edk, d\u0159evo \u010di&nbsp;l\u00e1tka. Firma se zam\u011b\u0159uje na&nbsp;poskytov\u00e1n\u00ed kvalitn\u00edho \u0159e\u0161en\u00ed st\u00edn\u011bn\u00ed pro r\u016fzn\u00e9 druhy prostor\u016f, a&nbsp;to&nbsp;jak venkovn\u00edch, tak&nbsp;vnit\u0159n\u00edch, s&nbsp;mo\u017enost\u00ed elektrick\u00e9ho ovl\u00e1d\u00e1n\u00ed. Jejich portfolio zahrnuje modern\u00ed produkty, kter\u00e9 zvy\u0161uj\u00ed komfort a&nbsp;estetiku dom\u00e1cnost\u00ed i&nbsp;kancel\u00e1\u0159\u00ed.<br \/>\nSUNDRAPE nyn\u00ed nab\u00edz\u00ed i&nbsp;na\u0161e kvalitn\u00ed bambusov\u00e9 \u017ealuzie. Ty jsou ide\u00e1ln\u00ed volbou pro z\u00e1kazn\u00edky, kte\u0159\u00ed cht\u011bj\u00ed do&nbsp;sv\u00e9ho interi\u00e9ru vn\u00e9st p\u0159\u00edrodn\u00ed a&nbsp;ekologick\u00fd prvek. <a href=\"https:\/\/lama-bs.sk\/cs\/ponuka-vnutornych-zaluzii\/\">Bambusov\u00e9 \u017ealuzie<\/a>\u00a0jsou nejen stylov\u00e9, ale tak\u00e9 odoln\u00e9 proti&nbsp;vlhkosti, co\u017e je \u010din\u00ed vhodn\u00fdmi pro koupelny \u010di&nbsp;jin\u00e9 vlhk\u00e9 prost\u0159ed\u00ed.<\/p>\n<p>&nbsp;<\/p>\n<ul>\n<li style=\"font-weight: 400;\" aria-level=\"1\"><b>E-mail<\/b><span style=\"font-weight: 400;\">: <a href=\"mailto:sundrape@sundrape.cz\" target=\"_blank\" rel=\"noopener\">sundrape@sundrape.cz<\/a><\/span><\/li>\n<li style=\"font-weight: 400;\" aria-level=\"1\"><b>Adresa<\/b><span style=\"font-weight: 400;\">: N\u00e1chodsk\u00e1 411\/157, Praha 20 &#8211;&nbsp;Horn\u00ed Po\u010dernice <\/span><\/li>\n<li style=\"font-weight: 400;\" aria-level=\"1\"><b>Str\u00e1nka<\/b><span style=\"font-weight: 400;\">: <a href=\"https:\/\/www.sundrape.cz\/\" target=\"_blank\" rel=\"noopener\">https:\/\/www.sundrape.cz\/<\/a><\/span><\/li>\n<\/ul>\n","protected":false},"excerpt":{"rendered":"<p>Firma SUNDRAPE, spol. s&nbsp;r.o., s\u00eddl\u00ed v\u00a0Praze, p\u016fsob\u00ed od&nbsp;roku 1991 a&nbsp;specializuje se na&nbsp;v\u00fdrobu a&nbsp;prodej st\u00edn\u00edc\u00ed techniky, v\u010detn\u011b mark\u00fdz, \u017ealuzi\u00ed, rolet a&nbsp;dal\u0161\u00edch produkt\u016f pro zatemn\u011bn\u00ed a&nbsp;zast\u00edn\u011bn\u00ed interi\u00e9r\u016f i&nbsp;exteri\u00e9r\u016f. Mezi jejich hlavn\u00ed produkty pat\u0159\u00ed jak horizont\u00e1ln\u00ed, tak&nbsp;vertik\u00e1ln\u00ed \u017ealuzie, a&nbsp;to&nbsp;z&nbsp;r\u016fzn\u00fdch materi\u00e1l\u016f, jako jsou hlin\u00edk, d\u0159evo \u010di&nbsp;l\u00e1tka. Firma se zam\u011b\u0159uje na&nbsp;poskytov\u00e1n\u00ed kvalitn\u00edho \u0159e\u0161en\u00ed st\u00edn\u011bn\u00ed pro r\u016fzn\u00e9 druhy prostor\u016f, a&nbsp;to&nbsp;jak venkovn\u00edch, [&hellip;]<\/p>\n","protected":false},"author":1,"featured_media":0,"parent":3456,"menu_order":0,"comment_status":"closed","ping_status":"closed","template":"template-partners.php","meta":{"footnotes":""},"class_list":["post-3696","page","type-page","status-publish","hentry"],"yoast_head":"<!-- This site is optimized with the Yoast SEO plugin v26.4 - https:\/\/yoast.com\/wordpress\/plugins\/seo\/ -->\n<title>Prodejce \u017ealuzi\u00ed Sundrape Praha | Lama Bamboo<\/title>\n<meta name=\"description\" content=\"Kvalitn\u00ed bambusov\u00e9 \u017ealuzie najdete u spole\u010dnosti SUNDRAPE, spol. s r.o. v Praze. Vyberte si sv\u00e9 nov\u00e9 st\u00edn\u011bn\u00ed u na\u0161eho prodejce.\" \/>\n<meta name=\"robots\" content=\"index, follow, max-snippet:-1, max-image-preview:large, max-video-preview:-1\" \/>\n<link rel=\"canonical\" href=\"https:\/\/lama-bs.sk\/cs\/prodejci\/zaluzie-praha\/sundrape\/\" \/>\n<meta property=\"og:locale\" content=\"cs_CZ\" \/>\n<meta property=\"og:type\" content=\"article\" \/>\n<meta property=\"og:title\" content=\"Prodejce \u017ealuzi\u00ed Sundrape Praha | Lama Bamboo\" \/>\n<meta property=\"og:description\" content=\"Kvalitn\u00ed bambusov\u00e9 \u017ealuzie najdete u spole\u010dnosti SUNDRAPE, spol. s r.o. v Praze. Vyberte si sv\u00e9 nov\u00e9 st\u00edn\u011bn\u00ed u na\u0161eho prodejce.\" \/>\n<meta property=\"og:url\" content=\"https:\/\/lama-bs.sk\/cs\/prodejci\/zaluzie-praha\/sundrape\/\" \/>\n<meta property=\"og:site_name\" content=\"LAMA Bamboo systems s.r.o.\" \/>\n<meta name=\"twitter:card\" content=\"summary_large_image\" \/>\n<meta name=\"twitter:label1\" content=\"Odhadovan\u00e1 doba \u010dten\u00ed\" \/>\n\t<meta name=\"twitter:data1\" content=\"1 minuta\" \/>\n<script type=\"application\/ld+json\" class=\"yoast-schema-graph\">{\"@context\":\"https:\/\/schema.org\",\"@graph\":[{\"@type\":\"WebPage\",\"@id\":\"https:\/\/lama-bs.sk\/cs\/prodejci\/zaluzie-praha\/sundrape\/\",\"url\":\"https:\/\/lama-bs.sk\/cs\/prodejci\/zaluzie-praha\/sundrape\/\",\"name\":\"Prodejce \u017ealuzi\u00ed Sundrape Praha | Lama Bamboo\",\"isPartOf\":{\"@id\":\"https:\/\/lama-bs.sk\/#website\"},\"datePublished\":\"2024-10-29T14:49:13+00:00\",\"description\":\"Kvalitn\u00ed bambusov\u00e9 \u017ealuzie najdete u spole\u010dnosti SUNDRAPE, spol. s r.o. v Praze. Vyberte si sv\u00e9 nov\u00e9 st\u00edn\u011bn\u00ed u na\u0161eho prodejce.\",\"breadcrumb\":{\"@id\":\"https:\/\/lama-bs.sk\/cs\/prodejci\/zaluzie-praha\/sundrape\/#breadcrumb\"},\"inLanguage\":\"cs\",\"potentialAction\":[{\"@type\":\"ReadAction\",\"target\":[\"https:\/\/lama-bs.sk\/cs\/prodejci\/zaluzie-praha\/sundrape\/\"]}]},{\"@type\":\"BreadcrumbList\",\"@id\":\"https:\/\/lama-bs.sk\/cs\/prodejci\/zaluzie-praha\/sundrape\/#breadcrumb\",\"itemListElement\":[{\"@type\":\"ListItem\",\"position\":1,\"name\":\"Prodejci\",\"item\":\"https:\/\/lama-bs.sk\/cs\/prodejci\/\"},{\"@type\":\"ListItem\",\"position\":2,\"name\":\"\u017daluzie Praha\",\"item\":\"https:\/\/lama-bs.sk\/cs\/prodejci\/zaluzie-praha\/\"},{\"@type\":\"ListItem\",\"position\":3,\"name\":\"SUNDRAPE \u017ealuzie Praha\"}]},{\"@type\":\"WebSite\",\"@id\":\"https:\/\/lama-bs.sk\/#website\",\"url\":\"https:\/\/lama-bs.sk\/\",\"name\":\"LAMA Bamboo systems s.r.o.\",\"description\":\"\",\"potentialAction\":[{\"@type\":\"SearchAction\",\"target\":{\"@type\":\"EntryPoint\",\"urlTemplate\":\"https:\/\/lama-bs.sk\/?s={search_term_string}\"},\"query-input\":{\"@type\":\"PropertyValueSpecification\",\"valueRequired\":true,\"valueName\":\"search_term_string\"}}],\"inLanguage\":\"cs\"}]}<\/script>\n<!-- \/ Yoast SEO plugin. -->","yoast_head_json":{"title":"Prodejce \u017ealuzi\u00ed Sundrape Praha | Lama Bamboo","description":"Kvalitn\u00ed bambusov\u00e9 \u017ealuzie najdete u spole\u010dnosti SUNDRAPE, spol. s r.o. v Praze. Vyberte si sv\u00e9 nov\u00e9 st\u00edn\u011bn\u00ed u na\u0161eho prodejce.","robots":{"index":"index","follow":"follow","max-snippet":"max-snippet:-1","max-image-preview":"max-image-preview:large","max-video-preview":"max-video-preview:-1"},"canonical":"https:\/\/lama-bs.sk\/cs\/prodejci\/zaluzie-praha\/sundrape\/","og_locale":"cs_CZ","og_type":"article","og_title":"Prodejce \u017ealuzi\u00ed Sundrape Praha | Lama Bamboo","og_description":"Kvalitn\u00ed bambusov\u00e9 \u017ealuzie najdete u spole\u010dnosti SUNDRAPE, spol. s r.o. v Praze. Vyberte si sv\u00e9 nov\u00e9 st\u00edn\u011bn\u00ed u na\u0161eho prodejce.","og_url":"https:\/\/lama-bs.sk\/cs\/prodejci\/zaluzie-praha\/sundrape\/","og_site_name":"LAMA Bamboo systems s.r.o.","twitter_card":"summary_large_image","twitter_misc":{"Odhadovan\u00e1 doba \u010dten\u00ed":"1 minuta"},"schema":{"@context":"https:\/\/schema.org","@graph":[{"@type":"WebPage","@id":"https:\/\/lama-bs.sk\/cs\/prodejci\/zaluzie-praha\/sundrape\/","url":"https:\/\/lama-bs.sk\/cs\/prodejci\/zaluzie-praha\/sundrape\/","name":"Prodejce \u017ealuzi\u00ed Sundrape Praha | Lama Bamboo","isPartOf":{"@id":"https:\/\/lama-bs.sk\/#website"},"datePublished":"2024-10-29T14:49:13+00:00","description":"Kvalitn\u00ed bambusov\u00e9 \u017ealuzie najdete u spole\u010dnosti SUNDRAPE, spol. s r.o. v Praze. Vyberte si sv\u00e9 nov\u00e9 st\u00edn\u011bn\u00ed u na\u0161eho prodejce.","breadcrumb":{"@id":"https:\/\/lama-bs.sk\/cs\/prodejci\/zaluzie-praha\/sundrape\/#breadcrumb"},"inLanguage":"cs","potentialAction":[{"@type":"ReadAction","target":["https:\/\/lama-bs.sk\/cs\/prodejci\/zaluzie-praha\/sundrape\/"]}]},{"@type":"BreadcrumbList","@id":"https:\/\/lama-bs.sk\/cs\/prodejci\/zaluzie-praha\/sundrape\/#breadcrumb","itemListElement":[{"@type":"ListItem","position":1,"name":"Prodejci","item":"https:\/\/lama-bs.sk\/cs\/prodejci\/"},{"@type":"ListItem","position":2,"name":"\u017daluzie Praha","item":"https:\/\/lama-bs.sk\/cs\/prodejci\/zaluzie-praha\/"},{"@type":"ListItem","position":3,"name":"SUNDRAPE \u017ealuzie Praha"}]},{"@type":"WebSite","@id":"https:\/\/lama-bs.sk\/#website","url":"https:\/\/lama-bs.sk\/","name":"LAMA Bamboo systems s.r.o.","description":"","potentialAction":[{"@type":"SearchAction","target":{"@type":"EntryPoint","urlTemplate":"https:\/\/lama-bs.sk\/?s={search_term_string}"},"query-input":{"@type":"PropertyValueSpecification","valueRequired":true,"valueName":"search_term_string"}}],"inLanguage":"cs"}]}},"_links":{"self":[{"href":"https:\/\/lama-bs.sk\/cs\/wp-json\/wp\/v2\/pages\/3696","targetHints":{"allow":["GET"]}}],"collection":[{"href":"https:\/\/lama-bs.sk\/cs\/wp-json\/wp\/v2\/pages"}],"about":[{"href":"https:\/\/lama-bs.sk\/cs\/wp-json\/wp\/v2\/types\/page"}],"author":[{"embeddable":true,"href":"https:\/\/lama-bs.sk\/cs\/wp-json\/wp\/v2\/users\/1"}],"replies":[{"embeddable":true,"href":"https:\/\/lama-bs.sk\/cs\/wp-json\/wp\/v2\/comments?post=3696"}],"version-history":[{"count":3,"href":"https:\/\/lama-bs.sk\/cs\/wp-json\/wp\/v2\/pages\/3696\/revisions"}],"predecessor-version":[{"id":4202,"href":"https:\/\/lama-bs.sk\/cs\/wp-json\/wp\/v2\/pages\/3696\/revisions\/4202"}],"up":[{"embeddable":true,"href":"https:\/\/lama-bs.sk\/cs\/wp-json\/wp\/v2\/pages\/3456"}],"wp:attachment":[{"href":"https:\/\/lama-bs.sk\/cs\/wp-json\/wp\/v2\/media?parent=3696"}],"curies":[{"name":"wp","href":"https:\/\/api.w.org\/{rel}","templated":true}]}}