{"id":3691,"date":"2024-10-29T15:43:23","date_gmt":"2024-10-29T14:43:23","guid":{"rendered":"https:\/\/lama-bs.sk\/?page_id=3691"},"modified":"2024-10-29T15:43:23","modified_gmt":"2024-10-29T14:43:23","slug":"sun-professionals","status":"publish","type":"page","link":"https:\/\/lama-bs.sk\/cs\/prodejci\/zaluzie-praha\/sun-professionals\/","title":{"rendered":"SUN PROFESSIONALS \u017ealuzie Praha"},"content":{"rendered":"<p><strong>Sun Professionals s.r.o.<\/strong> je renomovan\u00e1 spole\u010dnost p\u016fsob\u00edc\u00ed v&nbsp;oblasti st\u00edn\u00edc\u00ed techniky se s\u00eddlem v\u00a0<a href=\"https:\/\/lama-bs.sk\/cs\/prodejci\/zaluzie-praha\/\">Praze<\/a>. Firma se zam\u011b\u0159uje na&nbsp;dod\u00e1vky, mont\u00e1\u017e a&nbsp;poradenstv\u00ed v&nbsp;oblasti \u017ealuzi\u00ed, rolet, mark\u00fdz a&nbsp;gar\u00e1\u017eov\u00fdch vrat, jak pro dom\u00e1cnosti, tak&nbsp;pro firmy. Nab\u00edz\u00ed sv\u00e9 slu\u017eby po&nbsp;cel\u00e9 \u010cesk\u00e9 republice i&nbsp;v&nbsp;zahrani\u010d\u00ed, p\u0159i\u010dem\u017e klade d\u016fraz na&nbsp;kvalitu a&nbsp;estetiku sv\u00fdch produkt\u016f. Spole\u010dnost se specializuje na&nbsp;komplexn\u00ed \u0159e\u0161en\u00ed st\u00edn\u011bn\u00ed interi\u00e9ru i&nbsp;exteri\u00e9ru a&nbsp;spolupracuje s&nbsp;architekty na&nbsp;vytv\u00e1\u0159en\u00ed optim\u00e1ln\u00edch n\u00e1vrh\u016f pro sv\u00e9 klienty. Mezi hlavn\u00ed produkty Sun Professionals pat\u0159\u00ed \u017ealuzie, rolety a&nbsp;mark\u00fdzy, kter\u00e9 p\u0159isp\u00edvaj\u00ed k&nbsp;efektivn\u00edmu regulov\u00e1n\u00ed sv\u011btla a&nbsp;tepla v&nbsp;interi\u00e9ru.<br \/>\n<strong>Sun Professionals<\/strong> nyn\u00ed nab\u00edz\u00ed tak\u00e9 na\u0161e modern\u00ed kvalitn\u00ed\u00a0<a href=\"https:\/\/lama-bs.sk\/cs\/ponuka-vnutornych-zaluzii\/\">bambusov\u00e9 \u017ealuzie<\/a>, kter\u00e9 jsou ide\u00e1ln\u00ed volbou pro ka\u017ed\u00e9ho, kdo hled\u00e1 stylov\u00fd a&nbsp;ekologick\u00fd dopln\u011bk do&nbsp;sv\u00e9ho interi\u00e9ru. Tyto \u017ealuzie zaji\u0161\u0165uj\u00ed p\u0159\u00edrodn\u00ed estetiku a&nbsp;optim\u00e1ln\u00ed kontrolu sv\u011btla v&nbsp;m\u00edstnostech, \u010d\u00edm\u017e zlep\u0161uj\u00ed atmosf\u00e9ru a&nbsp;pohodl\u00ed domova.<\/p>\n<p>&nbsp;<\/p>\n<ul>\n<li style=\"font-weight: 400;\" aria-level=\"1\"><b>E-mail<\/b><span style=\"font-weight: 400;\">: <a href=\"mailto:info@slunce-stin.cz\" target=\"_blank\" rel=\"noopener\">info@slunce-stin.cz<\/a><\/span><\/li>\n<li style=\"font-weight: 400;\" aria-level=\"1\"><b>Adresa<\/b><span style=\"font-weight: 400;\">: Gener\u00e1la \u0160i\u0161ky 2375\/6, Praha <\/span><\/li>\n<li style=\"font-weight: 400;\" aria-level=\"1\"><b>Str\u00e1nka<\/b><span style=\"font-weight: 400;\">: <a href=\"https:\/\/slunce-stin.cz\/\" target=\"_blank\" rel=\"noopener\">https:\/\/slunce-stin.cz\/<\/a><\/span><\/li>\n<\/ul>\n","protected":false},"excerpt":{"rendered":"<p>Sun Professionals s.r.o. je renomovan\u00e1 spole\u010dnost p\u016fsob\u00edc\u00ed v&nbsp;oblasti st\u00edn\u00edc\u00ed techniky se s\u00eddlem v\u00a0Praze. Firma se zam\u011b\u0159uje na&nbsp;dod\u00e1vky, mont\u00e1\u017e a&nbsp;poradenstv\u00ed v&nbsp;oblasti \u017ealuzi\u00ed, rolet, mark\u00fdz a&nbsp;gar\u00e1\u017eov\u00fdch vrat, jak pro dom\u00e1cnosti, tak&nbsp;pro firmy. Nab\u00edz\u00ed sv\u00e9 slu\u017eby po&nbsp;cel\u00e9 \u010cesk\u00e9 republice i&nbsp;v&nbsp;zahrani\u010d\u00ed, p\u0159i\u010dem\u017e klade d\u016fraz na&nbsp;kvalitu a&nbsp;estetiku sv\u00fdch produkt\u016f. Spole\u010dnost se specializuje na&nbsp;komplexn\u00ed \u0159e\u0161en\u00ed st\u00edn\u011bn\u00ed interi\u00e9ru i&nbsp;exteri\u00e9ru a&nbsp;spolupracuje s&nbsp;architekty na&nbsp;vytv\u00e1\u0159en\u00ed [&hellip;]<\/p>\n","protected":false},"author":1,"featured_media":0,"parent":3456,"menu_order":0,"comment_status":"closed","ping_status":"closed","template":"template-partners.php","meta":{"footnotes":""},"class_list":["post-3691","page","type-page","status-publish","hentry"],"yoast_head":"<!-- This site is optimized with the Yoast SEO plugin v26.4 - https:\/\/yoast.com\/wordpress\/plugins\/seo\/ -->\n<title>Prodejce \u017ealuzi\u00ed Sun Professionals Praha | Lama Bamboo<\/title>\n<meta name=\"description\" content=\"Kvalitn\u00ed bambusov\u00e9 \u017ealuzie najdete u spole\u010dnosti Sun Professionals s.r.o. v Praze. Vyberte si sv\u00e9 nov\u00e9 st\u00edn\u011bn\u00ed u na\u0161eho prodejce.\" \/>\n<meta name=\"robots\" content=\"index, follow, max-snippet:-1, max-image-preview:large, max-video-preview:-1\" \/>\n<link rel=\"canonical\" href=\"https:\/\/lama-bs.sk\/cs\/prodejci\/zaluzie-praha\/sun-professionals\/\" \/>\n<meta property=\"og:locale\" content=\"cs_CZ\" \/>\n<meta property=\"og:type\" content=\"article\" \/>\n<meta property=\"og:title\" content=\"Prodejce \u017ealuzi\u00ed Sun Professionals Praha | Lama Bamboo\" \/>\n<meta property=\"og:description\" content=\"Kvalitn\u00ed bambusov\u00e9 \u017ealuzie najdete u spole\u010dnosti Sun Professionals s.r.o. v Praze. Vyberte si sv\u00e9 nov\u00e9 st\u00edn\u011bn\u00ed u na\u0161eho prodejce.\" \/>\n<meta property=\"og:url\" content=\"https:\/\/lama-bs.sk\/cs\/prodejci\/zaluzie-praha\/sun-professionals\/\" \/>\n<meta property=\"og:site_name\" content=\"LAMA Bamboo systems s.r.o.\" \/>\n<meta name=\"twitter:card\" content=\"summary_large_image\" \/>\n<meta name=\"twitter:label1\" content=\"Odhadovan\u00e1 doba \u010dten\u00ed\" \/>\n\t<meta name=\"twitter:data1\" content=\"1 minuta\" \/>\n<script type=\"application\/ld+json\" class=\"yoast-schema-graph\">{\"@context\":\"https:\/\/schema.org\",\"@graph\":[{\"@type\":\"WebPage\",\"@id\":\"https:\/\/lama-bs.sk\/cs\/prodejci\/zaluzie-praha\/sun-professionals\/\",\"url\":\"https:\/\/lama-bs.sk\/cs\/prodejci\/zaluzie-praha\/sun-professionals\/\",\"name\":\"Prodejce \u017ealuzi\u00ed Sun Professionals Praha | Lama Bamboo\",\"isPartOf\":{\"@id\":\"https:\/\/lama-bs.sk\/#website\"},\"datePublished\":\"2024-10-29T14:43:23+00:00\",\"description\":\"Kvalitn\u00ed bambusov\u00e9 \u017ealuzie najdete u spole\u010dnosti Sun Professionals s.r.o. v Praze. Vyberte si sv\u00e9 nov\u00e9 st\u00edn\u011bn\u00ed u na\u0161eho prodejce.\",\"breadcrumb\":{\"@id\":\"https:\/\/lama-bs.sk\/cs\/prodejci\/zaluzie-praha\/sun-professionals\/#breadcrumb\"},\"inLanguage\":\"cs\",\"potentialAction\":[{\"@type\":\"ReadAction\",\"target\":[\"https:\/\/lama-bs.sk\/cs\/prodejci\/zaluzie-praha\/sun-professionals\/\"]}]},{\"@type\":\"BreadcrumbList\",\"@id\":\"https:\/\/lama-bs.sk\/cs\/prodejci\/zaluzie-praha\/sun-professionals\/#breadcrumb\",\"itemListElement\":[{\"@type\":\"ListItem\",\"position\":1,\"name\":\"Prodejci\",\"item\":\"https:\/\/lama-bs.sk\/cs\/prodejci\/\"},{\"@type\":\"ListItem\",\"position\":2,\"name\":\"\u017daluzie Praha\",\"item\":\"https:\/\/lama-bs.sk\/cs\/prodejci\/zaluzie-praha\/\"},{\"@type\":\"ListItem\",\"position\":3,\"name\":\"SUN PROFESSIONALS \u017ealuzie Praha\"}]},{\"@type\":\"WebSite\",\"@id\":\"https:\/\/lama-bs.sk\/#website\",\"url\":\"https:\/\/lama-bs.sk\/\",\"name\":\"LAMA Bamboo systems s.r.o.\",\"description\":\"\",\"potentialAction\":[{\"@type\":\"SearchAction\",\"target\":{\"@type\":\"EntryPoint\",\"urlTemplate\":\"https:\/\/lama-bs.sk\/?s={search_term_string}\"},\"query-input\":{\"@type\":\"PropertyValueSpecification\",\"valueRequired\":true,\"valueName\":\"search_term_string\"}}],\"inLanguage\":\"cs\"}]}<\/script>\n<!-- \/ Yoast SEO plugin. -->","yoast_head_json":{"title":"Prodejce \u017ealuzi\u00ed Sun Professionals Praha | Lama Bamboo","description":"Kvalitn\u00ed bambusov\u00e9 \u017ealuzie najdete u spole\u010dnosti Sun Professionals s.r.o. v Praze. Vyberte si sv\u00e9 nov\u00e9 st\u00edn\u011bn\u00ed u na\u0161eho prodejce.","robots":{"index":"index","follow":"follow","max-snippet":"max-snippet:-1","max-image-preview":"max-image-preview:large","max-video-preview":"max-video-preview:-1"},"canonical":"https:\/\/lama-bs.sk\/cs\/prodejci\/zaluzie-praha\/sun-professionals\/","og_locale":"cs_CZ","og_type":"article","og_title":"Prodejce \u017ealuzi\u00ed Sun Professionals Praha | Lama Bamboo","og_description":"Kvalitn\u00ed bambusov\u00e9 \u017ealuzie najdete u spole\u010dnosti Sun Professionals s.r.o. v Praze. Vyberte si sv\u00e9 nov\u00e9 st\u00edn\u011bn\u00ed u na\u0161eho prodejce.","og_url":"https:\/\/lama-bs.sk\/cs\/prodejci\/zaluzie-praha\/sun-professionals\/","og_site_name":"LAMA Bamboo systems s.r.o.","twitter_card":"summary_large_image","twitter_misc":{"Odhadovan\u00e1 doba \u010dten\u00ed":"1 minuta"},"schema":{"@context":"https:\/\/schema.org","@graph":[{"@type":"WebPage","@id":"https:\/\/lama-bs.sk\/cs\/prodejci\/zaluzie-praha\/sun-professionals\/","url":"https:\/\/lama-bs.sk\/cs\/prodejci\/zaluzie-praha\/sun-professionals\/","name":"Prodejce \u017ealuzi\u00ed Sun Professionals Praha | Lama Bamboo","isPartOf":{"@id":"https:\/\/lama-bs.sk\/#website"},"datePublished":"2024-10-29T14:43:23+00:00","description":"Kvalitn\u00ed bambusov\u00e9 \u017ealuzie najdete u spole\u010dnosti Sun Professionals s.r.o. v Praze. Vyberte si sv\u00e9 nov\u00e9 st\u00edn\u011bn\u00ed u na\u0161eho prodejce.","breadcrumb":{"@id":"https:\/\/lama-bs.sk\/cs\/prodejci\/zaluzie-praha\/sun-professionals\/#breadcrumb"},"inLanguage":"cs","potentialAction":[{"@type":"ReadAction","target":["https:\/\/lama-bs.sk\/cs\/prodejci\/zaluzie-praha\/sun-professionals\/"]}]},{"@type":"BreadcrumbList","@id":"https:\/\/lama-bs.sk\/cs\/prodejci\/zaluzie-praha\/sun-professionals\/#breadcrumb","itemListElement":[{"@type":"ListItem","position":1,"name":"Prodejci","item":"https:\/\/lama-bs.sk\/cs\/prodejci\/"},{"@type":"ListItem","position":2,"name":"\u017daluzie Praha","item":"https:\/\/lama-bs.sk\/cs\/prodejci\/zaluzie-praha\/"},{"@type":"ListItem","position":3,"name":"SUN PROFESSIONALS \u017ealuzie Praha"}]},{"@type":"WebSite","@id":"https:\/\/lama-bs.sk\/#website","url":"https:\/\/lama-bs.sk\/","name":"LAMA Bamboo systems s.r.o.","description":"","potentialAction":[{"@type":"SearchAction","target":{"@type":"EntryPoint","urlTemplate":"https:\/\/lama-bs.sk\/?s={search_term_string}"},"query-input":{"@type":"PropertyValueSpecification","valueRequired":true,"valueName":"search_term_string"}}],"inLanguage":"cs"}]}},"_links":{"self":[{"href":"https:\/\/lama-bs.sk\/cs\/wp-json\/wp\/v2\/pages\/3691","targetHints":{"allow":["GET"]}}],"collection":[{"href":"https:\/\/lama-bs.sk\/cs\/wp-json\/wp\/v2\/pages"}],"about":[{"href":"https:\/\/lama-bs.sk\/cs\/wp-json\/wp\/v2\/types\/page"}],"author":[{"embeddable":true,"href":"https:\/\/lama-bs.sk\/cs\/wp-json\/wp\/v2\/users\/1"}],"replies":[{"embeddable":true,"href":"https:\/\/lama-bs.sk\/cs\/wp-json\/wp\/v2\/comments?post=3691"}],"version-history":[{"count":3,"href":"https:\/\/lama-bs.sk\/cs\/wp-json\/wp\/v2\/pages\/3691\/revisions"}],"predecessor-version":[{"id":4201,"href":"https:\/\/lama-bs.sk\/cs\/wp-json\/wp\/v2\/pages\/3691\/revisions\/4201"}],"up":[{"embeddable":true,"href":"https:\/\/lama-bs.sk\/cs\/wp-json\/wp\/v2\/pages\/3456"}],"wp:attachment":[{"href":"https:\/\/lama-bs.sk\/cs\/wp-json\/wp\/v2\/media?parent=3691"}],"curies":[{"name":"wp","href":"https:\/\/api.w.org\/{rel}","templated":true}]}}