{"id":3680,"date":"2024-10-29T15:25:14","date_gmt":"2024-10-29T14:25:14","guid":{"rendered":"https:\/\/lama-bs.sk\/?page_id=3680"},"modified":"2024-10-29T15:27:09","modified_gmt":"2024-10-29T14:27:09","slug":"proklima-6","status":"publish","type":"page","link":"https:\/\/lama-bs.sk\/cs\/prodejci\/zaluzie-praha\/proklima-6\/","title":{"rendered":"PROKLIMA Praha 6"},"content":{"rendered":"<p>Spole\u010dnost <strong>Proklima st\u00ednic\u00ed technika s.r.o.<\/strong> p\u016fsob\u00ed v&nbsp;oblasti st\u00ednic\u00ed techniky ji\u017e od&nbsp;roku 2005. Vznikla jako dce\u0159in\u00e1 firma spole\u010dnosti Servis Climax, a.s., co\u017e j\u00ed umo\u017enilo rychle se etablovat na&nbsp;trhu s&nbsp;vysoce kvalitn\u00edmi produkty pro zast\u00edn\u011bn\u00ed a&nbsp;ochranu interi\u00e9r\u016f i&nbsp;exteri\u00e9r\u016f. Jejich portfolio zahrnuje \u0161irok\u00fd sortiment \u017ealuzi\u00ed, rolet, mark\u00fdz, pergol a&nbsp;s\u00edt\u00ed proti&nbsp;hmyzu, kter\u00e9 jsou vhodn\u00e9 jak pro dom\u00e1c\u00ed pou\u017eit\u00ed, tak&nbsp;pro komer\u010dn\u00ed prostory. Firma m\u00e1 sv\u00e9 showroomy v&nbsp;n\u011bkolika m\u011bstech, v\u010detn\u011b\u00a0<a href=\"https:\/\/lama-bs.sk\/cs\/prodejci\/zaluzie-praha\/\">Prahy<\/a>, a&nbsp;nab\u00edz\u00ed nejen kvalitn\u00ed produkty, ale i&nbsp;profesion\u00e1ln\u00ed poradenstv\u00ed. Spole\u010dnost spolupracuje se zna\u010dkami, jako je Leha a&nbsp;Bematech, \u010d\u00edm\u017e zaru\u010duje vysokou \u00farove\u0148 sv\u00fdch v\u00fdrobk\u016f. V&nbsp;roce 2021 nav\u00edc sortiment roz\u0161\u00ed\u0159ili o&nbsp;gar\u00e1\u017eov\u00e1 vrata od&nbsp;spole\u010dnosti H\u00f6rmann, co\u017e obohatilo jejich nab\u00eddku o&nbsp;dal\u0161\u00ed praktick\u00e9 a&nbsp;stylov\u00e9 \u0159e\u0161en\u00ed pro dom\u00e1cnosti i&nbsp;firmy.<\/p>\n<p>Pokud hled\u00e1te elegantn\u00ed a&nbsp;p\u0159\u00edrodn\u00ed \u0159e\u0161en\u00ed pro v\u00e1\u0161 interi\u00e9r, Proklima nab\u00edz\u00ed <a href=\"https:\/\/lama-bs.sk\/cs\/ponuka-vnutornych-zaluzii\/\">modern\u00ed bambusov\u00e9 \u017ealuzie<\/a>, kter\u00e9 nejen pln\u00ed funkci st\u00edn\u011bn\u00ed, ale tak\u00e9 vnesou do&nbsp;va\u0161eho prostoru jedine\u010dn\u00fd p\u0159\u00edrodn\u00ed prvek.<\/p>\n<p><div class=\"row\"><div class=\"col-sm-6\"><\/p>\n<ul>\n<li style=\"font-weight: 400;\" aria-level=\"1\"><b>E-mail<\/b><span style=\"font-weight: 400;\">: <a href=\"praha6@proklima.cz\" target=\"_blank\" rel=\"noopener\">praha6@proklima.cz<\/a><\/span><\/li>\n<li style=\"font-weight: 400;\" aria-level=\"1\"><b>Adresa<\/b><span style=\"font-weight: 400;\">: Evropsk\u00e1 648\/102, Praha 6<\/span><\/li>\n<li style=\"font-weight: 400;\" aria-level=\"1\"><b>Str\u00e1nka<\/b><span style=\"font-weight: 400;\">: <a href=\"https:\/\/www.proklima.cz\/\" target=\"_blank\" rel=\"noopener\">https:\/\/www.proklima.cz\/<\/a><\/span><\/li>\n<\/ul>\n<p><\/div><div class=\"col-sm-6\"><\/p>\n<p><strong>Dal\u0161\u00ed provozy spole\u010dnosti Proklima v&nbsp;Praze<\/strong>:<\/p>\n<ul>\n<li><a href=\"https:\/\/lama-bs.sk\/cs\/prodejci\/zaluzie-praha\/proklima-5\/\"><span style=\"font-weight: 400;\">PROKLIMA (Praha 5)<\/span><\/a><\/li>\n<li><a href=\"https:\/\/lama-bs.sk\/cs\/prodejci\/zaluzie-praha\/proklima-8\/\"><span style=\"font-weight: 400;\">PROKLIMA (Praha 8)<\/span><\/a><\/li>\n<\/ul>\n<p><\/div><\/div><\/p>\n","protected":false},"excerpt":{"rendered":"<p>Spole\u010dnost Proklima st\u00ednic\u00ed technika s.r.o. p\u016fsob\u00ed v&nbsp;oblasti st\u00ednic\u00ed techniky ji\u017e od&nbsp;roku 2005. Vznikla jako dce\u0159in\u00e1 firma spole\u010dnosti Servis Climax, a.s., co\u017e j\u00ed umo\u017enilo rychle se etablovat na&nbsp;trhu s&nbsp;vysoce kvalitn\u00edmi produkty pro zast\u00edn\u011bn\u00ed a&nbsp;ochranu interi\u00e9r\u016f i&nbsp;exteri\u00e9r\u016f. Jejich portfolio zahrnuje \u0161irok\u00fd sortiment \u017ealuzi\u00ed, rolet, mark\u00fdz, pergol a&nbsp;s\u00edt\u00ed proti&nbsp;hmyzu, kter\u00e9 jsou vhodn\u00e9 jak pro dom\u00e1c\u00ed pou\u017eit\u00ed, tak&nbsp;pro komer\u010dn\u00ed [&hellip;]<\/p>\n","protected":false},"author":1,"featured_media":0,"parent":3456,"menu_order":0,"comment_status":"closed","ping_status":"closed","template":"template-partners.php","meta":{"footnotes":""},"class_list":["post-3680","page","type-page","status-publish","hentry"],"yoast_head":"<!-- This site is optimized with the Yoast SEO plugin v26.4 - https:\/\/yoast.com\/wordpress\/plugins\/seo\/ -->\n<title>Prodejce \u017ealuzi\u00ed Proklima st\u00ednic\u00ed technika Praha | Lama Bamboo<\/title>\n<meta name=\"description\" content=\"Z\u00edskejte na\u0161e kvalitn\u00ed bambusov\u00e9 \u017ealuzie u partnera Proklima st\u00ednic\u00ed technika s.r.o. v Praze. Vylep\u0161ete sv\u016fj interi\u00e9r u\u017e nyn\u00ed.\" \/>\n<meta name=\"robots\" content=\"index, follow, max-snippet:-1, max-image-preview:large, max-video-preview:-1\" \/>\n<link rel=\"canonical\" href=\"https:\/\/lama-bs.sk\/cs\/prodejci\/zaluzie-praha\/proklima-6\/\" \/>\n<meta property=\"og:locale\" content=\"cs_CZ\" \/>\n<meta property=\"og:type\" content=\"article\" \/>\n<meta property=\"og:title\" content=\"Prodejce \u017ealuzi\u00ed Proklima st\u00ednic\u00ed technika Praha | Lama Bamboo\" \/>\n<meta property=\"og:description\" content=\"Z\u00edskejte na\u0161e kvalitn\u00ed bambusov\u00e9 \u017ealuzie u partnera Proklima st\u00ednic\u00ed technika s.r.o. v Praze. Vylep\u0161ete sv\u016fj interi\u00e9r u\u017e nyn\u00ed.\" \/>\n<meta property=\"og:url\" content=\"https:\/\/lama-bs.sk\/cs\/prodejci\/zaluzie-praha\/proklima-6\/\" \/>\n<meta property=\"og:site_name\" content=\"LAMA Bamboo systems s.r.o.\" \/>\n<meta property=\"article:modified_time\" content=\"2024-10-29T14:27:09+00:00\" \/>\n<meta name=\"twitter:card\" content=\"summary_large_image\" \/>\n<meta name=\"twitter:label1\" content=\"Odhadovan\u00e1 doba \u010dten\u00ed\" \/>\n\t<meta name=\"twitter:data1\" content=\"1 minuta\" \/>\n<script type=\"application\/ld+json\" class=\"yoast-schema-graph\">{\"@context\":\"https:\/\/schema.org\",\"@graph\":[{\"@type\":\"WebPage\",\"@id\":\"https:\/\/lama-bs.sk\/cs\/prodejci\/zaluzie-praha\/proklima-6\/\",\"url\":\"https:\/\/lama-bs.sk\/cs\/prodejci\/zaluzie-praha\/proklima-6\/\",\"name\":\"Prodejce \u017ealuzi\u00ed Proklima st\u00ednic\u00ed technika Praha | Lama Bamboo\",\"isPartOf\":{\"@id\":\"https:\/\/lama-bs.sk\/#website\"},\"datePublished\":\"2024-10-29T14:25:14+00:00\",\"dateModified\":\"2024-10-29T14:27:09+00:00\",\"description\":\"Z\u00edskejte na\u0161e kvalitn\u00ed bambusov\u00e9 \u017ealuzie u partnera Proklima st\u00ednic\u00ed technika s.r.o. v Praze. Vylep\u0161ete sv\u016fj interi\u00e9r u\u017e nyn\u00ed.\",\"breadcrumb\":{\"@id\":\"https:\/\/lama-bs.sk\/cs\/prodejci\/zaluzie-praha\/proklima-6\/#breadcrumb\"},\"inLanguage\":\"cs\",\"potentialAction\":[{\"@type\":\"ReadAction\",\"target\":[\"https:\/\/lama-bs.sk\/cs\/prodejci\/zaluzie-praha\/proklima-6\/\"]}]},{\"@type\":\"BreadcrumbList\",\"@id\":\"https:\/\/lama-bs.sk\/cs\/prodejci\/zaluzie-praha\/proklima-6\/#breadcrumb\",\"itemListElement\":[{\"@type\":\"ListItem\",\"position\":1,\"name\":\"Prodejci\",\"item\":\"https:\/\/lama-bs.sk\/cs\/prodejci\/\"},{\"@type\":\"ListItem\",\"position\":2,\"name\":\"\u017daluzie Praha\",\"item\":\"https:\/\/lama-bs.sk\/cs\/prodejci\/zaluzie-praha\/\"},{\"@type\":\"ListItem\",\"position\":3,\"name\":\"PROKLIMA Praha 6\"}]},{\"@type\":\"WebSite\",\"@id\":\"https:\/\/lama-bs.sk\/#website\",\"url\":\"https:\/\/lama-bs.sk\/\",\"name\":\"LAMA Bamboo systems s.r.o.\",\"description\":\"\",\"potentialAction\":[{\"@type\":\"SearchAction\",\"target\":{\"@type\":\"EntryPoint\",\"urlTemplate\":\"https:\/\/lama-bs.sk\/?s={search_term_string}\"},\"query-input\":{\"@type\":\"PropertyValueSpecification\",\"valueRequired\":true,\"valueName\":\"search_term_string\"}}],\"inLanguage\":\"cs\"}]}<\/script>\n<!-- \/ Yoast SEO plugin. -->","yoast_head_json":{"title":"Prodejce \u017ealuzi\u00ed Proklima st\u00ednic\u00ed technika Praha | Lama Bamboo","description":"Z\u00edskejte na\u0161e kvalitn\u00ed bambusov\u00e9 \u017ealuzie u partnera Proklima st\u00ednic\u00ed technika s.r.o. v Praze. Vylep\u0161ete sv\u016fj interi\u00e9r u\u017e nyn\u00ed.","robots":{"index":"index","follow":"follow","max-snippet":"max-snippet:-1","max-image-preview":"max-image-preview:large","max-video-preview":"max-video-preview:-1"},"canonical":"https:\/\/lama-bs.sk\/cs\/prodejci\/zaluzie-praha\/proklima-6\/","og_locale":"cs_CZ","og_type":"article","og_title":"Prodejce \u017ealuzi\u00ed Proklima st\u00ednic\u00ed technika Praha | Lama Bamboo","og_description":"Z\u00edskejte na\u0161e kvalitn\u00ed bambusov\u00e9 \u017ealuzie u partnera Proklima st\u00ednic\u00ed technika s.r.o. v Praze. Vylep\u0161ete sv\u016fj interi\u00e9r u\u017e nyn\u00ed.","og_url":"https:\/\/lama-bs.sk\/cs\/prodejci\/zaluzie-praha\/proklima-6\/","og_site_name":"LAMA Bamboo systems s.r.o.","article_modified_time":"2024-10-29T14:27:09+00:00","twitter_card":"summary_large_image","twitter_misc":{"Odhadovan\u00e1 doba \u010dten\u00ed":"1 minuta"},"schema":{"@context":"https:\/\/schema.org","@graph":[{"@type":"WebPage","@id":"https:\/\/lama-bs.sk\/cs\/prodejci\/zaluzie-praha\/proklima-6\/","url":"https:\/\/lama-bs.sk\/cs\/prodejci\/zaluzie-praha\/proklima-6\/","name":"Prodejce \u017ealuzi\u00ed Proklima st\u00ednic\u00ed technika Praha | Lama Bamboo","isPartOf":{"@id":"https:\/\/lama-bs.sk\/#website"},"datePublished":"2024-10-29T14:25:14+00:00","dateModified":"2024-10-29T14:27:09+00:00","description":"Z\u00edskejte na\u0161e kvalitn\u00ed bambusov\u00e9 \u017ealuzie u partnera Proklima st\u00ednic\u00ed technika s.r.o. v Praze. Vylep\u0161ete sv\u016fj interi\u00e9r u\u017e nyn\u00ed.","breadcrumb":{"@id":"https:\/\/lama-bs.sk\/cs\/prodejci\/zaluzie-praha\/proklima-6\/#breadcrumb"},"inLanguage":"cs","potentialAction":[{"@type":"ReadAction","target":["https:\/\/lama-bs.sk\/cs\/prodejci\/zaluzie-praha\/proklima-6\/"]}]},{"@type":"BreadcrumbList","@id":"https:\/\/lama-bs.sk\/cs\/prodejci\/zaluzie-praha\/proklima-6\/#breadcrumb","itemListElement":[{"@type":"ListItem","position":1,"name":"Prodejci","item":"https:\/\/lama-bs.sk\/cs\/prodejci\/"},{"@type":"ListItem","position":2,"name":"\u017daluzie Praha","item":"https:\/\/lama-bs.sk\/cs\/prodejci\/zaluzie-praha\/"},{"@type":"ListItem","position":3,"name":"PROKLIMA Praha 6"}]},{"@type":"WebSite","@id":"https:\/\/lama-bs.sk\/#website","url":"https:\/\/lama-bs.sk\/","name":"LAMA Bamboo systems s.r.o.","description":"","potentialAction":[{"@type":"SearchAction","target":{"@type":"EntryPoint","urlTemplate":"https:\/\/lama-bs.sk\/?s={search_term_string}"},"query-input":{"@type":"PropertyValueSpecification","valueRequired":true,"valueName":"search_term_string"}}],"inLanguage":"cs"}]}},"_links":{"self":[{"href":"https:\/\/lama-bs.sk\/cs\/wp-json\/wp\/v2\/pages\/3680","targetHints":{"allow":["GET"]}}],"collection":[{"href":"https:\/\/lama-bs.sk\/cs\/wp-json\/wp\/v2\/pages"}],"about":[{"href":"https:\/\/lama-bs.sk\/cs\/wp-json\/wp\/v2\/types\/page"}],"author":[{"embeddable":true,"href":"https:\/\/lama-bs.sk\/cs\/wp-json\/wp\/v2\/users\/1"}],"replies":[{"embeddable":true,"href":"https:\/\/lama-bs.sk\/cs\/wp-json\/wp\/v2\/comments?post=3680"}],"version-history":[{"count":5,"href":"https:\/\/lama-bs.sk\/cs\/wp-json\/wp\/v2\/pages\/3680\/revisions"}],"predecessor-version":[{"id":4192,"href":"https:\/\/lama-bs.sk\/cs\/wp-json\/wp\/v2\/pages\/3680\/revisions\/4192"}],"up":[{"embeddable":true,"href":"https:\/\/lama-bs.sk\/cs\/wp-json\/wp\/v2\/pages\/3456"}],"wp:attachment":[{"href":"https:\/\/lama-bs.sk\/cs\/wp-json\/wp\/v2\/media?parent=3680"}],"curies":[{"name":"wp","href":"https:\/\/api.w.org\/{rel}","templated":true}]}}