{"id":3675,"date":"2024-10-29T15:28:31","date_gmt":"2024-10-29T14:28:31","guid":{"rendered":"https:\/\/lama-bs.sk\/?page_id=3675"},"modified":"2024-10-29T15:28:31","modified_gmt":"2024-10-29T14:28:31","slug":"proklima-8","status":"publish","type":"page","link":"https:\/\/lama-bs.sk\/cs\/prodejci\/zaluzie-praha\/proklima-8\/","title":{"rendered":"PROKLIMA Praha 8"},"content":{"rendered":"<p>Firma <strong>Proklima st\u00ednic\u00ed technika s.r.o.<\/strong> se specializuje na&nbsp;poskytov\u00e1n\u00ed kvalitn\u00ed st\u00ednic\u00ed techniky v&nbsp;\u010cesk\u00e9 republice. Firma vznikla v&nbsp;roce 2005 jako dce\u0159in\u00e1 spole\u010dnost Servis Climax, a.s., jednoho z&nbsp;p\u0159edn\u00edch v\u00fdrobc\u016f st\u00ednic\u00ed techniky v&nbsp;zemi. Proklima nab\u00edz\u00ed \u0161irok\u00e9 portfolio produkt\u016f, kter\u00e9 zahrnuje \u017ealuzie, rolety, mark\u00fdzy, pergoly a&nbsp;s\u00edt\u011b proti&nbsp;hmyzu, zam\u011b\u0159en\u00e9 jak na&nbsp;dom\u00e1cnosti, tak&nbsp;na&nbsp;komer\u010dn\u00ed prostory. Spole\u010dnost se postupn\u011b roz\u0161\u00ed\u0159ila do&nbsp;n\u011bkolika region\u016f \u010cR, v\u010detn\u011b\u00a0<a href=\"https:\/\/lama-bs.sk\/cs\/prodejci\/zaluzie-praha\/\">Prahy<\/a>, Brna, Plzn\u011b, a&nbsp;dal\u0161\u00edch m\u011bst, kde m\u00e1 showroomy a&nbsp;nab\u00edz\u00ed odborn\u00e9 technick\u00e9 poradenstv\u00ed pro z\u00e1kazn\u00edky. D\u00edky dlouholet\u00fdm zku\u0161enostem a&nbsp;\u00fazk\u00e9 spolupr\u00e1ci s&nbsp;v\u00fdznamn\u00fdmi v\u00fdrobci jako rakousk\u00e1 Leha \u010di&nbsp;Bematech si firma vybudovala silnou pozici na&nbsp;trhu. V&nbsp;roce 2021 roz\u0161\u00ed\u0159ili sv\u016fj sortiment o&nbsp;gar\u00e1\u017eov\u00e1 vrata od&nbsp;spole\u010dnosti H\u00f6rmann, \u010d\u00edm\u017e d\u00e1le zv\u00fd\u0161ili \u0161\u00ed\u0159i sv\u00e9ho portfolia. Firma nab\u00edz\u00ed kompletn\u00ed slu\u017eby od&nbsp;poradenstv\u00ed po&nbsp;mont\u00e1\u017e a&nbsp;tak\u00e9 poz\u00e1ru\u010dn\u00ed servis. Proklima se tak&nbsp;stala obl\u00edbenou volbou pro klienty, kte\u0159\u00ed hledaj\u00ed kvalitn\u00ed \u0159e\u0161en\u00ed pro zast\u00edn\u011bn\u00ed r\u016fzn\u00fdch prostor.<\/p>\n<p>Pokud hled\u00e1te elegantn\u00ed a&nbsp;modern\u00ed st\u00edn\u011bn\u00ed, u&nbsp;t\u00e9to firmy si m\u016f\u017eete zakoupit tak\u00e9 na\u0161e <a href=\"https:\/\/lama-bs.sk\/cs\/ponuka-vnutornych-zaluzii\/\">vysoce kvalitn\u00ed bambusov\u00e9 \u017ealuzie<\/a>, kter\u00e9 p\u0159inesou do&nbsp;va\u0161eho interi\u00e9ru stylov\u00fd a&nbsp;p\u0159\u00edrodn\u00ed prvek.<\/p>\n<p><div class=\"row\"><div class=\"col-sm-6\"><\/p>\n<ul>\n<li style=\"font-weight: 400;\" aria-level=\"1\"><b>E-mail<\/b><span style=\"font-weight: 400;\">: <a href=\"praha8@proklima.cz\" target=\"_blank\" rel=\"noopener\">praha8@proklima.cz<\/a><\/span><\/li>\n<li style=\"font-weight: 400;\" aria-level=\"1\"><b>Adresa<\/b><span style=\"font-weight: 400;\">: Zenkova 43\/131, Praha 8<\/span><\/li>\n<li style=\"font-weight: 400;\" aria-level=\"1\"><b>Str\u00e1nka<\/b><span style=\"font-weight: 400;\">: <a href=\"https:\/\/www.proklima.cz\/\" target=\"_blank\" rel=\"noopener\">https:\/\/www.proklima.cz\/<\/a><\/span><\/li>\n<\/ul>\n<p><\/div><div class=\"col-sm-6\"><\/p>\n<p><strong>Dal\u0161\u00ed provozy spole\u010dnosti Proklima v&nbsp;Praze<\/strong>:<\/p>\n<ul>\n<li><a href=\"https:\/\/lama-bs.sk\/cs\/prodejci\/zaluzie-praha\/proklima-5\/\">PROKLIMA (Praha 5)<\/a><\/li>\n<li><a href=\"https:\/\/lama-bs.sk\/cs\/prodejci\/zaluzie-praha\/proklima-6\/\"><span style=\"font-weight: 400;\">PROKLIMA (Praha 6)<\/span><\/a><\/li>\n<\/ul>\n<p><\/div><\/div><\/p>\n","protected":false},"excerpt":{"rendered":"<p>Firma Proklima st\u00ednic\u00ed technika s.r.o. se specializuje na&nbsp;poskytov\u00e1n\u00ed kvalitn\u00ed st\u00ednic\u00ed techniky v&nbsp;\u010cesk\u00e9 republice. Firma vznikla v&nbsp;roce 2005 jako dce\u0159in\u00e1 spole\u010dnost Servis Climax, a.s., jednoho z&nbsp;p\u0159edn\u00edch v\u00fdrobc\u016f st\u00ednic\u00ed techniky v&nbsp;zemi. Proklima nab\u00edz\u00ed \u0161irok\u00e9 portfolio produkt\u016f, kter\u00e9 zahrnuje \u017ealuzie, rolety, mark\u00fdzy, pergoly a&nbsp;s\u00edt\u011b proti&nbsp;hmyzu, zam\u011b\u0159en\u00e9 jak na&nbsp;dom\u00e1cnosti, tak&nbsp;na&nbsp;komer\u010dn\u00ed prostory. Spole\u010dnost se postupn\u011b roz\u0161\u00ed\u0159ila do&nbsp;n\u011bkolika region\u016f \u010cR, v\u010detn\u011b\u00a0Prahy, [&hellip;]<\/p>\n","protected":false},"author":1,"featured_media":0,"parent":3456,"menu_order":0,"comment_status":"closed","ping_status":"closed","template":"template-partners.php","meta":{"footnotes":""},"class_list":["post-3675","page","type-page","status-publish","hentry"],"yoast_head":"<!-- This site is optimized with the Yoast SEO plugin v26.4 - https:\/\/yoast.com\/wordpress\/plugins\/seo\/ -->\n<title>Prodejce \u017ealuzi\u00ed Proklima Praha 8 | Lama Bamboo<\/title>\n<meta name=\"description\" content=\"Dop\u0159ejte si nov\u00e9 bambusov\u00e9 \u017ealuzie, kter\u00e9 najdete u na\u0161eho dlouholet\u00e9ho partnera, spole\u010dnosti Proklima st\u00ednic\u00ed technika s.r.o. v Praze.\" \/>\n<meta name=\"robots\" content=\"index, follow, max-snippet:-1, max-image-preview:large, max-video-preview:-1\" \/>\n<link rel=\"canonical\" href=\"https:\/\/lama-bs.sk\/cs\/prodejci\/zaluzie-praha\/proklima-8\/\" \/>\n<meta property=\"og:locale\" content=\"cs_CZ\" \/>\n<meta property=\"og:type\" content=\"article\" \/>\n<meta property=\"og:title\" content=\"Prodejce \u017ealuzi\u00ed Proklima Praha 8 | Lama Bamboo\" \/>\n<meta property=\"og:description\" content=\"Dop\u0159ejte si nov\u00e9 bambusov\u00e9 \u017ealuzie, kter\u00e9 najdete u na\u0161eho dlouholet\u00e9ho partnera, spole\u010dnosti Proklima st\u00ednic\u00ed technika s.r.o. v Praze.\" \/>\n<meta property=\"og:url\" content=\"https:\/\/lama-bs.sk\/cs\/prodejci\/zaluzie-praha\/proklima-8\/\" \/>\n<meta property=\"og:site_name\" content=\"LAMA Bamboo systems s.r.o.\" \/>\n<meta name=\"twitter:card\" content=\"summary_large_image\" \/>\n<meta name=\"twitter:label1\" content=\"Odhadovan\u00e1 doba \u010dten\u00ed\" \/>\n\t<meta name=\"twitter:data1\" content=\"2 minuty\" \/>\n<script type=\"application\/ld+json\" class=\"yoast-schema-graph\">{\"@context\":\"https:\/\/schema.org\",\"@graph\":[{\"@type\":\"WebPage\",\"@id\":\"https:\/\/lama-bs.sk\/cs\/prodejci\/zaluzie-praha\/proklima-8\/\",\"url\":\"https:\/\/lama-bs.sk\/cs\/prodejci\/zaluzie-praha\/proklima-8\/\",\"name\":\"Prodejce \u017ealuzi\u00ed Proklima Praha 8 | Lama Bamboo\",\"isPartOf\":{\"@id\":\"https:\/\/lama-bs.sk\/#website\"},\"datePublished\":\"2024-10-29T14:28:31+00:00\",\"description\":\"Dop\u0159ejte si nov\u00e9 bambusov\u00e9 \u017ealuzie, kter\u00e9 najdete u na\u0161eho dlouholet\u00e9ho partnera, spole\u010dnosti Proklima st\u00ednic\u00ed technika s.r.o. v Praze.\",\"breadcrumb\":{\"@id\":\"https:\/\/lama-bs.sk\/cs\/prodejci\/zaluzie-praha\/proklima-8\/#breadcrumb\"},\"inLanguage\":\"cs\",\"potentialAction\":[{\"@type\":\"ReadAction\",\"target\":[\"https:\/\/lama-bs.sk\/cs\/prodejci\/zaluzie-praha\/proklima-8\/\"]}]},{\"@type\":\"BreadcrumbList\",\"@id\":\"https:\/\/lama-bs.sk\/cs\/prodejci\/zaluzie-praha\/proklima-8\/#breadcrumb\",\"itemListElement\":[{\"@type\":\"ListItem\",\"position\":1,\"name\":\"Prodejci\",\"item\":\"https:\/\/lama-bs.sk\/cs\/prodejci\/\"},{\"@type\":\"ListItem\",\"position\":2,\"name\":\"\u017daluzie Praha\",\"item\":\"https:\/\/lama-bs.sk\/cs\/prodejci\/zaluzie-praha\/\"},{\"@type\":\"ListItem\",\"position\":3,\"name\":\"PROKLIMA Praha 8\"}]},{\"@type\":\"WebSite\",\"@id\":\"https:\/\/lama-bs.sk\/#website\",\"url\":\"https:\/\/lama-bs.sk\/\",\"name\":\"LAMA Bamboo systems s.r.o.\",\"description\":\"\",\"potentialAction\":[{\"@type\":\"SearchAction\",\"target\":{\"@type\":\"EntryPoint\",\"urlTemplate\":\"https:\/\/lama-bs.sk\/?s={search_term_string}\"},\"query-input\":{\"@type\":\"PropertyValueSpecification\",\"valueRequired\":true,\"valueName\":\"search_term_string\"}}],\"inLanguage\":\"cs\"}]}<\/script>\n<!-- \/ Yoast SEO plugin. -->","yoast_head_json":{"title":"Prodejce \u017ealuzi\u00ed Proklima Praha 8 | Lama Bamboo","description":"Dop\u0159ejte si nov\u00e9 bambusov\u00e9 \u017ealuzie, kter\u00e9 najdete u na\u0161eho dlouholet\u00e9ho partnera, spole\u010dnosti Proklima st\u00ednic\u00ed technika s.r.o. v Praze.","robots":{"index":"index","follow":"follow","max-snippet":"max-snippet:-1","max-image-preview":"max-image-preview:large","max-video-preview":"max-video-preview:-1"},"canonical":"https:\/\/lama-bs.sk\/cs\/prodejci\/zaluzie-praha\/proklima-8\/","og_locale":"cs_CZ","og_type":"article","og_title":"Prodejce \u017ealuzi\u00ed Proklima Praha 8 | Lama Bamboo","og_description":"Dop\u0159ejte si nov\u00e9 bambusov\u00e9 \u017ealuzie, kter\u00e9 najdete u na\u0161eho dlouholet\u00e9ho partnera, spole\u010dnosti Proklima st\u00ednic\u00ed technika s.r.o. v Praze.","og_url":"https:\/\/lama-bs.sk\/cs\/prodejci\/zaluzie-praha\/proklima-8\/","og_site_name":"LAMA Bamboo systems s.r.o.","twitter_card":"summary_large_image","twitter_misc":{"Odhadovan\u00e1 doba \u010dten\u00ed":"2 minuty"},"schema":{"@context":"https:\/\/schema.org","@graph":[{"@type":"WebPage","@id":"https:\/\/lama-bs.sk\/cs\/prodejci\/zaluzie-praha\/proklima-8\/","url":"https:\/\/lama-bs.sk\/cs\/prodejci\/zaluzie-praha\/proklima-8\/","name":"Prodejce \u017ealuzi\u00ed Proklima Praha 8 | Lama Bamboo","isPartOf":{"@id":"https:\/\/lama-bs.sk\/#website"},"datePublished":"2024-10-29T14:28:31+00:00","description":"Dop\u0159ejte si nov\u00e9 bambusov\u00e9 \u017ealuzie, kter\u00e9 najdete u na\u0161eho dlouholet\u00e9ho partnera, spole\u010dnosti Proklima st\u00ednic\u00ed technika s.r.o. v Praze.","breadcrumb":{"@id":"https:\/\/lama-bs.sk\/cs\/prodejci\/zaluzie-praha\/proklima-8\/#breadcrumb"},"inLanguage":"cs","potentialAction":[{"@type":"ReadAction","target":["https:\/\/lama-bs.sk\/cs\/prodejci\/zaluzie-praha\/proklima-8\/"]}]},{"@type":"BreadcrumbList","@id":"https:\/\/lama-bs.sk\/cs\/prodejci\/zaluzie-praha\/proklima-8\/#breadcrumb","itemListElement":[{"@type":"ListItem","position":1,"name":"Prodejci","item":"https:\/\/lama-bs.sk\/cs\/prodejci\/"},{"@type":"ListItem","position":2,"name":"\u017daluzie Praha","item":"https:\/\/lama-bs.sk\/cs\/prodejci\/zaluzie-praha\/"},{"@type":"ListItem","position":3,"name":"PROKLIMA Praha 8"}]},{"@type":"WebSite","@id":"https:\/\/lama-bs.sk\/#website","url":"https:\/\/lama-bs.sk\/","name":"LAMA Bamboo systems s.r.o.","description":"","potentialAction":[{"@type":"SearchAction","target":{"@type":"EntryPoint","urlTemplate":"https:\/\/lama-bs.sk\/?s={search_term_string}"},"query-input":{"@type":"PropertyValueSpecification","valueRequired":true,"valueName":"search_term_string"}}],"inLanguage":"cs"}]}},"_links":{"self":[{"href":"https:\/\/lama-bs.sk\/cs\/wp-json\/wp\/v2\/pages\/3675","targetHints":{"allow":["GET"]}}],"collection":[{"href":"https:\/\/lama-bs.sk\/cs\/wp-json\/wp\/v2\/pages"}],"about":[{"href":"https:\/\/lama-bs.sk\/cs\/wp-json\/wp\/v2\/types\/page"}],"author":[{"embeddable":true,"href":"https:\/\/lama-bs.sk\/cs\/wp-json\/wp\/v2\/users\/1"}],"replies":[{"embeddable":true,"href":"https:\/\/lama-bs.sk\/cs\/wp-json\/wp\/v2\/comments?post=3675"}],"version-history":[{"count":5,"href":"https:\/\/lama-bs.sk\/cs\/wp-json\/wp\/v2\/pages\/3675\/revisions"}],"predecessor-version":[{"id":4194,"href":"https:\/\/lama-bs.sk\/cs\/wp-json\/wp\/v2\/pages\/3675\/revisions\/4194"}],"up":[{"embeddable":true,"href":"https:\/\/lama-bs.sk\/cs\/wp-json\/wp\/v2\/pages\/3456"}],"wp:attachment":[{"href":"https:\/\/lama-bs.sk\/cs\/wp-json\/wp\/v2\/media?parent=3675"}],"curies":[{"name":"wp","href":"https:\/\/api.w.org\/{rel}","templated":true}]}}