{"id":3665,"date":"2024-10-29T15:24:19","date_gmt":"2024-10-29T14:24:19","guid":{"rendered":"https:\/\/lama-bs.sk\/?page_id=3665"},"modified":"2024-10-29T15:27:03","modified_gmt":"2024-10-29T14:27:03","slug":"proklima-5","status":"publish","type":"page","link":"https:\/\/lama-bs.sk\/cs\/prodejci\/zaluzie-praha\/proklima-5\/","title":{"rendered":"PROKLIMA Praha 5"},"content":{"rendered":"<p>Spole\u010dnost <strong>Proklima st\u00ednic\u00ed technika s.r.o.<\/strong>, zalo\u017een\u00e1 v&nbsp;prosinci 2005, se nach\u00e1z\u00ed v\u00a0<a href=\"https:\/\/lama-bs.sk\/cs\/prodejci\/zaluzie-praha\/\">Praze<\/a>. Specializuje se na&nbsp;prodej a&nbsp;mont\u00e1\u017e st\u00edn\u00edc\u00ed techniky, kter\u00e1 zahrnuje \u0161irokou \u0161k\u00e1lu produkt\u016f, jako jsou \u017ealuzie, rolety, mark\u00fdzy a&nbsp;pergoly. Spole\u010dnost se vyzna\u010duje kvalitn\u00edm zpracov\u00e1n\u00edm a&nbsp;odborn\u00fdm poradenstv\u00edm, co\u017e j\u00ed umo\u017enilo zrealizovat v\u00edce ne\u017e 2 miliony okenn\u00edch projekt\u016f a&nbsp;spolupracovat s&nbsp;r\u016fzn\u00fdmi komer\u010dn\u00edmi i&nbsp;reziden\u010dn\u00edmi klienty. Mezi \u00fasp\u011bchy spole\u010dnosti pat\u0159\u00ed \u00fa\u010dast na&nbsp;v\u00fdznamn\u00fdch stavebn\u00edch veletrz\u00edch, jako jsou FOR ARCH a&nbsp;stavebn\u00ed veletrh v&nbsp;Brn\u011b, kde prezentovala sv\u00e9 produkty a&nbsp;z\u00edskala nov\u00e9 z\u00e1kazn\u00edky. Tato firma tak\u00e9 nab\u00edz\u00ed na\u0161e modern\u00ed kvalitn\u00ed <a href=\"https:\/\/lama-bs.sk\/cs\/ponuka-vnutornych-zaluzii\/\">bambusov\u00e9 \u017ealuzie<\/a>, kter\u00e9 si z\u00e1kazn\u00edci mohou zakoupit do&nbsp;sv\u00e9ho interi\u00e9ru.<\/p>\n<p><div class=\"row\"><div class=\"col-sm-6\"><\/p>\n<ul>\n<li style=\"font-weight: 400;\" aria-level=\"1\"><b>E-mail<\/b><span style=\"font-weight: 400;\">: <a href=\"mailto:praha5@proklima.cz\" target=\"_blank\" rel=\"noopener\">praha5@proklima.cz<\/a><\/span><\/li>\n<li style=\"font-weight: 400;\" aria-level=\"1\"><b>Adresa<\/b><span style=\"font-weight: 400;\">: Vrchlick\u00e9ho 1306\/5a, Praha 5<\/span><\/li>\n<li style=\"font-weight: 400;\" aria-level=\"1\"><b>Str\u00e1nka<\/b><span style=\"font-weight: 400;\">: <a href=\"https:\/\/www.proklima.cz\/\" target=\"_blank\" rel=\"noopener\">https:\/\/www.proklima.cz\/<\/a><\/span><\/li>\n<\/ul>\n<p><\/div><div class=\"col-sm-6\"><\/p>\n<p><strong>Dal\u0161\u00ed provozy spole\u010dnosti Proklima v&nbsp;Praze<\/strong>:<\/p>\n<ul>\n<li><a href=\"https:\/\/lama-bs.sk\/cs\/prodejci\/zaluzie-praha\/proklima-6\/\"><span style=\"font-weight: 400;\">PROKLIMA (Praha 6)<\/span><\/a><\/li>\n<li><a href=\"https:\/\/lama-bs.sk\/cs\/prodejci\/zaluzie-praha\/proklima-8\/\"><span style=\"font-weight: 400;\">PROKLIMA (Praha 8)<\/span><\/a><\/li>\n<\/ul>\n<p><\/div><\/div><\/p>\n","protected":false},"excerpt":{"rendered":"<p>Spole\u010dnost Proklima st\u00ednic\u00ed technika s.r.o., zalo\u017een\u00e1 v&nbsp;prosinci 2005, se nach\u00e1z\u00ed v\u00a0Praze. Specializuje se na&nbsp;prodej a&nbsp;mont\u00e1\u017e st\u00edn\u00edc\u00ed techniky, kter\u00e1 zahrnuje \u0161irokou \u0161k\u00e1lu produkt\u016f, jako jsou \u017ealuzie, rolety, mark\u00fdzy a&nbsp;pergoly. Spole\u010dnost se vyzna\u010duje kvalitn\u00edm zpracov\u00e1n\u00edm a&nbsp;odborn\u00fdm poradenstv\u00edm, co\u017e j\u00ed umo\u017enilo zrealizovat v\u00edce ne\u017e 2 miliony okenn\u00edch projekt\u016f a&nbsp;spolupracovat s&nbsp;r\u016fzn\u00fdmi komer\u010dn\u00edmi i&nbsp;reziden\u010dn\u00edmi klienty. Mezi \u00fasp\u011bchy spole\u010dnosti pat\u0159\u00ed \u00fa\u010dast [&hellip;]<\/p>\n","protected":false},"author":1,"featured_media":0,"parent":3456,"menu_order":0,"comment_status":"closed","ping_status":"closed","template":"template-partners.php","meta":{"footnotes":""},"class_list":["post-3665","page","type-page","status-publish","hentry"],"yoast_head":"<!-- This site is optimized with the Yoast SEO plugin v26.4 - https:\/\/yoast.com\/wordpress\/plugins\/seo\/ -->\n<title>Prodejce \u017ealuzi\u00ed Proklima Praha 5 Praha | Lama Bamboo<\/title>\n<meta name=\"description\" content=\"Bambusov\u00e9 \u017ealuzie z na\u0161\u00ed produkce m\u016f\u017eete zakoupit u na\u0161eho partnera, Proklima st\u00ednic\u00ed technika s.r.o. v Praze. Vyberte si nov\u00e9 \u017ealuzie je\u0161t\u011b dnes.\" \/>\n<meta name=\"robots\" content=\"index, follow, max-snippet:-1, max-image-preview:large, max-video-preview:-1\" \/>\n<link rel=\"canonical\" href=\"https:\/\/lama-bs.sk\/cs\/prodejci\/zaluzie-praha\/proklima-5\/\" \/>\n<meta property=\"og:locale\" content=\"cs_CZ\" \/>\n<meta property=\"og:type\" content=\"article\" \/>\n<meta property=\"og:title\" content=\"Prodejce \u017ealuzi\u00ed Proklima Praha 5 Praha | Lama Bamboo\" \/>\n<meta property=\"og:description\" content=\"Bambusov\u00e9 \u017ealuzie z na\u0161\u00ed produkce m\u016f\u017eete zakoupit u na\u0161eho partnera, Proklima st\u00ednic\u00ed technika s.r.o. v Praze. Vyberte si nov\u00e9 \u017ealuzie je\u0161t\u011b dnes.\" \/>\n<meta property=\"og:url\" content=\"https:\/\/lama-bs.sk\/cs\/prodejci\/zaluzie-praha\/proklima-5\/\" \/>\n<meta property=\"og:site_name\" content=\"LAMA Bamboo systems s.r.o.\" \/>\n<meta property=\"article:modified_time\" content=\"2024-10-29T14:27:03+00:00\" \/>\n<meta name=\"twitter:card\" content=\"summary_large_image\" \/>\n<meta name=\"twitter:label1\" content=\"Odhadovan\u00e1 doba \u010dten\u00ed\" \/>\n\t<meta name=\"twitter:data1\" content=\"1 minuta\" \/>\n<script type=\"application\/ld+json\" class=\"yoast-schema-graph\">{\"@context\":\"https:\/\/schema.org\",\"@graph\":[{\"@type\":\"WebPage\",\"@id\":\"https:\/\/lama-bs.sk\/cs\/prodejci\/zaluzie-praha\/proklima-5\/\",\"url\":\"https:\/\/lama-bs.sk\/cs\/prodejci\/zaluzie-praha\/proklima-5\/\",\"name\":\"Prodejce \u017ealuzi\u00ed Proklima Praha 5 Praha | Lama Bamboo\",\"isPartOf\":{\"@id\":\"https:\/\/lama-bs.sk\/#website\"},\"datePublished\":\"2024-10-29T14:24:19+00:00\",\"dateModified\":\"2024-10-29T14:27:03+00:00\",\"description\":\"Bambusov\u00e9 \u017ealuzie z na\u0161\u00ed produkce m\u016f\u017eete zakoupit u na\u0161eho partnera, Proklima st\u00ednic\u00ed technika s.r.o. v Praze. Vyberte si nov\u00e9 \u017ealuzie je\u0161t\u011b dnes.\",\"breadcrumb\":{\"@id\":\"https:\/\/lama-bs.sk\/cs\/prodejci\/zaluzie-praha\/proklima-5\/#breadcrumb\"},\"inLanguage\":\"cs\",\"potentialAction\":[{\"@type\":\"ReadAction\",\"target\":[\"https:\/\/lama-bs.sk\/cs\/prodejci\/zaluzie-praha\/proklima-5\/\"]}]},{\"@type\":\"BreadcrumbList\",\"@id\":\"https:\/\/lama-bs.sk\/cs\/prodejci\/zaluzie-praha\/proklima-5\/#breadcrumb\",\"itemListElement\":[{\"@type\":\"ListItem\",\"position\":1,\"name\":\"Prodejci\",\"item\":\"https:\/\/lama-bs.sk\/cs\/prodejci\/\"},{\"@type\":\"ListItem\",\"position\":2,\"name\":\"\u017daluzie Praha\",\"item\":\"https:\/\/lama-bs.sk\/cs\/prodejci\/zaluzie-praha\/\"},{\"@type\":\"ListItem\",\"position\":3,\"name\":\"PROKLIMA Praha 5\"}]},{\"@type\":\"WebSite\",\"@id\":\"https:\/\/lama-bs.sk\/#website\",\"url\":\"https:\/\/lama-bs.sk\/\",\"name\":\"LAMA Bamboo systems s.r.o.\",\"description\":\"\",\"potentialAction\":[{\"@type\":\"SearchAction\",\"target\":{\"@type\":\"EntryPoint\",\"urlTemplate\":\"https:\/\/lama-bs.sk\/?s={search_term_string}\"},\"query-input\":{\"@type\":\"PropertyValueSpecification\",\"valueRequired\":true,\"valueName\":\"search_term_string\"}}],\"inLanguage\":\"cs\"}]}<\/script>\n<!-- \/ Yoast SEO plugin. -->","yoast_head_json":{"title":"Prodejce \u017ealuzi\u00ed Proklima Praha 5 Praha | Lama Bamboo","description":"Bambusov\u00e9 \u017ealuzie z na\u0161\u00ed produkce m\u016f\u017eete zakoupit u na\u0161eho partnera, Proklima st\u00ednic\u00ed technika s.r.o. v Praze. Vyberte si nov\u00e9 \u017ealuzie je\u0161t\u011b dnes.","robots":{"index":"index","follow":"follow","max-snippet":"max-snippet:-1","max-image-preview":"max-image-preview:large","max-video-preview":"max-video-preview:-1"},"canonical":"https:\/\/lama-bs.sk\/cs\/prodejci\/zaluzie-praha\/proklima-5\/","og_locale":"cs_CZ","og_type":"article","og_title":"Prodejce \u017ealuzi\u00ed Proklima Praha 5 Praha | Lama Bamboo","og_description":"Bambusov\u00e9 \u017ealuzie z na\u0161\u00ed produkce m\u016f\u017eete zakoupit u na\u0161eho partnera, Proklima st\u00ednic\u00ed technika s.r.o. v Praze. Vyberte si nov\u00e9 \u017ealuzie je\u0161t\u011b dnes.","og_url":"https:\/\/lama-bs.sk\/cs\/prodejci\/zaluzie-praha\/proklima-5\/","og_site_name":"LAMA Bamboo systems s.r.o.","article_modified_time":"2024-10-29T14:27:03+00:00","twitter_card":"summary_large_image","twitter_misc":{"Odhadovan\u00e1 doba \u010dten\u00ed":"1 minuta"},"schema":{"@context":"https:\/\/schema.org","@graph":[{"@type":"WebPage","@id":"https:\/\/lama-bs.sk\/cs\/prodejci\/zaluzie-praha\/proklima-5\/","url":"https:\/\/lama-bs.sk\/cs\/prodejci\/zaluzie-praha\/proklima-5\/","name":"Prodejce \u017ealuzi\u00ed Proklima Praha 5 Praha | Lama Bamboo","isPartOf":{"@id":"https:\/\/lama-bs.sk\/#website"},"datePublished":"2024-10-29T14:24:19+00:00","dateModified":"2024-10-29T14:27:03+00:00","description":"Bambusov\u00e9 \u017ealuzie z na\u0161\u00ed produkce m\u016f\u017eete zakoupit u na\u0161eho partnera, Proklima st\u00ednic\u00ed technika s.r.o. v Praze. Vyberte si nov\u00e9 \u017ealuzie je\u0161t\u011b dnes.","breadcrumb":{"@id":"https:\/\/lama-bs.sk\/cs\/prodejci\/zaluzie-praha\/proklima-5\/#breadcrumb"},"inLanguage":"cs","potentialAction":[{"@type":"ReadAction","target":["https:\/\/lama-bs.sk\/cs\/prodejci\/zaluzie-praha\/proklima-5\/"]}]},{"@type":"BreadcrumbList","@id":"https:\/\/lama-bs.sk\/cs\/prodejci\/zaluzie-praha\/proklima-5\/#breadcrumb","itemListElement":[{"@type":"ListItem","position":1,"name":"Prodejci","item":"https:\/\/lama-bs.sk\/cs\/prodejci\/"},{"@type":"ListItem","position":2,"name":"\u017daluzie Praha","item":"https:\/\/lama-bs.sk\/cs\/prodejci\/zaluzie-praha\/"},{"@type":"ListItem","position":3,"name":"PROKLIMA Praha 5"}]},{"@type":"WebSite","@id":"https:\/\/lama-bs.sk\/#website","url":"https:\/\/lama-bs.sk\/","name":"LAMA Bamboo systems s.r.o.","description":"","potentialAction":[{"@type":"SearchAction","target":{"@type":"EntryPoint","urlTemplate":"https:\/\/lama-bs.sk\/?s={search_term_string}"},"query-input":{"@type":"PropertyValueSpecification","valueRequired":true,"valueName":"search_term_string"}}],"inLanguage":"cs"}]}},"_links":{"self":[{"href":"https:\/\/lama-bs.sk\/cs\/wp-json\/wp\/v2\/pages\/3665","targetHints":{"allow":["GET"]}}],"collection":[{"href":"https:\/\/lama-bs.sk\/cs\/wp-json\/wp\/v2\/pages"}],"about":[{"href":"https:\/\/lama-bs.sk\/cs\/wp-json\/wp\/v2\/types\/page"}],"author":[{"embeddable":true,"href":"https:\/\/lama-bs.sk\/cs\/wp-json\/wp\/v2\/users\/1"}],"replies":[{"embeddable":true,"href":"https:\/\/lama-bs.sk\/cs\/wp-json\/wp\/v2\/comments?post=3665"}],"version-history":[{"count":8,"href":"https:\/\/lama-bs.sk\/cs\/wp-json\/wp\/v2\/pages\/3665\/revisions"}],"predecessor-version":[{"id":4190,"href":"https:\/\/lama-bs.sk\/cs\/wp-json\/wp\/v2\/pages\/3665\/revisions\/4190"}],"up":[{"embeddable":true,"href":"https:\/\/lama-bs.sk\/cs\/wp-json\/wp\/v2\/pages\/3456"}],"wp:attachment":[{"href":"https:\/\/lama-bs.sk\/cs\/wp-json\/wp\/v2\/media?parent=3665"}],"curies":[{"name":"wp","href":"https:\/\/api.w.org\/{rel}","templated":true}]}}