{"id":3660,"date":"2024-10-29T15:05:26","date_gmt":"2024-10-29T14:05:26","guid":{"rendered":"https:\/\/lama-bs.sk\/?page_id=3660"},"modified":"2024-10-29T15:05:26","modified_gmt":"2024-10-29T14:05:26","slug":"mm-zaluzie","status":"publish","type":"page","link":"https:\/\/lama-bs.sk\/cs\/prodejci\/zaluzie-praha\/mm-zaluzie\/","title":{"rendered":"MM \u017dALUZIE Praha"},"content":{"rendered":"<p>Firma <strong>MM \u017dALUZIE<\/strong> s\u00eddl\u00ed v\u00a0<a href=\"https:\/\/lama-bs.sk\/cs\/prodejci\/zaluzie-praha\/\">Praze<\/a>\u00a0a specializuje se na&nbsp;v\u00fdrobu a&nbsp;instalaci r\u016fzn\u00fdch typ\u016f st\u00edn\u00edc\u00ed techniky, v\u010detn\u011b \u017ealuzi\u00ed, rolet, mark\u00fdz a&nbsp;dal\u0161\u00edch dekorativn\u00edch prvk\u016f. P\u016fsob\u00ed na&nbsp;\u010desk\u00e9m trhu ji\u017e v\u00edce ne\u017e 25 let, b\u011bhem kter\u00fdch si vybudovala silnou reputaci a&nbsp;d\u016fv\u011bru mezi z\u00e1kazn\u00edky. Mezi \u00fasp\u011bchy firmy pat\u0159\u00ed rozs\u00e1hl\u00e9 portfolio realizovan\u00fdch projekt\u016f a&nbsp;pozitivn\u00ed reference od&nbsp;z\u00e1kazn\u00edk\u016f, kte\u0159\u00ed chv\u00e1l\u00ed profesionalitu a&nbsp;kvalitu slu\u017eeb. Spole\u010dnost nab\u00edz\u00ed bezplatn\u00e9 zam\u011b\u0159en\u00ed a&nbsp;dopravu v&nbsp;oblasti Prahy, co\u017e zjednodu\u0161uje proces objedn\u00e1n\u00ed. Firma<strong> MM \u017dALUZIE<\/strong> tak\u00e9 nab\u00edz\u00ed na\u0161e modern\u00ed kvalitn\u00ed\u00a0<a href=\"https:\/\/lama-bs.sk\/cs\/ponuka-vnutornych-zaluzii\/\">bambusov\u00e9 \u017ealuzie<\/a>, kter\u00e9 si z\u00e1kazn\u00edci mohou zakoupit do&nbsp;sv\u00e9ho interi\u00e9ru. Tyto \u017ealuzie jsou ekologick\u00e9 a&nbsp;dod\u00e1vaj\u00ed prostoru p\u0159\u00edjemnou atmosf\u00e9ru.<\/p>\n<p>&nbsp;<\/p>\n<ul>\n<li style=\"font-weight: 400;\" aria-level=\"1\"><b>E-mail<\/b><span style=\"font-weight: 400;\">: <a href=\"info@mm-zaluzie.com\" target=\"_blank\" rel=\"noopener\">info@mm-zaluzie.com<\/a><\/span><\/li>\n<li style=\"font-weight: 400;\" aria-level=\"1\"><b>Adresa<\/b><span style=\"font-weight: 400;\">: Jabloneck\u00e1 322\/72, Praha 9 &#8211;&nbsp;St\u0159\u00ed\u017ekov<\/span><\/li>\n<li style=\"font-weight: 400;\" aria-level=\"1\"><b>Str\u00e1nka<\/b><span style=\"font-weight: 400;\">: <a href=\"https:\/\/www.mm-zaluzie.cz\/\" target=\"_blank\" rel=\"noopener\">https:\/\/www.mm-zaluzie.cz\/<\/a><\/span><\/li>\n<\/ul>\n","protected":false},"excerpt":{"rendered":"<p>Firma MM \u017dALUZIE s\u00eddl\u00ed v\u00a0Praze\u00a0a specializuje se na&nbsp;v\u00fdrobu a&nbsp;instalaci r\u016fzn\u00fdch typ\u016f st\u00edn\u00edc\u00ed techniky, v\u010detn\u011b \u017ealuzi\u00ed, rolet, mark\u00fdz a&nbsp;dal\u0161\u00edch dekorativn\u00edch prvk\u016f. P\u016fsob\u00ed na&nbsp;\u010desk\u00e9m trhu ji\u017e v\u00edce ne\u017e 25 let, b\u011bhem kter\u00fdch si vybudovala silnou reputaci a&nbsp;d\u016fv\u011bru mezi z\u00e1kazn\u00edky. Mezi \u00fasp\u011bchy firmy pat\u0159\u00ed rozs\u00e1hl\u00e9 portfolio realizovan\u00fdch projekt\u016f a&nbsp;pozitivn\u00ed reference od&nbsp;z\u00e1kazn\u00edk\u016f, kte\u0159\u00ed chv\u00e1l\u00ed profesionalitu a&nbsp;kvalitu slu\u017eeb. Spole\u010dnost nab\u00edz\u00ed [&hellip;]<\/p>\n","protected":false},"author":1,"featured_media":0,"parent":3456,"menu_order":0,"comment_status":"closed","ping_status":"closed","template":"template-partners.php","meta":{"footnotes":""},"class_list":["post-3660","page","type-page","status-publish","hentry"],"yoast_head":"<!-- This site is optimized with the Yoast SEO plugin v26.4 - https:\/\/yoast.com\/wordpress\/plugins\/seo\/ -->\n<title>Prodejce \u017ealuzi\u00ed MM \u017daluzie Praha | Lama Bamboo<\/title>\n<meta name=\"description\" content=\"Dop\u0159ejte si nov\u00e9 bambusov\u00e9 \u017ealuzie, kter\u00e9 najdete u na\u0161eho dlouholet\u00e9ho partnera, spole\u010dnosti MM \u017dALUZIE v Praze.\" \/>\n<meta name=\"robots\" content=\"index, follow, max-snippet:-1, max-image-preview:large, max-video-preview:-1\" \/>\n<link rel=\"canonical\" href=\"https:\/\/lama-bs.sk\/cs\/prodejci\/zaluzie-praha\/mm-zaluzie\/\" \/>\n<meta property=\"og:locale\" content=\"cs_CZ\" \/>\n<meta property=\"og:type\" content=\"article\" \/>\n<meta property=\"og:title\" content=\"Prodejce \u017ealuzi\u00ed MM \u017daluzie Praha | Lama Bamboo\" \/>\n<meta property=\"og:description\" content=\"Dop\u0159ejte si nov\u00e9 bambusov\u00e9 \u017ealuzie, kter\u00e9 najdete u na\u0161eho dlouholet\u00e9ho partnera, spole\u010dnosti MM \u017dALUZIE v Praze.\" \/>\n<meta property=\"og:url\" content=\"https:\/\/lama-bs.sk\/cs\/prodejci\/zaluzie-praha\/mm-zaluzie\/\" \/>\n<meta property=\"og:site_name\" content=\"LAMA Bamboo systems s.r.o.\" \/>\n<meta name=\"twitter:card\" content=\"summary_large_image\" \/>\n<meta name=\"twitter:label1\" content=\"Odhadovan\u00e1 doba \u010dten\u00ed\" \/>\n\t<meta name=\"twitter:data1\" content=\"1 minuta\" \/>\n<script type=\"application\/ld+json\" class=\"yoast-schema-graph\">{\"@context\":\"https:\/\/schema.org\",\"@graph\":[{\"@type\":\"WebPage\",\"@id\":\"https:\/\/lama-bs.sk\/cs\/prodejci\/zaluzie-praha\/mm-zaluzie\/\",\"url\":\"https:\/\/lama-bs.sk\/cs\/prodejci\/zaluzie-praha\/mm-zaluzie\/\",\"name\":\"Prodejce \u017ealuzi\u00ed MM \u017daluzie Praha | Lama Bamboo\",\"isPartOf\":{\"@id\":\"https:\/\/lama-bs.sk\/#website\"},\"datePublished\":\"2024-10-29T14:05:26+00:00\",\"description\":\"Dop\u0159ejte si nov\u00e9 bambusov\u00e9 \u017ealuzie, kter\u00e9 najdete u na\u0161eho dlouholet\u00e9ho partnera, spole\u010dnosti MM \u017dALUZIE v Praze.\",\"breadcrumb\":{\"@id\":\"https:\/\/lama-bs.sk\/cs\/prodejci\/zaluzie-praha\/mm-zaluzie\/#breadcrumb\"},\"inLanguage\":\"cs\",\"potentialAction\":[{\"@type\":\"ReadAction\",\"target\":[\"https:\/\/lama-bs.sk\/cs\/prodejci\/zaluzie-praha\/mm-zaluzie\/\"]}]},{\"@type\":\"BreadcrumbList\",\"@id\":\"https:\/\/lama-bs.sk\/cs\/prodejci\/zaluzie-praha\/mm-zaluzie\/#breadcrumb\",\"itemListElement\":[{\"@type\":\"ListItem\",\"position\":1,\"name\":\"Prodejci\",\"item\":\"https:\/\/lama-bs.sk\/cs\/prodejci\/\"},{\"@type\":\"ListItem\",\"position\":2,\"name\":\"\u017daluzie Praha\",\"item\":\"https:\/\/lama-bs.sk\/cs\/prodejci\/zaluzie-praha\/\"},{\"@type\":\"ListItem\",\"position\":3,\"name\":\"MM \u017dALUZIE Praha\"}]},{\"@type\":\"WebSite\",\"@id\":\"https:\/\/lama-bs.sk\/#website\",\"url\":\"https:\/\/lama-bs.sk\/\",\"name\":\"LAMA Bamboo systems s.r.o.\",\"description\":\"\",\"potentialAction\":[{\"@type\":\"SearchAction\",\"target\":{\"@type\":\"EntryPoint\",\"urlTemplate\":\"https:\/\/lama-bs.sk\/?s={search_term_string}\"},\"query-input\":{\"@type\":\"PropertyValueSpecification\",\"valueRequired\":true,\"valueName\":\"search_term_string\"}}],\"inLanguage\":\"cs\"}]}<\/script>\n<!-- \/ Yoast SEO plugin. -->","yoast_head_json":{"title":"Prodejce \u017ealuzi\u00ed MM \u017daluzie Praha | Lama Bamboo","description":"Dop\u0159ejte si nov\u00e9 bambusov\u00e9 \u017ealuzie, kter\u00e9 najdete u na\u0161eho dlouholet\u00e9ho partnera, spole\u010dnosti MM \u017dALUZIE v Praze.","robots":{"index":"index","follow":"follow","max-snippet":"max-snippet:-1","max-image-preview":"max-image-preview:large","max-video-preview":"max-video-preview:-1"},"canonical":"https:\/\/lama-bs.sk\/cs\/prodejci\/zaluzie-praha\/mm-zaluzie\/","og_locale":"cs_CZ","og_type":"article","og_title":"Prodejce \u017ealuzi\u00ed MM \u017daluzie Praha | Lama Bamboo","og_description":"Dop\u0159ejte si nov\u00e9 bambusov\u00e9 \u017ealuzie, kter\u00e9 najdete u na\u0161eho dlouholet\u00e9ho partnera, spole\u010dnosti MM \u017dALUZIE v Praze.","og_url":"https:\/\/lama-bs.sk\/cs\/prodejci\/zaluzie-praha\/mm-zaluzie\/","og_site_name":"LAMA Bamboo systems s.r.o.","twitter_card":"summary_large_image","twitter_misc":{"Odhadovan\u00e1 doba \u010dten\u00ed":"1 minuta"},"schema":{"@context":"https:\/\/schema.org","@graph":[{"@type":"WebPage","@id":"https:\/\/lama-bs.sk\/cs\/prodejci\/zaluzie-praha\/mm-zaluzie\/","url":"https:\/\/lama-bs.sk\/cs\/prodejci\/zaluzie-praha\/mm-zaluzie\/","name":"Prodejce \u017ealuzi\u00ed MM \u017daluzie Praha | Lama Bamboo","isPartOf":{"@id":"https:\/\/lama-bs.sk\/#website"},"datePublished":"2024-10-29T14:05:26+00:00","description":"Dop\u0159ejte si nov\u00e9 bambusov\u00e9 \u017ealuzie, kter\u00e9 najdete u na\u0161eho dlouholet\u00e9ho partnera, spole\u010dnosti MM \u017dALUZIE v Praze.","breadcrumb":{"@id":"https:\/\/lama-bs.sk\/cs\/prodejci\/zaluzie-praha\/mm-zaluzie\/#breadcrumb"},"inLanguage":"cs","potentialAction":[{"@type":"ReadAction","target":["https:\/\/lama-bs.sk\/cs\/prodejci\/zaluzie-praha\/mm-zaluzie\/"]}]},{"@type":"BreadcrumbList","@id":"https:\/\/lama-bs.sk\/cs\/prodejci\/zaluzie-praha\/mm-zaluzie\/#breadcrumb","itemListElement":[{"@type":"ListItem","position":1,"name":"Prodejci","item":"https:\/\/lama-bs.sk\/cs\/prodejci\/"},{"@type":"ListItem","position":2,"name":"\u017daluzie Praha","item":"https:\/\/lama-bs.sk\/cs\/prodejci\/zaluzie-praha\/"},{"@type":"ListItem","position":3,"name":"MM \u017dALUZIE Praha"}]},{"@type":"WebSite","@id":"https:\/\/lama-bs.sk\/#website","url":"https:\/\/lama-bs.sk\/","name":"LAMA Bamboo systems s.r.o.","description":"","potentialAction":[{"@type":"SearchAction","target":{"@type":"EntryPoint","urlTemplate":"https:\/\/lama-bs.sk\/?s={search_term_string}"},"query-input":{"@type":"PropertyValueSpecification","valueRequired":true,"valueName":"search_term_string"}}],"inLanguage":"cs"}]}},"_links":{"self":[{"href":"https:\/\/lama-bs.sk\/cs\/wp-json\/wp\/v2\/pages\/3660","targetHints":{"allow":["GET"]}}],"collection":[{"href":"https:\/\/lama-bs.sk\/cs\/wp-json\/wp\/v2\/pages"}],"about":[{"href":"https:\/\/lama-bs.sk\/cs\/wp-json\/wp\/v2\/types\/page"}],"author":[{"embeddable":true,"href":"https:\/\/lama-bs.sk\/cs\/wp-json\/wp\/v2\/users\/1"}],"replies":[{"embeddable":true,"href":"https:\/\/lama-bs.sk\/cs\/wp-json\/wp\/v2\/comments?post=3660"}],"version-history":[{"count":3,"href":"https:\/\/lama-bs.sk\/cs\/wp-json\/wp\/v2\/pages\/3660\/revisions"}],"predecessor-version":[{"id":4181,"href":"https:\/\/lama-bs.sk\/cs\/wp-json\/wp\/v2\/pages\/3660\/revisions\/4181"}],"up":[{"embeddable":true,"href":"https:\/\/lama-bs.sk\/cs\/wp-json\/wp\/v2\/pages\/3456"}],"wp:attachment":[{"href":"https:\/\/lama-bs.sk\/cs\/wp-json\/wp\/v2\/media?parent=3660"}],"curies":[{"name":"wp","href":"https:\/\/api.w.org\/{rel}","templated":true}]}}