{"id":3655,"date":"2024-10-29T15:37:11","date_gmt":"2024-10-29T14:37:11","guid":{"rendered":"https:\/\/lama-bs.sk\/?page_id=3655"},"modified":"2024-10-29T15:37:11","modified_gmt":"2024-10-29T14:37:11","slug":"samezaluzie","status":"publish","type":"page","link":"https:\/\/lama-bs.sk\/cs\/prodejci\/zaluzie-praha\/samezaluzie\/","title":{"rendered":"SAME\u017dALUZIE \u017ealuzie Praha"},"content":{"rendered":"<p>Firma <strong>SAME\u017dALUZIE<\/strong> je etablovan\u00fdm dodavatelem st\u00edn\u00edc\u00ed techniky, specializuj\u00edc\u00ed se na&nbsp;\u0161irokou nab\u00eddku vnit\u0159n\u00edho i&nbsp;venkovn\u00edho st\u00edn\u011bn\u00ed. S\u00eddlo firmy se nach\u00e1z\u00ed v&nbsp;<a href=\"https:\/\/lama-bs.sk\/cs\/prodejci\/zaluzie-praha\/\">Praze<\/a> 9, v&nbsp;are\u00e1lu bytov\u00e9ho domu Nov\u00e1 Harfa. SAME\u017dALUZIE je \u010dlenem Svazu podnikatel\u016f ve st\u00edn\u00edc\u00ed technice (SPST) a&nbsp;z\u00e1rove\u0148 hrd\u00fdm dr\u017eitelem titulu Somfy expert, co\u017e zaru\u010duje vysokou \u00farove\u0148 automatizace a&nbsp;modern\u00edch \u0159e\u0161en\u00ed pro dom\u00e1cnosti. Firma nab\u00edz\u00ed pestr\u00fd v\u00fdb\u011br produkt\u016f od&nbsp;rolet a&nbsp;\u017ealuzi\u00ed a\u017e&nbsp;po&nbsp;mark\u00fdzy a&nbsp;s\u00edt\u011b proti&nbsp;hmyzu, a&nbsp;to&nbsp;jak pro interi\u00e9ry, tak&nbsp;i&nbsp;exteri\u00e9ry. Tato firma nyn\u00ed nab\u00edz\u00ed i&nbsp;na\u0161e modern\u00ed a&nbsp;kvalitn\u00ed <a href=\"https:\/\/lama-bs.sk\/cs\/ponuka-vnutornych-zaluzii\/\">bambusov\u00e9 \u017ealuzie<\/a>, kter\u00e9 si z\u00e1kazn\u00edci mohou zakoupit do&nbsp;sv\u00fdch interi\u00e9r\u016f. Bambusov\u00e9 \u017ealuzie jsou popul\u00e1rn\u00ed d\u00edky sv\u00e9 ekologi\u010dnosti a&nbsp;estetick\u00e9mu vzhledu, kter\u00fd dod\u00e1v\u00e1 interi\u00e9ru p\u0159\u00edrodn\u00ed a&nbsp;stylov\u00fd prvek.<\/p>\n<p>&nbsp;<\/p>\n<ul>\n<li style=\"font-weight: 400;\" aria-level=\"1\"><b>E-mail<\/b><span style=\"font-weight: 400;\">: <a href=\"mailto:info@samezaluzie.cz\" target=\"_blank\" rel=\"noopener\">info@samezaluzie.cz<\/a><\/span><\/li>\n<li style=\"font-weight: 400;\" aria-level=\"1\"><b>Adresa<\/b><span style=\"font-weight: 400;\">: Pod\u011bbradsk\u00e1 777\/9b, Praha 9<\/span><\/li>\n<li style=\"font-weight: 400;\" aria-level=\"1\"><b>Str\u00e1nka<\/b><span style=\"font-weight: 400;\">: <a href=\"https:\/\/www.samezaluzie.cz\/\" target=\"_blank\" rel=\"noopener\">https:\/\/www.samezaluzie.cz\/<\/a><\/span><\/li>\n<\/ul>\n","protected":false},"excerpt":{"rendered":"<p>Firma SAME\u017dALUZIE je etablovan\u00fdm dodavatelem st\u00edn\u00edc\u00ed techniky, specializuj\u00edc\u00ed se na&nbsp;\u0161irokou nab\u00eddku vnit\u0159n\u00edho i&nbsp;venkovn\u00edho st\u00edn\u011bn\u00ed. S\u00eddlo firmy se nach\u00e1z\u00ed v&nbsp;Praze 9, v&nbsp;are\u00e1lu bytov\u00e9ho domu Nov\u00e1 Harfa. SAME\u017dALUZIE je \u010dlenem Svazu podnikatel\u016f ve st\u00edn\u00edc\u00ed technice (SPST) a&nbsp;z\u00e1rove\u0148 hrd\u00fdm dr\u017eitelem titulu Somfy expert, co\u017e zaru\u010duje vysokou \u00farove\u0148 automatizace a&nbsp;modern\u00edch \u0159e\u0161en\u00ed pro dom\u00e1cnosti. Firma nab\u00edz\u00ed pestr\u00fd v\u00fdb\u011br produkt\u016f od&nbsp;rolet [&hellip;]<\/p>\n","protected":false},"author":1,"featured_media":0,"parent":3456,"menu_order":0,"comment_status":"closed","ping_status":"closed","template":"template-partners.php","meta":{"footnotes":""},"class_list":["post-3655","page","type-page","status-publish","hentry"],"yoast_head":"<!-- This site is optimized with the Yoast SEO plugin v26.4 - https:\/\/yoast.com\/wordpress\/plugins\/seo\/ -->\n<title>Prodejce \u017ealuzi\u00ed Same\u017ealuzie Praha | Lama Bamboo<\/title>\n<meta name=\"description\" content=\"Na\u0161e kvalitn\u00ed modern\u00ed bambusov\u00e9 \u017ealuzie nab\u00edz\u00ed spole\u010dnost Same\u017ealuzie v Praze. Po\u0159i\u010fte si nov\u00e9 st\u00edn\u011bn\u00ed ji\u017e nyn\u00ed.\" \/>\n<meta name=\"robots\" content=\"index, follow, max-snippet:-1, max-image-preview:large, max-video-preview:-1\" \/>\n<link rel=\"canonical\" href=\"https:\/\/lama-bs.sk\/cs\/prodejci\/zaluzie-praha\/samezaluzie\/\" \/>\n<meta property=\"og:locale\" content=\"cs_CZ\" \/>\n<meta property=\"og:type\" content=\"article\" \/>\n<meta property=\"og:title\" content=\"Prodejce \u017ealuzi\u00ed Same\u017ealuzie Praha | Lama Bamboo\" \/>\n<meta property=\"og:description\" content=\"Na\u0161e kvalitn\u00ed modern\u00ed bambusov\u00e9 \u017ealuzie nab\u00edz\u00ed spole\u010dnost Same\u017ealuzie v Praze. Po\u0159i\u010fte si nov\u00e9 st\u00edn\u011bn\u00ed ji\u017e nyn\u00ed.\" \/>\n<meta property=\"og:url\" content=\"https:\/\/lama-bs.sk\/cs\/prodejci\/zaluzie-praha\/samezaluzie\/\" \/>\n<meta property=\"og:site_name\" content=\"LAMA Bamboo systems s.r.o.\" \/>\n<meta name=\"twitter:card\" content=\"summary_large_image\" \/>\n<meta name=\"twitter:label1\" content=\"Odhadovan\u00e1 doba \u010dten\u00ed\" \/>\n\t<meta name=\"twitter:data1\" content=\"1 minuta\" \/>\n<script type=\"application\/ld+json\" class=\"yoast-schema-graph\">{\"@context\":\"https:\/\/schema.org\",\"@graph\":[{\"@type\":\"WebPage\",\"@id\":\"https:\/\/lama-bs.sk\/cs\/prodejci\/zaluzie-praha\/samezaluzie\/\",\"url\":\"https:\/\/lama-bs.sk\/cs\/prodejci\/zaluzie-praha\/samezaluzie\/\",\"name\":\"Prodejce \u017ealuzi\u00ed Same\u017ealuzie Praha | Lama Bamboo\",\"isPartOf\":{\"@id\":\"https:\/\/lama-bs.sk\/#website\"},\"datePublished\":\"2024-10-29T14:37:11+00:00\",\"description\":\"Na\u0161e kvalitn\u00ed modern\u00ed bambusov\u00e9 \u017ealuzie nab\u00edz\u00ed spole\u010dnost Same\u017ealuzie v Praze. Po\u0159i\u010fte si nov\u00e9 st\u00edn\u011bn\u00ed ji\u017e nyn\u00ed.\",\"breadcrumb\":{\"@id\":\"https:\/\/lama-bs.sk\/cs\/prodejci\/zaluzie-praha\/samezaluzie\/#breadcrumb\"},\"inLanguage\":\"cs\",\"potentialAction\":[{\"@type\":\"ReadAction\",\"target\":[\"https:\/\/lama-bs.sk\/cs\/prodejci\/zaluzie-praha\/samezaluzie\/\"]}]},{\"@type\":\"BreadcrumbList\",\"@id\":\"https:\/\/lama-bs.sk\/cs\/prodejci\/zaluzie-praha\/samezaluzie\/#breadcrumb\",\"itemListElement\":[{\"@type\":\"ListItem\",\"position\":1,\"name\":\"Prodejci\",\"item\":\"https:\/\/lama-bs.sk\/cs\/prodejci\/\"},{\"@type\":\"ListItem\",\"position\":2,\"name\":\"\u017daluzie Praha\",\"item\":\"https:\/\/lama-bs.sk\/cs\/prodejci\/zaluzie-praha\/\"},{\"@type\":\"ListItem\",\"position\":3,\"name\":\"SAME\u017dALUZIE \u017ealuzie Praha\"}]},{\"@type\":\"WebSite\",\"@id\":\"https:\/\/lama-bs.sk\/#website\",\"url\":\"https:\/\/lama-bs.sk\/\",\"name\":\"LAMA Bamboo systems s.r.o.\",\"description\":\"\",\"potentialAction\":[{\"@type\":\"SearchAction\",\"target\":{\"@type\":\"EntryPoint\",\"urlTemplate\":\"https:\/\/lama-bs.sk\/?s={search_term_string}\"},\"query-input\":{\"@type\":\"PropertyValueSpecification\",\"valueRequired\":true,\"valueName\":\"search_term_string\"}}],\"inLanguage\":\"cs\"}]}<\/script>\n<!-- \/ Yoast SEO plugin. -->","yoast_head_json":{"title":"Prodejce \u017ealuzi\u00ed Same\u017ealuzie Praha | Lama Bamboo","description":"Na\u0161e kvalitn\u00ed modern\u00ed bambusov\u00e9 \u017ealuzie nab\u00edz\u00ed spole\u010dnost Same\u017ealuzie v Praze. Po\u0159i\u010fte si nov\u00e9 st\u00edn\u011bn\u00ed ji\u017e nyn\u00ed.","robots":{"index":"index","follow":"follow","max-snippet":"max-snippet:-1","max-image-preview":"max-image-preview:large","max-video-preview":"max-video-preview:-1"},"canonical":"https:\/\/lama-bs.sk\/cs\/prodejci\/zaluzie-praha\/samezaluzie\/","og_locale":"cs_CZ","og_type":"article","og_title":"Prodejce \u017ealuzi\u00ed Same\u017ealuzie Praha | Lama Bamboo","og_description":"Na\u0161e kvalitn\u00ed modern\u00ed bambusov\u00e9 \u017ealuzie nab\u00edz\u00ed spole\u010dnost Same\u017ealuzie v Praze. Po\u0159i\u010fte si nov\u00e9 st\u00edn\u011bn\u00ed ji\u017e nyn\u00ed.","og_url":"https:\/\/lama-bs.sk\/cs\/prodejci\/zaluzie-praha\/samezaluzie\/","og_site_name":"LAMA Bamboo systems s.r.o.","twitter_card":"summary_large_image","twitter_misc":{"Odhadovan\u00e1 doba \u010dten\u00ed":"1 minuta"},"schema":{"@context":"https:\/\/schema.org","@graph":[{"@type":"WebPage","@id":"https:\/\/lama-bs.sk\/cs\/prodejci\/zaluzie-praha\/samezaluzie\/","url":"https:\/\/lama-bs.sk\/cs\/prodejci\/zaluzie-praha\/samezaluzie\/","name":"Prodejce \u017ealuzi\u00ed Same\u017ealuzie Praha | Lama Bamboo","isPartOf":{"@id":"https:\/\/lama-bs.sk\/#website"},"datePublished":"2024-10-29T14:37:11+00:00","description":"Na\u0161e kvalitn\u00ed modern\u00ed bambusov\u00e9 \u017ealuzie nab\u00edz\u00ed spole\u010dnost Same\u017ealuzie v Praze. Po\u0159i\u010fte si nov\u00e9 st\u00edn\u011bn\u00ed ji\u017e nyn\u00ed.","breadcrumb":{"@id":"https:\/\/lama-bs.sk\/cs\/prodejci\/zaluzie-praha\/samezaluzie\/#breadcrumb"},"inLanguage":"cs","potentialAction":[{"@type":"ReadAction","target":["https:\/\/lama-bs.sk\/cs\/prodejci\/zaluzie-praha\/samezaluzie\/"]}]},{"@type":"BreadcrumbList","@id":"https:\/\/lama-bs.sk\/cs\/prodejci\/zaluzie-praha\/samezaluzie\/#breadcrumb","itemListElement":[{"@type":"ListItem","position":1,"name":"Prodejci","item":"https:\/\/lama-bs.sk\/cs\/prodejci\/"},{"@type":"ListItem","position":2,"name":"\u017daluzie Praha","item":"https:\/\/lama-bs.sk\/cs\/prodejci\/zaluzie-praha\/"},{"@type":"ListItem","position":3,"name":"SAME\u017dALUZIE \u017ealuzie Praha"}]},{"@type":"WebSite","@id":"https:\/\/lama-bs.sk\/#website","url":"https:\/\/lama-bs.sk\/","name":"LAMA Bamboo systems s.r.o.","description":"","potentialAction":[{"@type":"SearchAction","target":{"@type":"EntryPoint","urlTemplate":"https:\/\/lama-bs.sk\/?s={search_term_string}"},"query-input":{"@type":"PropertyValueSpecification","valueRequired":true,"valueName":"search_term_string"}}],"inLanguage":"cs"}]}},"_links":{"self":[{"href":"https:\/\/lama-bs.sk\/cs\/wp-json\/wp\/v2\/pages\/3655","targetHints":{"allow":["GET"]}}],"collection":[{"href":"https:\/\/lama-bs.sk\/cs\/wp-json\/wp\/v2\/pages"}],"about":[{"href":"https:\/\/lama-bs.sk\/cs\/wp-json\/wp\/v2\/types\/page"}],"author":[{"embeddable":true,"href":"https:\/\/lama-bs.sk\/cs\/wp-json\/wp\/v2\/users\/1"}],"replies":[{"embeddable":true,"href":"https:\/\/lama-bs.sk\/cs\/wp-json\/wp\/v2\/comments?post=3655"}],"version-history":[{"count":4,"href":"https:\/\/lama-bs.sk\/cs\/wp-json\/wp\/v2\/pages\/3655\/revisions"}],"predecessor-version":[{"id":4198,"href":"https:\/\/lama-bs.sk\/cs\/wp-json\/wp\/v2\/pages\/3655\/revisions\/4198"}],"up":[{"embeddable":true,"href":"https:\/\/lama-bs.sk\/cs\/wp-json\/wp\/v2\/pages\/3456"}],"wp:attachment":[{"href":"https:\/\/lama-bs.sk\/cs\/wp-json\/wp\/v2\/media?parent=3655"}],"curies":[{"name":"wp","href":"https:\/\/api.w.org\/{rel}","templated":true}]}}