{"id":3650,"date":"2024-10-29T14:48:39","date_gmt":"2024-10-29T13:48:39","guid":{"rendered":"https:\/\/lama-bs.sk\/?page_id=3650"},"modified":"2024-10-29T14:48:39","modified_gmt":"2024-10-29T13:48:39","slug":"artes-design","status":"publish","type":"page","link":"https:\/\/lama-bs.sk\/cs\/prodejci\/zaluzie-praha\/artes-design\/","title":{"rendered":"ARTES DESIGN \u017ealuzie Praha"},"content":{"rendered":"<p>Firma<strong> Artes Design s.r.o.<\/strong> s\u00eddl\u00ed v\u00a0<a href=\"https:\/\/lama-bs.sk\/cs\/prodejci\/zaluzie-praha\/\">Praze<\/a> a&nbsp;specializuje se na&nbsp;komplexn\u00ed n\u00e1vrhy a&nbsp;realizace interi\u00e9r\u016f. Nab\u00edz\u00ed \u0161irok\u00e9 spektrum slu\u017eeb v&nbsp;oblasti dekorac\u00ed, v\u010detn\u011b n\u00e1vrhu a&nbsp;\u0161it\u00ed z\u00e1v\u011bs\u016f, prodeje tapet, a&nbsp;st\u00edn\u00edc\u00ed techniky. Jejich slu\u017eby jsou zam\u011b\u0159eny jak na&nbsp;soukrom\u00e9 byty a&nbsp;domy, tak&nbsp;i&nbsp;na&nbsp;ve\u0159ejn\u00e9 interi\u00e9ry, jako jsou hotely a&nbsp;restaurace. Firma si zakl\u00e1d\u00e1 na&nbsp;detailn\u00ed pr\u00e1ci a&nbsp;individu\u00e1ln\u00edm p\u0159\u00edstupu k&nbsp;z\u00e1kazn\u00edk\u016fm, co\u017e j\u00ed p\u0159ineslo stabiln\u00ed pozici na&nbsp;trhu.<\/p>\n<p>Firma <strong>Artes Design s.r.o.<\/strong> nab\u00edz\u00ed modern\u00ed kvalitn\u00ed\u00a0<a href=\"https:\/\/lama-bs.sk\/cs\/ponuka-vnutornych-zaluzii\/\">bambusov\u00e9 \u017ealuzie<\/a>, kter\u00e9 jsou ekologick\u00e9, odoln\u00e9 a&nbsp;vhodn\u00e9 do&nbsp;interi\u00e9r\u016f. Tyto \u017ealuzie p\u0159in\u00e1\u0161ej\u00ed do&nbsp;m\u00edstnost\u00ed p\u0159\u00edrodn\u00ed vzhled a&nbsp;nav\u00edc jsou odoln\u00e9 v\u016f\u010di vlhkosti, co\u017e je \u010din\u00ed ide\u00e1ln\u00edmi nap\u0159\u00edklad do&nbsp;koupelen.<\/p>\n<p>&nbsp;<\/p>\n<ul>\n<li style=\"font-weight: 400;\" aria-level=\"1\"><b>E-mail<\/b><span style=\"font-weight: 400;\">: <a href=\"mailto:ivan@artesdesign.cz\" target=\"_blank\" rel=\"noopener\">ivan@artesdesign.cz<\/a><\/span><\/li>\n<li style=\"font-weight: 400;\" aria-level=\"1\"><b>Adresa<\/b><span style=\"font-weight: 400;\">: Sokolovsk\u00e1 902\/240, Praha 9<\/span><\/li>\n<li style=\"font-weight: 400;\" aria-level=\"1\"><b>Str\u00e1nka<\/b><span style=\"font-weight: 400;\">: <a href=\"https:\/\/artesdesign.cz\/\" target=\"_blank\" rel=\"noopener\">https:\/\/artesdesign.cz\/<\/a><\/span><\/li>\n<\/ul>\n","protected":false},"excerpt":{"rendered":"<p>Firma Artes Design s.r.o. s\u00eddl\u00ed v\u00a0Praze a&nbsp;specializuje se na&nbsp;komplexn\u00ed n\u00e1vrhy a&nbsp;realizace interi\u00e9r\u016f. Nab\u00edz\u00ed \u0161irok\u00e9 spektrum slu\u017eeb v&nbsp;oblasti dekorac\u00ed, v\u010detn\u011b n\u00e1vrhu a&nbsp;\u0161it\u00ed z\u00e1v\u011bs\u016f, prodeje tapet, a&nbsp;st\u00edn\u00edc\u00ed techniky. Jejich slu\u017eby jsou zam\u011b\u0159eny jak na&nbsp;soukrom\u00e9 byty a&nbsp;domy, tak&nbsp;i&nbsp;na&nbsp;ve\u0159ejn\u00e9 interi\u00e9ry, jako jsou hotely a&nbsp;restaurace. Firma si zakl\u00e1d\u00e1 na&nbsp;detailn\u00ed pr\u00e1ci a&nbsp;individu\u00e1ln\u00edm p\u0159\u00edstupu k&nbsp;z\u00e1kazn\u00edk\u016fm, co\u017e j\u00ed p\u0159ineslo stabiln\u00ed pozici na&nbsp;trhu. Firma [&hellip;]<\/p>\n","protected":false},"author":1,"featured_media":0,"parent":3456,"menu_order":0,"comment_status":"closed","ping_status":"closed","template":"template-partners.php","meta":{"footnotes":""},"class_list":["post-3650","page","type-page","status-publish","hentry"],"yoast_head":"<!-- This site is optimized with the Yoast SEO plugin v26.4 - https:\/\/yoast.com\/wordpress\/plugins\/seo\/ -->\n<title>Prodejce \u017ealuzi\u00ed Artes Design Praha | Lama Bamboo<\/title>\n<meta name=\"description\" content=\"Kvalitn\u00ed bambusov\u00e9 \u017ealuzie najdete u spole\u010dnosti Artes Design s.r.o. v Praze. Vyberte si sv\u00e9 nov\u00e9 st\u00edn\u011bn\u00ed.\" \/>\n<meta name=\"robots\" content=\"index, follow, max-snippet:-1, max-image-preview:large, max-video-preview:-1\" \/>\n<link rel=\"canonical\" href=\"https:\/\/lama-bs.sk\/cs\/prodejci\/zaluzie-praha\/artes-design\/\" \/>\n<meta property=\"og:locale\" content=\"cs_CZ\" \/>\n<meta property=\"og:type\" content=\"article\" \/>\n<meta property=\"og:title\" content=\"Prodejce \u017ealuzi\u00ed Artes Design Praha | Lama Bamboo\" \/>\n<meta property=\"og:description\" content=\"Kvalitn\u00ed bambusov\u00e9 \u017ealuzie najdete u spole\u010dnosti Artes Design s.r.o. v Praze. Vyberte si sv\u00e9 nov\u00e9 st\u00edn\u011bn\u00ed.\" \/>\n<meta property=\"og:url\" content=\"https:\/\/lama-bs.sk\/cs\/prodejci\/zaluzie-praha\/artes-design\/\" \/>\n<meta property=\"og:site_name\" content=\"LAMA Bamboo systems s.r.o.\" \/>\n<meta name=\"twitter:card\" content=\"summary_large_image\" \/>\n<meta name=\"twitter:label1\" content=\"Odhadovan\u00e1 doba \u010dten\u00ed\" \/>\n\t<meta name=\"twitter:data1\" content=\"1 minuta\" \/>\n<script type=\"application\/ld+json\" class=\"yoast-schema-graph\">{\"@context\":\"https:\/\/schema.org\",\"@graph\":[{\"@type\":\"WebPage\",\"@id\":\"https:\/\/lama-bs.sk\/cs\/prodejci\/zaluzie-praha\/artes-design\/\",\"url\":\"https:\/\/lama-bs.sk\/cs\/prodejci\/zaluzie-praha\/artes-design\/\",\"name\":\"Prodejce \u017ealuzi\u00ed Artes Design Praha | Lama Bamboo\",\"isPartOf\":{\"@id\":\"https:\/\/lama-bs.sk\/#website\"},\"datePublished\":\"2024-10-29T13:48:39+00:00\",\"description\":\"Kvalitn\u00ed bambusov\u00e9 \u017ealuzie najdete u spole\u010dnosti Artes Design s.r.o. v Praze. Vyberte si sv\u00e9 nov\u00e9 st\u00edn\u011bn\u00ed.\",\"breadcrumb\":{\"@id\":\"https:\/\/lama-bs.sk\/cs\/prodejci\/zaluzie-praha\/artes-design\/#breadcrumb\"},\"inLanguage\":\"cs\",\"potentialAction\":[{\"@type\":\"ReadAction\",\"target\":[\"https:\/\/lama-bs.sk\/cs\/prodejci\/zaluzie-praha\/artes-design\/\"]}]},{\"@type\":\"BreadcrumbList\",\"@id\":\"https:\/\/lama-bs.sk\/cs\/prodejci\/zaluzie-praha\/artes-design\/#breadcrumb\",\"itemListElement\":[{\"@type\":\"ListItem\",\"position\":1,\"name\":\"Prodejci\",\"item\":\"https:\/\/lama-bs.sk\/cs\/prodejci\/\"},{\"@type\":\"ListItem\",\"position\":2,\"name\":\"\u017daluzie Praha\",\"item\":\"https:\/\/lama-bs.sk\/cs\/prodejci\/zaluzie-praha\/\"},{\"@type\":\"ListItem\",\"position\":3,\"name\":\"ARTES DESIGN \u017ealuzie Praha\"}]},{\"@type\":\"WebSite\",\"@id\":\"https:\/\/lama-bs.sk\/#website\",\"url\":\"https:\/\/lama-bs.sk\/\",\"name\":\"LAMA Bamboo systems s.r.o.\",\"description\":\"\",\"potentialAction\":[{\"@type\":\"SearchAction\",\"target\":{\"@type\":\"EntryPoint\",\"urlTemplate\":\"https:\/\/lama-bs.sk\/?s={search_term_string}\"},\"query-input\":{\"@type\":\"PropertyValueSpecification\",\"valueRequired\":true,\"valueName\":\"search_term_string\"}}],\"inLanguage\":\"cs\"}]}<\/script>\n<!-- \/ Yoast SEO plugin. -->","yoast_head_json":{"title":"Prodejce \u017ealuzi\u00ed Artes Design Praha | Lama Bamboo","description":"Kvalitn\u00ed bambusov\u00e9 \u017ealuzie najdete u spole\u010dnosti Artes Design s.r.o. v Praze. Vyberte si sv\u00e9 nov\u00e9 st\u00edn\u011bn\u00ed.","robots":{"index":"index","follow":"follow","max-snippet":"max-snippet:-1","max-image-preview":"max-image-preview:large","max-video-preview":"max-video-preview:-1"},"canonical":"https:\/\/lama-bs.sk\/cs\/prodejci\/zaluzie-praha\/artes-design\/","og_locale":"cs_CZ","og_type":"article","og_title":"Prodejce \u017ealuzi\u00ed Artes Design Praha | Lama Bamboo","og_description":"Kvalitn\u00ed bambusov\u00e9 \u017ealuzie najdete u spole\u010dnosti Artes Design s.r.o. v Praze. Vyberte si sv\u00e9 nov\u00e9 st\u00edn\u011bn\u00ed.","og_url":"https:\/\/lama-bs.sk\/cs\/prodejci\/zaluzie-praha\/artes-design\/","og_site_name":"LAMA Bamboo systems s.r.o.","twitter_card":"summary_large_image","twitter_misc":{"Odhadovan\u00e1 doba \u010dten\u00ed":"1 minuta"},"schema":{"@context":"https:\/\/schema.org","@graph":[{"@type":"WebPage","@id":"https:\/\/lama-bs.sk\/cs\/prodejci\/zaluzie-praha\/artes-design\/","url":"https:\/\/lama-bs.sk\/cs\/prodejci\/zaluzie-praha\/artes-design\/","name":"Prodejce \u017ealuzi\u00ed Artes Design Praha | Lama Bamboo","isPartOf":{"@id":"https:\/\/lama-bs.sk\/#website"},"datePublished":"2024-10-29T13:48:39+00:00","description":"Kvalitn\u00ed bambusov\u00e9 \u017ealuzie najdete u spole\u010dnosti Artes Design s.r.o. v Praze. Vyberte si sv\u00e9 nov\u00e9 st\u00edn\u011bn\u00ed.","breadcrumb":{"@id":"https:\/\/lama-bs.sk\/cs\/prodejci\/zaluzie-praha\/artes-design\/#breadcrumb"},"inLanguage":"cs","potentialAction":[{"@type":"ReadAction","target":["https:\/\/lama-bs.sk\/cs\/prodejci\/zaluzie-praha\/artes-design\/"]}]},{"@type":"BreadcrumbList","@id":"https:\/\/lama-bs.sk\/cs\/prodejci\/zaluzie-praha\/artes-design\/#breadcrumb","itemListElement":[{"@type":"ListItem","position":1,"name":"Prodejci","item":"https:\/\/lama-bs.sk\/cs\/prodejci\/"},{"@type":"ListItem","position":2,"name":"\u017daluzie Praha","item":"https:\/\/lama-bs.sk\/cs\/prodejci\/zaluzie-praha\/"},{"@type":"ListItem","position":3,"name":"ARTES DESIGN \u017ealuzie Praha"}]},{"@type":"WebSite","@id":"https:\/\/lama-bs.sk\/#website","url":"https:\/\/lama-bs.sk\/","name":"LAMA Bamboo systems s.r.o.","description":"","potentialAction":[{"@type":"SearchAction","target":{"@type":"EntryPoint","urlTemplate":"https:\/\/lama-bs.sk\/?s={search_term_string}"},"query-input":{"@type":"PropertyValueSpecification","valueRequired":true,"valueName":"search_term_string"}}],"inLanguage":"cs"}]}},"_links":{"self":[{"href":"https:\/\/lama-bs.sk\/cs\/wp-json\/wp\/v2\/pages\/3650","targetHints":{"allow":["GET"]}}],"collection":[{"href":"https:\/\/lama-bs.sk\/cs\/wp-json\/wp\/v2\/pages"}],"about":[{"href":"https:\/\/lama-bs.sk\/cs\/wp-json\/wp\/v2\/types\/page"}],"author":[{"embeddable":true,"href":"https:\/\/lama-bs.sk\/cs\/wp-json\/wp\/v2\/users\/1"}],"replies":[{"embeddable":true,"href":"https:\/\/lama-bs.sk\/cs\/wp-json\/wp\/v2\/comments?post=3650"}],"version-history":[{"count":3,"href":"https:\/\/lama-bs.sk\/cs\/wp-json\/wp\/v2\/pages\/3650\/revisions"}],"predecessor-version":[{"id":4172,"href":"https:\/\/lama-bs.sk\/cs\/wp-json\/wp\/v2\/pages\/3650\/revisions\/4172"}],"up":[{"embeddable":true,"href":"https:\/\/lama-bs.sk\/cs\/wp-json\/wp\/v2\/pages\/3456"}],"wp:attachment":[{"href":"https:\/\/lama-bs.sk\/cs\/wp-json\/wp\/v2\/media?parent=3650"}],"curies":[{"name":"wp","href":"https:\/\/api.w.org\/{rel}","templated":true}]}}