{"id":3645,"date":"2024-10-29T15:10:59","date_gmt":"2024-10-29T14:10:59","guid":{"rendered":"https:\/\/lama-bs.sk\/?page_id=3645"},"modified":"2024-10-29T15:10:59","modified_gmt":"2024-10-29T14:10:59","slug":"praha-zaluzie","status":"publish","type":"page","link":"https:\/\/lama-bs.sk\/cs\/prodejci\/zaluzie-praha\/praha-zaluzie\/","title":{"rendered":"PRAHA \u017dALUZIE"},"content":{"rendered":"<p>Firma <strong>Praha \u017daluzie<\/strong> veden\u00e1 Luk\u00e1\u0161em Chudobou se specializuje na&nbsp;prodej, mont\u00e1\u017e a&nbsp;servis r\u016fzn\u00fdch typ\u016f \u017ealuzi\u00ed, rolet a&nbsp;s\u00edt\u00ed proti&nbsp;hmyzu. Od&nbsp;sv\u00e9ho zalo\u017een\u00ed v&nbsp;roce 2015 z\u00edskala d\u00edky individu\u00e1ln\u00edmu p\u0159\u00edstupu ke klient\u016fm a&nbsp;kvalitn\u00edmu proveden\u00ed prac\u00ed stabiln\u00ed pozici na&nbsp;pra\u017esk\u00e9m trhu. Spole\u010dnost nab\u00edz\u00ed \u0161irokou \u0161k\u00e1lu st\u00edn\u00edc\u00ed techniky, zahrnuj\u00edc\u00ed horizont\u00e1ln\u00ed i&nbsp;vertik\u00e1ln\u00ed \u017ealuzie, venkovn\u00ed i&nbsp;interi\u00e9rov\u00e9 varianty, a&nbsp;tak\u00e9 plastov\u00e9 shrnovac\u00ed dve\u0159e. Firma<strong> Praha \u017daluzie<\/strong> p\u016fsob\u00ed p\u0159edev\u0161\u00edm v&nbsp;oblasti<strong> Prahy a&nbsp;okol\u00ed<\/strong>. V&nbsp;r\u00e1mci roz\u0161\u00ed\u0159en\u00ed sortimentu firma nab\u00edz\u00ed tak\u00e9 <a href=\"https:\/\/lama-bs.sk\/cs\/ponuka-vnutornych-zaluzii\/\">bambusov\u00e9 \u017ealuzie<\/a> z&nbsp;na\u0161\u00ed produkce. Z\u00e1kazn\u00edci si je mohou zakoupit do&nbsp;sv\u00fdch modern\u00edch interi\u00e9r\u016f.<\/p>\n<p>&nbsp;<\/p>\n<ul>\n<li style=\"font-weight: 400;\" aria-level=\"1\"><b>E-mail<\/b><span style=\"font-weight: 400;\">: <a href=\"mailto:prahazaluzie@gmail.com\" target=\"_blank\" rel=\"noopener\">prahazaluzie@gmail.com<\/a><\/span><\/li>\n<li style=\"font-weight: 400;\" aria-level=\"1\"><b>Adresa<\/b><span style=\"font-weight: 400;\">: H\u013eadova 661\/7, Praha 9<\/span><\/li>\n<li style=\"font-weight: 400;\" aria-level=\"1\"><b>Str\u00e1nka<\/b><span style=\"font-weight: 400;\">: <a href=\"https:\/\/www.prahazaluzie.eu\/\" target=\"_blank\" rel=\"noopener\">https:\/\/www.prahazaluzie.eu\/<\/a><\/span><\/li>\n<\/ul>\n","protected":false},"excerpt":{"rendered":"<p>Firma Praha \u017daluzie veden\u00e1 Luk\u00e1\u0161em Chudobou se specializuje na&nbsp;prodej, mont\u00e1\u017e a&nbsp;servis r\u016fzn\u00fdch typ\u016f \u017ealuzi\u00ed, rolet a&nbsp;s\u00edt\u00ed proti&nbsp;hmyzu. Od&nbsp;sv\u00e9ho zalo\u017een\u00ed v&nbsp;roce 2015 z\u00edskala d\u00edky individu\u00e1ln\u00edmu p\u0159\u00edstupu ke klient\u016fm a&nbsp;kvalitn\u00edmu proveden\u00ed prac\u00ed stabiln\u00ed pozici na&nbsp;pra\u017esk\u00e9m trhu. Spole\u010dnost nab\u00edz\u00ed \u0161irokou \u0161k\u00e1lu st\u00edn\u00edc\u00ed techniky, zahrnuj\u00edc\u00ed horizont\u00e1ln\u00ed i&nbsp;vertik\u00e1ln\u00ed \u017ealuzie, venkovn\u00ed i&nbsp;interi\u00e9rov\u00e9 varianty, a&nbsp;tak\u00e9 plastov\u00e9 shrnovac\u00ed dve\u0159e. Firma Praha \u017daluzie p\u016fsob\u00ed [&hellip;]<\/p>\n","protected":false},"author":1,"featured_media":0,"parent":3456,"menu_order":0,"comment_status":"closed","ping_status":"closed","template":"template-partners.php","meta":{"footnotes":""},"class_list":["post-3645","page","type-page","status-publish","hentry"],"yoast_head":"<!-- This site is optimized with the Yoast SEO plugin v26.4 - https:\/\/yoast.com\/wordpress\/plugins\/seo\/ -->\n<title>Prodejce \u017ealuzi\u00ed Praha \u017daluzie | Lama Bamboo<\/title>\n<meta name=\"description\" content=\"Na\u0161e kvalitn\u00ed nad\u010dasov\u00e9 bambusov\u00e9 \u017ealuzie nab\u00edz\u00ed spole\u010dnost Praha \u017daluzie v Praze. Po\u0159i\u010fte si nov\u00e9 st\u00edn\u011bn\u00ed je\u0161t\u011b dnes.\" \/>\n<meta name=\"robots\" content=\"index, follow, max-snippet:-1, max-image-preview:large, max-video-preview:-1\" \/>\n<link rel=\"canonical\" href=\"https:\/\/lama-bs.sk\/cs\/prodejci\/zaluzie-praha\/praha-zaluzie\/\" \/>\n<meta property=\"og:locale\" content=\"cs_CZ\" \/>\n<meta property=\"og:type\" content=\"article\" \/>\n<meta property=\"og:title\" content=\"Prodejce \u017ealuzi\u00ed Praha \u017daluzie | Lama Bamboo\" \/>\n<meta property=\"og:description\" content=\"Na\u0161e kvalitn\u00ed nad\u010dasov\u00e9 bambusov\u00e9 \u017ealuzie nab\u00edz\u00ed spole\u010dnost Praha \u017daluzie v Praze. Po\u0159i\u010fte si nov\u00e9 st\u00edn\u011bn\u00ed je\u0161t\u011b dnes.\" \/>\n<meta property=\"og:url\" content=\"https:\/\/lama-bs.sk\/cs\/prodejci\/zaluzie-praha\/praha-zaluzie\/\" \/>\n<meta property=\"og:site_name\" content=\"LAMA Bamboo systems s.r.o.\" \/>\n<meta name=\"twitter:card\" content=\"summary_large_image\" \/>\n<meta name=\"twitter:label1\" content=\"Odhadovan\u00e1 doba \u010dten\u00ed\" \/>\n\t<meta name=\"twitter:data1\" content=\"1 minuta\" \/>\n<script type=\"application\/ld+json\" class=\"yoast-schema-graph\">{\"@context\":\"https:\/\/schema.org\",\"@graph\":[{\"@type\":\"WebPage\",\"@id\":\"https:\/\/lama-bs.sk\/cs\/prodejci\/zaluzie-praha\/praha-zaluzie\/\",\"url\":\"https:\/\/lama-bs.sk\/cs\/prodejci\/zaluzie-praha\/praha-zaluzie\/\",\"name\":\"Prodejce \u017ealuzi\u00ed Praha \u017daluzie | Lama Bamboo\",\"isPartOf\":{\"@id\":\"https:\/\/lama-bs.sk\/#website\"},\"datePublished\":\"2024-10-29T14:10:59+00:00\",\"description\":\"Na\u0161e kvalitn\u00ed nad\u010dasov\u00e9 bambusov\u00e9 \u017ealuzie nab\u00edz\u00ed spole\u010dnost Praha \u017daluzie v Praze. Po\u0159i\u010fte si nov\u00e9 st\u00edn\u011bn\u00ed je\u0161t\u011b dnes.\",\"breadcrumb\":{\"@id\":\"https:\/\/lama-bs.sk\/cs\/prodejci\/zaluzie-praha\/praha-zaluzie\/#breadcrumb\"},\"inLanguage\":\"cs\",\"potentialAction\":[{\"@type\":\"ReadAction\",\"target\":[\"https:\/\/lama-bs.sk\/cs\/prodejci\/zaluzie-praha\/praha-zaluzie\/\"]}]},{\"@type\":\"BreadcrumbList\",\"@id\":\"https:\/\/lama-bs.sk\/cs\/prodejci\/zaluzie-praha\/praha-zaluzie\/#breadcrumb\",\"itemListElement\":[{\"@type\":\"ListItem\",\"position\":1,\"name\":\"Prodejci\",\"item\":\"https:\/\/lama-bs.sk\/cs\/prodejci\/\"},{\"@type\":\"ListItem\",\"position\":2,\"name\":\"\u017daluzie Praha\",\"item\":\"https:\/\/lama-bs.sk\/cs\/prodejci\/zaluzie-praha\/\"},{\"@type\":\"ListItem\",\"position\":3,\"name\":\"PRAHA \u017dALUZIE\"}]},{\"@type\":\"WebSite\",\"@id\":\"https:\/\/lama-bs.sk\/#website\",\"url\":\"https:\/\/lama-bs.sk\/\",\"name\":\"LAMA Bamboo systems s.r.o.\",\"description\":\"\",\"potentialAction\":[{\"@type\":\"SearchAction\",\"target\":{\"@type\":\"EntryPoint\",\"urlTemplate\":\"https:\/\/lama-bs.sk\/?s={search_term_string}\"},\"query-input\":{\"@type\":\"PropertyValueSpecification\",\"valueRequired\":true,\"valueName\":\"search_term_string\"}}],\"inLanguage\":\"cs\"}]}<\/script>\n<!-- \/ Yoast SEO plugin. -->","yoast_head_json":{"title":"Prodejce \u017ealuzi\u00ed Praha \u017daluzie | Lama Bamboo","description":"Na\u0161e kvalitn\u00ed nad\u010dasov\u00e9 bambusov\u00e9 \u017ealuzie nab\u00edz\u00ed spole\u010dnost Praha \u017daluzie v Praze. Po\u0159i\u010fte si nov\u00e9 st\u00edn\u011bn\u00ed je\u0161t\u011b dnes.","robots":{"index":"index","follow":"follow","max-snippet":"max-snippet:-1","max-image-preview":"max-image-preview:large","max-video-preview":"max-video-preview:-1"},"canonical":"https:\/\/lama-bs.sk\/cs\/prodejci\/zaluzie-praha\/praha-zaluzie\/","og_locale":"cs_CZ","og_type":"article","og_title":"Prodejce \u017ealuzi\u00ed Praha \u017daluzie | Lama Bamboo","og_description":"Na\u0161e kvalitn\u00ed nad\u010dasov\u00e9 bambusov\u00e9 \u017ealuzie nab\u00edz\u00ed spole\u010dnost Praha \u017daluzie v Praze. Po\u0159i\u010fte si nov\u00e9 st\u00edn\u011bn\u00ed je\u0161t\u011b dnes.","og_url":"https:\/\/lama-bs.sk\/cs\/prodejci\/zaluzie-praha\/praha-zaluzie\/","og_site_name":"LAMA Bamboo systems s.r.o.","twitter_card":"summary_large_image","twitter_misc":{"Odhadovan\u00e1 doba \u010dten\u00ed":"1 minuta"},"schema":{"@context":"https:\/\/schema.org","@graph":[{"@type":"WebPage","@id":"https:\/\/lama-bs.sk\/cs\/prodejci\/zaluzie-praha\/praha-zaluzie\/","url":"https:\/\/lama-bs.sk\/cs\/prodejci\/zaluzie-praha\/praha-zaluzie\/","name":"Prodejce \u017ealuzi\u00ed Praha \u017daluzie | Lama Bamboo","isPartOf":{"@id":"https:\/\/lama-bs.sk\/#website"},"datePublished":"2024-10-29T14:10:59+00:00","description":"Na\u0161e kvalitn\u00ed nad\u010dasov\u00e9 bambusov\u00e9 \u017ealuzie nab\u00edz\u00ed spole\u010dnost Praha \u017daluzie v Praze. Po\u0159i\u010fte si nov\u00e9 st\u00edn\u011bn\u00ed je\u0161t\u011b dnes.","breadcrumb":{"@id":"https:\/\/lama-bs.sk\/cs\/prodejci\/zaluzie-praha\/praha-zaluzie\/#breadcrumb"},"inLanguage":"cs","potentialAction":[{"@type":"ReadAction","target":["https:\/\/lama-bs.sk\/cs\/prodejci\/zaluzie-praha\/praha-zaluzie\/"]}]},{"@type":"BreadcrumbList","@id":"https:\/\/lama-bs.sk\/cs\/prodejci\/zaluzie-praha\/praha-zaluzie\/#breadcrumb","itemListElement":[{"@type":"ListItem","position":1,"name":"Prodejci","item":"https:\/\/lama-bs.sk\/cs\/prodejci\/"},{"@type":"ListItem","position":2,"name":"\u017daluzie Praha","item":"https:\/\/lama-bs.sk\/cs\/prodejci\/zaluzie-praha\/"},{"@type":"ListItem","position":3,"name":"PRAHA \u017dALUZIE"}]},{"@type":"WebSite","@id":"https:\/\/lama-bs.sk\/#website","url":"https:\/\/lama-bs.sk\/","name":"LAMA Bamboo systems s.r.o.","description":"","potentialAction":[{"@type":"SearchAction","target":{"@type":"EntryPoint","urlTemplate":"https:\/\/lama-bs.sk\/?s={search_term_string}"},"query-input":{"@type":"PropertyValueSpecification","valueRequired":true,"valueName":"search_term_string"}}],"inLanguage":"cs"}]}},"_links":{"self":[{"href":"https:\/\/lama-bs.sk\/cs\/wp-json\/wp\/v2\/pages\/3645","targetHints":{"allow":["GET"]}}],"collection":[{"href":"https:\/\/lama-bs.sk\/cs\/wp-json\/wp\/v2\/pages"}],"about":[{"href":"https:\/\/lama-bs.sk\/cs\/wp-json\/wp\/v2\/types\/page"}],"author":[{"embeddable":true,"href":"https:\/\/lama-bs.sk\/cs\/wp-json\/wp\/v2\/users\/1"}],"replies":[{"embeddable":true,"href":"https:\/\/lama-bs.sk\/cs\/wp-json\/wp\/v2\/comments?post=3645"}],"version-history":[{"count":3,"href":"https:\/\/lama-bs.sk\/cs\/wp-json\/wp\/v2\/pages\/3645\/revisions"}],"predecessor-version":[{"id":4183,"href":"https:\/\/lama-bs.sk\/cs\/wp-json\/wp\/v2\/pages\/3645\/revisions\/4183"}],"up":[{"embeddable":true,"href":"https:\/\/lama-bs.sk\/cs\/wp-json\/wp\/v2\/pages\/3456"}],"wp:attachment":[{"href":"https:\/\/lama-bs.sk\/cs\/wp-json\/wp\/v2\/media?parent=3645"}],"curies":[{"name":"wp","href":"https:\/\/api.w.org\/{rel}","templated":true}]}}