{"id":3591,"date":"2024-10-29T14:54:16","date_gmt":"2024-10-29T13:54:16","guid":{"rendered":"https:\/\/lama-bs.sk\/?page_id=3591"},"modified":"2024-10-29T14:54:16","modified_gmt":"2024-10-29T13:54:16","slug":"inferis","status":"publish","type":"page","link":"https:\/\/lama-bs.sk\/cs\/prodejci\/zaluzie-praha\/inferis\/","title":{"rendered":"INFERIS \u017ealuzie Praha"},"content":{"rendered":"<p>Predajce INFERIS, se s\u00eddlem v&nbsp;<a href=\"https:\/\/lama-bs.sk\/cs\/prodejci\/zaluzie-praha\/\">Praze<\/a>, nab\u00edz\u00ed z\u00e1kazn\u00edk\u016fm mo\u017enost zakoupit <a href=\"https:\/\/lama-bs.sk\/cs\/ponuka-vnutornych-zaluzii\/\">bambusov\u00e9 \u017ealuzie do&nbsp;interi\u00e9ru<\/a> z&nbsp;na\u0161\u00ed nab\u00eddky. Spole\u010dnost p\u016fsob\u00ed na&nbsp;trhu ji\u017e 12 let. Jej\u00ed kl\u00ed\u010dovou konkuren\u010dn\u00ed v\u00fdhodou jsou bohat\u00e9 zku\u0161enosti a&nbsp;pravideln\u00e1 \u0161kolen\u00ed u&nbsp;tuzemsk\u00fdch i&nbsp;zahrani\u010dn\u00edch v\u00fdrobc\u016f. Mont\u00e1\u017e \u017ealuzi\u00ed je ka\u017edodenn\u00ed \u010dinnost\u00ed tohoto profesion\u00e1ln\u00edho t\u00fdmu, kter\u00fd garantuje \u0161pi\u010dkovou kvalitu pr\u00e1ce. <strong>INFERIS<\/strong> klade d\u016fraz na&nbsp;individu\u00e1ln\u00ed p\u0159\u00edstup, a&nbsp;proto po&nbsp;celou dobu realizace z\u00e1kazn\u00edci komunikuj\u00ed p\u0159\u00edmo s&nbsp;majitelem firmy, co\u017e zaji\u0161\u0165uje osobn\u00ed a&nbsp;efektivn\u00ed pr\u016fb\u011bh cel\u00e9ho procesu.<\/p>\n<p>&nbsp;<\/p>\n<ul>\n<li style=\"font-weight: 400;\" aria-level=\"1\"><b>E-mail<\/b><span style=\"font-weight: 400;\">: <a href=\"mailto:info@inferis.cz\" target=\"_blank\" rel=\"noopener\">info@inferis.cz<\/a><\/span><\/li>\n<li style=\"font-weight: 400;\" aria-level=\"1\"><b>Adresa<\/b><span style=\"font-weight: 400;\">: Hartigova 1127\/56, Praha 3<\/span><\/li>\n<li style=\"font-weight: 400;\" aria-level=\"1\"><b>Str\u00e1nka<\/b><span style=\"font-weight: 400;\">: <a href=\"https:\/\/inferis.cz\/\" target=\"_blank\" rel=\"noopener\">https:\/\/inferis.cz\/<\/a><\/span><\/li>\n<\/ul>\n","protected":false},"excerpt":{"rendered":"<p>Predajce INFERIS, se s\u00eddlem v&nbsp;Praze, nab\u00edz\u00ed z\u00e1kazn\u00edk\u016fm mo\u017enost zakoupit bambusov\u00e9 \u017ealuzie do&nbsp;interi\u00e9ru z&nbsp;na\u0161\u00ed nab\u00eddky. Spole\u010dnost p\u016fsob\u00ed na&nbsp;trhu ji\u017e 12 let. Jej\u00ed kl\u00ed\u010dovou konkuren\u010dn\u00ed v\u00fdhodou jsou bohat\u00e9 zku\u0161enosti a&nbsp;pravideln\u00e1 \u0161kolen\u00ed u&nbsp;tuzemsk\u00fdch i&nbsp;zahrani\u010dn\u00edch v\u00fdrobc\u016f. Mont\u00e1\u017e \u017ealuzi\u00ed je ka\u017edodenn\u00ed \u010dinnost\u00ed tohoto profesion\u00e1ln\u00edho t\u00fdmu, kter\u00fd garantuje \u0161pi\u010dkovou kvalitu pr\u00e1ce. INFERIS klade d\u016fraz na&nbsp;individu\u00e1ln\u00ed p\u0159\u00edstup, a&nbsp;proto po&nbsp;celou dobu realizace z\u00e1kazn\u00edci [&hellip;]<\/p>\n","protected":false},"author":1,"featured_media":0,"parent":3456,"menu_order":0,"comment_status":"closed","ping_status":"closed","template":"template-partners.php","meta":{"footnotes":""},"class_list":["post-3591","page","type-page","status-publish","hentry"],"yoast_head":"<!-- This site is optimized with the Yoast SEO plugin v26.4 - https:\/\/yoast.com\/wordpress\/plugins\/seo\/ -->\n<title>Prodejce \u017ealuzi\u00ed INFERIS Praha | Lama Bamboo<\/title>\n<meta name=\"description\" content=\"Kvalitn\u00ed bambusov\u00e9 \u017ealuzie z na\u0161\u00ed produkce jsou k dost\u00e1n\u00ed u na\u0161eho dlouholet\u00e9ho z\u00e1kazn\u00edka, spole\u010dnosti INFERIS v Praze. Dop\u0159ejte si nov\u00e9 \u017ealuzie ji\u017e nyn\u00ed.\" \/>\n<meta name=\"robots\" content=\"index, follow, max-snippet:-1, max-image-preview:large, max-video-preview:-1\" \/>\n<link rel=\"canonical\" href=\"https:\/\/lama-bs.sk\/cs\/prodejci\/zaluzie-praha\/inferis\/\" \/>\n<meta property=\"og:locale\" content=\"cs_CZ\" \/>\n<meta property=\"og:type\" content=\"article\" \/>\n<meta property=\"og:title\" content=\"Prodejce \u017ealuzi\u00ed INFERIS Praha | Lama Bamboo\" \/>\n<meta property=\"og:description\" content=\"Kvalitn\u00ed bambusov\u00e9 \u017ealuzie z na\u0161\u00ed produkce jsou k dost\u00e1n\u00ed u na\u0161eho dlouholet\u00e9ho z\u00e1kazn\u00edka, spole\u010dnosti INFERIS v Praze. Dop\u0159ejte si nov\u00e9 \u017ealuzie ji\u017e nyn\u00ed.\" \/>\n<meta property=\"og:url\" content=\"https:\/\/lama-bs.sk\/cs\/prodejci\/zaluzie-praha\/inferis\/\" \/>\n<meta property=\"og:site_name\" content=\"LAMA Bamboo systems s.r.o.\" \/>\n<meta name=\"twitter:card\" content=\"summary_large_image\" \/>\n<meta name=\"twitter:label1\" content=\"Odhadovan\u00e1 doba \u010dten\u00ed\" \/>\n\t<meta name=\"twitter:data1\" content=\"1 minuta\" \/>\n<script type=\"application\/ld+json\" class=\"yoast-schema-graph\">{\"@context\":\"https:\/\/schema.org\",\"@graph\":[{\"@type\":\"WebPage\",\"@id\":\"https:\/\/lama-bs.sk\/cs\/prodejci\/zaluzie-praha\/inferis\/\",\"url\":\"https:\/\/lama-bs.sk\/cs\/prodejci\/zaluzie-praha\/inferis\/\",\"name\":\"Prodejce \u017ealuzi\u00ed INFERIS Praha | Lama Bamboo\",\"isPartOf\":{\"@id\":\"https:\/\/lama-bs.sk\/#website\"},\"datePublished\":\"2024-10-29T13:54:16+00:00\",\"description\":\"Kvalitn\u00ed bambusov\u00e9 \u017ealuzie z na\u0161\u00ed produkce jsou k dost\u00e1n\u00ed u na\u0161eho dlouholet\u00e9ho z\u00e1kazn\u00edka, spole\u010dnosti INFERIS v Praze. Dop\u0159ejte si nov\u00e9 \u017ealuzie ji\u017e nyn\u00ed.\",\"breadcrumb\":{\"@id\":\"https:\/\/lama-bs.sk\/cs\/prodejci\/zaluzie-praha\/inferis\/#breadcrumb\"},\"inLanguage\":\"cs\",\"potentialAction\":[{\"@type\":\"ReadAction\",\"target\":[\"https:\/\/lama-bs.sk\/cs\/prodejci\/zaluzie-praha\/inferis\/\"]}]},{\"@type\":\"BreadcrumbList\",\"@id\":\"https:\/\/lama-bs.sk\/cs\/prodejci\/zaluzie-praha\/inferis\/#breadcrumb\",\"itemListElement\":[{\"@type\":\"ListItem\",\"position\":1,\"name\":\"Prodejci\",\"item\":\"https:\/\/lama-bs.sk\/cs\/prodejci\/\"},{\"@type\":\"ListItem\",\"position\":2,\"name\":\"\u017daluzie Praha\",\"item\":\"https:\/\/lama-bs.sk\/cs\/prodejci\/zaluzie-praha\/\"},{\"@type\":\"ListItem\",\"position\":3,\"name\":\"INFERIS \u017ealuzie Praha\"}]},{\"@type\":\"WebSite\",\"@id\":\"https:\/\/lama-bs.sk\/#website\",\"url\":\"https:\/\/lama-bs.sk\/\",\"name\":\"LAMA Bamboo systems s.r.o.\",\"description\":\"\",\"potentialAction\":[{\"@type\":\"SearchAction\",\"target\":{\"@type\":\"EntryPoint\",\"urlTemplate\":\"https:\/\/lama-bs.sk\/?s={search_term_string}\"},\"query-input\":{\"@type\":\"PropertyValueSpecification\",\"valueRequired\":true,\"valueName\":\"search_term_string\"}}],\"inLanguage\":\"cs\"}]}<\/script>\n<!-- \/ Yoast SEO plugin. -->","yoast_head_json":{"title":"Prodejce \u017ealuzi\u00ed INFERIS Praha | Lama Bamboo","description":"Kvalitn\u00ed bambusov\u00e9 \u017ealuzie z na\u0161\u00ed produkce jsou k dost\u00e1n\u00ed u na\u0161eho dlouholet\u00e9ho z\u00e1kazn\u00edka, spole\u010dnosti INFERIS v Praze. Dop\u0159ejte si nov\u00e9 \u017ealuzie ji\u017e nyn\u00ed.","robots":{"index":"index","follow":"follow","max-snippet":"max-snippet:-1","max-image-preview":"max-image-preview:large","max-video-preview":"max-video-preview:-1"},"canonical":"https:\/\/lama-bs.sk\/cs\/prodejci\/zaluzie-praha\/inferis\/","og_locale":"cs_CZ","og_type":"article","og_title":"Prodejce \u017ealuzi\u00ed INFERIS Praha | Lama Bamboo","og_description":"Kvalitn\u00ed bambusov\u00e9 \u017ealuzie z na\u0161\u00ed produkce jsou k dost\u00e1n\u00ed u na\u0161eho dlouholet\u00e9ho z\u00e1kazn\u00edka, spole\u010dnosti INFERIS v Praze. Dop\u0159ejte si nov\u00e9 \u017ealuzie ji\u017e nyn\u00ed.","og_url":"https:\/\/lama-bs.sk\/cs\/prodejci\/zaluzie-praha\/inferis\/","og_site_name":"LAMA Bamboo systems s.r.o.","twitter_card":"summary_large_image","twitter_misc":{"Odhadovan\u00e1 doba \u010dten\u00ed":"1 minuta"},"schema":{"@context":"https:\/\/schema.org","@graph":[{"@type":"WebPage","@id":"https:\/\/lama-bs.sk\/cs\/prodejci\/zaluzie-praha\/inferis\/","url":"https:\/\/lama-bs.sk\/cs\/prodejci\/zaluzie-praha\/inferis\/","name":"Prodejce \u017ealuzi\u00ed INFERIS Praha | Lama Bamboo","isPartOf":{"@id":"https:\/\/lama-bs.sk\/#website"},"datePublished":"2024-10-29T13:54:16+00:00","description":"Kvalitn\u00ed bambusov\u00e9 \u017ealuzie z na\u0161\u00ed produkce jsou k dost\u00e1n\u00ed u na\u0161eho dlouholet\u00e9ho z\u00e1kazn\u00edka, spole\u010dnosti INFERIS v Praze. Dop\u0159ejte si nov\u00e9 \u017ealuzie ji\u017e nyn\u00ed.","breadcrumb":{"@id":"https:\/\/lama-bs.sk\/cs\/prodejci\/zaluzie-praha\/inferis\/#breadcrumb"},"inLanguage":"cs","potentialAction":[{"@type":"ReadAction","target":["https:\/\/lama-bs.sk\/cs\/prodejci\/zaluzie-praha\/inferis\/"]}]},{"@type":"BreadcrumbList","@id":"https:\/\/lama-bs.sk\/cs\/prodejci\/zaluzie-praha\/inferis\/#breadcrumb","itemListElement":[{"@type":"ListItem","position":1,"name":"Prodejci","item":"https:\/\/lama-bs.sk\/cs\/prodejci\/"},{"@type":"ListItem","position":2,"name":"\u017daluzie Praha","item":"https:\/\/lama-bs.sk\/cs\/prodejci\/zaluzie-praha\/"},{"@type":"ListItem","position":3,"name":"INFERIS \u017ealuzie Praha"}]},{"@type":"WebSite","@id":"https:\/\/lama-bs.sk\/#website","url":"https:\/\/lama-bs.sk\/","name":"LAMA Bamboo systems s.r.o.","description":"","potentialAction":[{"@type":"SearchAction","target":{"@type":"EntryPoint","urlTemplate":"https:\/\/lama-bs.sk\/?s={search_term_string}"},"query-input":{"@type":"PropertyValueSpecification","valueRequired":true,"valueName":"search_term_string"}}],"inLanguage":"cs"}]}},"_links":{"self":[{"href":"https:\/\/lama-bs.sk\/cs\/wp-json\/wp\/v2\/pages\/3591","targetHints":{"allow":["GET"]}}],"collection":[{"href":"https:\/\/lama-bs.sk\/cs\/wp-json\/wp\/v2\/pages"}],"about":[{"href":"https:\/\/lama-bs.sk\/cs\/wp-json\/wp\/v2\/types\/page"}],"author":[{"embeddable":true,"href":"https:\/\/lama-bs.sk\/cs\/wp-json\/wp\/v2\/users\/1"}],"replies":[{"embeddable":true,"href":"https:\/\/lama-bs.sk\/cs\/wp-json\/wp\/v2\/comments?post=3591"}],"version-history":[{"count":7,"href":"https:\/\/lama-bs.sk\/cs\/wp-json\/wp\/v2\/pages\/3591\/revisions"}],"predecessor-version":[{"id":4175,"href":"https:\/\/lama-bs.sk\/cs\/wp-json\/wp\/v2\/pages\/3591\/revisions\/4175"}],"up":[{"embeddable":true,"href":"https:\/\/lama-bs.sk\/cs\/wp-json\/wp\/v2\/pages\/3456"}],"wp:attachment":[{"href":"https:\/\/lama-bs.sk\/cs\/wp-json\/wp\/v2\/media?parent=3591"}],"curies":[{"name":"wp","href":"https:\/\/api.w.org\/{rel}","templated":true}]}}