{"id":3491,"date":"2024-10-17T14:17:48","date_gmt":"2024-10-17T12:17:48","guid":{"rendered":"https:\/\/lama-bs.sk\/?page_id=3491"},"modified":"2024-10-29T14:44:14","modified_gmt":"2024-10-29T13:44:14","slug":"zaluzie-plzen","status":"publish","type":"page","link":"https:\/\/lama-bs.sk\/cs\/prodejci\/zaluzie-plzen\/","title":{"rendered":"\u017daluzie Plze\u0148"},"content":{"rendered":"<p><strong>Bambusov\u00e9 \u017ealuzie<\/strong> od&nbsp;spole\u010dnosti <strong>Lama Bamboo<\/strong> jsou perfektn\u00edm \u0159e\u0161en\u00edm pro v\u0161echny, kte\u0159\u00ed hledaj\u00ed kvalitn\u00ed a&nbsp;p\u0159\u00edrodn\u00ed zp\u016fsob zast\u00edn\u011bn\u00ed interi\u00e9ru. D\u00edky na\u0161\u00ed s\u00edti prodejc\u016f po&nbsp;cel\u00e9 <strong>\u010cesk\u00e9 republice<\/strong> si m\u016f\u017eete tyto \u017ealuzie zakoupit i&nbsp;v&nbsp;Plzni a&nbsp;okol\u00ed. Jsou tou ide\u00e1ln\u00ed volbou pro ty, kdo ocen\u00ed ekologick\u00e9 materi\u00e1ly a&nbsp;modern\u00ed design, a&nbsp;to&nbsp;v&nbsp;r\u016fzn\u00fdch prostor\u00e1ch, jako je kuchy\u0148, ob\u00fdvac\u00ed pokoj, lo\u017enice \u010di&nbsp;koupelna. \u017daluzie lze jednodu\u0161e instalovat na&nbsp;v\u0161echny typy oken, v\u010detn\u011b atypick\u00fdch tvar\u016f, a&nbsp;jejich vzhled p\u0159izp\u016fsob\u00edte vlastn\u00edm po\u017eadavk\u016fm. Najd\u011bte si nejbli\u017e\u0161\u00edho <strong>prodejce bambusov\u00fdch \u017ealuzi\u00ed v&nbsp;Plzni<\/strong> a&nbsp;vylep\u0161ete sv\u016fj interi\u00e9r.<\/p>\n<h2><span style=\"font-weight: 400;\">Na\u0161i prodejci \u017ealuzi\u00ed v&nbsp;Plzni<\/span><\/h2>\n<p><div class=\"row\"><div class=\"col-sm-6\"><\/p>\n<p><a href=\"https:\/\/lama-bs.sk\/cs\/prodejci\/zaluzie-plzen\/hopa-plzen\/\"><span style=\"font-weight: 400;\">HOPA PLZE\u0147<\/span><\/a><\/p>\n<p><\/div><div class=\"col-sm-6\"><\/p>\n<p><a href=\"https:\/\/lama-bs.sk\/cs\/prodejci\/zaluzie-plzen\/universtech\/\"><span style=\"font-weight: 400;\">UNIVERSTECH<\/span><\/a><\/p>\n<p><\/div><\/div><\/p>\n","protected":false},"excerpt":{"rendered":"<p>Bambusov\u00e9 \u017ealuzie od&nbsp;spole\u010dnosti Lama Bamboo jsou perfektn\u00edm \u0159e\u0161en\u00edm pro v\u0161echny, kte\u0159\u00ed hledaj\u00ed kvalitn\u00ed a&nbsp;p\u0159\u00edrodn\u00ed zp\u016fsob zast\u00edn\u011bn\u00ed interi\u00e9ru. D\u00edky na\u0161\u00ed s\u00edti prodejc\u016f po&nbsp;cel\u00e9 \u010cesk\u00e9 republice si m\u016f\u017eete tyto \u017ealuzie zakoupit i&nbsp;v&nbsp;Plzni a&nbsp;okol\u00ed. Jsou tou ide\u00e1ln\u00ed volbou pro ty, kdo ocen\u00ed ekologick\u00e9 materi\u00e1ly a&nbsp;modern\u00ed design, a&nbsp;to&nbsp;v&nbsp;r\u016fzn\u00fdch prostor\u00e1ch, jako je kuchy\u0148, ob\u00fdvac\u00ed pokoj, lo\u017enice \u010di&nbsp;koupelna. \u017daluzie lze jednodu\u0161e [&hellip;]<\/p>\n","protected":false},"author":1,"featured_media":426,"parent":2044,"menu_order":0,"comment_status":"closed","ping_status":"closed","template":"template-partners.php","meta":{"footnotes":""},"class_list":["post-3491","page","type-page","status-publish","has-post-thumbnail","hentry"],"yoast_head":"<!-- This site is optimized with the Yoast SEO plugin v26.4 - https:\/\/yoast.com\/wordpress\/plugins\/seo\/ -->\n<title>\u017daluzie Plze\u0148 | Lama Bamboo<\/title>\n<meta name=\"description\" content=\"Nav\u0161tivte prodejce \u017ealuzi\u00ed v Plzni a p\u0159esv\u011bd\u010dte se o kvalit\u011b bambusov\u00fdch \u017ealuzi\u00ed, jako kombinaci modern\u00edho designu a p\u0159\u00edrodn\u00edch prvk\u016f.\" \/>\n<meta name=\"robots\" content=\"index, follow, max-snippet:-1, max-image-preview:large, max-video-preview:-1\" \/>\n<link rel=\"canonical\" href=\"https:\/\/lama-bs.sk\/cs\/prodejci\/zaluzie-plzen\/\" \/>\n<meta property=\"og:locale\" content=\"cs_CZ\" \/>\n<meta property=\"og:type\" content=\"article\" \/>\n<meta property=\"og:title\" content=\"Bambusov\u00e9 \u017daluzie Plze\u0148 | Lama Bamboo\" \/>\n<meta property=\"og:description\" content=\"Nav\u0161tivte prodejce \u017ealuzi\u00ed v Plzni a p\u0159esv\u011bd\u010dte se o kvalit\u011b bambusov\u00fdch \u017ealuzi\u00ed, jako kombinaci modern\u00edho designu a p\u0159\u00edrodn\u00edch prvk\u016f.\" \/>\n<meta property=\"og:url\" content=\"https:\/\/lama-bs.sk\/cs\/prodejci\/zaluzie-plzen\/\" \/>\n<meta property=\"og:site_name\" content=\"LAMA Bamboo systems s.r.o.\" \/>\n<meta property=\"article:modified_time\" content=\"2024-10-29T13:44:14+00:00\" \/>\n<meta property=\"og:image\" content=\"https:\/\/lama-bs.sk\/wp-content\/uploads\/2021\/02\/zaluzie-scaled.jpg\" \/>\n\t<meta property=\"og:image:width\" content=\"2560\" \/>\n\t<meta property=\"og:image:height\" content=\"1706\" \/>\n\t<meta property=\"og:image:type\" content=\"image\/jpeg\" \/>\n<meta name=\"twitter:card\" content=\"summary_large_image\" \/>\n<meta name=\"twitter:label1\" content=\"Odhadovan\u00e1 doba \u010dten\u00ed\" \/>\n\t<meta name=\"twitter:data1\" content=\"1 minuta\" \/>\n<script type=\"application\/ld+json\" class=\"yoast-schema-graph\">{\"@context\":\"https:\/\/schema.org\",\"@graph\":[{\"@type\":\"WebPage\",\"@id\":\"https:\/\/lama-bs.sk\/cs\/prodejci\/zaluzie-plzen\/\",\"url\":\"https:\/\/lama-bs.sk\/cs\/prodejci\/zaluzie-plzen\/\",\"name\":\"\u017daluzie Plze\u0148 | Lama Bamboo\",\"isPartOf\":{\"@id\":\"https:\/\/lama-bs.sk\/#website\"},\"primaryImageOfPage\":{\"@id\":\"https:\/\/lama-bs.sk\/cs\/prodejci\/zaluzie-plzen\/#primaryimage\"},\"image\":{\"@id\":\"https:\/\/lama-bs.sk\/cs\/prodejci\/zaluzie-plzen\/#primaryimage\"},\"thumbnailUrl\":\"https:\/\/lama-bs.sk\/wp-content\/uploads\/2021\/02\/zaluzie-scaled.jpg\",\"datePublished\":\"2024-10-17T12:17:48+00:00\",\"dateModified\":\"2024-10-29T13:44:14+00:00\",\"description\":\"Nav\u0161tivte prodejce \u017ealuzi\u00ed v Plzni a p\u0159esv\u011bd\u010dte se o kvalit\u011b bambusov\u00fdch \u017ealuzi\u00ed, jako kombinaci modern\u00edho designu a p\u0159\u00edrodn\u00edch prvk\u016f.\",\"breadcrumb\":{\"@id\":\"https:\/\/lama-bs.sk\/cs\/prodejci\/zaluzie-plzen\/#breadcrumb\"},\"inLanguage\":\"cs\",\"potentialAction\":[{\"@type\":\"ReadAction\",\"target\":[\"https:\/\/lama-bs.sk\/cs\/prodejci\/zaluzie-plzen\/\"]}]},{\"@type\":\"ImageObject\",\"inLanguage\":\"cs\",\"@id\":\"https:\/\/lama-bs.sk\/cs\/prodejci\/zaluzie-plzen\/#primaryimage\",\"url\":\"https:\/\/lama-bs.sk\/wp-content\/uploads\/2021\/02\/zaluzie-scaled.jpg\",\"contentUrl\":\"https:\/\/lama-bs.sk\/wp-content\/uploads\/2021\/02\/zaluzie-scaled.jpg\",\"width\":2560,\"height\":1706,\"caption\":\"D\u0159ev\u011bn\u00e9 \u017ealuzie z bambusu\"},{\"@type\":\"BreadcrumbList\",\"@id\":\"https:\/\/lama-bs.sk\/cs\/prodejci\/zaluzie-plzen\/#breadcrumb\",\"itemListElement\":[{\"@type\":\"ListItem\",\"position\":1,\"name\":\"Prodejci\",\"item\":\"https:\/\/lama-bs.sk\/cs\/prodejci\/\"},{\"@type\":\"ListItem\",\"position\":2,\"name\":\"\u017daluzie Plze\u0148\"}]},{\"@type\":\"WebSite\",\"@id\":\"https:\/\/lama-bs.sk\/#website\",\"url\":\"https:\/\/lama-bs.sk\/\",\"name\":\"LAMA Bamboo systems s.r.o.\",\"description\":\"\",\"potentialAction\":[{\"@type\":\"SearchAction\",\"target\":{\"@type\":\"EntryPoint\",\"urlTemplate\":\"https:\/\/lama-bs.sk\/?s={search_term_string}\"},\"query-input\":{\"@type\":\"PropertyValueSpecification\",\"valueRequired\":true,\"valueName\":\"search_term_string\"}}],\"inLanguage\":\"cs\"}]}<\/script>\n<!-- \/ Yoast SEO plugin. -->","yoast_head_json":{"title":"\u017daluzie Plze\u0148 | Lama Bamboo","description":"Nav\u0161tivte prodejce \u017ealuzi\u00ed v Plzni a p\u0159esv\u011bd\u010dte se o kvalit\u011b bambusov\u00fdch \u017ealuzi\u00ed, jako kombinaci modern\u00edho designu a p\u0159\u00edrodn\u00edch prvk\u016f.","robots":{"index":"index","follow":"follow","max-snippet":"max-snippet:-1","max-image-preview":"max-image-preview:large","max-video-preview":"max-video-preview:-1"},"canonical":"https:\/\/lama-bs.sk\/cs\/prodejci\/zaluzie-plzen\/","og_locale":"cs_CZ","og_type":"article","og_title":"Bambusov\u00e9 \u017daluzie Plze\u0148 | Lama Bamboo","og_description":"Nav\u0161tivte prodejce \u017ealuzi\u00ed v Plzni a p\u0159esv\u011bd\u010dte se o kvalit\u011b bambusov\u00fdch \u017ealuzi\u00ed, jako kombinaci modern\u00edho designu a p\u0159\u00edrodn\u00edch prvk\u016f.","og_url":"https:\/\/lama-bs.sk\/cs\/prodejci\/zaluzie-plzen\/","og_site_name":"LAMA Bamboo systems s.r.o.","article_modified_time":"2024-10-29T13:44:14+00:00","og_image":[{"width":2560,"height":1706,"url":"https:\/\/lama-bs.sk\/wp-content\/uploads\/2021\/02\/zaluzie-scaled.jpg","type":"image\/jpeg"}],"twitter_card":"summary_large_image","twitter_misc":{"Odhadovan\u00e1 doba \u010dten\u00ed":"1 minuta"},"schema":{"@context":"https:\/\/schema.org","@graph":[{"@type":"WebPage","@id":"https:\/\/lama-bs.sk\/cs\/prodejci\/zaluzie-plzen\/","url":"https:\/\/lama-bs.sk\/cs\/prodejci\/zaluzie-plzen\/","name":"\u017daluzie Plze\u0148 | Lama Bamboo","isPartOf":{"@id":"https:\/\/lama-bs.sk\/#website"},"primaryImageOfPage":{"@id":"https:\/\/lama-bs.sk\/cs\/prodejci\/zaluzie-plzen\/#primaryimage"},"image":{"@id":"https:\/\/lama-bs.sk\/cs\/prodejci\/zaluzie-plzen\/#primaryimage"},"thumbnailUrl":"https:\/\/lama-bs.sk\/wp-content\/uploads\/2021\/02\/zaluzie-scaled.jpg","datePublished":"2024-10-17T12:17:48+00:00","dateModified":"2024-10-29T13:44:14+00:00","description":"Nav\u0161tivte prodejce \u017ealuzi\u00ed v Plzni a p\u0159esv\u011bd\u010dte se o kvalit\u011b bambusov\u00fdch \u017ealuzi\u00ed, jako kombinaci modern\u00edho designu a p\u0159\u00edrodn\u00edch prvk\u016f.","breadcrumb":{"@id":"https:\/\/lama-bs.sk\/cs\/prodejci\/zaluzie-plzen\/#breadcrumb"},"inLanguage":"cs","potentialAction":[{"@type":"ReadAction","target":["https:\/\/lama-bs.sk\/cs\/prodejci\/zaluzie-plzen\/"]}]},{"@type":"ImageObject","inLanguage":"cs","@id":"https:\/\/lama-bs.sk\/cs\/prodejci\/zaluzie-plzen\/#primaryimage","url":"https:\/\/lama-bs.sk\/wp-content\/uploads\/2021\/02\/zaluzie-scaled.jpg","contentUrl":"https:\/\/lama-bs.sk\/wp-content\/uploads\/2021\/02\/zaluzie-scaled.jpg","width":2560,"height":1706,"caption":"D\u0159ev\u011bn\u00e9 \u017ealuzie z bambusu"},{"@type":"BreadcrumbList","@id":"https:\/\/lama-bs.sk\/cs\/prodejci\/zaluzie-plzen\/#breadcrumb","itemListElement":[{"@type":"ListItem","position":1,"name":"Prodejci","item":"https:\/\/lama-bs.sk\/cs\/prodejci\/"},{"@type":"ListItem","position":2,"name":"\u017daluzie Plze\u0148"}]},{"@type":"WebSite","@id":"https:\/\/lama-bs.sk\/#website","url":"https:\/\/lama-bs.sk\/","name":"LAMA Bamboo systems s.r.o.","description":"","potentialAction":[{"@type":"SearchAction","target":{"@type":"EntryPoint","urlTemplate":"https:\/\/lama-bs.sk\/?s={search_term_string}"},"query-input":{"@type":"PropertyValueSpecification","valueRequired":true,"valueName":"search_term_string"}}],"inLanguage":"cs"}]}},"_links":{"self":[{"href":"https:\/\/lama-bs.sk\/cs\/wp-json\/wp\/v2\/pages\/3491","targetHints":{"allow":["GET"]}}],"collection":[{"href":"https:\/\/lama-bs.sk\/cs\/wp-json\/wp\/v2\/pages"}],"about":[{"href":"https:\/\/lama-bs.sk\/cs\/wp-json\/wp\/v2\/types\/page"}],"author":[{"embeddable":true,"href":"https:\/\/lama-bs.sk\/cs\/wp-json\/wp\/v2\/users\/1"}],"replies":[{"embeddable":true,"href":"https:\/\/lama-bs.sk\/cs\/wp-json\/wp\/v2\/comments?post=3491"}],"version-history":[{"count":5,"href":"https:\/\/lama-bs.sk\/cs\/wp-json\/wp\/v2\/pages\/3491\/revisions"}],"predecessor-version":[{"id":4170,"href":"https:\/\/lama-bs.sk\/cs\/wp-json\/wp\/v2\/pages\/3491\/revisions\/4170"}],"up":[{"embeddable":true,"href":"https:\/\/lama-bs.sk\/cs\/wp-json\/wp\/v2\/pages\/2044"}],"wp:featuredmedia":[{"embeddable":true,"href":"https:\/\/lama-bs.sk\/cs\/wp-json\/wp\/v2\/media\/426"}],"wp:attachment":[{"href":"https:\/\/lama-bs.sk\/cs\/wp-json\/wp\/v2\/media?parent=3491"}],"curies":[{"name":"wp","href":"https:\/\/api.w.org\/{rel}","templated":true}]}}