{"id":3471,"date":"2024-10-17T10:12:01","date_gmt":"2024-10-17T08:12:01","guid":{"rendered":"https:\/\/lama-bs.sk\/?page_id=3471"},"modified":"2024-10-29T13:48:32","modified_gmt":"2024-10-29T12:48:32","slug":"zaluzie-hradec-kralove","status":"publish","type":"page","link":"https:\/\/lama-bs.sk\/cs\/prodejci\/zaluzie-hradec-kralove\/","title":{"rendered":"\u017daluzie Hradec Kr\u00e1lov\u00e9"},"content":{"rendered":"<p>Kdy\u017e hled\u00e1te ekologick\u00e9 a&nbsp;kvalitn\u00ed st\u00edn\u011bn\u00ed do&nbsp;interi\u00e9ru, <strong>bambusov\u00e9 \u017ealuzie<\/strong> od&nbsp;<strong>Lama Bamboo<\/strong> mohou b\u00fdt to&nbsp;prav\u00e9. D\u00edky prodejc\u016fm po&nbsp;cel\u00e9 <strong>\u010cesk\u00e9 republice<\/strong> jsou tyto p\u0159\u00edrodn\u00ed \u017ealuzie dostupn\u00e9 i&nbsp;v&nbsp;<strong>Hradci Kr\u00e1lov\u00e9<\/strong>. Ide\u00e1ln\u00ed volba pro ty, kte\u0159\u00ed ocen\u00ed ekologick\u00e9 materi\u00e1ly a&nbsp;stylov\u00fd design vhodn\u00fd pro ka\u017edou m\u00edstnost, od&nbsp;kuchyn\u011b po&nbsp;kancel\u00e1\u0159. \u017daluzie Lama Bamboo se hod\u00ed na&nbsp;jak\u00fdkoli typ okna, v\u010detn\u011b netypick\u00fdch tvar\u016f, a&nbsp;snadno se p\u0159izp\u016fsob\u00ed va\u0161im preferenc\u00edm. Vyberte si barvu lamel, velikost a&nbsp;zp\u016fsob ovl\u00e1d\u00e1n\u00ed. Najd\u011bte si nejbli\u017e\u0161\u00edho <strong>prodejce bambusov\u00fdch \u017ealuzi\u00ed<\/strong> v&nbsp;<strong>Hradci Kr\u00e1lov\u00e9<\/strong> a&nbsp;p\u0159ineste do&nbsp;sv\u00e9ho interi\u00e9ru p\u0159\u00edrodn\u00ed kr\u00e1su.<\/p>\n<h2><span style=\"font-weight: 400;\">Na\u0161i prodejci \u017ealuzi\u00ed v&nbsp;Hradci Kr\u00e1lov\u00e9<\/span><\/h2>\n<p><div class=\"row\"><div class=\"col-sm-6\"><\/p>\n<p><a href=\"https:\/\/lama-bs.sk\/cs\/prodejci\/zaluzie-hradec-kralove\/climastyl\/\"><span style=\"font-weight: 400;\">CLIMASTYL<\/span><\/a><\/p>\n<p><a href=\"https:\/\/lama-bs.sk\/cs\/prodejci\/zaluzie-hradec-kralove\/zaluzie-mervart\/\"><span style=\"font-weight: 400;\">\u017dALUZIE MERVART<\/span><\/a><\/p>\n<p><\/div><div class=\"col-sm-6\"><\/p>\n<p><a href=\"https:\/\/lama-bs.sk\/cs\/prodejci\/zaluzie-hradec-kralove\/lf-design\/\"><span style=\"font-weight: 400;\">LF DESIGN<\/span><\/a><\/p>\n<p><\/div><\/div><\/p>\n","protected":false},"excerpt":{"rendered":"<p>Kdy\u017e hled\u00e1te ekologick\u00e9 a&nbsp;kvalitn\u00ed st\u00edn\u011bn\u00ed do&nbsp;interi\u00e9ru, bambusov\u00e9 \u017ealuzie od&nbsp;Lama Bamboo mohou b\u00fdt to&nbsp;prav\u00e9. D\u00edky prodejc\u016fm po&nbsp;cel\u00e9 \u010cesk\u00e9 republice jsou tyto p\u0159\u00edrodn\u00ed \u017ealuzie dostupn\u00e9 i&nbsp;v&nbsp;Hradci Kr\u00e1lov\u00e9. Ide\u00e1ln\u00ed volba pro ty, kte\u0159\u00ed ocen\u00ed ekologick\u00e9 materi\u00e1ly a&nbsp;stylov\u00fd design vhodn\u00fd pro ka\u017edou m\u00edstnost, od&nbsp;kuchyn\u011b po&nbsp;kancel\u00e1\u0159. \u017daluzie Lama Bamboo se hod\u00ed na&nbsp;jak\u00fdkoli typ okna, v\u010detn\u011b netypick\u00fdch tvar\u016f, a&nbsp;snadno se p\u0159izp\u016fsob\u00ed [&hellip;]<\/p>\n","protected":false},"author":1,"featured_media":1506,"parent":2044,"menu_order":0,"comment_status":"closed","ping_status":"closed","template":"template-partners.php","meta":{"footnotes":""},"class_list":["post-3471","page","type-page","status-publish","has-post-thumbnail","hentry"],"yoast_head":"<!-- This site is optimized with the Yoast SEO plugin v26.4 - https:\/\/yoast.com\/wordpress\/plugins\/seo\/ -->\n<title>\u017daluzie Hradec Kr\u00e1lov\u00e9 | Lama Bamboo<\/title>\n<meta name=\"description\" content=\"Pokud hled\u00e1te bambusov\u00e9 \u017ealuzie s modern\u00edm designem, nav\u0161tivte na\u0161e prodejce \u017ealuzi\u00ed v Hradci Kr\u00e1lov\u00e9. Na\u0161i prodejci v\u00e1m pomohou s v\u00fdb\u011brem i mont\u00e1\u017e\u00ed.\" \/>\n<meta name=\"robots\" content=\"index, follow, max-snippet:-1, max-image-preview:large, max-video-preview:-1\" \/>\n<link rel=\"canonical\" href=\"https:\/\/lama-bs.sk\/cs\/prodejci\/zaluzie-hradec-kralove\/\" \/>\n<meta property=\"og:locale\" content=\"cs_CZ\" \/>\n<meta property=\"og:type\" content=\"article\" \/>\n<meta property=\"og:title\" content=\"Bambusov\u00e9 \u017daluzie Hradec Kr\u00e1lov\u00e9 | Lama Bamboo\" \/>\n<meta property=\"og:description\" content=\"Pokud hled\u00e1te bambusov\u00e9 \u017ealuzie s modern\u00edm designem, nav\u0161tivte na\u0161e prodejce \u017ealuzi\u00ed v Hradci Kr\u00e1lov\u00e9.\" \/>\n<meta property=\"og:url\" content=\"https:\/\/lama-bs.sk\/cs\/prodejci\/zaluzie-hradec-kralove\/\" \/>\n<meta property=\"og:site_name\" content=\"LAMA Bamboo systems s.r.o.\" \/>\n<meta property=\"article:modified_time\" content=\"2024-10-29T12:48:32+00:00\" \/>\n<meta property=\"og:image\" content=\"https:\/\/lama-bs.sk\/wp-content\/uploads\/2021\/11\/4M3A4070-scaled.jpg\" \/>\n\t<meta property=\"og:image:width\" content=\"2560\" \/>\n\t<meta property=\"og:image:height\" content=\"1707\" \/>\n\t<meta property=\"og:image:type\" content=\"image\/jpeg\" \/>\n<meta name=\"twitter:card\" content=\"summary_large_image\" \/>\n<meta name=\"twitter:label1\" content=\"Odhadovan\u00e1 doba \u010dten\u00ed\" \/>\n\t<meta name=\"twitter:data1\" content=\"1 minuta\" \/>\n<script type=\"application\/ld+json\" class=\"yoast-schema-graph\">{\"@context\":\"https:\/\/schema.org\",\"@graph\":[{\"@type\":\"WebPage\",\"@id\":\"https:\/\/lama-bs.sk\/cs\/prodejci\/zaluzie-hradec-kralove\/\",\"url\":\"https:\/\/lama-bs.sk\/cs\/prodejci\/zaluzie-hradec-kralove\/\",\"name\":\"\u017daluzie Hradec Kr\u00e1lov\u00e9 | Lama Bamboo\",\"isPartOf\":{\"@id\":\"https:\/\/lama-bs.sk\/#website\"},\"primaryImageOfPage\":{\"@id\":\"https:\/\/lama-bs.sk\/cs\/prodejci\/zaluzie-hradec-kralove\/#primaryimage\"},\"image\":{\"@id\":\"https:\/\/lama-bs.sk\/cs\/prodejci\/zaluzie-hradec-kralove\/#primaryimage\"},\"thumbnailUrl\":\"https:\/\/lama-bs.sk\/wp-content\/uploads\/2021\/11\/4M3A4070-scaled.jpg\",\"datePublished\":\"2024-10-17T08:12:01+00:00\",\"dateModified\":\"2024-10-29T12:48:32+00:00\",\"description\":\"Pokud hled\u00e1te bambusov\u00e9 \u017ealuzie s modern\u00edm designem, nav\u0161tivte na\u0161e prodejce \u017ealuzi\u00ed v Hradci Kr\u00e1lov\u00e9. Na\u0161i prodejci v\u00e1m pomohou s v\u00fdb\u011brem i mont\u00e1\u017e\u00ed.\",\"breadcrumb\":{\"@id\":\"https:\/\/lama-bs.sk\/cs\/prodejci\/zaluzie-hradec-kralove\/#breadcrumb\"},\"inLanguage\":\"cs\",\"potentialAction\":[{\"@type\":\"ReadAction\",\"target\":[\"https:\/\/lama-bs.sk\/cs\/prodejci\/zaluzie-hradec-kralove\/\"]}]},{\"@type\":\"ImageObject\",\"inLanguage\":\"cs\",\"@id\":\"https:\/\/lama-bs.sk\/cs\/prodejci\/zaluzie-hradec-kralove\/#primaryimage\",\"url\":\"https:\/\/lama-bs.sk\/wp-content\/uploads\/2021\/11\/4M3A4070-scaled.jpg\",\"contentUrl\":\"https:\/\/lama-bs.sk\/wp-content\/uploads\/2021\/11\/4M3A4070-scaled.jpg\",\"width\":2560,\"height\":1707,\"caption\":\"Elegantn\u00e9 biele bambusov\u00e9 \u017eal\u00fazie\"},{\"@type\":\"BreadcrumbList\",\"@id\":\"https:\/\/lama-bs.sk\/cs\/prodejci\/zaluzie-hradec-kralove\/#breadcrumb\",\"itemListElement\":[{\"@type\":\"ListItem\",\"position\":1,\"name\":\"Prodejci\",\"item\":\"https:\/\/lama-bs.sk\/cs\/prodejci\/\"},{\"@type\":\"ListItem\",\"position\":2,\"name\":\"\u017daluzie Hradec Kr\u00e1lov\u00e9\"}]},{\"@type\":\"WebSite\",\"@id\":\"https:\/\/lama-bs.sk\/#website\",\"url\":\"https:\/\/lama-bs.sk\/\",\"name\":\"LAMA Bamboo systems s.r.o.\",\"description\":\"\",\"potentialAction\":[{\"@type\":\"SearchAction\",\"target\":{\"@type\":\"EntryPoint\",\"urlTemplate\":\"https:\/\/lama-bs.sk\/?s={search_term_string}\"},\"query-input\":{\"@type\":\"PropertyValueSpecification\",\"valueRequired\":true,\"valueName\":\"search_term_string\"}}],\"inLanguage\":\"cs\"}]}<\/script>\n<!-- \/ Yoast SEO plugin. -->","yoast_head_json":{"title":"\u017daluzie Hradec Kr\u00e1lov\u00e9 | Lama Bamboo","description":"Pokud hled\u00e1te bambusov\u00e9 \u017ealuzie s modern\u00edm designem, nav\u0161tivte na\u0161e prodejce \u017ealuzi\u00ed v Hradci Kr\u00e1lov\u00e9. Na\u0161i prodejci v\u00e1m pomohou s v\u00fdb\u011brem i mont\u00e1\u017e\u00ed.","robots":{"index":"index","follow":"follow","max-snippet":"max-snippet:-1","max-image-preview":"max-image-preview:large","max-video-preview":"max-video-preview:-1"},"canonical":"https:\/\/lama-bs.sk\/cs\/prodejci\/zaluzie-hradec-kralove\/","og_locale":"cs_CZ","og_type":"article","og_title":"Bambusov\u00e9 \u017daluzie Hradec Kr\u00e1lov\u00e9 | Lama Bamboo","og_description":"Pokud hled\u00e1te bambusov\u00e9 \u017ealuzie s modern\u00edm designem, nav\u0161tivte na\u0161e prodejce \u017ealuzi\u00ed v Hradci Kr\u00e1lov\u00e9.","og_url":"https:\/\/lama-bs.sk\/cs\/prodejci\/zaluzie-hradec-kralove\/","og_site_name":"LAMA Bamboo systems s.r.o.","article_modified_time":"2024-10-29T12:48:32+00:00","og_image":[{"width":2560,"height":1707,"url":"https:\/\/lama-bs.sk\/wp-content\/uploads\/2021\/11\/4M3A4070-scaled.jpg","type":"image\/jpeg"}],"twitter_card":"summary_large_image","twitter_misc":{"Odhadovan\u00e1 doba \u010dten\u00ed":"1 minuta"},"schema":{"@context":"https:\/\/schema.org","@graph":[{"@type":"WebPage","@id":"https:\/\/lama-bs.sk\/cs\/prodejci\/zaluzie-hradec-kralove\/","url":"https:\/\/lama-bs.sk\/cs\/prodejci\/zaluzie-hradec-kralove\/","name":"\u017daluzie Hradec Kr\u00e1lov\u00e9 | Lama Bamboo","isPartOf":{"@id":"https:\/\/lama-bs.sk\/#website"},"primaryImageOfPage":{"@id":"https:\/\/lama-bs.sk\/cs\/prodejci\/zaluzie-hradec-kralove\/#primaryimage"},"image":{"@id":"https:\/\/lama-bs.sk\/cs\/prodejci\/zaluzie-hradec-kralove\/#primaryimage"},"thumbnailUrl":"https:\/\/lama-bs.sk\/wp-content\/uploads\/2021\/11\/4M3A4070-scaled.jpg","datePublished":"2024-10-17T08:12:01+00:00","dateModified":"2024-10-29T12:48:32+00:00","description":"Pokud hled\u00e1te bambusov\u00e9 \u017ealuzie s modern\u00edm designem, nav\u0161tivte na\u0161e prodejce \u017ealuzi\u00ed v Hradci Kr\u00e1lov\u00e9. Na\u0161i prodejci v\u00e1m pomohou s v\u00fdb\u011brem i mont\u00e1\u017e\u00ed.","breadcrumb":{"@id":"https:\/\/lama-bs.sk\/cs\/prodejci\/zaluzie-hradec-kralove\/#breadcrumb"},"inLanguage":"cs","potentialAction":[{"@type":"ReadAction","target":["https:\/\/lama-bs.sk\/cs\/prodejci\/zaluzie-hradec-kralove\/"]}]},{"@type":"ImageObject","inLanguage":"cs","@id":"https:\/\/lama-bs.sk\/cs\/prodejci\/zaluzie-hradec-kralove\/#primaryimage","url":"https:\/\/lama-bs.sk\/wp-content\/uploads\/2021\/11\/4M3A4070-scaled.jpg","contentUrl":"https:\/\/lama-bs.sk\/wp-content\/uploads\/2021\/11\/4M3A4070-scaled.jpg","width":2560,"height":1707,"caption":"Elegantn\u00e9 biele bambusov\u00e9 \u017eal\u00fazie"},{"@type":"BreadcrumbList","@id":"https:\/\/lama-bs.sk\/cs\/prodejci\/zaluzie-hradec-kralove\/#breadcrumb","itemListElement":[{"@type":"ListItem","position":1,"name":"Prodejci","item":"https:\/\/lama-bs.sk\/cs\/prodejci\/"},{"@type":"ListItem","position":2,"name":"\u017daluzie Hradec Kr\u00e1lov\u00e9"}]},{"@type":"WebSite","@id":"https:\/\/lama-bs.sk\/#website","url":"https:\/\/lama-bs.sk\/","name":"LAMA Bamboo systems s.r.o.","description":"","potentialAction":[{"@type":"SearchAction","target":{"@type":"EntryPoint","urlTemplate":"https:\/\/lama-bs.sk\/?s={search_term_string}"},"query-input":{"@type":"PropertyValueSpecification","valueRequired":true,"valueName":"search_term_string"}}],"inLanguage":"cs"}]}},"_links":{"self":[{"href":"https:\/\/lama-bs.sk\/cs\/wp-json\/wp\/v2\/pages\/3471","targetHints":{"allow":["GET"]}}],"collection":[{"href":"https:\/\/lama-bs.sk\/cs\/wp-json\/wp\/v2\/pages"}],"about":[{"href":"https:\/\/lama-bs.sk\/cs\/wp-json\/wp\/v2\/types\/page"}],"author":[{"embeddable":true,"href":"https:\/\/lama-bs.sk\/cs\/wp-json\/wp\/v2\/users\/1"}],"replies":[{"embeddable":true,"href":"https:\/\/lama-bs.sk\/cs\/wp-json\/wp\/v2\/comments?post=3471"}],"version-history":[{"count":6,"href":"https:\/\/lama-bs.sk\/cs\/wp-json\/wp\/v2\/pages\/3471\/revisions"}],"predecessor-version":[{"id":4136,"href":"https:\/\/lama-bs.sk\/cs\/wp-json\/wp\/v2\/pages\/3471\/revisions\/4136"}],"up":[{"embeddable":true,"href":"https:\/\/lama-bs.sk\/cs\/wp-json\/wp\/v2\/pages\/2044"}],"wp:featuredmedia":[{"embeddable":true,"href":"https:\/\/lama-bs.sk\/cs\/wp-json\/wp\/v2\/media\/1506"}],"wp:attachment":[{"href":"https:\/\/lama-bs.sk\/cs\/wp-json\/wp\/v2\/media?parent=3471"}],"curies":[{"name":"wp","href":"https:\/\/api.w.org\/{rel}","templated":true}]}}