{"id":3466,"date":"2024-10-17T14:21:08","date_gmt":"2024-10-17T12:21:08","guid":{"rendered":"https:\/\/lama-bs.sk\/?page_id=3466"},"modified":"2024-10-29T14:07:44","modified_gmt":"2024-10-29T13:07:44","slug":"zaluzie-usti-nad-labem","status":"publish","type":"page","link":"https:\/\/lama-bs.sk\/cs\/prodejci\/zaluzie-usti-nad-labem\/","title":{"rendered":"\u017daluzie \u00dast\u00ed nad&nbsp;Labem"},"content":{"rendered":"<p>Pokud hled\u00e1te p\u0159\u00edrodn\u00ed a&nbsp;kvalitn\u00ed \u0159e\u0161en\u00ed pro zast\u00edn\u011bn\u00ed oken, <strong>bambusov\u00e9 \u017ealuzie<\/strong> od&nbsp;<strong>Lama Bamboo<\/strong> p\u0159edstavuj\u00ed skv\u011blou volbu. Na\u0161i prodejci jsou dostupn\u00ed po&nbsp;cel\u00e9 <strong>\u010cesk\u00e9 republice<\/strong>, v\u010detn\u011b <strong>\u00dast\u00ed nad&nbsp;Labem\u00a0a okol\u00ed<\/strong>. Tyto \u017ealuzie jsou obl\u00edben\u00e9 mezi z\u00e1kazn\u00edky, kte\u0159\u00ed preferuj\u00ed ekologick\u00e9 materi\u00e1ly a&nbsp;modern\u00ed design, a\u0165 u\u017e v&nbsp;r\u016fzn\u00fdch m\u00edstnostech, jako je kuchy\u0148, ob\u00fdvac\u00ed pokoj, lo\u017enice nebo koupelna. Lama Bamboo \u017ealuzie lze snadno nainstalovat na&nbsp;v\u0161echny typy oken, dokonce i&nbsp;ty atypick\u00e9. P\u0159izp\u016fsobte jejich vzhled podle sv\u00fdch p\u0159edstav \u2013 barva lamel, velikost a&nbsp;zp\u016fsob ovl\u00e1d\u00e1n\u00ed jsou pln\u011b na&nbsp;v\u00e1s. Najd\u011bte si <strong>nejbli\u017e\u0161\u00edho prodejce<\/strong> bambusov\u00fdch <strong>\u017ealuzi\u00ed v&nbsp;\u00dast\u00ed nad&nbsp;Labem<\/strong>.<\/p>\n<h2><span style=\"font-weight: 400;\">Na\u0161i prodejci \u017ealuzi\u00ed v&nbsp;\u00dast\u00ed nad&nbsp;Labem<\/span><\/h2>\n<p><div class=\"row\"><div class=\"col-sm-6\"><\/p>\n<p><a href=\"https:\/\/lama-bs.sk\/cs\/prodejci\/zaluzie-usti-nad-labem\/cechl-stinici-technika\/\"><span style=\"font-weight: 400;\">CECHL ST\u00cdN\u00cdC\u00cd TECHNIKA<\/span><\/a><\/p>\n<p><\/div><div class=\"col-sm-6\"><\/p>\n<p><\/div><\/div><\/p>\n","protected":false},"excerpt":{"rendered":"<p>Pokud hled\u00e1te p\u0159\u00edrodn\u00ed a&nbsp;kvalitn\u00ed \u0159e\u0161en\u00ed pro zast\u00edn\u011bn\u00ed oken, bambusov\u00e9 \u017ealuzie od&nbsp;Lama Bamboo p\u0159edstavuj\u00ed skv\u011blou volbu. Na\u0161i prodejci jsou dostupn\u00ed po&nbsp;cel\u00e9 \u010cesk\u00e9 republice, v\u010detn\u011b \u00dast\u00ed nad&nbsp;Labem\u00a0a okol\u00ed. Tyto \u017ealuzie jsou obl\u00edben\u00e9 mezi z\u00e1kazn\u00edky, kte\u0159\u00ed preferuj\u00ed ekologick\u00e9 materi\u00e1ly a&nbsp;modern\u00ed design, a\u0165 u\u017e v&nbsp;r\u016fzn\u00fdch m\u00edstnostech, jako je kuchy\u0148, ob\u00fdvac\u00ed pokoj, lo\u017enice nebo koupelna. Lama Bamboo \u017ealuzie lze snadno [&hellip;]<\/p>\n","protected":false},"author":1,"featured_media":958,"parent":2044,"menu_order":0,"comment_status":"closed","ping_status":"closed","template":"template-partners.php","meta":{"footnotes":""},"class_list":["post-3466","page","type-page","status-publish","has-post-thumbnail","hentry"],"yoast_head":"<!-- This site is optimized with the Yoast SEO plugin v26.4 - https:\/\/yoast.com\/wordpress\/plugins\/seo\/ -->\n<title>\u017daluzie \u00dast\u00ed nad Labem | Lama Bamboo<\/title>\n<meta name=\"description\" content=\"Prozkoumejte na\u0161i s\u00ed\u0165 prodejc\u016f \u017ealuzi\u00ed v \u00dast\u00ed nad Labem, kde najdete bambusov\u00e9 \u017ealuzie, kter\u00e9 kombinuj\u00ed p\u0159\u00edrodn\u00ed kr\u00e1su s modern\u00edm designem.\" \/>\n<meta name=\"robots\" content=\"index, follow, max-snippet:-1, max-image-preview:large, max-video-preview:-1\" \/>\n<link rel=\"canonical\" href=\"https:\/\/lama-bs.sk\/cs\/prodejci\/zaluzie-usti-nad-labem\/\" \/>\n<meta property=\"og:locale\" content=\"cs_CZ\" \/>\n<meta property=\"og:type\" content=\"article\" \/>\n<meta property=\"og:title\" content=\"Bambusov\u00e9 \u017daluzie \u00dast\u00ed nad Labem | Lama Bamboo\" \/>\n<meta property=\"og:description\" content=\"Prozkoumejte na\u0161i s\u00ed\u0165 prodejc\u016f \u017ealuzi\u00ed v \u00dast\u00ed nad Labem, kde najdete bambusov\u00e9 \u017ealuzie, kter\u00e9 kombinuj\u00ed p\u0159\u00edrodn\u00ed kr\u00e1su s modern\u00edm designem.\" \/>\n<meta property=\"og:url\" content=\"https:\/\/lama-bs.sk\/cs\/prodejci\/zaluzie-usti-nad-labem\/\" \/>\n<meta property=\"og:site_name\" content=\"LAMA Bamboo systems s.r.o.\" \/>\n<meta property=\"article:modified_time\" content=\"2024-10-29T13:07:44+00:00\" \/>\n<meta property=\"og:image\" content=\"https:\/\/lama-bs.sk\/wp-content\/uploads\/2021\/05\/IMG_2456-scaled.jpg\" \/>\n\t<meta property=\"og:image:width\" content=\"2560\" \/>\n\t<meta property=\"og:image:height\" content=\"1920\" \/>\n\t<meta property=\"og:image:type\" content=\"image\/jpeg\" \/>\n<meta name=\"twitter:card\" content=\"summary_large_image\" \/>\n<meta name=\"twitter:label1\" content=\"Odhadovan\u00e1 doba \u010dten\u00ed\" \/>\n\t<meta name=\"twitter:data1\" content=\"1 minuta\" \/>\n<script type=\"application\/ld+json\" class=\"yoast-schema-graph\">{\"@context\":\"https:\/\/schema.org\",\"@graph\":[{\"@type\":\"WebPage\",\"@id\":\"https:\/\/lama-bs.sk\/cs\/prodejci\/zaluzie-usti-nad-labem\/\",\"url\":\"https:\/\/lama-bs.sk\/cs\/prodejci\/zaluzie-usti-nad-labem\/\",\"name\":\"\u017daluzie \u00dast\u00ed nad Labem | Lama Bamboo\",\"isPartOf\":{\"@id\":\"https:\/\/lama-bs.sk\/#website\"},\"primaryImageOfPage\":{\"@id\":\"https:\/\/lama-bs.sk\/cs\/prodejci\/zaluzie-usti-nad-labem\/#primaryimage\"},\"image\":{\"@id\":\"https:\/\/lama-bs.sk\/cs\/prodejci\/zaluzie-usti-nad-labem\/#primaryimage\"},\"thumbnailUrl\":\"https:\/\/lama-bs.sk\/wp-content\/uploads\/2021\/05\/IMG_2456-scaled.jpg\",\"datePublished\":\"2024-10-17T12:21:08+00:00\",\"dateModified\":\"2024-10-29T13:07:44+00:00\",\"description\":\"Prozkoumejte na\u0161i s\u00ed\u0165 prodejc\u016f \u017ealuzi\u00ed v \u00dast\u00ed nad Labem, kde najdete bambusov\u00e9 \u017ealuzie, kter\u00e9 kombinuj\u00ed p\u0159\u00edrodn\u00ed kr\u00e1su s modern\u00edm designem.\",\"breadcrumb\":{\"@id\":\"https:\/\/lama-bs.sk\/cs\/prodejci\/zaluzie-usti-nad-labem\/#breadcrumb\"},\"inLanguage\":\"cs\",\"potentialAction\":[{\"@type\":\"ReadAction\",\"target\":[\"https:\/\/lama-bs.sk\/cs\/prodejci\/zaluzie-usti-nad-labem\/\"]}]},{\"@type\":\"ImageObject\",\"inLanguage\":\"cs\",\"@id\":\"https:\/\/lama-bs.sk\/cs\/prodejci\/zaluzie-usti-nad-labem\/#primaryimage\",\"url\":\"https:\/\/lama-bs.sk\/wp-content\/uploads\/2021\/05\/IMG_2456-scaled.jpg\",\"contentUrl\":\"https:\/\/lama-bs.sk\/wp-content\/uploads\/2021\/05\/IMG_2456-scaled.jpg\",\"width\":2560,\"height\":1920,\"caption\":\"Bambusov\u00e9 \u017ealuzie v koupeln\u011b\"},{\"@type\":\"BreadcrumbList\",\"@id\":\"https:\/\/lama-bs.sk\/cs\/prodejci\/zaluzie-usti-nad-labem\/#breadcrumb\",\"itemListElement\":[{\"@type\":\"ListItem\",\"position\":1,\"name\":\"Prodejci\",\"item\":\"https:\/\/lama-bs.sk\/cs\/prodejci\/\"},{\"@type\":\"ListItem\",\"position\":2,\"name\":\"\u017daluzie \u00dast\u00ed nad Labem\"}]},{\"@type\":\"WebSite\",\"@id\":\"https:\/\/lama-bs.sk\/#website\",\"url\":\"https:\/\/lama-bs.sk\/\",\"name\":\"LAMA Bamboo systems s.r.o.\",\"description\":\"\",\"potentialAction\":[{\"@type\":\"SearchAction\",\"target\":{\"@type\":\"EntryPoint\",\"urlTemplate\":\"https:\/\/lama-bs.sk\/?s={search_term_string}\"},\"query-input\":{\"@type\":\"PropertyValueSpecification\",\"valueRequired\":true,\"valueName\":\"search_term_string\"}}],\"inLanguage\":\"cs\"}]}<\/script>\n<!-- \/ Yoast SEO plugin. -->","yoast_head_json":{"title":"\u017daluzie \u00dast\u00ed nad Labem | Lama Bamboo","description":"Prozkoumejte na\u0161i s\u00ed\u0165 prodejc\u016f \u017ealuzi\u00ed v \u00dast\u00ed nad Labem, kde najdete bambusov\u00e9 \u017ealuzie, kter\u00e9 kombinuj\u00ed p\u0159\u00edrodn\u00ed kr\u00e1su s modern\u00edm designem.","robots":{"index":"index","follow":"follow","max-snippet":"max-snippet:-1","max-image-preview":"max-image-preview:large","max-video-preview":"max-video-preview:-1"},"canonical":"https:\/\/lama-bs.sk\/cs\/prodejci\/zaluzie-usti-nad-labem\/","og_locale":"cs_CZ","og_type":"article","og_title":"Bambusov\u00e9 \u017daluzie \u00dast\u00ed nad Labem | Lama Bamboo","og_description":"Prozkoumejte na\u0161i s\u00ed\u0165 prodejc\u016f \u017ealuzi\u00ed v \u00dast\u00ed nad Labem, kde najdete bambusov\u00e9 \u017ealuzie, kter\u00e9 kombinuj\u00ed p\u0159\u00edrodn\u00ed kr\u00e1su s modern\u00edm designem.","og_url":"https:\/\/lama-bs.sk\/cs\/prodejci\/zaluzie-usti-nad-labem\/","og_site_name":"LAMA Bamboo systems s.r.o.","article_modified_time":"2024-10-29T13:07:44+00:00","og_image":[{"width":2560,"height":1920,"url":"https:\/\/lama-bs.sk\/wp-content\/uploads\/2021\/05\/IMG_2456-scaled.jpg","type":"image\/jpeg"}],"twitter_card":"summary_large_image","twitter_misc":{"Odhadovan\u00e1 doba \u010dten\u00ed":"1 minuta"},"schema":{"@context":"https:\/\/schema.org","@graph":[{"@type":"WebPage","@id":"https:\/\/lama-bs.sk\/cs\/prodejci\/zaluzie-usti-nad-labem\/","url":"https:\/\/lama-bs.sk\/cs\/prodejci\/zaluzie-usti-nad-labem\/","name":"\u017daluzie \u00dast\u00ed nad Labem | Lama Bamboo","isPartOf":{"@id":"https:\/\/lama-bs.sk\/#website"},"primaryImageOfPage":{"@id":"https:\/\/lama-bs.sk\/cs\/prodejci\/zaluzie-usti-nad-labem\/#primaryimage"},"image":{"@id":"https:\/\/lama-bs.sk\/cs\/prodejci\/zaluzie-usti-nad-labem\/#primaryimage"},"thumbnailUrl":"https:\/\/lama-bs.sk\/wp-content\/uploads\/2021\/05\/IMG_2456-scaled.jpg","datePublished":"2024-10-17T12:21:08+00:00","dateModified":"2024-10-29T13:07:44+00:00","description":"Prozkoumejte na\u0161i s\u00ed\u0165 prodejc\u016f \u017ealuzi\u00ed v \u00dast\u00ed nad Labem, kde najdete bambusov\u00e9 \u017ealuzie, kter\u00e9 kombinuj\u00ed p\u0159\u00edrodn\u00ed kr\u00e1su s modern\u00edm designem.","breadcrumb":{"@id":"https:\/\/lama-bs.sk\/cs\/prodejci\/zaluzie-usti-nad-labem\/#breadcrumb"},"inLanguage":"cs","potentialAction":[{"@type":"ReadAction","target":["https:\/\/lama-bs.sk\/cs\/prodejci\/zaluzie-usti-nad-labem\/"]}]},{"@type":"ImageObject","inLanguage":"cs","@id":"https:\/\/lama-bs.sk\/cs\/prodejci\/zaluzie-usti-nad-labem\/#primaryimage","url":"https:\/\/lama-bs.sk\/wp-content\/uploads\/2021\/05\/IMG_2456-scaled.jpg","contentUrl":"https:\/\/lama-bs.sk\/wp-content\/uploads\/2021\/05\/IMG_2456-scaled.jpg","width":2560,"height":1920,"caption":"Bambusov\u00e9 \u017ealuzie v koupeln\u011b"},{"@type":"BreadcrumbList","@id":"https:\/\/lama-bs.sk\/cs\/prodejci\/zaluzie-usti-nad-labem\/#breadcrumb","itemListElement":[{"@type":"ListItem","position":1,"name":"Prodejci","item":"https:\/\/lama-bs.sk\/cs\/prodejci\/"},{"@type":"ListItem","position":2,"name":"\u017daluzie \u00dast\u00ed nad Labem"}]},{"@type":"WebSite","@id":"https:\/\/lama-bs.sk\/#website","url":"https:\/\/lama-bs.sk\/","name":"LAMA Bamboo systems s.r.o.","description":"","potentialAction":[{"@type":"SearchAction","target":{"@type":"EntryPoint","urlTemplate":"https:\/\/lama-bs.sk\/?s={search_term_string}"},"query-input":{"@type":"PropertyValueSpecification","valueRequired":true,"valueName":"search_term_string"}}],"inLanguage":"cs"}]}},"_links":{"self":[{"href":"https:\/\/lama-bs.sk\/cs\/wp-json\/wp\/v2\/pages\/3466","targetHints":{"allow":["GET"]}}],"collection":[{"href":"https:\/\/lama-bs.sk\/cs\/wp-json\/wp\/v2\/pages"}],"about":[{"href":"https:\/\/lama-bs.sk\/cs\/wp-json\/wp\/v2\/types\/page"}],"author":[{"embeddable":true,"href":"https:\/\/lama-bs.sk\/cs\/wp-json\/wp\/v2\/users\/1"}],"replies":[{"embeddable":true,"href":"https:\/\/lama-bs.sk\/cs\/wp-json\/wp\/v2\/comments?post=3466"}],"version-history":[{"count":6,"href":"https:\/\/lama-bs.sk\/cs\/wp-json\/wp\/v2\/pages\/3466\/revisions"}],"predecessor-version":[{"id":4149,"href":"https:\/\/lama-bs.sk\/cs\/wp-json\/wp\/v2\/pages\/3466\/revisions\/4149"}],"up":[{"embeddable":true,"href":"https:\/\/lama-bs.sk\/cs\/wp-json\/wp\/v2\/pages\/2044"}],"wp:featuredmedia":[{"embeddable":true,"href":"https:\/\/lama-bs.sk\/cs\/wp-json\/wp\/v2\/media\/958"}],"wp:attachment":[{"href":"https:\/\/lama-bs.sk\/cs\/wp-json\/wp\/v2\/media?parent=3466"}],"curies":[{"name":"wp","href":"https:\/\/api.w.org\/{rel}","templated":true}]}}