{"id":3456,"date":"2024-10-17T14:04:55","date_gmt":"2024-10-17T12:04:55","guid":{"rendered":"https:\/\/lama-bs.sk\/?page_id=3456"},"modified":"2025-11-19T13:29:48","modified_gmt":"2025-11-19T12:29:48","slug":"zaluzie-praha","status":"publish","type":"page","link":"https:\/\/lama-bs.sk\/cs\/prodejci\/zaluzie-praha\/","title":{"rendered":"\u017daluzie Praha"},"content":{"rendered":"<p>Pokud chcete naj\u00edt kvalitn\u00ed a&nbsp;p\u0159\u00edrodn\u00ed mo\u017enost pro zast\u00edn\u011bn\u00ed va\u0161eho interi\u00e9ru, <strong>bambusov\u00e9 \u017ealuzie<\/strong> od&nbsp;<strong>Lama Bamboo<\/strong> jsou ide\u00e1ln\u00ed volbou. V&nbsp;<strong>\u010cesk\u00e9 republice<\/strong> m\u00e1me \u0161irokou s\u00ed\u0165 prodejc\u016f, a&nbsp;tak&nbsp;si m\u016f\u017eete bambusov\u00e9 \u017ealuzie zakoupit tak\u00e9 v&nbsp;<strong>Praze a&nbsp;okol\u00ed<\/strong>. Tyto \u017ealuzie ocen\u00edte pro jejich ekologick\u00fd materi\u00e1l a&nbsp;modern\u00ed vzhled, kter\u00fd je vhodn\u00fd do&nbsp;kuchyn\u011b, ob\u00fdv\u00e1ku, lo\u017enice, kancel\u00e1\u0159e nebo koupelny. \u017daluzie <a href=\"https:\/\/lama-bs.sk\/cs\/o-nas\/\">Lama Bamboo<\/a> se snadno instaluj\u00ed na&nbsp;jak\u00fdkoli typ okna, dokonce i&nbsp;na&nbsp;okna s&nbsp;netradi\u010dn\u00edmi tvary. M\u016f\u017eete si p\u0159izp\u016fsobit jejich vzhled podle sv\u00fdch preferenc\u00ed \u2013 v\u00fdb\u011br barvy, velikosti lamel i&nbsp;zp\u016fsobu ovl\u00e1d\u00e1n\u00ed. Najd\u011bte si <strong>nejbli\u017e\u0161\u00edho prodejce<\/strong> bambusov\u00fdch<strong> \u017ealuzi\u00ed v&nbsp;Praze<\/strong>\u00a0a zlep\u0161ete vzhled va\u0161eho interi\u00e9ru.<\/p>\n<h2><span style=\"font-weight: 400;\">Na\u0161i prodejci \u017ealuzi\u00ed v&nbsp;Praze<\/span><\/h2>\n<p><div class=\"row\"><div class=\"col-sm-6\"><\/p>\n<p><a href=\"https:\/\/lama-bs.sk\/cs\/prodejci\/zaluzie-praha\/praha-zaluzie\/\"><span style=\"font-weight: 400;\">PRAHA \u017dAL\u00daZIE<\/span><\/a><\/p>\n<p><a href=\"https:\/\/lama-bs.sk\/cs\/prodejci\/zaluzie-praha\/inferis\/\"><span style=\"font-weight: 400;\">INFERIS<\/span><\/a><\/p>\n<p><a href=\"https:\/\/lama-bs.sk\/cs\/prodejci\/zaluzie-praha\/louver-cz\/\"><span style=\"font-weight: 400;\">LOUVER<\/span><\/a><\/p>\n<p><a href=\"https:\/\/lama-bs.sk\/cs\/prodejci\/zaluzie-praha\/samezaluzie\/\"><span style=\"font-weight: 400;\">SAME\u017dALUZIE<\/span><\/a><\/p>\n<p><a href=\"https:\/\/lama-bs.sk\/cs\/prodejci\/zaluzie-praha\/mm-zaluzie\/\"><span style=\"font-weight: 400;\">MM \u017dALUZIE<\/span><\/a><\/p>\n<p><a href=\"https:\/\/lama-bs.sk\/cs\/prodejci\/zaluzie-praha\/proklima-5\/\"><span style=\"font-weight: 400;\">PROKLIMA\u00a0 (Praha 5)<\/span><\/a><\/p>\n<p><a href=\"https:\/\/lama-bs.sk\/cs\/prodejci\/zaluzie-praha\/proklima-8\/\"><span style=\"font-weight: 400;\">PROKLIMA (Praha 8)<\/span><\/a><\/p>\n<p><a href=\"https:\/\/lama-bs.sk\/cs\/prodejci\/zaluzie-praha\/proklima-6\/\"><span style=\"font-weight: 400;\">PROKLIMA (Praha 6)<\/span><\/a><\/p>\n<p><a href=\"https:\/\/lama-bs.sk\/cs\/prodejci\/zaluzie-praha\/rolrols\/\"><span style=\"font-weight: 400;\">ROLROLS<\/span><\/a><\/p>\n<p><a href=\"https:\/\/lama-bs.sk\/cs\/prodejci\/zaluzie-praha\/sun-professionals\/\"><span style=\"font-weight: 400;\">SUN PROFESSIONALS<\/span><\/a><\/p>\n<p><a href=\"https:\/\/lama-bs.sk\/cs\/prodejci\/zaluzie-praha\/sundrape\/\"><span style=\"font-weight: 400;\">SUNDRAPE<\/span><\/a><\/p>\n<p><a href=\"https:\/\/lama-bs.sk\/cs\/prodejci\/zaluzie-praha\/maron-cz\/\"><span style=\"font-weight: 400;\">MARON CZ<\/span><\/a><\/p>\n<p><\/div><div class=\"col-sm-6\"><\/p>\n<p><a href=\"https:\/\/lama-bs.sk\/cs\/prodejci\/zaluzie-praha\/centrum-stineni\/\"><span style=\"font-weight: 400;\">CENTRUM STINENI PRAHA<\/span><\/a><\/p>\n<p><a href=\"https:\/\/lama-bs.sk\/cs\/prodejci\/zaluzie-praha\/rachevo\/\"><span style=\"font-weight: 400;\">RACHEVO<\/span><\/a><\/p>\n<p><a href=\"https:\/\/lama-bs.sk\/cs\/prodejci\/zaluzie-praha\/kluver-house\/\"><span style=\"font-weight: 400;\">KLUVER HOUSE<\/span><\/a><\/p>\n<p><a href=\"https:\/\/lama-bs.sk\/cs\/prodejci\/zaluzie-praha\/artes-design\/\"><span style=\"font-weight: 400;\">ARTES DESIGN<\/span><\/a><\/p>\n<p><a href=\"https:\/\/lama-bs.sk\/cs\/prodejci\/zaluzie-praha\/sunprof\/\"><span style=\"font-weight: 400;\">SUNPROF<\/span><\/a><\/p>\n<p><a href=\"https:\/\/lama-bs.sk\/cs\/prodejci\/zaluzie-praha\/zk-blinds\/\"><span style=\"font-weight: 400;\">ZK BLINDS<\/span><\/a><\/p>\n<p><a href=\"https:\/\/lama-bs.sk\/cs\/prodejci\/zaluzie-praha\/petr-huspenina\/\"><span style=\"font-weight: 400;\">PETR HUSPENINA<\/span><\/a><\/p>\n<p><a href=\"https:\/\/lama-bs.sk\/cs\/prodejci\/zaluzie-praha\/l-ex\/\"><span style=\"font-weight: 400;\">L-EX<\/span><\/a><\/p>\n<p><a href=\"https:\/\/lama-bs.sk\/cs\/prodejci\/zaluzie-praha\/stardesign\/\"><span style=\"font-weight: 400;\">STARDESIGN<\/span><\/a><\/p>\n<p><a href=\"https:\/\/lama-bs.sk\/cs\/prodejci\/zaluzie-praha\/svorc\/\"><span style=\"font-weight: 400;\">\u017dALUZIE \u0160VORC<\/span><\/a><\/p>\n<p><a href=\"https:\/\/lama-bs.sk\/cs\/prodejci\/zaluzie-praha\/jiri-ptacek\/\"><span style=\"font-weight: 400;\">JI\u0158\u00cd PT\u00c1\u010cEK<\/span><\/a><\/p>\n<p><a href=\"https:\/\/lama-bs.sk\/cs\/prodejci\/zaluzie-praha\/hss-stinici-systemy\/\"><span style=\"font-weight: 400;\">HSS ST\u00cdN\u00cdC\u00cd SYST\u00c9MY<\/span><\/a><\/p>\n<p><a href=\"https:\/\/lama-bs.sk\/cs\/prodejci\/zaluzie-praha\/universtech\/\"><span style=\"font-weight: 400;\">UNIVERSTECH<\/span><\/a><\/p>\n<p><\/div><\/div><\/p>\n","protected":false},"excerpt":{"rendered":"<p>Pokud chcete naj\u00edt kvalitn\u00ed a&nbsp;p\u0159\u00edrodn\u00ed mo\u017enost pro zast\u00edn\u011bn\u00ed va\u0161eho interi\u00e9ru, bambusov\u00e9 \u017ealuzie od&nbsp;Lama Bamboo jsou ide\u00e1ln\u00ed volbou. V&nbsp;\u010cesk\u00e9 republice m\u00e1me \u0161irokou s\u00ed\u0165 prodejc\u016f, a&nbsp;tak&nbsp;si m\u016f\u017eete bambusov\u00e9 \u017ealuzie zakoupit tak\u00e9 v&nbsp;Praze a&nbsp;okol\u00ed. Tyto \u017ealuzie ocen\u00edte pro jejich ekologick\u00fd materi\u00e1l a&nbsp;modern\u00ed vzhled, kter\u00fd je vhodn\u00fd do&nbsp;kuchyn\u011b, ob\u00fdv\u00e1ku, lo\u017enice, kancel\u00e1\u0159e nebo koupelny. \u017daluzie Lama Bamboo se snadno instaluj\u00ed [&hellip;]<\/p>\n","protected":false},"author":1,"featured_media":1086,"parent":2044,"menu_order":0,"comment_status":"closed","ping_status":"closed","template":"template-partners.php","meta":{"footnotes":""},"class_list":["post-3456","page","type-page","status-publish","has-post-thumbnail","hentry"],"yoast_head":"<!-- This site is optimized with the Yoast SEO plugin v26.4 - https:\/\/yoast.com\/wordpress\/plugins\/seo\/ -->\n<title>\u017daluzie Praha | Lama Bamboo<\/title>\n<meta name=\"description\" content=\"Objevte na\u0161e prodejce \u017ealuzi\u00ed v Praze a okol\u00ed. P\u0159\u00edrodn\u00ed bambusov\u00e9 \u017ealuzie jsou ide\u00e1ln\u00ed volbou pro ka\u017ed\u00e9ho, kdo ocen\u00ed modern\u00ed design.\" \/>\n<meta name=\"robots\" content=\"index, follow, max-snippet:-1, max-image-preview:large, max-video-preview:-1\" \/>\n<link rel=\"canonical\" href=\"https:\/\/lama-bs.sk\/cs\/prodejci\/zaluzie-praha\/\" \/>\n<meta property=\"og:locale\" content=\"cs_CZ\" \/>\n<meta property=\"og:type\" content=\"article\" \/>\n<meta property=\"og:title\" content=\"Bambusov\u00e9 \u017daluzie Praha | Lama Bamboo\" \/>\n<meta property=\"og:description\" content=\"Objevte na\u0161e prodejce \u017ealuzi\u00ed v Praze a okol\u00ed. P\u0159\u00edrodn\u00ed bambusov\u00e9 \u017ealuzie jsou ide\u00e1ln\u00ed volbou pro ka\u017ed\u00e9ho, kdo ocen\u00ed modern\u00ed design.\" \/>\n<meta property=\"og:url\" content=\"https:\/\/lama-bs.sk\/cs\/prodejci\/zaluzie-praha\/\" \/>\n<meta property=\"og:site_name\" content=\"LAMA Bamboo systems s.r.o.\" \/>\n<meta property=\"article:modified_time\" content=\"2025-11-19T12:29:48+00:00\" \/>\n<meta property=\"og:image\" content=\"https:\/\/lama-bs.sk\/wp-content\/uploads\/2021\/05\/shutterstock_1158019501-scaled.jpg\" \/>\n\t<meta property=\"og:image:width\" content=\"2560\" \/>\n\t<meta property=\"og:image:height\" content=\"1670\" \/>\n\t<meta property=\"og:image:type\" content=\"image\/jpeg\" \/>\n<meta name=\"twitter:card\" content=\"summary_large_image\" \/>\n<meta name=\"twitter:label1\" content=\"Odhadovan\u00e1 doba \u010dten\u00ed\" \/>\n\t<meta name=\"twitter:data1\" content=\"2 minuty\" \/>\n<script type=\"application\/ld+json\" class=\"yoast-schema-graph\">{\"@context\":\"https:\/\/schema.org\",\"@graph\":[{\"@type\":\"WebPage\",\"@id\":\"https:\/\/lama-bs.sk\/cs\/prodejci\/zaluzie-praha\/\",\"url\":\"https:\/\/lama-bs.sk\/cs\/prodejci\/zaluzie-praha\/\",\"name\":\"\u017daluzie Praha | Lama Bamboo\",\"isPartOf\":{\"@id\":\"https:\/\/lama-bs.sk\/#website\"},\"primaryImageOfPage\":{\"@id\":\"https:\/\/lama-bs.sk\/cs\/prodejci\/zaluzie-praha\/#primaryimage\"},\"image\":{\"@id\":\"https:\/\/lama-bs.sk\/cs\/prodejci\/zaluzie-praha\/#primaryimage\"},\"thumbnailUrl\":\"https:\/\/lama-bs.sk\/wp-content\/uploads\/2021\/05\/shutterstock_1158019501-scaled.jpg\",\"datePublished\":\"2024-10-17T12:04:55+00:00\",\"dateModified\":\"2025-11-19T12:29:48+00:00\",\"description\":\"Objevte na\u0161e prodejce \u017ealuzi\u00ed v Praze a okol\u00ed. P\u0159\u00edrodn\u00ed bambusov\u00e9 \u017ealuzie jsou ide\u00e1ln\u00ed volbou pro ka\u017ed\u00e9ho, kdo ocen\u00ed modern\u00ed design.\",\"breadcrumb\":{\"@id\":\"https:\/\/lama-bs.sk\/cs\/prodejci\/zaluzie-praha\/#breadcrumb\"},\"inLanguage\":\"cs\",\"potentialAction\":[{\"@type\":\"ReadAction\",\"target\":[\"https:\/\/lama-bs.sk\/cs\/prodejci\/zaluzie-praha\/\"]}]},{\"@type\":\"ImageObject\",\"inLanguage\":\"cs\",\"@id\":\"https:\/\/lama-bs.sk\/cs\/prodejci\/zaluzie-praha\/#primaryimage\",\"url\":\"https:\/\/lama-bs.sk\/wp-content\/uploads\/2021\/05\/shutterstock_1158019501-scaled.jpg\",\"contentUrl\":\"https:\/\/lama-bs.sk\/wp-content\/uploads\/2021\/05\/shutterstock_1158019501-scaled.jpg\",\"width\":2560,\"height\":1670,\"caption\":\"Tieniace \u017eal\u00fazie v ob\u00fdva\u010dke\"},{\"@type\":\"BreadcrumbList\",\"@id\":\"https:\/\/lama-bs.sk\/cs\/prodejci\/zaluzie-praha\/#breadcrumb\",\"itemListElement\":[{\"@type\":\"ListItem\",\"position\":1,\"name\":\"Prodejci\",\"item\":\"https:\/\/lama-bs.sk\/cs\/prodejci\/\"},{\"@type\":\"ListItem\",\"position\":2,\"name\":\"\u017daluzie Praha\"}]},{\"@type\":\"WebSite\",\"@id\":\"https:\/\/lama-bs.sk\/#website\",\"url\":\"https:\/\/lama-bs.sk\/\",\"name\":\"LAMA Bamboo systems s.r.o.\",\"description\":\"\",\"potentialAction\":[{\"@type\":\"SearchAction\",\"target\":{\"@type\":\"EntryPoint\",\"urlTemplate\":\"https:\/\/lama-bs.sk\/?s={search_term_string}\"},\"query-input\":{\"@type\":\"PropertyValueSpecification\",\"valueRequired\":true,\"valueName\":\"search_term_string\"}}],\"inLanguage\":\"cs\"}]}<\/script>\n<!-- \/ Yoast SEO plugin. -->","yoast_head_json":{"title":"\u017daluzie Praha | Lama Bamboo","description":"Objevte na\u0161e prodejce \u017ealuzi\u00ed v Praze a okol\u00ed. P\u0159\u00edrodn\u00ed bambusov\u00e9 \u017ealuzie jsou ide\u00e1ln\u00ed volbou pro ka\u017ed\u00e9ho, kdo ocen\u00ed modern\u00ed design.","robots":{"index":"index","follow":"follow","max-snippet":"max-snippet:-1","max-image-preview":"max-image-preview:large","max-video-preview":"max-video-preview:-1"},"canonical":"https:\/\/lama-bs.sk\/cs\/prodejci\/zaluzie-praha\/","og_locale":"cs_CZ","og_type":"article","og_title":"Bambusov\u00e9 \u017daluzie Praha | Lama Bamboo","og_description":"Objevte na\u0161e prodejce \u017ealuzi\u00ed v Praze a okol\u00ed. P\u0159\u00edrodn\u00ed bambusov\u00e9 \u017ealuzie jsou ide\u00e1ln\u00ed volbou pro ka\u017ed\u00e9ho, kdo ocen\u00ed modern\u00ed design.","og_url":"https:\/\/lama-bs.sk\/cs\/prodejci\/zaluzie-praha\/","og_site_name":"LAMA Bamboo systems s.r.o.","article_modified_time":"2025-11-19T12:29:48+00:00","og_image":[{"width":2560,"height":1670,"url":"https:\/\/lama-bs.sk\/wp-content\/uploads\/2021\/05\/shutterstock_1158019501-scaled.jpg","type":"image\/jpeg"}],"twitter_card":"summary_large_image","twitter_misc":{"Odhadovan\u00e1 doba \u010dten\u00ed":"2 minuty"},"schema":{"@context":"https:\/\/schema.org","@graph":[{"@type":"WebPage","@id":"https:\/\/lama-bs.sk\/cs\/prodejci\/zaluzie-praha\/","url":"https:\/\/lama-bs.sk\/cs\/prodejci\/zaluzie-praha\/","name":"\u017daluzie Praha | Lama Bamboo","isPartOf":{"@id":"https:\/\/lama-bs.sk\/#website"},"primaryImageOfPage":{"@id":"https:\/\/lama-bs.sk\/cs\/prodejci\/zaluzie-praha\/#primaryimage"},"image":{"@id":"https:\/\/lama-bs.sk\/cs\/prodejci\/zaluzie-praha\/#primaryimage"},"thumbnailUrl":"https:\/\/lama-bs.sk\/wp-content\/uploads\/2021\/05\/shutterstock_1158019501-scaled.jpg","datePublished":"2024-10-17T12:04:55+00:00","dateModified":"2025-11-19T12:29:48+00:00","description":"Objevte na\u0161e prodejce \u017ealuzi\u00ed v Praze a okol\u00ed. P\u0159\u00edrodn\u00ed bambusov\u00e9 \u017ealuzie jsou ide\u00e1ln\u00ed volbou pro ka\u017ed\u00e9ho, kdo ocen\u00ed modern\u00ed design.","breadcrumb":{"@id":"https:\/\/lama-bs.sk\/cs\/prodejci\/zaluzie-praha\/#breadcrumb"},"inLanguage":"cs","potentialAction":[{"@type":"ReadAction","target":["https:\/\/lama-bs.sk\/cs\/prodejci\/zaluzie-praha\/"]}]},{"@type":"ImageObject","inLanguage":"cs","@id":"https:\/\/lama-bs.sk\/cs\/prodejci\/zaluzie-praha\/#primaryimage","url":"https:\/\/lama-bs.sk\/wp-content\/uploads\/2021\/05\/shutterstock_1158019501-scaled.jpg","contentUrl":"https:\/\/lama-bs.sk\/wp-content\/uploads\/2021\/05\/shutterstock_1158019501-scaled.jpg","width":2560,"height":1670,"caption":"Tieniace \u017eal\u00fazie v ob\u00fdva\u010dke"},{"@type":"BreadcrumbList","@id":"https:\/\/lama-bs.sk\/cs\/prodejci\/zaluzie-praha\/#breadcrumb","itemListElement":[{"@type":"ListItem","position":1,"name":"Prodejci","item":"https:\/\/lama-bs.sk\/cs\/prodejci\/"},{"@type":"ListItem","position":2,"name":"\u017daluzie Praha"}]},{"@type":"WebSite","@id":"https:\/\/lama-bs.sk\/#website","url":"https:\/\/lama-bs.sk\/","name":"LAMA Bamboo systems s.r.o.","description":"","potentialAction":[{"@type":"SearchAction","target":{"@type":"EntryPoint","urlTemplate":"https:\/\/lama-bs.sk\/?s={search_term_string}"},"query-input":{"@type":"PropertyValueSpecification","valueRequired":true,"valueName":"search_term_string"}}],"inLanguage":"cs"}]}},"_links":{"self":[{"href":"https:\/\/lama-bs.sk\/cs\/wp-json\/wp\/v2\/pages\/3456","targetHints":{"allow":["GET"]}}],"collection":[{"href":"https:\/\/lama-bs.sk\/cs\/wp-json\/wp\/v2\/pages"}],"about":[{"href":"https:\/\/lama-bs.sk\/cs\/wp-json\/wp\/v2\/types\/page"}],"author":[{"embeddable":true,"href":"https:\/\/lama-bs.sk\/cs\/wp-json\/wp\/v2\/users\/1"}],"replies":[{"embeddable":true,"href":"https:\/\/lama-bs.sk\/cs\/wp-json\/wp\/v2\/comments?post=3456"}],"version-history":[{"count":10,"href":"https:\/\/lama-bs.sk\/cs\/wp-json\/wp\/v2\/pages\/3456\/revisions"}],"predecessor-version":[{"id":5075,"href":"https:\/\/lama-bs.sk\/cs\/wp-json\/wp\/v2\/pages\/3456\/revisions\/5075"}],"up":[{"embeddable":true,"href":"https:\/\/lama-bs.sk\/cs\/wp-json\/wp\/v2\/pages\/2044"}],"wp:featuredmedia":[{"embeddable":true,"href":"https:\/\/lama-bs.sk\/cs\/wp-json\/wp\/v2\/media\/1086"}],"wp:attachment":[{"href":"https:\/\/lama-bs.sk\/cs\/wp-json\/wp\/v2\/media?parent=3456"}],"curies":[{"name":"wp","href":"https:\/\/api.w.org\/{rel}","templated":true}]}}