{"id":3446,"date":"2024-10-17T09:28:10","date_gmt":"2024-10-17T07:28:10","guid":{"rendered":"https:\/\/lama-bs.sk\/?page_id=3446"},"modified":"2024-10-29T14:25:15","modified_gmt":"2024-10-29T13:25:15","slug":"zaluzie-brno","status":"publish","type":"page","link":"https:\/\/lama-bs.sk\/cs\/prodejci\/zaluzie-brno\/","title":{"rendered":"\u017daluzie Brno"},"content":{"rendered":"<p>Pokud hled\u00e1te kvalitn\u00ed a&nbsp;p\u0159\u00edrodn\u00ed \u0159e\u0161en\u00ed pro zast\u00edn\u011bn\u00ed interi\u00e9ru, jsou <strong>bambusov\u00e9 \u017ealuzie<\/strong> od&nbsp;spole\u010dnosti <strong>Lama Bamboo<\/strong> ide\u00e1ln\u00ed volbou. D\u00edky na\u0161im prodejc\u016fm po&nbsp;cel\u00e9 <strong>\u010cesk\u00e9 republice<\/strong> m\u016f\u017eete p\u0159\u00edrodn\u00ed bambusov\u00e9 \u017ealuzie zakoupit tak\u00e9 v&nbsp;<strong>Brn\u011b a&nbsp;okol\u00ed<\/strong>. Tyto \u017ealuzie jsou skv\u011blou volbou pro ty, kte\u0159\u00ed ocen\u00ed ekologick\u00e9 materi\u00e1ly a&nbsp;modern\u00ed design, a\u0165 u\u017e v&nbsp;kuchyni, ob\u00fdvac\u00edm pokoji, lo\u017enici, kancel\u00e1\u0159i nebo koupeln\u011b.<\/p>\n<p>\u017daluzie Lama Bamboo lze snadno instalovat na&nbsp;jak\u00fdkoli typ okna, v\u010detn\u011b atypick\u00fdch tvar\u016f. Z\u00e1kazn\u00edci si mohou vzhled \u017ealuzie <strong>p\u0159izp\u016fsobit vlastn\u00edm preferenc\u00edm<\/strong> &#8211;&nbsp;volba barvy lamel, velikosti a&nbsp;zp\u016fsobu ovl\u00e1d\u00e1n\u00ed je zcela ve va\u0161ich rukou. Najd\u011bte si <strong>nejbli\u017e\u0161\u00edho prodejce<\/strong> bambusov\u00fdch <strong>\u017ealuzi\u00ed v&nbsp;Brn\u011b<\/strong> a&nbsp;zjist\u011bte, jak snadno mohou tyto p\u0159\u00edrodn\u00ed \u017ealuzie posunout v\u00e1\u0161 interi\u00e9r na&nbsp;vy\u0161\u0161\u00ed \u00farove\u0148.<\/p>\n<h2><span style=\"font-weight: 400;\">Na\u0161i predejci \u017ealuzi\u00ed v&nbsp;Brn\u011b<\/span><\/h2>\n<p><div class=\"row\"><div class=\"col-sm-6\"><\/p>\n<p><a href=\"https:\/\/lama-bs.sk\/cs\/prodejci\/zaluzie-brno\/hakl\/\">HAKL<\/a><\/p>\n<p><\/div><div class=\"col-sm-6\"><\/p>\n<p><a href=\"https:\/\/lama-bs.sk\/cs\/prodejci\/zaluzie-brno\/proklima\/\">PROKLIMA<\/a><\/p>\n<p><\/div><\/div><\/p>\n","protected":false},"excerpt":{"rendered":"<p>Pokud hled\u00e1te kvalitn\u00ed a&nbsp;p\u0159\u00edrodn\u00ed \u0159e\u0161en\u00ed pro zast\u00edn\u011bn\u00ed interi\u00e9ru, jsou bambusov\u00e9 \u017ealuzie od&nbsp;spole\u010dnosti Lama Bamboo ide\u00e1ln\u00ed volbou. D\u00edky na\u0161im prodejc\u016fm po&nbsp;cel\u00e9 \u010cesk\u00e9 republice m\u016f\u017eete p\u0159\u00edrodn\u00ed bambusov\u00e9 \u017ealuzie zakoupit tak\u00e9 v&nbsp;Brn\u011b a&nbsp;okol\u00ed. Tyto \u017ealuzie jsou skv\u011blou volbou pro ty, kte\u0159\u00ed ocen\u00ed ekologick\u00e9 materi\u00e1ly a&nbsp;modern\u00ed design, a\u0165 u\u017e v&nbsp;kuchyni, ob\u00fdvac\u00edm pokoji, lo\u017enici, kancel\u00e1\u0159i nebo koupeln\u011b. \u017daluzie Lama Bamboo [&hellip;]<\/p>\n","protected":false},"author":1,"featured_media":2280,"parent":2044,"menu_order":0,"comment_status":"closed","ping_status":"closed","template":"template-partners.php","meta":{"footnotes":""},"class_list":["post-3446","page","type-page","status-publish","has-post-thumbnail","hentry"],"yoast_head":"<!-- This site is optimized with the Yoast SEO plugin v26.4 - https:\/\/yoast.com\/wordpress\/plugins\/seo\/ -->\n<title>\u017daluzie Brno | Lama Bamboo<\/title>\n<meta name=\"description\" content=\"Objevte na\u0161e prodejce \u017ealuzi\u00ed v Brn\u011b a okol\u00ed. P\u0159\u00edrodn\u00ed bambusov\u00e9 \u017ealuzie jsou ide\u00e1ln\u00ed volbou pro ka\u017ed\u00e9ho, kdo ocen\u00ed modern\u00ed design.\" \/>\n<meta name=\"robots\" content=\"index, follow, max-snippet:-1, max-image-preview:large, max-video-preview:-1\" \/>\n<link rel=\"canonical\" href=\"https:\/\/lama-bs.sk\/cs\/prodejci\/zaluzie-brno\/\" \/>\n<meta property=\"og:locale\" content=\"cs_CZ\" \/>\n<meta property=\"og:type\" content=\"article\" \/>\n<meta property=\"og:title\" content=\"Bambusov\u00e9 \u017daluzie Brno | Lama Bamboo\" \/>\n<meta property=\"og:description\" content=\"Objevte na\u0161e prodejce \u017ealuzi\u00ed v Brn\u011b a jeho okol\u00ed. P\u0159\u00edrodn\u00ed bambusov\u00e9 \u017ealuzie jsou ide\u00e1ln\u00ed volbou pro ka\u017ed\u00e9ho, kdo ocen\u00ed modern\u00ed design.\" \/>\n<meta property=\"og:url\" content=\"https:\/\/lama-bs.sk\/cs\/prodejci\/zaluzie-brno\/\" \/>\n<meta property=\"og:site_name\" content=\"LAMA Bamboo systems s.r.o.\" \/>\n<meta property=\"article:modified_time\" content=\"2024-10-29T13:25:15+00:00\" \/>\n<meta property=\"og:image\" content=\"https:\/\/lama-bs.sk\/wp-content\/uploads\/2022\/03\/balkon.jpg\" \/>\n\t<meta property=\"og:image:width\" content=\"870\" \/>\n\t<meta property=\"og:image:height\" content=\"581\" \/>\n\t<meta property=\"og:image:type\" content=\"image\/jpeg\" \/>\n<meta name=\"twitter:card\" content=\"summary_large_image\" \/>\n<meta name=\"twitter:label1\" content=\"Odhadovan\u00e1 doba \u010dten\u00ed\" \/>\n\t<meta name=\"twitter:data1\" content=\"1 minuta\" \/>\n<script type=\"application\/ld+json\" class=\"yoast-schema-graph\">{\"@context\":\"https:\/\/schema.org\",\"@graph\":[{\"@type\":\"WebPage\",\"@id\":\"https:\/\/lama-bs.sk\/cs\/prodejci\/zaluzie-brno\/\",\"url\":\"https:\/\/lama-bs.sk\/cs\/prodejci\/zaluzie-brno\/\",\"name\":\"\u017daluzie Brno | Lama Bamboo\",\"isPartOf\":{\"@id\":\"https:\/\/lama-bs.sk\/#website\"},\"primaryImageOfPage\":{\"@id\":\"https:\/\/lama-bs.sk\/cs\/prodejci\/zaluzie-brno\/#primaryimage\"},\"image\":{\"@id\":\"https:\/\/lama-bs.sk\/cs\/prodejci\/zaluzie-brno\/#primaryimage\"},\"thumbnailUrl\":\"https:\/\/lama-bs.sk\/wp-content\/uploads\/2022\/03\/balkon.jpg\",\"datePublished\":\"2024-10-17T07:28:10+00:00\",\"dateModified\":\"2024-10-29T13:25:15+00:00\",\"description\":\"Objevte na\u0161e prodejce \u017ealuzi\u00ed v Brn\u011b a okol\u00ed. P\u0159\u00edrodn\u00ed bambusov\u00e9 \u017ealuzie jsou ide\u00e1ln\u00ed volbou pro ka\u017ed\u00e9ho, kdo ocen\u00ed modern\u00ed design.\",\"breadcrumb\":{\"@id\":\"https:\/\/lama-bs.sk\/cs\/prodejci\/zaluzie-brno\/#breadcrumb\"},\"inLanguage\":\"cs\",\"potentialAction\":[{\"@type\":\"ReadAction\",\"target\":[\"https:\/\/lama-bs.sk\/cs\/prodejci\/zaluzie-brno\/\"]}]},{\"@type\":\"ImageObject\",\"inLanguage\":\"cs\",\"@id\":\"https:\/\/lama-bs.sk\/cs\/prodejci\/zaluzie-brno\/#primaryimage\",\"url\":\"https:\/\/lama-bs.sk\/wp-content\/uploads\/2022\/03\/balkon.jpg\",\"contentUrl\":\"https:\/\/lama-bs.sk\/wp-content\/uploads\/2022\/03\/balkon.jpg\",\"width\":870,\"height\":581,\"caption\":\"balkon tienenie\"},{\"@type\":\"BreadcrumbList\",\"@id\":\"https:\/\/lama-bs.sk\/cs\/prodejci\/zaluzie-brno\/#breadcrumb\",\"itemListElement\":[{\"@type\":\"ListItem\",\"position\":1,\"name\":\"Prodejci\",\"item\":\"https:\/\/lama-bs.sk\/cs\/prodejci\/\"},{\"@type\":\"ListItem\",\"position\":2,\"name\":\"\u017daluzie Brno\"}]},{\"@type\":\"WebSite\",\"@id\":\"https:\/\/lama-bs.sk\/#website\",\"url\":\"https:\/\/lama-bs.sk\/\",\"name\":\"LAMA Bamboo systems s.r.o.\",\"description\":\"\",\"potentialAction\":[{\"@type\":\"SearchAction\",\"target\":{\"@type\":\"EntryPoint\",\"urlTemplate\":\"https:\/\/lama-bs.sk\/?s={search_term_string}\"},\"query-input\":{\"@type\":\"PropertyValueSpecification\",\"valueRequired\":true,\"valueName\":\"search_term_string\"}}],\"inLanguage\":\"cs\"}]}<\/script>\n<!-- \/ Yoast SEO plugin. -->","yoast_head_json":{"title":"\u017daluzie Brno | Lama Bamboo","description":"Objevte na\u0161e prodejce \u017ealuzi\u00ed v Brn\u011b a okol\u00ed. P\u0159\u00edrodn\u00ed bambusov\u00e9 \u017ealuzie jsou ide\u00e1ln\u00ed volbou pro ka\u017ed\u00e9ho, kdo ocen\u00ed modern\u00ed design.","robots":{"index":"index","follow":"follow","max-snippet":"max-snippet:-1","max-image-preview":"max-image-preview:large","max-video-preview":"max-video-preview:-1"},"canonical":"https:\/\/lama-bs.sk\/cs\/prodejci\/zaluzie-brno\/","og_locale":"cs_CZ","og_type":"article","og_title":"Bambusov\u00e9 \u017daluzie Brno | Lama Bamboo","og_description":"Objevte na\u0161e prodejce \u017ealuzi\u00ed v Brn\u011b a jeho okol\u00ed. P\u0159\u00edrodn\u00ed bambusov\u00e9 \u017ealuzie jsou ide\u00e1ln\u00ed volbou pro ka\u017ed\u00e9ho, kdo ocen\u00ed modern\u00ed design.","og_url":"https:\/\/lama-bs.sk\/cs\/prodejci\/zaluzie-brno\/","og_site_name":"LAMA Bamboo systems s.r.o.","article_modified_time":"2024-10-29T13:25:15+00:00","og_image":[{"width":870,"height":581,"url":"https:\/\/lama-bs.sk\/wp-content\/uploads\/2022\/03\/balkon.jpg","type":"image\/jpeg"}],"twitter_card":"summary_large_image","twitter_misc":{"Odhadovan\u00e1 doba \u010dten\u00ed":"1 minuta"},"schema":{"@context":"https:\/\/schema.org","@graph":[{"@type":"WebPage","@id":"https:\/\/lama-bs.sk\/cs\/prodejci\/zaluzie-brno\/","url":"https:\/\/lama-bs.sk\/cs\/prodejci\/zaluzie-brno\/","name":"\u017daluzie Brno | Lama Bamboo","isPartOf":{"@id":"https:\/\/lama-bs.sk\/#website"},"primaryImageOfPage":{"@id":"https:\/\/lama-bs.sk\/cs\/prodejci\/zaluzie-brno\/#primaryimage"},"image":{"@id":"https:\/\/lama-bs.sk\/cs\/prodejci\/zaluzie-brno\/#primaryimage"},"thumbnailUrl":"https:\/\/lama-bs.sk\/wp-content\/uploads\/2022\/03\/balkon.jpg","datePublished":"2024-10-17T07:28:10+00:00","dateModified":"2024-10-29T13:25:15+00:00","description":"Objevte na\u0161e prodejce \u017ealuzi\u00ed v Brn\u011b a okol\u00ed. P\u0159\u00edrodn\u00ed bambusov\u00e9 \u017ealuzie jsou ide\u00e1ln\u00ed volbou pro ka\u017ed\u00e9ho, kdo ocen\u00ed modern\u00ed design.","breadcrumb":{"@id":"https:\/\/lama-bs.sk\/cs\/prodejci\/zaluzie-brno\/#breadcrumb"},"inLanguage":"cs","potentialAction":[{"@type":"ReadAction","target":["https:\/\/lama-bs.sk\/cs\/prodejci\/zaluzie-brno\/"]}]},{"@type":"ImageObject","inLanguage":"cs","@id":"https:\/\/lama-bs.sk\/cs\/prodejci\/zaluzie-brno\/#primaryimage","url":"https:\/\/lama-bs.sk\/wp-content\/uploads\/2022\/03\/balkon.jpg","contentUrl":"https:\/\/lama-bs.sk\/wp-content\/uploads\/2022\/03\/balkon.jpg","width":870,"height":581,"caption":"balkon tienenie"},{"@type":"BreadcrumbList","@id":"https:\/\/lama-bs.sk\/cs\/prodejci\/zaluzie-brno\/#breadcrumb","itemListElement":[{"@type":"ListItem","position":1,"name":"Prodejci","item":"https:\/\/lama-bs.sk\/cs\/prodejci\/"},{"@type":"ListItem","position":2,"name":"\u017daluzie Brno"}]},{"@type":"WebSite","@id":"https:\/\/lama-bs.sk\/#website","url":"https:\/\/lama-bs.sk\/","name":"LAMA Bamboo systems s.r.o.","description":"","potentialAction":[{"@type":"SearchAction","target":{"@type":"EntryPoint","urlTemplate":"https:\/\/lama-bs.sk\/?s={search_term_string}"},"query-input":{"@type":"PropertyValueSpecification","valueRequired":true,"valueName":"search_term_string"}}],"inLanguage":"cs"}]}},"_links":{"self":[{"href":"https:\/\/lama-bs.sk\/cs\/wp-json\/wp\/v2\/pages\/3446","targetHints":{"allow":["GET"]}}],"collection":[{"href":"https:\/\/lama-bs.sk\/cs\/wp-json\/wp\/v2\/pages"}],"about":[{"href":"https:\/\/lama-bs.sk\/cs\/wp-json\/wp\/v2\/types\/page"}],"author":[{"embeddable":true,"href":"https:\/\/lama-bs.sk\/cs\/wp-json\/wp\/v2\/users\/1"}],"replies":[{"embeddable":true,"href":"https:\/\/lama-bs.sk\/cs\/wp-json\/wp\/v2\/comments?post=3446"}],"version-history":[{"count":9,"href":"https:\/\/lama-bs.sk\/cs\/wp-json\/wp\/v2\/pages\/3446\/revisions"}],"predecessor-version":[{"id":4119,"href":"https:\/\/lama-bs.sk\/cs\/wp-json\/wp\/v2\/pages\/3446\/revisions\/4119"}],"up":[{"embeddable":true,"href":"https:\/\/lama-bs.sk\/cs\/wp-json\/wp\/v2\/pages\/2044"}],"wp:featuredmedia":[{"embeddable":true,"href":"https:\/\/lama-bs.sk\/cs\/wp-json\/wp\/v2\/media\/2280"}],"wp:attachment":[{"href":"https:\/\/lama-bs.sk\/cs\/wp-json\/wp\/v2\/media?parent=3446"}],"curies":[{"name":"wp","href":"https:\/\/api.w.org\/{rel}","templated":true}]}}