{"id":2058,"date":"2022-03-13T15:17:55","date_gmt":"2022-03-13T14:17:55","guid":{"rendered":"https:\/\/lama-bs.sk\/?page_id=2058"},"modified":"2025-12-02T10:21:20","modified_gmt":"2025-12-02T09:21:20","slug":"reference","status":"publish","type":"page","link":"https:\/\/lama-bs.sk\/cs\/reference\/","title":{"rendered":"Reference"},"content":{"rendered":"<p>Neum\u00edte si p\u0159edstavit, jak bambusov\u00fd design vynikne ve va\u0161em interi\u00e9ru? Prohl\u00e9dn\u011bte si n\u011bkter\u00e9 realizace a&nbsp;p\u0159esv\u011bd\u010dte se, \u017ee&nbsp;na\u0161e \u017ealuzie jsou pro v\u00e1s to&nbsp;prav\u00e9.<\/p>\n","protected":false},"excerpt":{"rendered":"<p>Neum\u00edte si p\u0159edstavit, jak bambusov\u00fd design vynikne ve va\u0161em interi\u00e9ru? Prohl\u00e9dn\u011bte si n\u011bkter\u00e9 realizace a&nbsp;p\u0159esv\u011bd\u010dte se, \u017ee&nbsp;na\u0161e \u017ealuzie jsou pro v\u00e1s to&nbsp;prav\u00e9.<\/p>\n","protected":false},"author":1,"featured_media":0,"parent":0,"menu_order":0,"comment_status":"closed","ping_status":"closed","template":"template-references.php","meta":{"footnotes":""},"class_list":["post-2058","page","type-page","status-publish","hentry"],"yoast_head":"<!-- This site is optimized with the Yoast SEO plugin v26.4 - https:\/\/yoast.com\/wordpress\/plugins\/seo\/ -->\n<title>Reference - LAMA Bamboo systems s.r.o.<\/title>\n<meta name=\"robots\" content=\"index, follow, max-snippet:-1, max-image-preview:large, max-video-preview:-1\" \/>\n<link rel=\"canonical\" href=\"https:\/\/lama-bs.sk\/cs\/reference\/\" \/>\n<meta property=\"og:locale\" content=\"cs_CZ\" \/>\n<meta property=\"og:type\" content=\"article\" \/>\n<meta property=\"og:title\" content=\"Reference - LAMA Bamboo systems s.r.o.\" \/>\n<meta property=\"og:description\" content=\"Neum\u00edte si p\u0159edstavit, jak bambusov\u00fd design vynikne ve va\u0161em interi\u00e9ru? Prohl\u00e9dn\u011bte si n\u011bkter\u00e9 realizace a&nbsp;p\u0159esv\u011bd\u010dte se, \u017ee&nbsp;na\u0161e \u017ealuzie jsou pro v\u00e1s to&nbsp;prav\u00e9.\" \/>\n<meta property=\"og:url\" content=\"https:\/\/lama-bs.sk\/cs\/reference\/\" \/>\n<meta property=\"og:site_name\" content=\"LAMA Bamboo systems s.r.o.\" \/>\n<meta property=\"article:modified_time\" content=\"2025-12-02T09:21:20+00:00\" \/>\n<meta name=\"twitter:card\" content=\"summary_large_image\" \/>\n<meta name=\"twitter:label1\" content=\"Odhadovan\u00e1 doba \u010dten\u00ed\" \/>\n\t<meta name=\"twitter:data1\" content=\"1 minuta\" \/>\n<script type=\"application\/ld+json\" class=\"yoast-schema-graph\">{\"@context\":\"https:\/\/schema.org\",\"@graph\":[{\"@type\":\"WebPage\",\"@id\":\"https:\/\/lama-bs.sk\/cs\/reference\/\",\"url\":\"https:\/\/lama-bs.sk\/cs\/reference\/\",\"name\":\"Reference - LAMA Bamboo systems s.r.o.\",\"isPartOf\":{\"@id\":\"https:\/\/lama-bs.sk\/#website\"},\"datePublished\":\"2022-03-13T14:17:55+00:00\",\"dateModified\":\"2025-12-02T09:21:20+00:00\",\"inLanguage\":\"cs\",\"potentialAction\":[{\"@type\":\"ReadAction\",\"target\":[\"https:\/\/lama-bs.sk\/cs\/reference\/\"]}]},{\"@type\":\"WebSite\",\"@id\":\"https:\/\/lama-bs.sk\/#website\",\"url\":\"https:\/\/lama-bs.sk\/\",\"name\":\"LAMA Bamboo systems s.r.o.\",\"description\":\"\",\"potentialAction\":[{\"@type\":\"SearchAction\",\"target\":{\"@type\":\"EntryPoint\",\"urlTemplate\":\"https:\/\/lama-bs.sk\/?s={search_term_string}\"},\"query-input\":{\"@type\":\"PropertyValueSpecification\",\"valueRequired\":true,\"valueName\":\"search_term_string\"}}],\"inLanguage\":\"cs\"}]}<\/script>\n<!-- \/ Yoast SEO plugin. -->","yoast_head_json":{"title":"Reference - LAMA Bamboo systems s.r.o.","robots":{"index":"index","follow":"follow","max-snippet":"max-snippet:-1","max-image-preview":"max-image-preview:large","max-video-preview":"max-video-preview:-1"},"canonical":"https:\/\/lama-bs.sk\/cs\/reference\/","og_locale":"cs_CZ","og_type":"article","og_title":"Reference - LAMA Bamboo systems s.r.o.","og_description":"Neum\u00edte si p\u0159edstavit, jak bambusov\u00fd design vynikne ve va\u0161em interi\u00e9ru? Prohl\u00e9dn\u011bte si n\u011bkter\u00e9 realizace a&nbsp;p\u0159esv\u011bd\u010dte se, \u017ee&nbsp;na\u0161e \u017ealuzie jsou pro v\u00e1s to&nbsp;prav\u00e9.","og_url":"https:\/\/lama-bs.sk\/cs\/reference\/","og_site_name":"LAMA Bamboo systems s.r.o.","article_modified_time":"2025-12-02T09:21:20+00:00","twitter_card":"summary_large_image","twitter_misc":{"Odhadovan\u00e1 doba \u010dten\u00ed":"1 minuta"},"schema":{"@context":"https:\/\/schema.org","@graph":[{"@type":"WebPage","@id":"https:\/\/lama-bs.sk\/cs\/reference\/","url":"https:\/\/lama-bs.sk\/cs\/reference\/","name":"Reference - LAMA Bamboo systems s.r.o.","isPartOf":{"@id":"https:\/\/lama-bs.sk\/#website"},"datePublished":"2022-03-13T14:17:55+00:00","dateModified":"2025-12-02T09:21:20+00:00","inLanguage":"cs","potentialAction":[{"@type":"ReadAction","target":["https:\/\/lama-bs.sk\/cs\/reference\/"]}]},{"@type":"WebSite","@id":"https:\/\/lama-bs.sk\/#website","url":"https:\/\/lama-bs.sk\/","name":"LAMA Bamboo systems s.r.o.","description":"","potentialAction":[{"@type":"SearchAction","target":{"@type":"EntryPoint","urlTemplate":"https:\/\/lama-bs.sk\/?s={search_term_string}"},"query-input":{"@type":"PropertyValueSpecification","valueRequired":true,"valueName":"search_term_string"}}],"inLanguage":"cs"}]}},"_links":{"self":[{"href":"https:\/\/lama-bs.sk\/cs\/wp-json\/wp\/v2\/pages\/2058","targetHints":{"allow":["GET"]}}],"collection":[{"href":"https:\/\/lama-bs.sk\/cs\/wp-json\/wp\/v2\/pages"}],"about":[{"href":"https:\/\/lama-bs.sk\/cs\/wp-json\/wp\/v2\/types\/page"}],"author":[{"embeddable":true,"href":"https:\/\/lama-bs.sk\/cs\/wp-json\/wp\/v2\/users\/1"}],"replies":[{"embeddable":true,"href":"https:\/\/lama-bs.sk\/cs\/wp-json\/wp\/v2\/comments?post=2058"}],"version-history":[{"count":5,"href":"https:\/\/lama-bs.sk\/cs\/wp-json\/wp\/v2\/pages\/2058\/revisions"}],"predecessor-version":[{"id":5110,"href":"https:\/\/lama-bs.sk\/cs\/wp-json\/wp\/v2\/pages\/2058\/revisions\/5110"}],"wp:attachment":[{"href":"https:\/\/lama-bs.sk\/cs\/wp-json\/wp\/v2\/media?parent=2058"}],"curies":[{"name":"wp","href":"https:\/\/api.w.org\/{rel}","templated":true}]}}