{"id":1925,"date":"2022-03-08T21:30:17","date_gmt":"2022-03-08T20:30:17","guid":{"rendered":"https:\/\/lama-bs.sk\/?page_id=1925"},"modified":"2022-04-04T11:02:16","modified_gmt":"2022-04-04T09:02:16","slug":"o-nas","status":"publish","type":"page","link":"https:\/\/lama-bs.sk\/cs\/o-nas\/","title":{"rendered":"O n\u00e1s"},"content":{"rendered":"<h2>Jako jedni z&nbsp;prvn\u00edch v&nbsp;Evrop\u011b jsme objevili kr\u00e1su bambusu a&nbsp;p\u0159enesli ho do&nbsp;interi\u00e9ru. U\u017e od&nbsp;roku 1999 neust\u00e1le inovujeme, p\u0159izp\u016fsobujeme se trend\u016fm a&nbsp;dod\u00e1v\u00e1me nejvy\u0161\u0161\u00ed mo\u017enou kvalitu bambusov\u00fdch \u017ealuzi\u00ed.<\/h2>\n","protected":false},"excerpt":{"rendered":"<p>Jako jedni z&nbsp;prvn\u00edch v&nbsp;Evrop\u011b jsme objevili kr\u00e1su bambusu a&nbsp;p\u0159enesli ho do&nbsp;interi\u00e9ru. U\u017e od&nbsp;roku 1999 neust\u00e1le inovujeme, p\u0159izp\u016fsobujeme se trend\u016fm a&nbsp;dod\u00e1v\u00e1me nejvy\u0161\u0161\u00ed mo\u017enou kvalitu bambusov\u00fdch \u017ealuzi\u00ed.<\/p>\n","protected":false},"author":1,"featured_media":0,"parent":0,"menu_order":0,"comment_status":"closed","ping_status":"closed","template":"template-about-us.php","meta":{"footnotes":""},"class_list":["post-1925","page","type-page","status-publish","hentry"],"yoast_head":"<!-- This site is optimized with the Yoast SEO plugin v26.4 - https:\/\/yoast.com\/wordpress\/plugins\/seo\/ -->\n<title>O n\u00e1s - LAMA Bamboo systems s.r.o.<\/title>\n<meta name=\"robots\" content=\"index, follow, max-snippet:-1, max-image-preview:large, max-video-preview:-1\" \/>\n<link rel=\"canonical\" href=\"https:\/\/lama-bs.sk\/cs\/o-nas\/\" \/>\n<meta property=\"og:locale\" content=\"cs_CZ\" \/>\n<meta property=\"og:type\" content=\"article\" \/>\n<meta property=\"og:title\" content=\"O n\u00e1s - LAMA Bamboo systems s.r.o.\" \/>\n<meta property=\"og:description\" content=\"Jako jedni z&nbsp;prvn\u00edch v&nbsp;Evrop\u011b jsme objevili kr\u00e1su bambusu a&nbsp;p\u0159enesli ho do&nbsp;interi\u00e9ru. U\u017e od&nbsp;roku 1999 neust\u00e1le inovujeme, p\u0159izp\u016fsobujeme se trend\u016fm a&nbsp;dod\u00e1v\u00e1me nejvy\u0161\u0161\u00ed mo\u017enou kvalitu bambusov\u00fdch \u017ealuzi\u00ed.\" \/>\n<meta property=\"og:url\" content=\"https:\/\/lama-bs.sk\/cs\/o-nas\/\" \/>\n<meta property=\"og:site_name\" content=\"LAMA Bamboo systems s.r.o.\" \/>\n<meta property=\"article:modified_time\" content=\"2022-04-04T09:02:16+00:00\" \/>\n<meta name=\"twitter:card\" content=\"summary_large_image\" \/>\n<meta name=\"twitter:label1\" content=\"Odhadovan\u00e1 doba \u010dten\u00ed\" \/>\n\t<meta name=\"twitter:data1\" content=\"1 minuta\" \/>\n<script type=\"application\/ld+json\" class=\"yoast-schema-graph\">{\"@context\":\"https:\/\/schema.org\",\"@graph\":[{\"@type\":\"WebPage\",\"@id\":\"https:\/\/lama-bs.sk\/cs\/o-nas\/\",\"url\":\"https:\/\/lama-bs.sk\/cs\/o-nas\/\",\"name\":\"O n\u00e1s - LAMA Bamboo systems s.r.o.\",\"isPartOf\":{\"@id\":\"https:\/\/lama-bs.sk\/#website\"},\"datePublished\":\"2022-03-08T20:30:17+00:00\",\"dateModified\":\"2022-04-04T09:02:16+00:00\",\"inLanguage\":\"cs\",\"potentialAction\":[{\"@type\":\"ReadAction\",\"target\":[\"https:\/\/lama-bs.sk\/cs\/o-nas\/\"]}]},{\"@type\":\"WebSite\",\"@id\":\"https:\/\/lama-bs.sk\/#website\",\"url\":\"https:\/\/lama-bs.sk\/\",\"name\":\"LAMA Bamboo systems s.r.o.\",\"description\":\"\",\"potentialAction\":[{\"@type\":\"SearchAction\",\"target\":{\"@type\":\"EntryPoint\",\"urlTemplate\":\"https:\/\/lama-bs.sk\/?s={search_term_string}\"},\"query-input\":{\"@type\":\"PropertyValueSpecification\",\"valueRequired\":true,\"valueName\":\"search_term_string\"}}],\"inLanguage\":\"cs\"}]}<\/script>\n<!-- \/ Yoast SEO plugin. -->","yoast_head_json":{"title":"O n\u00e1s - LAMA Bamboo systems s.r.o.","robots":{"index":"index","follow":"follow","max-snippet":"max-snippet:-1","max-image-preview":"max-image-preview:large","max-video-preview":"max-video-preview:-1"},"canonical":"https:\/\/lama-bs.sk\/cs\/o-nas\/","og_locale":"cs_CZ","og_type":"article","og_title":"O n\u00e1s - LAMA Bamboo systems s.r.o.","og_description":"Jako jedni z&nbsp;prvn\u00edch v&nbsp;Evrop\u011b jsme objevili kr\u00e1su bambusu a&nbsp;p\u0159enesli ho do&nbsp;interi\u00e9ru. U\u017e od&nbsp;roku 1999 neust\u00e1le inovujeme, p\u0159izp\u016fsobujeme se trend\u016fm a&nbsp;dod\u00e1v\u00e1me nejvy\u0161\u0161\u00ed mo\u017enou kvalitu bambusov\u00fdch \u017ealuzi\u00ed.","og_url":"https:\/\/lama-bs.sk\/cs\/o-nas\/","og_site_name":"LAMA Bamboo systems s.r.o.","article_modified_time":"2022-04-04T09:02:16+00:00","twitter_card":"summary_large_image","twitter_misc":{"Odhadovan\u00e1 doba \u010dten\u00ed":"1 minuta"},"schema":{"@context":"https:\/\/schema.org","@graph":[{"@type":"WebPage","@id":"https:\/\/lama-bs.sk\/cs\/o-nas\/","url":"https:\/\/lama-bs.sk\/cs\/o-nas\/","name":"O n\u00e1s - LAMA Bamboo systems s.r.o.","isPartOf":{"@id":"https:\/\/lama-bs.sk\/#website"},"datePublished":"2022-03-08T20:30:17+00:00","dateModified":"2022-04-04T09:02:16+00:00","inLanguage":"cs","potentialAction":[{"@type":"ReadAction","target":["https:\/\/lama-bs.sk\/cs\/o-nas\/"]}]},{"@type":"WebSite","@id":"https:\/\/lama-bs.sk\/#website","url":"https:\/\/lama-bs.sk\/","name":"LAMA Bamboo systems s.r.o.","description":"","potentialAction":[{"@type":"SearchAction","target":{"@type":"EntryPoint","urlTemplate":"https:\/\/lama-bs.sk\/?s={search_term_string}"},"query-input":{"@type":"PropertyValueSpecification","valueRequired":true,"valueName":"search_term_string"}}],"inLanguage":"cs"}]}},"_links":{"self":[{"href":"https:\/\/lama-bs.sk\/cs\/wp-json\/wp\/v2\/pages\/1925","targetHints":{"allow":["GET"]}}],"collection":[{"href":"https:\/\/lama-bs.sk\/cs\/wp-json\/wp\/v2\/pages"}],"about":[{"href":"https:\/\/lama-bs.sk\/cs\/wp-json\/wp\/v2\/types\/page"}],"author":[{"embeddable":true,"href":"https:\/\/lama-bs.sk\/cs\/wp-json\/wp\/v2\/users\/1"}],"replies":[{"embeddable":true,"href":"https:\/\/lama-bs.sk\/cs\/wp-json\/wp\/v2\/comments?post=1925"}],"version-history":[{"count":6,"href":"https:\/\/lama-bs.sk\/cs\/wp-json\/wp\/v2\/pages\/1925\/revisions"}],"predecessor-version":[{"id":2460,"href":"https:\/\/lama-bs.sk\/cs\/wp-json\/wp\/v2\/pages\/1925\/revisions\/2460"}],"wp:attachment":[{"href":"https:\/\/lama-bs.sk\/cs\/wp-json\/wp\/v2\/media?parent=1925"}],"curies":[{"name":"wp","href":"https:\/\/api.w.org\/{rel}","templated":true}]}}