{"id":1803,"date":"2022-03-07T19:59:13","date_gmt":"2022-03-07T18:59:13","guid":{"rendered":"https:\/\/lama-bs.sk\/?page_id=1803"},"modified":"2022-09-25T21:50:43","modified_gmt":"2022-09-25T19:50:43","slug":"zaluzie-27-mm-classic","status":"publish","type":"page","link":"https:\/\/lama-bs.sk\/cs\/zaluzie-27-mm-classic\/","title":{"rendered":"\u017daluzie 27 mm Classic"},"content":{"rendered":"<p>Bambusov\u00e9 \u017ealuzie ur\u010den\u00e9 pro mont\u00e1\u017e na&nbsp;r\u00e1m okenn\u00edho k\u0159\u00eddla (okna s&nbsp;d\u011blic\u00ed p\u0159\u00ed\u010dkou)<\/p>\n","protected":false},"excerpt":{"rendered":"<p>Bambusov\u00e9 \u017ealuzie ur\u010den\u00e9 pro mont\u00e1\u017e na&nbsp;r\u00e1m okenn\u00edho k\u0159\u00eddla (okna s&nbsp;d\u011blic\u00ed p\u0159\u00ed\u010dkou)<\/p>\n","protected":false},"author":1,"featured_media":0,"parent":0,"menu_order":0,"comment_status":"closed","ping_status":"closed","template":"template-product.php","meta":{"footnotes":""},"class_list":["post-1803","page","type-page","status-publish","hentry"],"yoast_head":"<!-- This site is optimized with the Yoast SEO plugin v26.4 - https:\/\/yoast.com\/wordpress\/plugins\/seo\/ -->\n<title>\u017daluzie 27 mm Classic - LAMA Bamboo systems s.r.o.<\/title>\n<meta name=\"robots\" content=\"index, follow, max-snippet:-1, max-image-preview:large, max-video-preview:-1\" \/>\n<link rel=\"canonical\" href=\"https:\/\/lama-bs.sk\/cs\/zaluzie-27-mm-classic\/\" \/>\n<meta property=\"og:locale\" content=\"cs_CZ\" \/>\n<meta property=\"og:type\" content=\"article\" \/>\n<meta property=\"og:title\" content=\"\u017daluzie 27 mm Classic - LAMA Bamboo systems s.r.o.\" \/>\n<meta property=\"og:description\" content=\"Bambusov\u00e9 \u017ealuzie ur\u010den\u00e9 pro mont\u00e1\u017e na&nbsp;r\u00e1m okenn\u00edho k\u0159\u00eddla (okna s&nbsp;d\u011blic\u00ed p\u0159\u00ed\u010dkou)\" \/>\n<meta property=\"og:url\" content=\"https:\/\/lama-bs.sk\/cs\/zaluzie-27-mm-classic\/\" \/>\n<meta property=\"og:site_name\" content=\"LAMA Bamboo systems s.r.o.\" \/>\n<meta property=\"article:modified_time\" content=\"2022-09-25T19:50:43+00:00\" \/>\n<meta name=\"twitter:card\" content=\"summary_large_image\" \/>\n<meta name=\"twitter:label1\" content=\"Odhadovan\u00e1 doba \u010dten\u00ed\" \/>\n\t<meta name=\"twitter:data1\" content=\"1 minuta\" \/>\n<script type=\"application\/ld+json\" class=\"yoast-schema-graph\">{\"@context\":\"https:\/\/schema.org\",\"@graph\":[{\"@type\":\"WebPage\",\"@id\":\"https:\/\/lama-bs.sk\/cs\/zaluzie-27-mm-classic\/\",\"url\":\"https:\/\/lama-bs.sk\/cs\/zaluzie-27-mm-classic\/\",\"name\":\"\u017daluzie 27 mm Classic - LAMA Bamboo systems s.r.o.\",\"isPartOf\":{\"@id\":\"https:\/\/lama-bs.sk\/#website\"},\"datePublished\":\"2022-03-07T18:59:13+00:00\",\"dateModified\":\"2022-09-25T19:50:43+00:00\",\"inLanguage\":\"cs\",\"potentialAction\":[{\"@type\":\"ReadAction\",\"target\":[\"https:\/\/lama-bs.sk\/cs\/zaluzie-27-mm-classic\/\"]}]},{\"@type\":\"WebSite\",\"@id\":\"https:\/\/lama-bs.sk\/#website\",\"url\":\"https:\/\/lama-bs.sk\/\",\"name\":\"LAMA Bamboo systems s.r.o.\",\"description\":\"\",\"potentialAction\":[{\"@type\":\"SearchAction\",\"target\":{\"@type\":\"EntryPoint\",\"urlTemplate\":\"https:\/\/lama-bs.sk\/?s={search_term_string}\"},\"query-input\":{\"@type\":\"PropertyValueSpecification\",\"valueRequired\":true,\"valueName\":\"search_term_string\"}}],\"inLanguage\":\"cs\"}]}<\/script>\n<!-- \/ Yoast SEO plugin. -->","yoast_head_json":{"title":"\u017daluzie 27 mm Classic - LAMA Bamboo systems s.r.o.","robots":{"index":"index","follow":"follow","max-snippet":"max-snippet:-1","max-image-preview":"max-image-preview:large","max-video-preview":"max-video-preview:-1"},"canonical":"https:\/\/lama-bs.sk\/cs\/zaluzie-27-mm-classic\/","og_locale":"cs_CZ","og_type":"article","og_title":"\u017daluzie 27 mm Classic - LAMA Bamboo systems s.r.o.","og_description":"Bambusov\u00e9 \u017ealuzie ur\u010den\u00e9 pro mont\u00e1\u017e na&nbsp;r\u00e1m okenn\u00edho k\u0159\u00eddla (okna s&nbsp;d\u011blic\u00ed p\u0159\u00ed\u010dkou)","og_url":"https:\/\/lama-bs.sk\/cs\/zaluzie-27-mm-classic\/","og_site_name":"LAMA Bamboo systems s.r.o.","article_modified_time":"2022-09-25T19:50:43+00:00","twitter_card":"summary_large_image","twitter_misc":{"Odhadovan\u00e1 doba \u010dten\u00ed":"1 minuta"},"schema":{"@context":"https:\/\/schema.org","@graph":[{"@type":"WebPage","@id":"https:\/\/lama-bs.sk\/cs\/zaluzie-27-mm-classic\/","url":"https:\/\/lama-bs.sk\/cs\/zaluzie-27-mm-classic\/","name":"\u017daluzie 27 mm Classic - LAMA Bamboo systems s.r.o.","isPartOf":{"@id":"https:\/\/lama-bs.sk\/#website"},"datePublished":"2022-03-07T18:59:13+00:00","dateModified":"2022-09-25T19:50:43+00:00","inLanguage":"cs","potentialAction":[{"@type":"ReadAction","target":["https:\/\/lama-bs.sk\/cs\/zaluzie-27-mm-classic\/"]}]},{"@type":"WebSite","@id":"https:\/\/lama-bs.sk\/#website","url":"https:\/\/lama-bs.sk\/","name":"LAMA Bamboo systems s.r.o.","description":"","potentialAction":[{"@type":"SearchAction","target":{"@type":"EntryPoint","urlTemplate":"https:\/\/lama-bs.sk\/?s={search_term_string}"},"query-input":{"@type":"PropertyValueSpecification","valueRequired":true,"valueName":"search_term_string"}}],"inLanguage":"cs"}]}},"_links":{"self":[{"href":"https:\/\/lama-bs.sk\/cs\/wp-json\/wp\/v2\/pages\/1803","targetHints":{"allow":["GET"]}}],"collection":[{"href":"https:\/\/lama-bs.sk\/cs\/wp-json\/wp\/v2\/pages"}],"about":[{"href":"https:\/\/lama-bs.sk\/cs\/wp-json\/wp\/v2\/types\/page"}],"author":[{"embeddable":true,"href":"https:\/\/lama-bs.sk\/cs\/wp-json\/wp\/v2\/users\/1"}],"replies":[{"embeddable":true,"href":"https:\/\/lama-bs.sk\/cs\/wp-json\/wp\/v2\/comments?post=1803"}],"version-history":[{"count":12,"href":"https:\/\/lama-bs.sk\/cs\/wp-json\/wp\/v2\/pages\/1803\/revisions"}],"predecessor-version":[{"id":2571,"href":"https:\/\/lama-bs.sk\/cs\/wp-json\/wp\/v2\/pages\/1803\/revisions\/2571"}],"wp:attachment":[{"href":"https:\/\/lama-bs.sk\/cs\/wp-json\/wp\/v2\/media?parent=1803"}],"curies":[{"name":"wp","href":"https:\/\/api.w.org\/{rel}","templated":true}]}}