{"id":1716,"date":"2022-03-03T21:30:41","date_gmt":"2022-03-03T20:30:41","guid":{"rendered":"https:\/\/lama-bs.sk\/?page_id=1716"},"modified":"2022-04-04T11:12:23","modified_gmt":"2022-04-04T09:12:23","slug":"zaluzie-27-mm-iso-design","status":"publish","type":"page","link":"https:\/\/lama-bs.sk\/cs\/zaluzie-27-mm-iso-design\/","title":{"rendered":"\u017daluzie 27 mm ISO Design"},"content":{"rendered":"<p>Bambusov\u00e9 \u017ealuzie vyvinut\u00e9 pro mont\u00e1\u017e p\u0159\u00edmo do&nbsp;zaskl\u00edvan\u00e9 li\u0161ty okna se \u0161\u00ed\u0159kou lamely 27 mm<\/p>\n","protected":false},"excerpt":{"rendered":"<p>Bambusov\u00e9 \u017ealuzie vyvinut\u00e9 pro mont\u00e1\u017e p\u0159\u00edmo do&nbsp;zaskl\u00edvan\u00e9 li\u0161ty okna se \u0161\u00ed\u0159kou lamely 27 mm<\/p>\n","protected":false},"author":1,"featured_media":0,"parent":0,"menu_order":0,"comment_status":"closed","ping_status":"closed","template":"template-product.php","meta":{"footnotes":""},"class_list":["post-1716","page","type-page","status-publish","hentry"],"yoast_head":"<!-- This site is optimized with the Yoast SEO plugin v26.4 - https:\/\/yoast.com\/wordpress\/plugins\/seo\/ -->\n<title>\u017daluzie 27 mm ISO Design - LAMA Bamboo systems s.r.o.<\/title>\n<meta name=\"robots\" content=\"index, follow, max-snippet:-1, max-image-preview:large, max-video-preview:-1\" \/>\n<link rel=\"canonical\" href=\"https:\/\/lama-bs.sk\/cs\/zaluzie-27-mm-iso-design\/\" \/>\n<meta property=\"og:locale\" content=\"cs_CZ\" \/>\n<meta property=\"og:type\" content=\"article\" \/>\n<meta property=\"og:title\" content=\"\u017daluzie 27 mm ISO Design - LAMA Bamboo systems s.r.o.\" \/>\n<meta property=\"og:description\" content=\"Bambusov\u00e9 \u017ealuzie vyvinut\u00e9 pro mont\u00e1\u017e p\u0159\u00edmo do&nbsp;zaskl\u00edvan\u00e9 li\u0161ty okna se \u0161\u00ed\u0159kou lamely 27 mm\" \/>\n<meta property=\"og:url\" content=\"https:\/\/lama-bs.sk\/cs\/zaluzie-27-mm-iso-design\/\" \/>\n<meta property=\"og:site_name\" content=\"LAMA Bamboo systems s.r.o.\" \/>\n<meta property=\"article:modified_time\" content=\"2022-04-04T09:12:23+00:00\" \/>\n<meta name=\"twitter:card\" content=\"summary_large_image\" \/>\n<meta name=\"twitter:label1\" content=\"Odhadovan\u00e1 doba \u010dten\u00ed\" \/>\n\t<meta name=\"twitter:data1\" content=\"1 minuta\" \/>\n<script type=\"application\/ld+json\" class=\"yoast-schema-graph\">{\"@context\":\"https:\/\/schema.org\",\"@graph\":[{\"@type\":\"WebPage\",\"@id\":\"https:\/\/lama-bs.sk\/cs\/zaluzie-27-mm-iso-design\/\",\"url\":\"https:\/\/lama-bs.sk\/cs\/zaluzie-27-mm-iso-design\/\",\"name\":\"\u017daluzie 27 mm ISO Design - LAMA Bamboo systems s.r.o.\",\"isPartOf\":{\"@id\":\"https:\/\/lama-bs.sk\/#website\"},\"datePublished\":\"2022-03-03T20:30:41+00:00\",\"dateModified\":\"2022-04-04T09:12:23+00:00\",\"inLanguage\":\"cs\",\"potentialAction\":[{\"@type\":\"ReadAction\",\"target\":[\"https:\/\/lama-bs.sk\/cs\/zaluzie-27-mm-iso-design\/\"]}]},{\"@type\":\"WebSite\",\"@id\":\"https:\/\/lama-bs.sk\/#website\",\"url\":\"https:\/\/lama-bs.sk\/\",\"name\":\"LAMA Bamboo systems s.r.o.\",\"description\":\"\",\"potentialAction\":[{\"@type\":\"SearchAction\",\"target\":{\"@type\":\"EntryPoint\",\"urlTemplate\":\"https:\/\/lama-bs.sk\/?s={search_term_string}\"},\"query-input\":{\"@type\":\"PropertyValueSpecification\",\"valueRequired\":true,\"valueName\":\"search_term_string\"}}],\"inLanguage\":\"cs\"}]}<\/script>\n<!-- \/ Yoast SEO plugin. -->","yoast_head_json":{"title":"\u017daluzie 27 mm ISO Design - LAMA Bamboo systems s.r.o.","robots":{"index":"index","follow":"follow","max-snippet":"max-snippet:-1","max-image-preview":"max-image-preview:large","max-video-preview":"max-video-preview:-1"},"canonical":"https:\/\/lama-bs.sk\/cs\/zaluzie-27-mm-iso-design\/","og_locale":"cs_CZ","og_type":"article","og_title":"\u017daluzie 27 mm ISO Design - LAMA Bamboo systems s.r.o.","og_description":"Bambusov\u00e9 \u017ealuzie vyvinut\u00e9 pro mont\u00e1\u017e p\u0159\u00edmo do&nbsp;zaskl\u00edvan\u00e9 li\u0161ty okna se \u0161\u00ed\u0159kou lamely 27 mm","og_url":"https:\/\/lama-bs.sk\/cs\/zaluzie-27-mm-iso-design\/","og_site_name":"LAMA Bamboo systems s.r.o.","article_modified_time":"2022-04-04T09:12:23+00:00","twitter_card":"summary_large_image","twitter_misc":{"Odhadovan\u00e1 doba \u010dten\u00ed":"1 minuta"},"schema":{"@context":"https:\/\/schema.org","@graph":[{"@type":"WebPage","@id":"https:\/\/lama-bs.sk\/cs\/zaluzie-27-mm-iso-design\/","url":"https:\/\/lama-bs.sk\/cs\/zaluzie-27-mm-iso-design\/","name":"\u017daluzie 27 mm ISO Design - LAMA Bamboo systems s.r.o.","isPartOf":{"@id":"https:\/\/lama-bs.sk\/#website"},"datePublished":"2022-03-03T20:30:41+00:00","dateModified":"2022-04-04T09:12:23+00:00","inLanguage":"cs","potentialAction":[{"@type":"ReadAction","target":["https:\/\/lama-bs.sk\/cs\/zaluzie-27-mm-iso-design\/"]}]},{"@type":"WebSite","@id":"https:\/\/lama-bs.sk\/#website","url":"https:\/\/lama-bs.sk\/","name":"LAMA Bamboo systems s.r.o.","description":"","potentialAction":[{"@type":"SearchAction","target":{"@type":"EntryPoint","urlTemplate":"https:\/\/lama-bs.sk\/?s={search_term_string}"},"query-input":{"@type":"PropertyValueSpecification","valueRequired":true,"valueName":"search_term_string"}}],"inLanguage":"cs"}]}},"_links":{"self":[{"href":"https:\/\/lama-bs.sk\/cs\/wp-json\/wp\/v2\/pages\/1716","targetHints":{"allow":["GET"]}}],"collection":[{"href":"https:\/\/lama-bs.sk\/cs\/wp-json\/wp\/v2\/pages"}],"about":[{"href":"https:\/\/lama-bs.sk\/cs\/wp-json\/wp\/v2\/types\/page"}],"author":[{"embeddable":true,"href":"https:\/\/lama-bs.sk\/cs\/wp-json\/wp\/v2\/users\/1"}],"replies":[{"embeddable":true,"href":"https:\/\/lama-bs.sk\/cs\/wp-json\/wp\/v2\/comments?post=1716"}],"version-history":[{"count":16,"href":"https:\/\/lama-bs.sk\/cs\/wp-json\/wp\/v2\/pages\/1716\/revisions"}],"predecessor-version":[{"id":2463,"href":"https:\/\/lama-bs.sk\/cs\/wp-json\/wp\/v2\/pages\/1716\/revisions\/2463"}],"wp:attachment":[{"href":"https:\/\/lama-bs.sk\/cs\/wp-json\/wp\/v2\/media?parent=1716"}],"curies":[{"name":"wp","href":"https:\/\/api.w.org\/{rel}","templated":true}]}}